{"id":1006,"date":"2020-03-26T18:24:23","date_gmt":"2020-03-26T17:24:23","guid":{"rendered":"http:\/\/agora.xtec.cat\/iesventuragassol\/?page_id=1006"},"modified":"2025-05-06T11:19:54","modified_gmt":"2025-05-06T09:19:54","slug":"cultura-classica","status":"publish","type":"page","link":"https:\/\/agora.xtec.cat\/iesventuragassol\/ambits-didactics\/llengua-castellana-i-literatura\/cultura-classica\/","title":{"rendered":"Cultura cl\u00e0ssica"},"content":{"rendered":"<p><a href=\"https:\/\/agora.xtec.cat\/iesventuragassol\/wp-content\/uploads\/usu1243\/2020\/03\/antiguo.png\"><img loading=\"lazy\" decoding=\"async\" class=\"alignright size-thumbnail wp-image-1068\" src=\"https:\/\/agora.xtec.cat\/iesventuragassol\/wp-content\/uploads\/usu1243\/2020\/03\/antiguo-150x150.png\" alt=\"\" width=\"150\" height=\"150\" srcset=\"https:\/\/agora.xtec.cat\/iesventuragassol\/wp-content\/uploads\/usu1243\/2020\/03\/antiguo-150x150.png 150w, https:\/\/agora.xtec.cat\/iesventuragassol\/wp-content\/uploads\/usu1243\/2020\/03\/antiguo-300x300.png 300w, https:\/\/agora.xtec.cat\/iesventuragassol\/wp-content\/uploads\/usu1243\/2020\/03\/antiguo.png 512w\" sizes=\"auto, (max-width: 150px) 100vw, 150px\" \/><\/a>La <strong>cultura cl\u00e0ssica<\/strong> suposa un apropament espec\u00edfic a l&#8217;her\u00e8ncia de <strong>les antigues Gr\u00e8cia i Roma<\/strong>, amb continguts ling\u00fc\u00edstics, en especial de llengua llatina,\u00a0 i culturals.<\/p>\n<p>L\u2019estudi de la <strong>llengua llatina<\/strong>, com a model de llengua flexiva, incideix en l\u2019\u00e0mbit dels coneixements sobre el funcionament de la llengua i el seu aprenentatge, ja que permet, per mitj\u00e0 de la comparaci\u00f3, una reflexi\u00f3 profunda sobre els elements ling\u00fc\u00edstics i els mecanismes sint\u00e0ctics de les lleng\u00fces ensenyades a l\u2019escola i les d\u2019\u00fas de l\u2019alumnat. El coneixement del llat\u00ed, encara que sigui b\u00e0sic, fa possible entendre les lleng\u00fces rom\u00e0niques com el resultat concret d\u2019una evoluci\u00f3 i apreciar en quina mesura la seva estructura i el seu l\u00e8xic estan en deute amb la llengua de la qual procedeixen.<\/p>\n<ul>\n<li>\n<h2><span style=\"color: #008000;\"><strong>L&#8217;\u00c0MBIT<\/strong><\/span><\/h2>\n<\/li>\n<\/ul>\n<table>\n<tbody>\n<tr>\n<td style=\"width: 410px; background-color: #0eab16;\">\n<h3><strong><span style=\"color: #ffffff;\">PROFESSORAT<\/span><\/strong><\/h3>\n<\/td>\n<td style=\"width: 120px;\"><a href=\"https:\/\/agora.xtec.cat\/iesventuragassol\/categoria\/dic\/esp\/rom\/\" target=\"_blank\" rel=\"noopener noreferrer\"><img loading=\"lazy\" decoding=\"async\" class=\"aligncenter wp-image-982\" src=\"https:\/\/agora.xtec.cat\/iesventuragassol\/wp-content\/uploads\/usu1243\/2020\/03\/graduacion-150x150.png\" alt=\"\" width=\"85\" height=\"85\" srcset=\"https:\/\/agora.xtec.cat\/iesventuragassol\/wp-content\/uploads\/usu1243\/2020\/03\/graduacion-150x150.png 150w, https:\/\/agora.xtec.cat\/iesventuragassol\/wp-content\/uploads\/usu1243\/2020\/03\/graduacion-300x300.png 300w, https:\/\/agora.xtec.cat\/iesventuragassol\/wp-content\/uploads\/usu1243\/2020\/03\/graduacion.png 512w\" sizes=\"auto, (max-width: 85px) 100vw, 85px\" \/><\/a><\/td>\n<\/tr>\n<tr>\n<td style=\"width: 410px; background-color: #0eab16;\">\n<h3><span style=\"color: #ffffff;\"><strong>BLOG DE NOT\u00cdCIES I PROJECTES<\/strong><\/span><\/h3>\n<\/td>\n<td style=\"width: 120px;\"><a href=\"https:\/\/agora.xtec.cat\/iesventuragassol\/categoria\/dic\/esp\/rom\/\"><img loading=\"lazy\" decoding=\"async\" class=\"wp-image-1068 aligncenter\" src=\"https:\/\/agora.xtec.cat\/iesventuragassol\/wp-content\/uploads\/usu1243\/2020\/03\/antiguo-300x300.png\" alt=\"\" width=\"85\" height=\"85\" srcset=\"https:\/\/agora.xtec.cat\/iesventuragassol\/wp-content\/uploads\/usu1243\/2020\/03\/antiguo-300x300.png 300w, https:\/\/agora.xtec.cat\/iesventuragassol\/wp-content\/uploads\/usu1243\/2020\/03\/antiguo-150x150.png 150w, https:\/\/agora.xtec.cat\/iesventuragassol\/wp-content\/uploads\/usu1243\/2020\/03\/antiguo.png 512w\" sizes=\"auto, (max-width: 85px) 100vw, 85px\" \/><\/a><\/td>\n<\/tr>\n<\/tbody>\n<\/table>\n<ul>\n<li>\n<h2><span style=\"color: #008000;\"><strong>ENSENYAMENTS A L&#8217;ESO<\/strong><\/span><\/h2>\n<\/li>\n<\/ul>\n<table>\n<tbody>\n<tr>\n<td style=\"width: 410px; background-color: #0eab16;\">\n<h3><strong><span style=\"color: #ffffff;\">ORDENAMENT CURRICULAR<\/span><\/strong><\/h3>\n<ul>\n<li>\n<h4><span style=\"color: #ffffff;\"><strong>Llat\u00ed [4t d&#8217;ESO]<\/strong><\/span><\/h4>\n<\/li>\n<\/ul>\n<\/td>\n<td style=\"width: 120px;\"><a href=\"https:\/\/xtec.gencat.cat\/web\/.content\/curriculum\/eso\/curriculum-175-2022\/Llati.-Llengua-i-Cultura.pdf\" target=\"_blank\" rel=\"noopener noreferrer\"><img loading=\"lazy\" decoding=\"async\" class=\"aligncenter size-thumbnail wp-image-984\" src=\"https:\/\/agora.xtec.cat\/iesventuragassol\/wp-content\/uploads\/usu1243\/2020\/03\/prueba-150x150.png\" alt=\"\" width=\"150\" height=\"150\" srcset=\"https:\/\/agora.xtec.cat\/iesventuragassol\/wp-content\/uploads\/usu1243\/2020\/03\/prueba-150x150.png 150w, https:\/\/agora.xtec.cat\/iesventuragassol\/wp-content\/uploads\/usu1243\/2020\/03\/prueba-300x300.png 300w, https:\/\/agora.xtec.cat\/iesventuragassol\/wp-content\/uploads\/usu1243\/2020\/03\/prueba.png 512w\" sizes=\"auto, (max-width: 150px) 100vw, 150px\" \/><\/a><\/td>\n<\/tr>\n<tr>\n<td style=\"width: 410px; background-color: #0eab16;\">\n<h3><strong><span style=\"color: #ffffff;\">ORDENAMENT CURRICULAR<\/span><\/strong><\/h3>\n<ul>\n<li>\n<h4><span style=\"color: #ffffff;\"><strong>Cultura cl\u00e0ssica [3r d&#8217;ESO]<\/strong><\/span><\/h4>\n<\/li>\n<\/ul>\n<\/td>\n<td style=\"width: 120px;\"><a href=\"https:\/\/xtec.gencat.cat\/web\/.content\/curriculum\/eso\/curriculum-175-2022\/Cultura-Classica.pdf\" target=\"_blank\" rel=\"noopener noreferrer\"><img loading=\"lazy\" decoding=\"async\" class=\"aligncenter size-thumbnail wp-image-984\" src=\"https:\/\/agora.xtec.cat\/iesventuragassol\/wp-content\/uploads\/usu1243\/2020\/03\/prueba-150x150.png\" alt=\"\" width=\"150\" height=\"150\" srcset=\"https:\/\/agora.xtec.cat\/iesventuragassol\/wp-content\/uploads\/usu1243\/2020\/03\/prueba-150x150.png 150w, https:\/\/agora.xtec.cat\/iesventuragassol\/wp-content\/uploads\/usu1243\/2020\/03\/prueba-300x300.png 300w, https:\/\/agora.xtec.cat\/iesventuragassol\/wp-content\/uploads\/usu1243\/2020\/03\/prueba.png 512w\" sizes=\"auto, (max-width: 150px) 100vw, 150px\" \/><\/a><\/td>\n<\/tr>\n<tr>\n<td style=\"width: 410px; background-color: #0eeb19;\">\n<h3><strong><span style=\"color: #ffffff;\">CRITERIS D&#8217;AVALUACI\u00d3<\/span><\/strong><\/h3>\n<ul>\n<li>\n<h4><span style=\"color: #ffffff;\"><strong>Llat\u00ed [4t d&#8217;ESO]<\/strong><\/span><\/h4>\n<\/li>\n<\/ul>\n<\/td>\n<td style=\"width: 120px;\"><img loading=\"lazy\" decoding=\"async\" class=\"aligncenter wp-image-988\" src=\"https:\/\/agora.xtec.cat\/iesventuragassol\/wp-content\/uploads\/usu1243\/2020\/03\/examen-150x150.png\" alt=\"\" width=\"95\" height=\"95\" srcset=\"https:\/\/agora.xtec.cat\/iesventuragassol\/wp-content\/uploads\/usu1243\/2020\/03\/examen-150x150.png 150w, https:\/\/agora.xtec.cat\/iesventuragassol\/wp-content\/uploads\/usu1243\/2020\/03\/examen-300x300.png 300w, https:\/\/agora.xtec.cat\/iesventuragassol\/wp-content\/uploads\/usu1243\/2020\/03\/examen.png 512w\" sizes=\"auto, (max-width: 95px) 100vw, 95px\" \/><\/td>\n<\/tr>\n<tr>\n<td style=\"width: 410px; background-color: #0eeb19;\">\n<h3><strong><span style=\"color: #ffffff;\">CRITERIS D&#8217;AVALUACI\u00d3<\/span><\/strong><\/h3>\n<ul>\n<li>\n<h4><span style=\"color: #ffffff;\"><strong>Cultura cl\u00e0ssica [3r d&#8217;ESO]<\/strong><\/span><\/h4>\n<\/li>\n<\/ul>\n<\/td>\n<td style=\"width: 120px;\"><img loading=\"lazy\" decoding=\"async\" class=\"aligncenter wp-image-988\" src=\"https:\/\/agora.xtec.cat\/iesventuragassol\/wp-content\/uploads\/usu1243\/2020\/03\/examen-150x150.png\" alt=\"\" width=\"95\" height=\"95\" srcset=\"https:\/\/agora.xtec.cat\/iesventuragassol\/wp-content\/uploads\/usu1243\/2020\/03\/examen-150x150.png 150w, https:\/\/agora.xtec.cat\/iesventuragassol\/wp-content\/uploads\/usu1243\/2020\/03\/examen-300x300.png 300w, https:\/\/agora.xtec.cat\/iesventuragassol\/wp-content\/uploads\/usu1243\/2020\/03\/examen.png 512w\" sizes=\"auto, (max-width: 95px) 100vw, 95px\" \/><\/td>\n<\/tr>\n<tr>\n<td style=\"width: 410px; background-color: #0eeb19;\">\n<h3><span style=\"color: #ffffff;\"><strong>CRITERIS D&#8217;AVALUACI\u00d3<\/strong><\/span><\/h3>\n<ul>\n<li>\n<h4><strong><span style=\"color: #ffffff;\">Qu\u00edmica I i II<\/span><\/strong><\/h4>\n<\/li>\n<\/ul>\n<\/td>\n<td style=\"width: 120px;\"><img loading=\"lazy\" decoding=\"async\" class=\"aligncenter wp-image-988\" src=\"https:\/\/agora.xtec.cat\/iesventuragassol\/wp-content\/uploads\/usu1243\/2020\/03\/examen-150x150.png\" alt=\"\" width=\"95\" height=\"95\" srcset=\"https:\/\/agora.xtec.cat\/iesventuragassol\/wp-content\/uploads\/usu1243\/2020\/03\/examen-150x150.png 150w, https:\/\/agora.xtec.cat\/iesventuragassol\/wp-content\/uploads\/usu1243\/2020\/03\/examen-300x300.png 300w, https:\/\/agora.xtec.cat\/iesventuragassol\/wp-content\/uploads\/usu1243\/2020\/03\/examen.png 512w\" sizes=\"auto, (max-width: 95px) 100vw, 95px\" \/><\/td>\n<\/tr>\n<tr>\n<td style=\"width: 410px; background-color: #5bde40;\">\n<h3><strong><span style=\"color: #ffffff;\">Llibres de text on-line<\/span><\/strong><\/h3>\n<ul>\n<li>\n<h4><span style=\"color: #ffffff;\"><strong>Llat\u00ed [4t d&#8217;ESO]<\/strong><\/span><\/h4>\n<\/li>\n<\/ul>\n<\/td>\n<td style=\"width: 120px;\"><a href=\"http:\/\/edubook.vicensvives.com\/es\/inicio\" target=\"_blank\" rel=\"noopener noreferrer\"><img loading=\"lazy\" decoding=\"async\" class=\" wp-image-976 aligncenter\" src=\"https:\/\/agora.xtec.cat\/iesventuragassol\/wp-content\/uploads\/usu1243\/2020\/03\/depinformatica.png\" alt=\"\" width=\"100\" height=\"100\" \/><\/a><\/td>\n<\/tr>\n<tr>\n<td style=\"width: 410px; background-color: #5bde40;\">\n<h3><strong><span style=\"color: #ffffff;\">Llibres de lectura<\/span><\/strong><\/h3>\n<ul>\n<li>\n<h4><span style=\"color: #ffffff;\"><strong>Llat\u00ed [4t d&#8217;ESO]<\/strong><\/span><\/h4>\n<\/li>\n<\/ul>\n<\/td>\n<td style=\"width: 120px;\"><a href=\"https:\/\/agora.xtec.cat\/iesventuragassol\/wp-content\/uploads\/usu1243\/2020\/03\/biblioteca.png\"><img loading=\"lazy\" decoding=\"async\" class=\"aligncenter wp-image-986\" src=\"https:\/\/agora.xtec.cat\/iesventuragassol\/wp-content\/uploads\/usu1243\/2020\/03\/biblioteca-150x150.png\" alt=\"\" width=\"95\" height=\"95\" srcset=\"https:\/\/agora.xtec.cat\/iesventuragassol\/wp-content\/uploads\/usu1243\/2020\/03\/biblioteca-150x150.png 150w, https:\/\/agora.xtec.cat\/iesventuragassol\/wp-content\/uploads\/usu1243\/2020\/03\/biblioteca-300x300.png 300w, https:\/\/agora.xtec.cat\/iesventuragassol\/wp-content\/uploads\/usu1243\/2020\/03\/biblioteca.png 512w\" sizes=\"auto, (max-width: 95px) 100vw, 95px\" \/><\/a><\/td>\n<\/tr>\n<\/tbody>\n<\/table>\n<ul>\n<li>\n<h2><span style=\"color: #008000;\"><strong>ENSENYAMENTS AL BATXILLERAT<\/strong><\/span><\/h2>\n<\/li>\n<\/ul>\n<table>\n<tbody>\n<tr>\n<td style=\"width: 410px; background-color: #0eab16;\">\n<h3><span style=\"color: #ffffff;\"><strong>ORDENAMENT CURRICULAR<\/strong><\/span><\/h3>\n<ul>\n<li>\n<h4><span style=\"color: #ffffff;\"><strong>Llat\u00ed I i II<\/strong><\/span><\/h4>\n<\/li>\n<\/ul>\n<\/td>\n<td style=\"width: 120px;\"><a href=\"http:\/\/xtec.gencat.cat\/web\/.content\/alfresco\/d\/d\/workspace\/SpacesStore\/0092\/e4494b91-e084-4675-b25a-6f26c8ded3aa\/llati.pdf\" target=\"_blank\" rel=\"noopener noreferrer\"><img loading=\"lazy\" decoding=\"async\" class=\"aligncenter wp-image-984\" src=\"https:\/\/agora.xtec.cat\/iesventuragassol\/wp-content\/uploads\/usu1243\/2020\/03\/prueba-150x150.png\" alt=\"\" width=\"95\" height=\"95\" srcset=\"https:\/\/agora.xtec.cat\/iesventuragassol\/wp-content\/uploads\/usu1243\/2020\/03\/prueba-150x150.png 150w, https:\/\/agora.xtec.cat\/iesventuragassol\/wp-content\/uploads\/usu1243\/2020\/03\/prueba-300x300.png 300w, https:\/\/agora.xtec.cat\/iesventuragassol\/wp-content\/uploads\/usu1243\/2020\/03\/prueba.png 512w\" sizes=\"auto, (max-width: 95px) 100vw, 95px\" \/><\/a><\/td>\n<\/tr>\n<tr>\n<td style=\"width: 410px; background-color: #0eab16;\">\n<h3><span style=\"color: #ffffff;\"><strong>ORDENAMENT CURRICULAR<\/strong><\/span><\/h3>\n<ul>\n<li>\n<h4><span style=\"color: #ffffff;\"><strong>Grec I i II<\/strong><\/span><\/h4>\n<\/li>\n<\/ul>\n<\/td>\n<td style=\"width: 120px;\"><a href=\"http:\/\/xtec.gencat.cat\/web\/.content\/alfresco\/d\/d\/workspace\/SpacesStore\/0091\/e0d48b18-3b22-47c8-acbb-ba930db8a490\/grec.pdf\" target=\"_blank\" rel=\"noopener noreferrer\"><img loading=\"lazy\" decoding=\"async\" class=\"aligncenter wp-image-984\" src=\"https:\/\/agora.xtec.cat\/iesventuragassol\/wp-content\/uploads\/usu1243\/2020\/03\/prueba-150x150.png\" alt=\"\" width=\"95\" height=\"95\" srcset=\"https:\/\/agora.xtec.cat\/iesventuragassol\/wp-content\/uploads\/usu1243\/2020\/03\/prueba-150x150.png 150w, https:\/\/agora.xtec.cat\/iesventuragassol\/wp-content\/uploads\/usu1243\/2020\/03\/prueba-300x300.png 300w, https:\/\/agora.xtec.cat\/iesventuragassol\/wp-content\/uploads\/usu1243\/2020\/03\/prueba.png 512w\" sizes=\"auto, (max-width: 95px) 100vw, 95px\" \/><\/a><\/td>\n<\/tr>\n<tr>\n<td style=\"width: 410px; background-color: #0eeb19;\">\n<h3><span style=\"color: #ffffff;\"><strong>CRITERIS D&#8217;AVALUACI\u00d3<\/strong><\/span><\/h3>\n<ul>\n<li>\n<h4><span style=\"color: #ffffff;\"><strong>Llat\u00ed I i II<\/strong><\/span><\/h4>\n<\/li>\n<\/ul>\n<\/td>\n<td style=\"width: 120px;\"><img loading=\"lazy\" decoding=\"async\" class=\"aligncenter wp-image-988\" src=\"https:\/\/agora.xtec.cat\/iesventuragassol\/wp-content\/uploads\/usu1243\/2020\/03\/examen-150x150.png\" alt=\"\" width=\"95\" height=\"95\" srcset=\"https:\/\/agora.xtec.cat\/iesventuragassol\/wp-content\/uploads\/usu1243\/2020\/03\/examen-150x150.png 150w, https:\/\/agora.xtec.cat\/iesventuragassol\/wp-content\/uploads\/usu1243\/2020\/03\/examen-300x300.png 300w, https:\/\/agora.xtec.cat\/iesventuragassol\/wp-content\/uploads\/usu1243\/2020\/03\/examen.png 512w\" sizes=\"auto, (max-width: 95px) 100vw, 95px\" \/><\/td>\n<\/tr>\n<tr>\n<td style=\"width: 410px; background-color: #0eeb19;\">\n<h3><span style=\"color: #ffffff;\"><strong>CRITERIS D&#8217;AVALUACI\u00d3<\/strong><\/span><\/h3>\n<ul>\n<li>\n<h4><span style=\"color: #ffffff;\"><strong>Grec I i II<\/strong><\/span><\/h4>\n<\/li>\n<\/ul>\n<\/td>\n<td style=\"width: 120px;\"><a href=\"https:\/\/ioc.xtec.cat\/educacio\/materies-batxillerat#ufpm30np4um\" target=\"_blank\" rel=\"noopener noreferrer\"><img loading=\"lazy\" decoding=\"async\" class=\"alignright wp-image-1364\" src=\"https:\/\/agora.xtec.cat\/iesventuragassol\/wp-content\/uploads\/usu1243\/2020\/03\/Logo_ioc-150x134.jpg\" alt=\"\" width=\"143\" height=\"95\" srcset=\"https:\/\/agora.xtec.cat\/iesventuragassol\/wp-content\/uploads\/usu1243\/2020\/03\/Logo_ioc-200x134.jpg 200w, https:\/\/agora.xtec.cat\/iesventuragassol\/wp-content\/uploads\/usu1243\/2020\/03\/Logo_ioc.jpg 202w\" sizes=\"auto, (max-width: 143px) 100vw, 143px\" \/><\/a><\/td>\n<\/tr>\n<tr>\n<td style=\"width: 410px; background-color: #5bde40;\">\n<h3><span style=\"color: #ffffff;\"><strong>Llibres de text<\/strong><\/span><\/h3>\n<ul>\n<li>\n<h4><strong><span style=\"color: #ffffff;\">Llat\u00ed I i II<\/span><\/strong><\/h4>\n<\/li>\n<\/ul>\n<\/td>\n<td style=\"width: 120px;\"><a href=\"https:\/\/drive.google.com\/file\/d\/1Dx9NCNkEkgGbfvosoyptdV-18WMih9Ix\/view?usp=sharing\" target=\"_blank\" rel=\"noopener noreferrer\"><img loading=\"lazy\" decoding=\"async\" class=\"alignright size-thumbnail wp-image-985\" src=\"https:\/\/agora.xtec.cat\/iesventuragassol\/wp-content\/uploads\/usu1243\/2020\/03\/libros-150x150.png\" alt=\"\" width=\"150\" height=\"150\" srcset=\"https:\/\/agora.xtec.cat\/iesventuragassol\/wp-content\/uploads\/usu1243\/2020\/03\/libros-150x150.png 150w, https:\/\/agora.xtec.cat\/iesventuragassol\/wp-content\/uploads\/usu1243\/2020\/03\/libros-300x300.png 300w, https:\/\/agora.xtec.cat\/iesventuragassol\/wp-content\/uploads\/usu1243\/2020\/03\/libros.png 512w\" sizes=\"auto, (max-width: 150px) 100vw, 150px\" \/><\/a><\/td>\n<\/tr>\n<tr>\n<td style=\"width: 410px; background-color: #5bde40;\">\n<h3><span style=\"color: #ffffff;\"><strong>Llibres de lectura<\/strong><\/span><\/h3>\n<ul>\n<li>\n<h4><span style=\"color: #ffffff;\"><strong>Llat\u00ed I i II<\/strong><\/span><\/h4>\n<\/li>\n<\/ul>\n<\/td>\n<td style=\"width: 120px;\"><a href=\"https:\/\/drive.google.com\/file\/d\/1Dx9NCNkEkgGbfvosoyptdV-18WMih9Ix\/view?usp=sharing\" target=\"_blank\" rel=\"noopener noreferrer\"><img loading=\"lazy\" decoding=\"async\" class=\"wp-image-999 aligncenter\" src=\"https:\/\/agora.xtec.cat\/iesventuragassol\/wp-content\/uploads\/usu1243\/2020\/03\/estudiar-150x150.png\" alt=\"\" width=\"95\" height=\"95\" srcset=\"https:\/\/agora.xtec.cat\/iesventuragassol\/wp-content\/uploads\/usu1243\/2020\/03\/estudiar-150x150.png 150w, https:\/\/agora.xtec.cat\/iesventuragassol\/wp-content\/uploads\/usu1243\/2020\/03\/estudiar-300x300.png 300w, https:\/\/agora.xtec.cat\/iesventuragassol\/wp-content\/uploads\/usu1243\/2020\/03\/estudiar.png 512w\" sizes=\"auto, (max-width: 95px) 100vw, 95px\" \/><\/a><\/td>\n<\/tr>\n<tr>\n<td style=\"width: 410px; background-color: #5bde40;\">\n<h3><span style=\"color: #ffffff;\"><strong>Llibres de lectura<br \/>\n<\/strong><\/span><\/h3>\n<ul>\n<li>\n<h4><span style=\"color: #ffffff;\"><strong>Grec I i II<\/strong><\/span><\/h4>\n<\/li>\n<\/ul>\n<\/td>\n<td style=\"width: 120px;\"><a href=\"https:\/\/ioc.xtec.cat\/educacio\/materies-batxillerat#ufpm30np4um\" target=\"_blank\" rel=\"noopener noreferrer\"><img loading=\"lazy\" decoding=\"async\" class=\"wp-image-1364 aligncenter\" src=\"https:\/\/agora.xtec.cat\/iesventuragassol\/wp-content\/uploads\/usu1243\/2020\/03\/Logo_ioc-150x134.jpg\" alt=\"\" width=\"143\" height=\"95\" srcset=\"https:\/\/agora.xtec.cat\/iesventuragassol\/wp-content\/uploads\/usu1243\/2020\/03\/Logo_ioc-200x134.jpg 200w, https:\/\/agora.xtec.cat\/iesventuragassol\/wp-content\/uploads\/usu1243\/2020\/03\/Logo_ioc.jpg 202w\" sizes=\"auto, (max-width: 143px) 100vw, 143px\" \/><\/a><\/td>\n<\/tr>\n<\/tbody>\n<\/table>\n","protected":false},"excerpt":{"rendered":"<p>La cultura cl\u00e0ssica suposa un apropament espec\u00edfic a l&#8217;her\u00e8ncia de les antigues Gr\u00e8cia i Roma, amb continguts ling\u00fc\u00edstics, en especial de llengua llatina,\u00a0 i culturals. L\u2019estudi de la llengua llatina, com a model de llengua flexiva, incideix en l\u2019\u00e0mbit dels coneixements sobre el funcionament de la llengua i el seu aprenentatge, ja que permet, per [&hellip;]<\/p>\n","protected":false},"author":1,"featured_media":0,"parent":1004,"menu_order":3,"comment_status":"closed","ping_status":"closed","template":"page-templates\/side-menu.php","meta":{"_bbp_topic_count":0,"_bbp_reply_count":0,"_bbp_total_topic_count":0,"_bbp_total_reply_count":0,"_bbp_voice_count":0,"_bbp_anonymous_reply_count":0,"_bbp_topic_count_hidden":0,"_bbp_reply_count_hidden":0,"_bbp_forum_subforum_count":0,"site-sidebar-layout":"default","site-content-layout":"","ast-site-content-layout":"","site-content-style":"default","site-sidebar-style":"default","ast-global-header-display":"","ast-banner-title-visibility":"","ast-main-header-display":"","ast-hfb-above-header-display":"","ast-hfb-below-header-display":"","ast-hfb-mobile-header-display":"","site-post-title":"","ast-breadcrumbs-content":"","ast-featured-img":"","footer-sml-layout":"","theme-transparent-header-meta":"","adv-header-id-meta":"","stick-header-meta":"","header-above-stick-meta":"","header-main-stick-meta":"","header-below-stick-meta":"","astra-migrate-meta-layouts":"default","ast-page-background-enabled":"default","ast-page-background-meta":{"desktop":{"background-color":"var(--ast-global-color-4)","background-image":"","background-repeat":"repeat","background-position":"center center","background-size":"auto","background-attachment":"scroll","background-type":"","background-media":"","overlay-type":"","overlay-color":"","overlay-opacity":"","overlay-gradient":""},"tablet":{"background-color":"","background-image":"","background-repeat":"repeat","background-position":"center center","background-size":"auto","background-attachment":"scroll","background-type":"","background-media":"","overlay-type":"","overlay-color":"","overlay-opacity":"","overlay-gradient":""},"mobile":{"background-color":"","background-image":"","background-repeat":"repeat","background-position":"center center","background-size":"auto","background-attachment":"scroll","background-type":"","background-media":"","overlay-type":"","overlay-color":"","overlay-opacity":"","overlay-gradient":""}},"ast-content-background-meta":{"desktop":{"background-color":"var(--ast-global-color-5)","background-image":"","background-repeat":"repeat","background-position":"center center","background-size":"auto","background-attachment":"scroll","background-type":"","background-media":"","overlay-type":"","overlay-color":"","overlay-opacity":"","overlay-gradient":""},"tablet":{"background-color":"var(--ast-global-color-5)","background-image":"","background-repeat":"repeat","background-position":"center center","background-size":"auto","background-attachment":"scroll","background-type":"","background-media":"","overlay-type":"","overlay-color":"","overlay-opacity":"","overlay-gradient":""},"mobile":{"background-color":"var(--ast-global-color-5)","background-image":"","background-repeat":"repeat","background-position":"center center","background-size":"auto","background-attachment":"scroll","background-type":"","background-media":"","overlay-type":"","overlay-color":"","overlay-opacity":"","overlay-gradient":""}},"footnotes":""},"class_list":["post-1006","page","type-page","status-publish","hentry"],"post_mailing_queue_ids":[],"_links":{"self":[{"href":"https:\/\/agora.xtec.cat\/iesventuragassol\/wp-json\/wp\/v2\/pages\/1006","targetHints":{"allow":["GET"]}}],"collection":[{"href":"https:\/\/agora.xtec.cat\/iesventuragassol\/wp-json\/wp\/v2\/pages"}],"about":[{"href":"https:\/\/agora.xtec.cat\/iesventuragassol\/wp-json\/wp\/v2\/types\/page"}],"author":[{"embeddable":true,"href":"https:\/\/agora.xtec.cat\/iesventuragassol\/wp-json\/wp\/v2\/users\/1"}],"replies":[{"embeddable":true,"href":"https:\/\/agora.xtec.cat\/iesventuragassol\/wp-json\/wp\/v2\/comments?post=1006"}],"version-history":[{"count":6,"href":"https:\/\/agora.xtec.cat\/iesventuragassol\/wp-json\/wp\/v2\/pages\/1006\/revisions"}],"predecessor-version":[{"id":3419,"href":"https:\/\/agora.xtec.cat\/iesventuragassol\/wp-json\/wp\/v2\/pages\/1006\/revisions\/3419"}],"up":[{"embeddable":true,"href":"https:\/\/agora.xtec.cat\/iesventuragassol\/wp-json\/wp\/v2\/pages\/1004"}],"wp:attachment":[{"href":"https:\/\/agora.xtec.cat\/iesventuragassol\/wp-json\/wp\/v2\/media?parent=1006"}],"curies":[{"name":"wp","href":"https:\/\/api.w.org\/{rel}","templated":true}]}}