{"id":1004,"date":"2020-03-26T18:23:48","date_gmt":"2020-03-26T17:23:48","guid":{"rendered":"http:\/\/agora.xtec.cat\/iesventuragassol\/?page_id=1004"},"modified":"2020-07-02T12:17:35","modified_gmt":"2020-07-02T10:17:35","slug":"llengua-castellana-i-literatura","status":"publish","type":"page","link":"https:\/\/agora.xtec.cat\/iesventuragassol\/ambits-didactics\/llengua-castellana-i-literatura\/","title":{"rendered":"Llengua castellana i literatura"},"content":{"rendered":"<p><a href=\"https:\/\/agora.xtec.cat\/iesventuragassol\/wp-content\/uploads\/usu1243\/2020\/03\/\u00d1.jpg\"><img loading=\"lazy\" decoding=\"async\" class=\"alignright size-thumbnail wp-image-1242\" src=\"https:\/\/agora.xtec.cat\/iesventuragassol\/wp-content\/uploads\/usu1243\/2020\/03\/\u00d1-150x150.jpg\" alt=\"\" width=\"150\" height=\"150\" \/><\/a>La<strong> compet\u00e8ncia comunicativa i ling\u00fc\u00edstica<\/strong>, en llengua castellana i literatura, \u00e9s l<strong>\u2019habilitat per expressar i interpretar conceptes, pensaments, sentiments, fets i opinions de forma oral i escrita<\/strong> (escoltar, parlar, llegir i escriure), i per interactuar ling\u00fc\u00edsticament d\u2019una manera adequada i creativa en tots els possibles contextos socials i culturals, com l\u2019educaci\u00f3 i la formaci\u00f3, la vida privada i professional, i l\u2019oci.<\/p>\n<ul>\n<li>\n<h2><span style=\"color: #008000;\"><strong>L&#8217;\u00c0MBIT<\/strong><\/span><\/h2>\n<\/li>\n<\/ul>\n<table style=\"height: 222px;\">\n<tbody>\n<tr style=\"height: 101px;\">\n<td style=\"width: 410px; height: 101px; background-color: #0eab16;\">\n<h3><span style=\"color: #ffffff;\"><strong>PROFESSORAT<\/strong><\/span><\/h3>\n<\/td>\n<td style=\"width: 120px; height: 101px;\"><a href=\"https:\/\/agora.xtec.cat\/iesventuragassol\/categoria\/dic\/esp\/\" target=\"_blank\" rel=\"noopener noreferrer\"><img loading=\"lazy\" decoding=\"async\" class=\"alignnone wp-image-982\" src=\"https:\/\/agora.xtec.cat\/iesventuragassol\/wp-content\/uploads\/usu1243\/2020\/03\/graduacion-150x150.png\" alt=\"\" width=\"150\" height=\"150\" srcset=\"https:\/\/agora.xtec.cat\/iesventuragassol\/wp-content\/uploads\/usu1243\/2020\/03\/graduacion-150x150.png 150w, https:\/\/agora.xtec.cat\/iesventuragassol\/wp-content\/uploads\/usu1243\/2020\/03\/graduacion-300x300.png 300w, https:\/\/agora.xtec.cat\/iesventuragassol\/wp-content\/uploads\/usu1243\/2020\/03\/graduacion.png 512w\" sizes=\"auto, (max-width: 150px) 100vw, 150px\" \/><\/a><\/td>\n<\/tr>\n<tr style=\"height: 121px;\">\n<td style=\"width: 410px; height: 121px; background-color: #0eab16;\">\n<h3><span style=\"color: #ffffff;\"><strong>BLOG DE NOT\u00cdCIES I PROJECTES<\/strong><\/span><\/h3>\n<\/td>\n<td style=\"width: 120px; height: 121px;\"><a href=\"https:\/\/agora.xtec.cat\/iesventuragassol\/categoria\/dic\/esp\/\" target=\"_blank\" rel=\"noopener noreferrer\"><img loading=\"lazy\" decoding=\"async\" class=\"alignnone wp-image-973 size-full\" src=\"https:\/\/agora.xtec.cat\/iesventuragassol\/wp-content\/uploads\/usu1243\/2020\/03\/depcastella1.png\" alt=\"\" width=\"150\" height=\"150\" \/><\/a><\/td>\n<\/tr>\n<\/tbody>\n<\/table>\n<ul>\n<li>\n<h2><span style=\"color: #008000;\"><strong>ENSENYAMENTS A L&#8217;ESO<\/strong><\/span><\/h2>\n<\/li>\n<\/ul>\n<table>\n<tbody>\n<tr>\n<td style=\"width: 410px; background-color: #0eab16;\">\n<h3><span style=\"color: #ffffff;\"><strong>ORDENAMENT CURRICULAR<\/strong><\/span><\/h3>\n<ul>\n<li>\n<h4><strong><span style=\"color: #ffffff;\">1r, 2n, 3r i 4t d&#8217;ESO<\/span><\/strong><\/h4>\n<\/li>\n<\/ul>\n<\/td>\n<td style=\"width: 120px;\"><a href=\"http:\/\/xtec.gencat.cat\/web\/.content\/curriculum\/eso\/curriculum2015\/documents\/ANNEX-3-Ambit-lingueistic.pdf\" target=\"_blank\" rel=\"noopener noreferrer\"><img loading=\"lazy\" decoding=\"async\" class=\"aligncenter wp-image-984\" src=\"https:\/\/agora.xtec.cat\/iesventuragassol\/wp-content\/uploads\/usu1243\/2020\/03\/prueba-150x150.png\" alt=\"\" width=\"95\" height=\"95\" srcset=\"https:\/\/agora.xtec.cat\/iesventuragassol\/wp-content\/uploads\/usu1243\/2020\/03\/prueba-150x150.png 150w, https:\/\/agora.xtec.cat\/iesventuragassol\/wp-content\/uploads\/usu1243\/2020\/03\/prueba-300x300.png 300w, https:\/\/agora.xtec.cat\/iesventuragassol\/wp-content\/uploads\/usu1243\/2020\/03\/prueba.png 512w\" sizes=\"auto, (max-width: 95px) 100vw, 95px\" \/><\/a><\/td>\n<\/tr>\n<tr>\n<td style=\"width: 410px; background-color: #0eeb19;\">\n<h3><span style=\"color: #ffffff;\"><strong>CRITERIS D&#8217;AVALUACI\u00d3<\/strong><\/span><\/h3>\n<ul>\n<li>\n<h4><strong><span style=\"color: #ffffff;\">1r, 2n, 3r i 4t d&#8217;ESO<\/span><\/strong><\/h4>\n<\/li>\n<\/ul>\n<\/td>\n<td style=\"width: 120px;\"><img loading=\"lazy\" decoding=\"async\" class=\"aligncenter wp-image-988\" src=\"https:\/\/agora.xtec.cat\/iesventuragassol\/wp-content\/uploads\/usu1243\/2020\/03\/examen-150x150.png\" alt=\"\" width=\"95\" height=\"95\" srcset=\"https:\/\/agora.xtec.cat\/iesventuragassol\/wp-content\/uploads\/usu1243\/2020\/03\/examen-150x150.png 150w, https:\/\/agora.xtec.cat\/iesventuragassol\/wp-content\/uploads\/usu1243\/2020\/03\/examen-300x300.png 300w, https:\/\/agora.xtec.cat\/iesventuragassol\/wp-content\/uploads\/usu1243\/2020\/03\/examen.png 512w\" sizes=\"auto, (max-width: 95px) 100vw, 95px\" \/><\/td>\n<\/tr>\n<tr>\n<td style=\"width: 410px; background-color: #5bde40;\">\n<h3><span style=\"color: #ffffff;\"><strong>Llibres de text on-line<\/strong><\/span><\/h3>\n<ul>\n<li>\n<h4><strong><span style=\"color: #ffffff;\">1r, 2n, 3r i 4t d&#8217;ESO<\/span><\/strong><\/h4>\n<\/li>\n<\/ul>\n<\/td>\n<td style=\"width: 120px;\"><a href=\"http:\/\/edubook.vicensvives.com\/es\/inicio\" target=\"_blank\" rel=\"noopener noreferrer\"><img loading=\"lazy\" decoding=\"async\" class=\" wp-image-976 aligncenter\" src=\"https:\/\/agora.xtec.cat\/iesventuragassol\/wp-content\/uploads\/usu1243\/2020\/03\/depinformatica.png\" alt=\"\" width=\"100\" height=\"100\" \/><\/a><\/td>\n<\/tr>\n<tr>\n<td style=\"width: 410px; background-color: #5bde40;\">\n<h3><span style=\"color: #ffffff;\"><strong>Llibres de lectura<\/strong><\/span><\/h3>\n<ul>\n<li>\n<h4><strong><span style=\"color: #ffffff;\">1r, 2n, 3r i 4t d&#8217;ESO<\/span><\/strong><\/h4>\n<\/li>\n<\/ul>\n<\/td>\n<td style=\"width: 120px;\"><img loading=\"lazy\" decoding=\"async\" class=\"aligncenter wp-image-986\" src=\"https:\/\/agora.xtec.cat\/iesventuragassol\/wp-content\/uploads\/usu1243\/2020\/03\/biblioteca-150x150.png\" alt=\"\" width=\"95\" height=\"95\" srcset=\"https:\/\/agora.xtec.cat\/iesventuragassol\/wp-content\/uploads\/usu1243\/2020\/03\/biblioteca-150x150.png 150w, https:\/\/agora.xtec.cat\/iesventuragassol\/wp-content\/uploads\/usu1243\/2020\/03\/biblioteca-300x300.png 300w, https:\/\/agora.xtec.cat\/iesventuragassol\/wp-content\/uploads\/usu1243\/2020\/03\/biblioteca.png 512w\" sizes=\"auto, (max-width: 95px) 100vw, 95px\" \/><\/td>\n<\/tr>\n<\/tbody>\n<\/table>\n<ul>\n<li>\n<h2><span style=\"color: #008000;\"><strong>ENSENYAMENTS AL BATXILLERAT<\/strong><\/span><\/h2>\n<\/li>\n<\/ul>\n<table>\n<tbody>\n<tr>\n<td style=\"width: 410px; background-color: #0eab16;\">\n<h3><span style=\"color: #ffffff;\"><strong>ORDENAMENT CURRICULAR<\/strong><\/span><\/h3>\n<ul>\n<li>\n<h4><strong><span style=\"color: #ffffff;\">Llengua castellana i literatura I i II<\/span><\/strong><\/h4>\n<\/li>\n<li>\n<h4><strong><span style=\"color: #ffffff;\">Literatura castellana [2n Batx.]<\/span><\/strong><\/h4>\n<\/li>\n<\/ul>\n<\/td>\n<td style=\"width: 120px;\"><a href=\"http:\/\/xtec.gencat.cat\/web\/.content\/alfresco\/d\/d\/workspace\/SpacesStore\/0087\/d3611c5a-423a-4147-80ad-7c2ec1c8edea\/ambit_llengues.pdf\" target=\"_blank\" rel=\"noopener noreferrer\"><img loading=\"lazy\" decoding=\"async\" class=\"aligncenter wp-image-984\" src=\"https:\/\/agora.xtec.cat\/iesventuragassol\/wp-content\/uploads\/usu1243\/2020\/03\/prueba-150x150.png\" alt=\"\" width=\"95\" height=\"95\" srcset=\"https:\/\/agora.xtec.cat\/iesventuragassol\/wp-content\/uploads\/usu1243\/2020\/03\/prueba-150x150.png 150w, https:\/\/agora.xtec.cat\/iesventuragassol\/wp-content\/uploads\/usu1243\/2020\/03\/prueba-300x300.png 300w, https:\/\/agora.xtec.cat\/iesventuragassol\/wp-content\/uploads\/usu1243\/2020\/03\/prueba.png 512w\" sizes=\"auto, (max-width: 95px) 100vw, 95px\" \/><\/a><\/td>\n<\/tr>\n<tr>\n<td style=\"width: 410px; background-color: #0eeb19;\">\n<h3><span style=\"color: #ffffff;\"><strong>CRITERIS D&#8217;AVALUACI\u00d3<\/strong><\/span><\/h3>\n<ul>\n<li>\n<h4><strong><span style=\"color: #ffffff;\">Llengua castellana i literatura I i II<\/span><\/strong><\/h4>\n<\/li>\n<\/ul>\n<\/td>\n<td style=\"width: 120px;\"><img loading=\"lazy\" decoding=\"async\" class=\"aligncenter wp-image-988\" src=\"https:\/\/agora.xtec.cat\/iesventuragassol\/wp-content\/uploads\/usu1243\/2020\/03\/examen-150x150.png\" alt=\"\" width=\"95\" height=\"95\" srcset=\"https:\/\/agora.xtec.cat\/iesventuragassol\/wp-content\/uploads\/usu1243\/2020\/03\/examen-150x150.png 150w, https:\/\/agora.xtec.cat\/iesventuragassol\/wp-content\/uploads\/usu1243\/2020\/03\/examen-300x300.png 300w, https:\/\/agora.xtec.cat\/iesventuragassol\/wp-content\/uploads\/usu1243\/2020\/03\/examen.png 512w\" sizes=\"auto, (max-width: 95px) 100vw, 95px\" \/><\/td>\n<\/tr>\n<tr>\n<td style=\"width: 410px; background-color: #0eeb19;\">\n<h3><span style=\"color: #ffffff;\"><strong>CRITERIS D&#8217;AVALUACI\u00d3<\/strong><\/span><\/h3>\n<ul>\n<li>\n<h4><strong><span style=\"color: #ffffff;\">Literatura castellana [2n Batx.]<\/span><\/strong><\/h4>\n<\/li>\n<\/ul>\n<\/td>\n<td style=\"width: 120px;\"><img loading=\"lazy\" decoding=\"async\" class=\"aligncenter wp-image-988\" src=\"https:\/\/agora.xtec.cat\/iesventuragassol\/wp-content\/uploads\/usu1243\/2020\/03\/examen-150x150.png\" alt=\"\" width=\"95\" height=\"95\" srcset=\"https:\/\/agora.xtec.cat\/iesventuragassol\/wp-content\/uploads\/usu1243\/2020\/03\/examen-150x150.png 150w, https:\/\/agora.xtec.cat\/iesventuragassol\/wp-content\/uploads\/usu1243\/2020\/03\/examen-300x300.png 300w, https:\/\/agora.xtec.cat\/iesventuragassol\/wp-content\/uploads\/usu1243\/2020\/03\/examen.png 512w\" sizes=\"auto, (max-width: 95px) 100vw, 95px\" \/><\/td>\n<\/tr>\n<tr>\n<td style=\"width: 410px; background-color: #5bde40;\">\n<h3><span style=\"color: #ffffff;\"><strong>Llibres de text Batxillerat<\/strong><\/span><\/h3>\n<ul>\n<li>\n<h4><strong><span style=\"color: #ffffff;\">Llengua castellana i literatura I i II<\/span><\/strong><\/h4>\n<\/li>\n<\/ul>\n<\/td>\n<td style=\"width: 120px;\"><a href=\"https:\/\/drive.google.com\/file\/d\/1xAYBONvx0XUADXI446gaIeuewvJumhBC\/view?usp=sharing\" target=\"_blank\" rel=\"noopener noreferrer\"><img loading=\"lazy\" decoding=\"async\" class=\"alignright size-thumbnail wp-image-985\" src=\"https:\/\/agora.xtec.cat\/iesventuragassol\/wp-content\/uploads\/usu1243\/2020\/03\/libros-150x150.png\" alt=\"\" width=\"150\" height=\"150\" srcset=\"https:\/\/agora.xtec.cat\/iesventuragassol\/wp-content\/uploads\/usu1243\/2020\/03\/libros-150x150.png 150w, https:\/\/agora.xtec.cat\/iesventuragassol\/wp-content\/uploads\/usu1243\/2020\/03\/libros-300x300.png 300w, https:\/\/agora.xtec.cat\/iesventuragassol\/wp-content\/uploads\/usu1243\/2020\/03\/libros.png 512w\" sizes=\"auto, (max-width: 150px) 100vw, 150px\" \/><\/a><\/td>\n<\/tr>\n<tr>\n<td style=\"width: 410px; background-color: #5bde40;\">\n<h3><span style=\"color: #ffffff;\"><strong>Llibres de lectura<\/strong><\/span><\/h3>\n<ul>\n<li>\n<h4><strong><span style=\"color: #ffffff;\">Llengua castellana i literatura I i II<\/span><\/strong><\/h4>\n<\/li>\n<\/ul>\n<\/td>\n<td style=\"width: 120px;\"><a href=\"https:\/\/drive.google.com\/file\/d\/1xAYBONvx0XUADXI446gaIeuewvJumhBC\/view?usp=sharing\" target=\"_blank\" rel=\"noopener noreferrer\"><img loading=\"lazy\" decoding=\"async\" class=\"aligncenter wp-image-986\" src=\"https:\/\/agora.xtec.cat\/iesventuragassol\/wp-content\/uploads\/usu1243\/2020\/03\/biblioteca-150x150.png\" alt=\"\" width=\"95\" height=\"95\" srcset=\"https:\/\/agora.xtec.cat\/iesventuragassol\/wp-content\/uploads\/usu1243\/2020\/03\/biblioteca-150x150.png 150w, https:\/\/agora.xtec.cat\/iesventuragassol\/wp-content\/uploads\/usu1243\/2020\/03\/biblioteca-300x300.png 300w, https:\/\/agora.xtec.cat\/iesventuragassol\/wp-content\/uploads\/usu1243\/2020\/03\/biblioteca.png 512w\" sizes=\"auto, (max-width: 95px) 100vw, 95px\" \/><\/a><\/td>\n<\/tr>\n<tr>\n<td style=\"width: 410px; background-color: #5bde40;\">\n<h3><span style=\"color: #ffffff;\"><strong>Llibres de lectura<br \/>\n<\/strong><\/span><\/h3>\n<ul>\n<li>\n<h4><strong><span style=\"color: #ffffff;\">Literatura castellana [2n Batx.]<\/span><\/strong><\/h4>\n<\/li>\n<\/ul>\n<\/td>\n<td style=\"width: 120px;\"><a href=\"https:\/\/drive.google.com\/file\/d\/1TnfJDX-Au14Je50Xd5CFFOWouGDkT30A\/view?usp=sharing\" target=\"_blank\" rel=\"noopener noreferrer\"><img loading=\"lazy\" decoding=\"async\" class=\"aligncenter wp-image-999\" src=\"https:\/\/agora.xtec.cat\/iesventuragassol\/wp-content\/uploads\/usu1243\/2020\/03\/estudiar-150x150.png\" alt=\"\" width=\"95\" height=\"95\" srcset=\"https:\/\/agora.xtec.cat\/iesventuragassol\/wp-content\/uploads\/usu1243\/2020\/03\/estudiar-150x150.png 150w, https:\/\/agora.xtec.cat\/iesventuragassol\/wp-content\/uploads\/usu1243\/2020\/03\/estudiar-300x300.png 300w, https:\/\/agora.xtec.cat\/iesventuragassol\/wp-content\/uploads\/usu1243\/2020\/03\/estudiar.png 512w\" sizes=\"auto, (max-width: 95px) 100vw, 95px\" \/><\/a><\/td>\n<\/tr>\n<\/tbody>\n<\/table>\n","protected":false},"excerpt":{"rendered":"<p>La compet\u00e8ncia comunicativa i ling\u00fc\u00edstica, en llengua castellana i literatura, \u00e9s l\u2019habilitat per expressar i interpretar conceptes, pensaments, sentiments, fets i opinions de forma oral i escrita (escoltar, parlar, llegir i escriure), i per interactuar ling\u00fc\u00edsticament d\u2019una manera adequada i creativa en tots els possibles contextos socials i culturals, com l\u2019educaci\u00f3 i la formaci\u00f3, la [&hellip;]<\/p>\n","protected":false},"author":1,"featured_media":0,"parent":952,"menu_order":2,"comment_status":"closed","ping_status":"closed","template":"page-templates\/side-menu.php","meta":{"_bbp_topic_count":0,"_bbp_reply_count":0,"_bbp_total_topic_count":0,"_bbp_total_reply_count":0,"_bbp_voice_count":0,"_bbp_anonymous_reply_count":0,"_bbp_topic_count_hidden":0,"_bbp_reply_count_hidden":0,"_bbp_forum_subforum_count":0,"site-sidebar-layout":"default","site-content-layout":"","ast-site-content-layout":"","site-content-style":"default","site-sidebar-style":"default","ast-global-header-display":"","ast-banner-title-visibility":"","ast-main-header-display":"","ast-hfb-above-header-display":"","ast-hfb-below-header-display":"","ast-hfb-mobile-header-display":"","site-post-title":"","ast-breadcrumbs-content":"","ast-featured-img":"","footer-sml-layout":"","theme-transparent-header-meta":"","adv-header-id-meta":"","stick-header-meta":"","header-above-stick-meta":"","header-main-stick-meta":"","header-below-stick-meta":"","astra-migrate-meta-layouts":"default","ast-page-background-enabled":"default","ast-page-background-meta":{"desktop":{"background-color":"var(--ast-global-color-4)","background-image":"","background-repeat":"repeat","background-position":"center center","background-size":"auto","background-attachment":"scroll","background-type":"","background-media":"","overlay-type":"","overlay-color":"","overlay-opacity":"","overlay-gradient":""},"tablet":{"background-color":"","background-image":"","background-repeat":"repeat","background-position":"center center","background-size":"auto","background-attachment":"scroll","background-type":"","background-media":"","overlay-type":"","overlay-color":"","overlay-opacity":"","overlay-gradient":""},"mobile":{"background-color":"","background-image":"","background-repeat":"repeat","background-position":"center center","background-size":"auto","background-attachment":"scroll","background-type":"","background-media":"","overlay-type":"","overlay-color":"","overlay-opacity":"","overlay-gradient":""}},"ast-content-background-meta":{"desktop":{"background-color":"var(--ast-global-color-5)","background-image":"","background-repeat":"repeat","background-position":"center center","background-size":"auto","background-attachment":"scroll","background-type":"","background-media":"","overlay-type":"","overlay-color":"","overlay-opacity":"","overlay-gradient":""},"tablet":{"background-color":"var(--ast-global-color-5)","background-image":"","background-repeat":"repeat","background-position":"center center","background-size":"auto","background-attachment":"scroll","background-type":"","background-media":"","overlay-type":"","overlay-color":"","overlay-opacity":"","overlay-gradient":""},"mobile":{"background-color":"var(--ast-global-color-5)","background-image":"","background-repeat":"repeat","background-position":"center center","background-size":"auto","background-attachment":"scroll","background-type":"","background-media":"","overlay-type":"","overlay-color":"","overlay-opacity":"","overlay-gradient":""}},"footnotes":""},"class_list":["post-1004","page","type-page","status-publish","hentry"],"post_mailing_queue_ids":[],"_links":{"self":[{"href":"https:\/\/agora.xtec.cat\/iesventuragassol\/wp-json\/wp\/v2\/pages\/1004","targetHints":{"allow":["GET"]}}],"collection":[{"href":"https:\/\/agora.xtec.cat\/iesventuragassol\/wp-json\/wp\/v2\/pages"}],"about":[{"href":"https:\/\/agora.xtec.cat\/iesventuragassol\/wp-json\/wp\/v2\/types\/page"}],"author":[{"embeddable":true,"href":"https:\/\/agora.xtec.cat\/iesventuragassol\/wp-json\/wp\/v2\/users\/1"}],"replies":[{"embeddable":true,"href":"https:\/\/agora.xtec.cat\/iesventuragassol\/wp-json\/wp\/v2\/comments?post=1004"}],"version-history":[{"count":4,"href":"https:\/\/agora.xtec.cat\/iesventuragassol\/wp-json\/wp\/v2\/pages\/1004\/revisions"}],"predecessor-version":[{"id":2235,"href":"https:\/\/agora.xtec.cat\/iesventuragassol\/wp-json\/wp\/v2\/pages\/1004\/revisions\/2235"}],"up":[{"embeddable":true,"href":"https:\/\/agora.xtec.cat\/iesventuragassol\/wp-json\/wp\/v2\/pages\/952"}],"wp:attachment":[{"href":"https:\/\/agora.xtec.cat\/iesventuragassol\/wp-json\/wp\/v2\/media?parent=1004"}],"curies":[{"name":"wp","href":"https:\/\/api.w.org\/{rel}","templated":true}]}}