{"id":87,"date":"2017-03-21T10:28:27","date_gmt":"2017-03-21T09:28:27","guid":{"rendered":"http:\/\/iesvallvera.cat\/?page_id=87"},"modified":"2024-02-22T10:28:59","modified_gmt":"2024-02-22T09:28:59","slug":"linstitut","status":"publish","type":"page","link":"https:\/\/agora.xtec.cat\/iesvallvera\/linstitut\/","title":{"rendered":"L&#8217;Institut"},"content":{"rendered":"<p style=\"text-align: center;\"><strong><span style=\"color: #ff6600;\">CONTACTE:<\/span><\/strong><br \/>\nPtge. de la F\u00e0brica T\u00e8xtil Coma Cros, 14\u00a0 &#8211;\u00a0 <em>17190 Salt<\/em><\/p>\n<p style=\"text-align: center;\"><em>T: 972 231919\u00a0 \u00a0&#8211;\u00a0\u00a0<\/em><em>a\/e: iesvallvera@xtec.cat<\/em><\/p>\n<div id=\"toolbar-4ed9f3ea-190f-400f-bf96-c2b166f9b14d\" class=\"block-library-classic__toolbar has-advanced-toolbar\" data-placeholder=\"Cl\u00e0ssic\">\n<div id=\"mceu_52\" class=\"mce-tinymce mce-tinymce-inline mce-container mce-panel\" tabindex=\"-1\" role=\"application\">\n<div id=\"mceu_52-body\" class=\"mce-container-body mce-abs-layout\">\n<div id=\"mceu_53\" class=\"mce-toolbar-grp mce-container mce-panel mce-abs-layout-item mce-first mce-last\" tabindex=\"-1\" role=\"group\">\n<div id=\"mceu_53-body\" class=\"mce-container-body mce-stack-layout\">\n<div id=\"mceu_54\" class=\"mce-container mce-toolbar mce-stack-layout-item mce-first\" role=\"toolbar\">\n<div id=\"mceu_54-body\" class=\"mce-container-body mce-flow-layout\">\n<div id=\"mceu_55\" class=\"mce-container mce-flow-layout-item mce-first mce-last mce-btn-group\" role=\"group\">\n<div id=\"mceu_55-body\"><\/div>\n<\/div>\n<\/div>\n<\/div>\n<\/div>\n<\/div>\n<\/div>\n<\/div>\n<\/div>\n<p><span style=\"font-size: medium;\">L&#8217;Institut Vallvera \u00e9s un centre p\u00fablic que ofereix ESO, Batxillerat i Cicles Formatius. A m\u00e9s de l&#8217;educaci\u00f3 curricular desenvolupem projectes mediambientals, musicals, ling\u00fc\u00edstics i tecnol\u00f2gics que complementen la nostra tasca educativa.<\/span><\/p>\n<p><strong><span style=\"color: #ff6600;\">MISSI\u00d3:<\/span><\/strong><br \/>\n<strong>Proporcionem una educaci\u00f3 integral i de qualitat per formar persones competents en un m\u00f3n canviant.<br \/>\n<\/strong><em>Desenvolupem projectes medi ambientals, extraescolars, d&#8217;educaci\u00f3 en valors i de relaci\u00f3 amb el nostre entorn que complementen la nostra poferta educativa.<br \/>\nInvertim per tenir recursos TIC que ens ajuden a enfortir la nostra acci\u00f3 educativa.<br \/>\nOferim igualtat d&#8217;oportunitats a tots els alumnes.<\/em><strong><br \/>\n<\/strong><br \/>\n<strong><span style=\"color: #ff6600;\">VISI\u00d3:<\/span><\/strong><br \/>\n<strong>Volem ser el referent d&#8217;una educaci\u00f3 arrelada al nostre pa\u00eds en un proc\u00e9s de millora continuada.<\/strong><br \/>\n<em>Pretenem que la nostyra oferta educativa respongui a la demanda social i volem integrar la nostra tasca en les institucions professionals del nostre entorn i dels pa\u00efsos de la UE per tal d&#8217;aprofitar les oportunitats i sumar esfor\u00e7os.<br \/>\nVolem satisfer les demandes dels nostres alumnes i de l&#8217;entorn m\u00e9s proper i, per aix\u00f2, ser el centre pont entre els esudis de grau mig i els de grau superior.<\/em><\/p>\n<p><strong><span style=\"color: #ff6600;\">VALORS:<\/span><\/strong><br \/>\nEns destaquem per la sensibilitat, la professionalitat i el comprom\u00eds social.<br \/>\n<em>Els nostres valors s\u00f3n:<\/em><\/p>\n<ul>\n<li><em><span style=\"font-size: medium;\">La cultura de l&#8217;esfor\u00e7 i la responsabilitat.<\/span><\/em><\/li>\n<li><em><span style=\"font-size: medium;\">L&#8217;assertivitat com a eina d&#8217;una cultura per la Pau.<\/span><\/em><\/li>\n<li><em><span style=\"font-size: medium;\">La curiositat cient\u00edfica i l&#8217;esperit cr\u00edtic.<\/span><\/em><\/li>\n<li><em><span style=\"font-size: medium;\">El comprom\u00eds social vers el mediambient.<\/span><\/em><\/li>\n<li><em><span style=\"font-size: medium;\">La coher\u00e8ncia per enfortir el nostre missatge.<\/span><\/em><\/li>\n<\/ul>\n<div id=\"toolbar-4ed9f3ea-190f-400f-bf96-c2b166f9b14d\" class=\"block-library-classic__toolbar has-advanced-toolbar\" data-placeholder=\"Cl\u00e0ssic\">\n<div id=\"mceu_52\" class=\"mce-tinymce mce-tinymce-inline mce-container mce-panel\" tabindex=\"-1\" role=\"application\">\n<div id=\"mceu_52-body\" class=\"mce-container-body mce-abs-layout\">\n<div id=\"mceu_53\" class=\"mce-toolbar-grp mce-container mce-panel mce-abs-layout-item mce-first mce-last\" tabindex=\"-1\" role=\"group\">\n<div id=\"mceu_53-body\" class=\"mce-container-body mce-stack-layout\">\n<div id=\"mceu_54\" class=\"mce-container mce-toolbar mce-stack-layout-item mce-first\" role=\"toolbar\">\n<div id=\"mceu_54-body\" class=\"mce-container-body mce-flow-layout\">\n<div id=\"mceu_55\" class=\"mce-container mce-flow-layout-item mce-first mce-last mce-btn-group\" role=\"group\">\n<div id=\"mceu_55-body\"><\/div>\n<\/div>\n<\/div>\n<\/div>\n<\/div>\n<\/div>\n<\/div>\n<\/div>\n<\/div>\n","protected":false},"excerpt":{"rendered":"<p>CONTACTE: Ptge. de la F\u00e0brica T\u00e8xtil Coma Cros, 14\u00a0 &#8211;\u00a0 17190 Salt T: 972 231919\u00a0 \u00a0&#8211;\u00a0\u00a0a\/e: iesvallvera@xtec.cat L&#8217;Institut Vallvera \u00e9s un centre p\u00fablic que ofereix ESO, Batxillerat i Cicles Formatius. A m\u00e9s de l&#8217;educaci\u00f3 curricular desenvolupem projectes mediambientals, musicals, ling\u00fc\u00edstics i tecnol\u00f2gics que complementen la nostra tasca educativa. MISSI\u00d3: Proporcionem una educaci\u00f3 integral i de [&hellip;]<\/p>\n","protected":false},"author":4,"featured_media":0,"parent":0,"menu_order":0,"comment_status":"closed","ping_status":"closed","template":"page-templates\/side-menu.php","meta":{"_bbp_topic_count":0,"_bbp_reply_count":0,"_bbp_total_topic_count":0,"_bbp_total_reply_count":0,"_bbp_voice_count":0,"_bbp_anonymous_reply_count":0,"_bbp_topic_count_hidden":0,"_bbp_reply_count_hidden":0,"_bbp_forum_subforum_count":0,"site-sidebar-layout":"default","site-content-layout":"","ast-site-content-layout":"","site-content-style":"default","site-sidebar-style":"default","ast-global-header-display":"","ast-banner-title-visibility":"","ast-main-header-display":"","ast-hfb-above-header-display":"","ast-hfb-below-header-display":"","ast-hfb-mobile-header-display":"","site-post-title":"","ast-breadcrumbs-content":"","ast-featured-img":"","footer-sml-layout":"","theme-transparent-header-meta":"","adv-header-id-meta":"","stick-header-meta":"","header-above-stick-meta":"","header-main-stick-meta":"","header-below-stick-meta":"","astra-migrate-meta-layouts":"default","ast-page-background-enabled":"default","ast-page-background-meta":{"desktop":{"background-color":"var(--ast-global-color-4)","background-image":"","background-repeat":"repeat","background-position":"center center","background-size":"auto","background-attachment":"scroll","background-type":"","background-media":"","overlay-type":"","overlay-color":"","overlay-opacity":"","overlay-gradient":""},"tablet":{"background-color":"","background-image":"","background-repeat":"repeat","background-position":"center center","background-size":"auto","background-attachment":"scroll","background-type":"","background-media":"","overlay-type":"","overlay-color":"","overlay-opacity":"","overlay-gradient":""},"mobile":{"background-color":"","background-image":"","background-repeat":"repeat","background-position":"center center","background-size":"auto","background-attachment":"scroll","background-type":"","background-media":"","overlay-type":"","overlay-color":"","overlay-opacity":"","overlay-gradient":""}},"ast-content-background-meta":{"desktop":{"background-color":"var(--ast-global-color-5)","background-image":"","background-repeat":"repeat","background-position":"center center","background-size":"auto","background-attachment":"scroll","background-type":"","background-media":"","overlay-type":"","overlay-color":"","overlay-opacity":"","overlay-gradient":""},"tablet":{"background-color":"var(--ast-global-color-5)","background-image":"","background-repeat":"repeat","background-position":"center center","background-size":"auto","background-attachment":"scroll","background-type":"","background-media":"","overlay-type":"","overlay-color":"","overlay-opacity":"","overlay-gradient":""},"mobile":{"background-color":"var(--ast-global-color-5)","background-image":"","background-repeat":"repeat","background-position":"center center","background-size":"auto","background-attachment":"scroll","background-type":"","background-media":"","overlay-type":"","overlay-color":"","overlay-opacity":"","overlay-gradient":""}},"footnotes":""},"class_list":["post-87","page","type-page","status-publish","hentry"],"post_mailing_queue_ids":[],"_links":{"self":[{"href":"https:\/\/agora.xtec.cat\/iesvallvera\/wp-json\/wp\/v2\/pages\/87","targetHints":{"allow":["GET"]}}],"collection":[{"href":"https:\/\/agora.xtec.cat\/iesvallvera\/wp-json\/wp\/v2\/pages"}],"about":[{"href":"https:\/\/agora.xtec.cat\/iesvallvera\/wp-json\/wp\/v2\/types\/page"}],"author":[{"embeddable":true,"href":"https:\/\/agora.xtec.cat\/iesvallvera\/wp-json\/wp\/v2\/users\/4"}],"replies":[{"embeddable":true,"href":"https:\/\/agora.xtec.cat\/iesvallvera\/wp-json\/wp\/v2\/comments?post=87"}],"version-history":[{"count":3,"href":"https:\/\/agora.xtec.cat\/iesvallvera\/wp-json\/wp\/v2\/pages\/87\/revisions"}],"predecessor-version":[{"id":10646,"href":"https:\/\/agora.xtec.cat\/iesvallvera\/wp-json\/wp\/v2\/pages\/87\/revisions\/10646"}],"wp:attachment":[{"href":"https:\/\/agora.xtec.cat\/iesvallvera\/wp-json\/wp\/v2\/media?parent=87"}],"curies":[{"name":"wp","href":"https:\/\/api.w.org\/{rel}","templated":true}]}}