{"id":675,"date":"2021-10-05T09:52:00","date_gmt":"2021-10-05T07:52:00","guid":{"rendered":"https:\/\/agora.xtec.cat\/iesvallvera\/?page_id=675"},"modified":"2021-10-18T11:13:16","modified_gmt":"2021-10-18T09:13:16","slug":"cicles-formatius-de-grau-superior-cfgs","status":"publish","type":"page","link":"https:\/\/agora.xtec.cat\/iesvallvera\/cicles-formatius\/cicles-formatius-de-grau-superior-cfgs\/","title":{"rendered":"Cicles Formatius de Grau Superior (CFGS)"},"content":{"rendered":"<ul>\n<li><span style=\"font-family: inherit; font-size: 1em;\">Administraci\u00f3 i finances (DUAL)<\/span>\n<ul>\n<li><span style=\"color: #ff00ff;\">Curr\u00edculum\u00a0<\/span><\/li>\n<li><span style=\"color: #ff00ff;\">Info v\u00e0ries<\/span><\/li>\n<\/ul>\n<\/li>\n<\/ul>\n<header class=\"entry-header\">\n<ul>\n<li style=\"list-style-type: none;\"><\/li>\n<li class=\"entry-title\">Animaci\u00f3 Sociocultural i tur\u00edstica\n<ul>\n<li><span style=\"color: #ff00ff;\">Curr\u00edculum\u00a0<\/span><\/li>\n<li><span style=\"color: #ff00ff;\">Info v\u00e0ries<\/span><\/li>\n<\/ul>\n<\/li>\n<\/ul>\n<\/header>\n<div class=\"entry-content\">\n<ul>\n<li>Educaci\u00f3 Infantil\n<ul>\n<li><span style=\"color: #ff00ff;\">Curr\u00edculum\u00a0<\/span><\/li>\n<li><span style=\"color: #ff00ff;\">Info v\u00e0ries<\/span><\/li>\n<\/ul>\n<\/li>\n<\/ul>\n<ul>\n<li>Integraci\u00f3 social\n<ul>\n<li><span style=\"color: #ff00ff;\">Curr\u00edculum\u00a0<\/span><\/li>\n<li><span style=\"color: #ff00ff;\">Info v\u00e0ries<\/span><\/li>\n<\/ul>\n<\/li>\n<\/ul>\n<p><span style=\"color: #ff00ff;\">DUAL?<\/span><\/p>\n<\/div>\n","protected":false},"excerpt":{"rendered":"<p>Administraci\u00f3 i finances (DUAL) Curr\u00edculum\u00a0 Info v\u00e0ries Animaci\u00f3 Sociocultural i tur\u00edstica Curr\u00edculum\u00a0 Info v\u00e0ries Educaci\u00f3 Infantil Curr\u00edculum\u00a0 Info v\u00e0ries Integraci\u00f3 social Curr\u00edculum\u00a0 Info v\u00e0ries DUAL?<\/p>\n","protected":false},"author":1,"featured_media":0,"parent":669,"menu_order":3,"comment_status":"closed","ping_status":"closed","template":"page-templates\/side-menu.php","meta":{"_bbp_topic_count":0,"_bbp_reply_count":0,"_bbp_total_topic_count":0,"_bbp_total_reply_count":0,"_bbp_voice_count":0,"_bbp_anonymous_reply_count":0,"_bbp_topic_count_hidden":0,"_bbp_reply_count_hidden":0,"_bbp_forum_subforum_count":0,"site-sidebar-layout":"default","site-content-layout":"","ast-site-content-layout":"","site-content-style":"default","site-sidebar-style":"default","ast-global-header-display":"","ast-banner-title-visibility":"","ast-main-header-display":"","ast-hfb-above-header-display":"","ast-hfb-below-header-display":"","ast-hfb-mobile-header-display":"","site-post-title":"","ast-breadcrumbs-content":"","ast-featured-img":"","footer-sml-layout":"","theme-transparent-header-meta":"","adv-header-id-meta":"","stick-header-meta":"","header-above-stick-meta":"","header-main-stick-meta":"","header-below-stick-meta":"","astra-migrate-meta-layouts":"default","ast-page-background-enabled":"default","ast-page-background-meta":{"desktop":{"background-color":"var(--ast-global-color-4)","background-image":"","background-repeat":"repeat","background-position":"center center","background-size":"auto","background-attachment":"scroll","background-type":"","background-media":"","overlay-type":"","overlay-color":"","overlay-opacity":"","overlay-gradient":""},"tablet":{"background-color":"","background-image":"","background-repeat":"repeat","background-position":"center center","background-size":"auto","background-attachment":"scroll","background-type":"","background-media":"","overlay-type":"","overlay-color":"","overlay-opacity":"","overlay-gradient":""},"mobile":{"background-color":"","background-image":"","background-repeat":"repeat","background-position":"center center","background-size":"auto","background-attachment":"scroll","background-type":"","background-media":"","overlay-type":"","overlay-color":"","overlay-opacity":"","overlay-gradient":""}},"ast-content-background-meta":{"desktop":{"background-color":"var(--ast-global-color-5)","background-image":"","background-repeat":"repeat","background-position":"center center","background-size":"auto","background-attachment":"scroll","background-type":"","background-media":"","overlay-type":"","overlay-color":"","overlay-opacity":"","overlay-gradient":""},"tablet":{"background-color":"var(--ast-global-color-5)","background-image":"","background-repeat":"repeat","background-position":"center center","background-size":"auto","background-attachment":"scroll","background-type":"","background-media":"","overlay-type":"","overlay-color":"","overlay-opacity":"","overlay-gradient":""},"mobile":{"background-color":"var(--ast-global-color-5)","background-image":"","background-repeat":"repeat","background-position":"center center","background-size":"auto","background-attachment":"scroll","background-type":"","background-media":"","overlay-type":"","overlay-color":"","overlay-opacity":"","overlay-gradient":""}},"footnotes":""},"class_list":["post-675","page","type-page","status-publish","hentry"],"post_mailing_queue_ids":[],"_links":{"self":[{"href":"https:\/\/agora.xtec.cat\/iesvallvera\/wp-json\/wp\/v2\/pages\/675","targetHints":{"allow":["GET"]}}],"collection":[{"href":"https:\/\/agora.xtec.cat\/iesvallvera\/wp-json\/wp\/v2\/pages"}],"about":[{"href":"https:\/\/agora.xtec.cat\/iesvallvera\/wp-json\/wp\/v2\/types\/page"}],"author":[{"embeddable":true,"href":"https:\/\/agora.xtec.cat\/iesvallvera\/wp-json\/wp\/v2\/users\/1"}],"replies":[{"embeddable":true,"href":"https:\/\/agora.xtec.cat\/iesvallvera\/wp-json\/wp\/v2\/comments?post=675"}],"version-history":[{"count":2,"href":"https:\/\/agora.xtec.cat\/iesvallvera\/wp-json\/wp\/v2\/pages\/675\/revisions"}],"predecessor-version":[{"id":727,"href":"https:\/\/agora.xtec.cat\/iesvallvera\/wp-json\/wp\/v2\/pages\/675\/revisions\/727"}],"up":[{"embeddable":true,"href":"https:\/\/agora.xtec.cat\/iesvallvera\/wp-json\/wp\/v2\/pages\/669"}],"wp:attachment":[{"href":"https:\/\/agora.xtec.cat\/iesvallvera\/wp-json\/wp\/v2\/media?parent=675"}],"curies":[{"name":"wp","href":"https:\/\/api.w.org\/{rel}","templated":true}]}}