{"id":6745,"date":"2022-05-20T11:19:05","date_gmt":"2022-05-20T09:19:05","guid":{"rendered":"http:\/\/iesvallvera.cat\/?page_id=6745"},"modified":"2022-05-20T11:19:05","modified_gmt":"2022-05-20T09:19:05","slug":"tpv-escola","status":"publish","type":"page","link":"https:\/\/agora.xtec.cat\/iesvallvera\/families\/tpv-escola\/","title":{"rendered":"TPV Escola"},"content":{"rendered":"\n<p>Aquest curs iniciem els pagaments de les matr\u00edcules a partir de la plataforma TPV Escola, amb la intenci\u00f3 d&#8217;agilitzar el pagament i posterior gesti\u00f3. A m\u00e9s reduim paper ja que tindreu els comprovants al m\u00f2bil totalment actualitzat.<\/p>\n\n\n\n<p>Amb la documentaci\u00f3 de la matr\u00edcula tindreu tamb\u00e9 el vostre usuari i contrasenya per poder accedir a la plataforma. \u00c9s molt recomanable que us instal\u00b7leu l&#8217;app al m\u00f2bil i activeu les notificacions, ja que ser\u00e0 una via de comunicaci\u00f3 i de recordatori molt \u00fatil.<\/p>\n\n\n\n<p>Clicant <a rel=\"noreferrer noopener\" href=\"http:\/\/www.tpvescola.com\/webiframe\/Aterratge.html\" target=\"_blank\">aqu\u00ed<\/a>, tindreu tota la informaci\u00f3 del funcionament, els enlla\u00e7os per descarregar l&#8217;App (<a rel=\"noreferrer noopener\" href=\"https:\/\/apps.apple.com\/es\/app\/tpvescola\/id1153423424\" target=\"_blank\">App Store<\/a> i <a href=\"https:\/\/play.google.com\/store\/apps\/details?id=com.eqctpvescola&amp;hl=es_VE\" target=\"_blank\" rel=\"noreferrer noopener\">Google Play<\/a>) i <a href=\"http:\/\/www.tpvescola.com\/webiframe\/download\/manual-app.pdf\" target=\"_blank\" rel=\"noreferrer noopener\">document d&#8217;ajuda<\/a>, aix\u00ed com un recull de les <a href=\"http:\/\/www.tpvescola.com\/webiframe\/faqs.html\" target=\"_blank\" rel=\"noreferrer noopener\">Preguntes Freq\u00fcents<\/a> .<\/p>\n\n\n\n<p>Us deixem un v\u00eddeo explicatiu de la instal\u00b7laci\u00f3 i configuraci\u00f3 de l&#8217;App, i qu\u00e8 fer si teniu m\u00e9s d&#8217;un fill o filla matriculat al centre.<\/p>\n\n\n\n<figure class=\"wp-block-embed is-type-video is-provider-youtube wp-block-embed-youtube wp-embed-aspect-16-9 wp-has-aspect-ratio\"><div class=\"wp-block-embed__wrapper\">\n<div class=\"ast-oembed-container \" style=\"height: 100%;\"><iframe loading=\"lazy\" title=\"Instal\u00b7lar l&#039;APP, identificar-se i desar signatura.\" width=\"500\" height=\"281\" src=\"https:\/\/www.youtube.com\/embed\/uKtB9xfgvM0?feature=oembed\" frameborder=\"0\" allow=\"accelerometer; autoplay; clipboard-write; encrypted-media; gyroscope; picture-in-picture; web-share\" referrerpolicy=\"strict-origin-when-cross-origin\" allowfullscreen><\/iframe><\/div>\n<\/div><\/figure>\n\n\n\n<p>Para visualizar el v\u00eddeo en castellano, clicar <a href=\"https:\/\/youtu.be\/TowDyehAMtw\" target=\"_blank\" rel=\"noreferrer noopener\">aqu\u00ed<\/a>.<\/p>\n","protected":false},"excerpt":{"rendered":"<p>Aquest curs iniciem els pagaments de les matr\u00edcules a partir de la plataforma TPV Escola, amb la intenci\u00f3 d&#8217;agilitzar el pagament i posterior gesti\u00f3. A m\u00e9s reduim paper ja que tindreu els comprovants al m\u00f2bil totalment actualitzat. Amb la documentaci\u00f3 de la matr\u00edcula tindreu tamb\u00e9 el vostre usuari i contrasenya per poder accedir a la [&hellip;]<\/p>\n","protected":false},"author":4,"featured_media":0,"parent":245,"menu_order":0,"comment_status":"close","ping_status":"close","template":"","meta":{"_bbp_topic_count":0,"_bbp_reply_count":0,"_bbp_total_topic_count":0,"_bbp_total_reply_count":0,"_bbp_voice_count":0,"_bbp_anonymous_reply_count":0,"_bbp_topic_count_hidden":0,"_bbp_reply_count_hidden":0,"_bbp_forum_subforum_count":0,"site-sidebar-layout":"default","site-content-layout":"","ast-site-content-layout":"","site-content-style":"default","site-sidebar-style":"default","ast-global-header-display":"","ast-banner-title-visibility":"","ast-main-header-display":"","ast-hfb-above-header-display":"","ast-hfb-below-header-display":"","ast-hfb-mobile-header-display":"","site-post-title":"","ast-breadcrumbs-content":"","ast-featured-img":"","footer-sml-layout":"","theme-transparent-header-meta":"","adv-header-id-meta":"","stick-header-meta":"","header-above-stick-meta":"","header-main-stick-meta":"","header-below-stick-meta":"","astra-migrate-meta-layouts":"default","ast-page-background-enabled":"default","ast-page-background-meta":{"desktop":{"background-color":"var(--ast-global-color-4)","background-image":"","background-repeat":"repeat","background-position":"center center","background-size":"auto","background-attachment":"scroll","background-type":"","background-media":"","overlay-type":"","overlay-color":"","overlay-opacity":"","overlay-gradient":""},"tablet":{"background-color":"","background-image":"","background-repeat":"repeat","background-position":"center center","background-size":"auto","background-attachment":"scroll","background-type":"","background-media":"","overlay-type":"","overlay-color":"","overlay-opacity":"","overlay-gradient":""},"mobile":{"background-color":"","background-image":"","background-repeat":"repeat","background-position":"center center","background-size":"auto","background-attachment":"scroll","background-type":"","background-media":"","overlay-type":"","overlay-color":"","overlay-opacity":"","overlay-gradient":""}},"ast-content-background-meta":{"desktop":{"background-color":"var(--ast-global-color-5)","background-image":"","background-repeat":"repeat","background-position":"center center","background-size":"auto","background-attachment":"scroll","background-type":"","background-media":"","overlay-type":"","overlay-color":"","overlay-opacity":"","overlay-gradient":""},"tablet":{"background-color":"var(--ast-global-color-5)","background-image":"","background-repeat":"repeat","background-position":"center center","background-size":"auto","background-attachment":"scroll","background-type":"","background-media":"","overlay-type":"","overlay-color":"","overlay-opacity":"","overlay-gradient":""},"mobile":{"background-color":"var(--ast-global-color-5)","background-image":"","background-repeat":"repeat","background-position":"center center","background-size":"auto","background-attachment":"scroll","background-type":"","background-media":"","overlay-type":"","overlay-color":"","overlay-opacity":"","overlay-gradient":""}},"footnotes":""},"class_list":["post-6745","page","type-page","status-publish","hentry"],"post_mailing_queue_ids":[],"_links":{"self":[{"href":"https:\/\/agora.xtec.cat\/iesvallvera\/wp-json\/wp\/v2\/pages\/6745","targetHints":{"allow":["GET"]}}],"collection":[{"href":"https:\/\/agora.xtec.cat\/iesvallvera\/wp-json\/wp\/v2\/pages"}],"about":[{"href":"https:\/\/agora.xtec.cat\/iesvallvera\/wp-json\/wp\/v2\/types\/page"}],"author":[{"embeddable":true,"href":"https:\/\/agora.xtec.cat\/iesvallvera\/wp-json\/wp\/v2\/users\/4"}],"replies":[{"embeddable":true,"href":"https:\/\/agora.xtec.cat\/iesvallvera\/wp-json\/wp\/v2\/comments?post=6745"}],"version-history":[{"count":0,"href":"https:\/\/agora.xtec.cat\/iesvallvera\/wp-json\/wp\/v2\/pages\/6745\/revisions"}],"up":[{"embeddable":true,"href":"https:\/\/agora.xtec.cat\/iesvallvera\/wp-json\/wp\/v2\/pages\/245"}],"wp:attachment":[{"href":"https:\/\/agora.xtec.cat\/iesvallvera\/wp-json\/wp\/v2\/media?parent=6745"}],"curies":[{"name":"wp","href":"https:\/\/api.w.org\/{rel}","templated":true}]}}