{"id":673,"date":"2021-10-05T09:51:10","date_gmt":"2021-10-05T07:51:10","guid":{"rendered":"https:\/\/agora.xtec.cat\/iesvallvera\/?page_id=673"},"modified":"2021-10-18T11:16:31","modified_gmt":"2021-10-18T09:16:31","slug":"cicles-formatius-de-grau-mitja-cfgm","status":"publish","type":"page","link":"https:\/\/agora.xtec.cat\/iesvallvera\/cicles-formatius\/cicles-formatius-de-grau-mitja-cfgm\/","title":{"rendered":"Cicles Formatius de Grau Mitj\u00e0 (CFGM)"},"content":{"rendered":"<ul>\n<li>Gesti\u00f3 Administrativa\n<ul>\n<li><span style=\"color: #ff00ff;\">Curr\u00edculum\u00a0<\/span><\/li>\n<li><span style=\"color: #ff00ff;\">Info v\u00e0ries<\/span><\/li>\n<\/ul>\n<\/li>\n<\/ul>\n<ul>\n<li>Atenci\u00f3 a persones en situaci\u00f3 de Depend\u00e8ncia\n<ul>\n<li><span style=\"color: #ff00ff;\">Curr\u00edculum\u00a0<\/span><\/li>\n<li><span style=\"color: #ff00ff;\">Info v\u00e0ries<\/span><\/li>\n<\/ul>\n<\/li>\n<\/ul>\n<p><span style=\"color: #ff00ff;\">DUAL?<\/span><\/p>\n","protected":false},"excerpt":{"rendered":"<p>Gesti\u00f3 Administrativa Curr\u00edculum\u00a0 Info v\u00e0ries Atenci\u00f3 a persones en situaci\u00f3 de Depend\u00e8ncia Curr\u00edculum\u00a0 Info v\u00e0ries DUAL?<\/p>\n","protected":false},"author":1,"featured_media":0,"parent":669,"menu_order":2,"comment_status":"closed","ping_status":"closed","template":"page-templates\/side-menu.php","meta":{"_bbp_topic_count":0,"_bbp_reply_count":0,"_bbp_total_topic_count":0,"_bbp_total_reply_count":0,"_bbp_voice_count":0,"_bbp_anonymous_reply_count":0,"_bbp_topic_count_hidden":0,"_bbp_reply_count_hidden":0,"_bbp_forum_subforum_count":0,"site-sidebar-layout":"default","site-content-layout":"","ast-site-content-layout":"","site-content-style":"default","site-sidebar-style":"default","ast-global-header-display":"","ast-banner-title-visibility":"","ast-main-header-display":"","ast-hfb-above-header-display":"","ast-hfb-below-header-display":"","ast-hfb-mobile-header-display":"","site-post-title":"","ast-breadcrumbs-content":"","ast-featured-img":"","footer-sml-layout":"","theme-transparent-header-meta":"","adv-header-id-meta":"","stick-header-meta":"","header-above-stick-meta":"","header-main-stick-meta":"","header-below-stick-meta":"","astra-migrate-meta-layouts":"default","ast-page-background-enabled":"default","ast-page-background-meta":{"desktop":{"background-color":"var(--ast-global-color-4)","background-image":"","background-repeat":"repeat","background-position":"center center","background-size":"auto","background-attachment":"scroll","background-type":"","background-media":"","overlay-type":"","overlay-color":"","overlay-opacity":"","overlay-gradient":""},"tablet":{"background-color":"","background-image":"","background-repeat":"repeat","background-position":"center center","background-size":"auto","background-attachment":"scroll","background-type":"","background-media":"","overlay-type":"","overlay-color":"","overlay-opacity":"","overlay-gradient":""},"mobile":{"background-color":"","background-image":"","background-repeat":"repeat","background-position":"center center","background-size":"auto","background-attachment":"scroll","background-type":"","background-media":"","overlay-type":"","overlay-color":"","overlay-opacity":"","overlay-gradient":""}},"ast-content-background-meta":{"desktop":{"background-color":"var(--ast-global-color-5)","background-image":"","background-repeat":"repeat","background-position":"center center","background-size":"auto","background-attachment":"scroll","background-type":"","background-media":"","overlay-type":"","overlay-color":"","overlay-opacity":"","overlay-gradient":""},"tablet":{"background-color":"var(--ast-global-color-5)","background-image":"","background-repeat":"repeat","background-position":"center center","background-size":"auto","background-attachment":"scroll","background-type":"","background-media":"","overlay-type":"","overlay-color":"","overlay-opacity":"","overlay-gradient":""},"mobile":{"background-color":"var(--ast-global-color-5)","background-image":"","background-repeat":"repeat","background-position":"center center","background-size":"auto","background-attachment":"scroll","background-type":"","background-media":"","overlay-type":"","overlay-color":"","overlay-opacity":"","overlay-gradient":""}},"footnotes":""},"class_list":["post-673","page","type-page","status-publish","hentry"],"post_mailing_queue_ids":[],"_links":{"self":[{"href":"https:\/\/agora.xtec.cat\/iesvallvera\/wp-json\/wp\/v2\/pages\/673","targetHints":{"allow":["GET"]}}],"collection":[{"href":"https:\/\/agora.xtec.cat\/iesvallvera\/wp-json\/wp\/v2\/pages"}],"about":[{"href":"https:\/\/agora.xtec.cat\/iesvallvera\/wp-json\/wp\/v2\/types\/page"}],"author":[{"embeddable":true,"href":"https:\/\/agora.xtec.cat\/iesvallvera\/wp-json\/wp\/v2\/users\/1"}],"replies":[{"embeddable":true,"href":"https:\/\/agora.xtec.cat\/iesvallvera\/wp-json\/wp\/v2\/comments?post=673"}],"version-history":[{"count":2,"href":"https:\/\/agora.xtec.cat\/iesvallvera\/wp-json\/wp\/v2\/pages\/673\/revisions"}],"predecessor-version":[{"id":728,"href":"https:\/\/agora.xtec.cat\/iesvallvera\/wp-json\/wp\/v2\/pages\/673\/revisions\/728"}],"up":[{"embeddable":true,"href":"https:\/\/agora.xtec.cat\/iesvallvera\/wp-json\/wp\/v2\/pages\/669"}],"wp:attachment":[{"href":"https:\/\/agora.xtec.cat\/iesvallvera\/wp-json\/wp\/v2\/media?parent=673"}],"curies":[{"name":"wp","href":"https:\/\/api.w.org\/{rel}","templated":true}]}}