{"id":669,"date":"2021-10-05T09:49:44","date_gmt":"2021-10-05T07:49:44","guid":{"rendered":"https:\/\/agora.xtec.cat\/iesvallvera\/?page_id=669"},"modified":"2021-10-18T11:14:58","modified_gmt":"2021-10-18T09:14:58","slug":"cicles-formatius","status":"publish","type":"page","link":"https:\/\/agora.xtec.cat\/iesvallvera\/cicles-formatius\/","title":{"rendered":"Cicles Formatius"},"content":{"rendered":"<p style=\"text-align: left;\"><span style=\"color: #ff00ff;\">Intro significat i objectius CF en general<\/span><\/p>\n<p><span style=\"color: #ff00ff;\">Opcions que oferta IES Vallvera<\/span><\/p>\n<p><strong><span style=\"color: #993366;\">CFGM<\/span><\/strong><\/p>\n<ul>\n<li>Gesti\u00f3 Administrativa<\/li>\n<li>Atenci\u00f3 a persones en situaci\u00f3 de Depend\u00e8ncia<\/li>\n<\/ul>\n<p><strong><span style=\"color: #993366;\">CFGS<\/span><\/strong><\/p>\n<ul>\n<li><span style=\"font-family: inherit; font-size: 1em;\">Administraci\u00f3 i finances (DUAL)<\/span><\/li>\n<li>Animaci\u00f3 Sociocultural i tur\u00edstica<\/li>\n<li>Educaci\u00f3 Infantil<\/li>\n<li>Integraci\u00f3 social<\/li>\n<\/ul>\n<div class=\"entry-content\">\n<p><span style=\"color: #ff00ff;\">DUAL?<\/span><\/p>\n<\/div>\n","protected":false},"excerpt":{"rendered":"<p>Intro significat i objectius CF en general Opcions que oferta IES Vallvera CFGM Gesti\u00f3 Administrativa Atenci\u00f3 a persones en situaci\u00f3 de Depend\u00e8ncia CFGS Administraci\u00f3 i finances (DUAL) Animaci\u00f3 Sociocultural i tur\u00edstica Educaci\u00f3 Infantil Integraci\u00f3 social DUAL?<\/p>\n","protected":false},"author":1,"featured_media":0,"parent":0,"menu_order":3,"comment_status":"closed","ping_status":"closed","template":"page-templates\/side-menu.php","meta":{"_bbp_topic_count":0,"_bbp_reply_count":0,"_bbp_total_topic_count":0,"_bbp_total_reply_count":0,"_bbp_voice_count":0,"_bbp_anonymous_reply_count":0,"_bbp_topic_count_hidden":0,"_bbp_reply_count_hidden":0,"_bbp_forum_subforum_count":0,"site-sidebar-layout":"default","site-content-layout":"","ast-site-content-layout":"","site-content-style":"default","site-sidebar-style":"default","ast-global-header-display":"","ast-banner-title-visibility":"","ast-main-header-display":"","ast-hfb-above-header-display":"","ast-hfb-below-header-display":"","ast-hfb-mobile-header-display":"","site-post-title":"","ast-breadcrumbs-content":"","ast-featured-img":"","footer-sml-layout":"","theme-transparent-header-meta":"","adv-header-id-meta":"","stick-header-meta":"","header-above-stick-meta":"","header-main-stick-meta":"","header-below-stick-meta":"","astra-migrate-meta-layouts":"default","ast-page-background-enabled":"default","ast-page-background-meta":{"desktop":{"background-color":"var(--ast-global-color-4)","background-image":"","background-repeat":"repeat","background-position":"center center","background-size":"auto","background-attachment":"scroll","background-type":"","background-media":"","overlay-type":"","overlay-color":"","overlay-opacity":"","overlay-gradient":""},"tablet":{"background-color":"","background-image":"","background-repeat":"repeat","background-position":"center center","background-size":"auto","background-attachment":"scroll","background-type":"","background-media":"","overlay-type":"","overlay-color":"","overlay-opacity":"","overlay-gradient":""},"mobile":{"background-color":"","background-image":"","background-repeat":"repeat","background-position":"center center","background-size":"auto","background-attachment":"scroll","background-type":"","background-media":"","overlay-type":"","overlay-color":"","overlay-opacity":"","overlay-gradient":""}},"ast-content-background-meta":{"desktop":{"background-color":"var(--ast-global-color-5)","background-image":"","background-repeat":"repeat","background-position":"center center","background-size":"auto","background-attachment":"scroll","background-type":"","background-media":"","overlay-type":"","overlay-color":"","overlay-opacity":"","overlay-gradient":""},"tablet":{"background-color":"var(--ast-global-color-5)","background-image":"","background-repeat":"repeat","background-position":"center center","background-size":"auto","background-attachment":"scroll","background-type":"","background-media":"","overlay-type":"","overlay-color":"","overlay-opacity":"","overlay-gradient":""},"mobile":{"background-color":"var(--ast-global-color-5)","background-image":"","background-repeat":"repeat","background-position":"center center","background-size":"auto","background-attachment":"scroll","background-type":"","background-media":"","overlay-type":"","overlay-color":"","overlay-opacity":"","overlay-gradient":""}},"footnotes":""},"class_list":["post-669","page","type-page","status-publish","hentry"],"post_mailing_queue_ids":[],"_links":{"self":[{"href":"https:\/\/agora.xtec.cat\/iesvallvera\/wp-json\/wp\/v2\/pages\/669","targetHints":{"allow":["GET"]}}],"collection":[{"href":"https:\/\/agora.xtec.cat\/iesvallvera\/wp-json\/wp\/v2\/pages"}],"about":[{"href":"https:\/\/agora.xtec.cat\/iesvallvera\/wp-json\/wp\/v2\/types\/page"}],"author":[{"embeddable":true,"href":"https:\/\/agora.xtec.cat\/iesvallvera\/wp-json\/wp\/v2\/users\/1"}],"replies":[{"embeddable":true,"href":"https:\/\/agora.xtec.cat\/iesvallvera\/wp-json\/wp\/v2\/comments?post=669"}],"version-history":[{"count":4,"href":"https:\/\/agora.xtec.cat\/iesvallvera\/wp-json\/wp\/v2\/pages\/669\/revisions"}],"predecessor-version":[{"id":730,"href":"https:\/\/agora.xtec.cat\/iesvallvera\/wp-json\/wp\/v2\/pages\/669\/revisions\/730"}],"wp:attachment":[{"href":"https:\/\/agora.xtec.cat\/iesvallvera\/wp-json\/wp\/v2\/media?parent=669"}],"curies":[{"name":"wp","href":"https:\/\/api.w.org\/{rel}","templated":true}]}}