{"id":576,"date":"2021-10-04T08:17:57","date_gmt":"2021-10-04T06:17:57","guid":{"rendered":"https:\/\/agora.xtec.cat\/iesvallvera\/?page_id=576"},"modified":"2021-10-18T08:33:51","modified_gmt":"2021-10-18T06:33:51","slug":"organigrama-i-claustre-docent","status":"publish","type":"page","link":"https:\/\/agora.xtec.cat\/iesvallvera\/organigrama-i-claustre-docent\/","title":{"rendered":"Organigrama i Claustre docent"},"content":{"rendered":"<p><strong><span style=\"text-decoration: underline; color: #993366;\">EQUIP DIRECTIU<\/span><\/strong><\/p>\n<ul>\n<li><strong>Director:<\/strong><\/li>\n<li><strong>Cap d\u2019estudis:<\/strong><\/li>\n<li><strong>Cap d\u2019estudis de FP:\u00a0<\/strong><\/li>\n<li><strong>Coordinadora pedag\u00f2gica:<\/strong><\/li>\n<li><strong>Secretari:<\/strong><\/li>\n<\/ul>\n<p><strong><span style=\"text-decoration: underline; color: #993366;\">COORDINACIONS<\/span><\/strong><\/p>\n<ul>\n<li><strong>Nivells acad\u00e8mics<\/strong>\n<ul>\n<li><strong>1r d\u2019ESO<\/strong>:<\/li>\n<li><strong>2n d\u2019ESO<\/strong>:<\/li>\n<li><strong>3r d\u2019ESO<\/strong>:<\/li>\n<li><strong>4t d\u2019ESO<\/strong>:<\/li>\n<li><strong>Batxillerat<\/strong>:<\/li>\n<li><strong>CFGM<\/strong>:<\/li>\n<\/ul>\n<\/li>\n<\/ul>\n<p><span style=\"color: #993366;\"><strong><span style=\"text-decoration: underline;\">DIRECTORI<\/span>\u00a0<\/strong><\/span><\/p>\n<ul>\n<li style=\"list-style-type: none;\">\n<ul>\n<li><span style=\"color: #ff00ff;\">C\u00e0rrecs i enc\u00e0rrecs<\/span><\/li>\n<li><span style=\"color: #ff00ff;\">Departaments did\u00e0ctics<\/span><\/li>\n<li><span style=\"color: #ff00ff;\">Coordinacions estrat\u00e8giques<\/span><\/li>\n<li><span style=\"color: #ff00ff;\">Programes d\u2019innovaci\u00f3 oficials<\/span><\/li>\n<li><span style=\"color: #ff00ff;\">Comissions, Programes de centre i Equips de millora<\/span><\/li>\n<li><span style=\"color: #ff00ff;\">Consell Escolar<\/span><\/li>\n<\/ul>\n<\/li>\n<\/ul>\n","protected":false},"excerpt":{"rendered":"<p>EQUIP DIRECTIU Director: Cap d\u2019estudis: Cap d\u2019estudis de FP:\u00a0 Coordinadora pedag\u00f2gica: Secretari: COORDINACIONS Nivells acad\u00e8mics 1r d\u2019ESO: 2n d\u2019ESO: 3r d\u2019ESO: 4t d\u2019ESO: Batxillerat: CFGM: DIRECTORI\u00a0 C\u00e0rrecs i enc\u00e0rrecs Departaments did\u00e0ctics Coordinacions estrat\u00e8giques Programes d\u2019innovaci\u00f3 oficials Comissions, Programes de centre i Equips de millora Consell Escolar<\/p>\n","protected":false},"author":1,"featured_media":0,"parent":0,"menu_order":4,"comment_status":"closed","ping_status":"closed","template":"","meta":{"_bbp_topic_count":0,"_bbp_reply_count":0,"_bbp_total_topic_count":0,"_bbp_total_reply_count":0,"_bbp_voice_count":0,"_bbp_anonymous_reply_count":0,"_bbp_topic_count_hidden":0,"_bbp_reply_count_hidden":0,"_bbp_forum_subforum_count":0,"site-sidebar-layout":"default","site-content-layout":"","ast-site-content-layout":"","site-content-style":"default","site-sidebar-style":"default","ast-global-header-display":"","ast-banner-title-visibility":"","ast-main-header-display":"","ast-hfb-above-header-display":"","ast-hfb-below-header-display":"","ast-hfb-mobile-header-display":"","site-post-title":"","ast-breadcrumbs-content":"","ast-featured-img":"","footer-sml-layout":"","theme-transparent-header-meta":"","adv-header-id-meta":"","stick-header-meta":"","header-above-stick-meta":"","header-main-stick-meta":"","header-below-stick-meta":"","astra-migrate-meta-layouts":"default","ast-page-background-enabled":"default","ast-page-background-meta":{"desktop":{"background-color":"var(--ast-global-color-4)","background-image":"","background-repeat":"repeat","background-position":"center center","background-size":"auto","background-attachment":"scroll","background-type":"","background-media":"","overlay-type":"","overlay-color":"","overlay-opacity":"","overlay-gradient":""},"tablet":{"background-color":"","background-image":"","background-repeat":"repeat","background-position":"center center","background-size":"auto","background-attachment":"scroll","background-type":"","background-media":"","overlay-type":"","overlay-color":"","overlay-opacity":"","overlay-gradient":""},"mobile":{"background-color":"","background-image":"","background-repeat":"repeat","background-position":"center center","background-size":"auto","background-attachment":"scroll","background-type":"","background-media":"","overlay-type":"","overlay-color":"","overlay-opacity":"","overlay-gradient":""}},"ast-content-background-meta":{"desktop":{"background-color":"var(--ast-global-color-5)","background-image":"","background-repeat":"repeat","background-position":"center center","background-size":"auto","background-attachment":"scroll","background-type":"","background-media":"","overlay-type":"","overlay-color":"","overlay-opacity":"","overlay-gradient":""},"tablet":{"background-color":"var(--ast-global-color-5)","background-image":"","background-repeat":"repeat","background-position":"center center","background-size":"auto","background-attachment":"scroll","background-type":"","background-media":"","overlay-type":"","overlay-color":"","overlay-opacity":"","overlay-gradient":""},"mobile":{"background-color":"var(--ast-global-color-5)","background-image":"","background-repeat":"repeat","background-position":"center center","background-size":"auto","background-attachment":"scroll","background-type":"","background-media":"","overlay-type":"","overlay-color":"","overlay-opacity":"","overlay-gradient":""}},"footnotes":""},"class_list":["post-576","page","type-page","status-publish","hentry"],"post_mailing_queue_ids":[],"_links":{"self":[{"href":"https:\/\/agora.xtec.cat\/iesvallvera\/wp-json\/wp\/v2\/pages\/576","targetHints":{"allow":["GET"]}}],"collection":[{"href":"https:\/\/agora.xtec.cat\/iesvallvera\/wp-json\/wp\/v2\/pages"}],"about":[{"href":"https:\/\/agora.xtec.cat\/iesvallvera\/wp-json\/wp\/v2\/types\/page"}],"author":[{"embeddable":true,"href":"https:\/\/agora.xtec.cat\/iesvallvera\/wp-json\/wp\/v2\/users\/1"}],"replies":[{"embeddable":true,"href":"https:\/\/agora.xtec.cat\/iesvallvera\/wp-json\/wp\/v2\/comments?post=576"}],"version-history":[{"count":3,"href":"https:\/\/agora.xtec.cat\/iesvallvera\/wp-json\/wp\/v2\/pages\/576\/revisions"}],"predecessor-version":[{"id":716,"href":"https:\/\/agora.xtec.cat\/iesvallvera\/wp-json\/wp\/v2\/pages\/576\/revisions\/716"}],"wp:attachment":[{"href":"https:\/\/agora.xtec.cat\/iesvallvera\/wp-json\/wp\/v2\/media?parent=576"}],"curies":[{"name":"wp","href":"https:\/\/api.w.org\/{rel}","templated":true}]}}