{"id":2915,"date":"2019-05-14T19:45:55","date_gmt":"2019-05-14T17:45:55","guid":{"rendered":"http:\/\/iesvallvera.cat\/?page_id=2915"},"modified":"2024-06-18T08:04:16","modified_gmt":"2024-06-18T06:04:16","slug":"integracio-social","status":"publish","type":"page","link":"https:\/\/agora.xtec.cat\/iesvallvera\/estudis\/cicles-formatius\/integracio-social\/","title":{"rendered":"Integraci\u00f3 Social (Dual)"},"content":{"rendered":"\r\n<figure class=\"wp-block-image aligncenter size-large is-resized\"><a href=\"https:\/\/drive.google.com\/open?id=1QjPNyWeGK1LZ7y9cguMJefLTSgmDI9Mt\" target=\"_blank\" rel=\"noopener noreferrer\"><img loading=\"lazy\" decoding=\"async\" class=\"wp-image-4119\" src=\"https:\/\/agora.xtec.cat\/iesvallvera\/wp-content\/uploads\/usu783\/2020\/05\/image-21.png\" alt=\"\" width=\"512\" height=\"286\" \/><\/a><\/figure>\r\n\r\n\r\n\r\n<figure class=\"wp-block-image aligncenter size-large\"><a href=\"https:\/\/drive.google.com\/file\/d\/16WWgDlLdgot8rC7ggcLoXfEM6wrrbKuh\/view?usp=sharing\" target=\"_blank\" rel=\"noopener noreferrer\"><img decoding=\"async\" class=\"wp-image-4114\" src=\"https:\/\/agora.xtec.cat\/iesvallvera\/wp-content\/uploads\/usu783\/2020\/05\/image-2-19.png\" alt=\"\" \/><\/a><\/figure>\r\n\r\n\r\n\r\n<p class=\"has-text-color\" style=\"color: #9ba300;\"><strong>Cicle Formatiu de Grau Superior d\u2019Integraci\u00f3 Social (properament en DUAL)<\/strong><\/p>\r\n\r\n\r\n\r\n<p><strong>Titulaci\u00f3<\/strong>: T\u00e8cnic\/a Superior en Integraci\u00f3 Social\u00a0<\/p>\r\n\r\n\r\n\r\n<p><strong>Durada<\/strong>: 2.000 hores\u00a0<\/p>\r\n\r\n\r\n\r\n<p><strong>Horari lectiu al centre<\/strong>: tardes<\/p>\r\n\r\n\r\n\r\n<h4 class=\"wp-block-heading has-text-color\" style=\"color: #9ba300;\">\u00a0Qu\u00e8 necessito per accedir-hi<\/h4>\r\n\r\n\r\n\r\n<p><strong>Tenen acc\u00e9s directe al cicle les persones que compleixen algun dels requisits seg\u00fcents:<\/strong><\/p>\r\n\r\n\r\n\r\n<ul class=\"wp-block-list\">\r\n<li>tenir el t\u00edtol de batxillerat,<\/li>\r\n\r\n\r\n\r\n<li>tenir el t\u00edtol de t\u00e8cnic de formaci\u00f3 professional o d\u2019arts pl\u00e0stiques i disseny, t\u00e8cnic superior de formaci\u00f3 professional o d&#8217;arts pl\u00e0stiques i disseny o t\u00e8cnic especialista,<\/li>\r\n\r\n\r\n\r\n<li>haver superat el segon curs del batxillerat de qualsevol modalitat de batxillerat<br \/>experimental,<\/li>\r\n\r\n\r\n\r\n<li>haver superat el curs d&#8217;orientaci\u00f3 universit\u00e0ria (COU) o el preuniversitari,<\/li>\r\n\r\n\r\n\r\n<li>tenir el t\u00edtol de batxillerat per haver cursat el batxillerat unificat polivalent (BUP),<\/li>\r\n\r\n\r\n\r\n<li>tenir qualsevol titulaci\u00f3 universit\u00e0ria o una d&#8217;equivalent, o<\/li>\r\n\r\n\r\n\r\n<li>haver superat la prova d&#8217;acc\u00e9s a la universitat per a m\u00e9s grans de 25 anys o de 45 anys, o haver accedit a la universitat per haver acreditat experi\u00e8ncia laboral o professional tenint complerts 40 anys d&#8217;edat,<\/li>\r\n<\/ul>\r\n\r\n\r\n\r\n<p><strong>Les persones que no compleixen cap dels requisits esmentats han de superar una <a href=\"https:\/\/educacio.gencat.cat\/ca\/serveis-tramits\/proves\/proves-acces\/gs-fp\/\">prova d&#8217;acc\u00e9s<\/a>. Per presentar-s&#8217;hi cal tenir com a m\u00ednim 19 anys l&#8217;any en qu\u00e8 es fa la prova.<\/strong><\/p>\r\n\r\n\r\n\r\n<p class=\"has-text-color has-medium-font-size\" style=\"color: #9ba300;\"><em>M\u00f2duls<\/em><\/p>\r\n\r\n\r\n\r\n<p>Aquest cicle formatiu est\u00e0 format per <strong>M\u00f2duls Professionals<\/strong> (MP) organitzats en unitats m\u00e9s petites, les quals tenen una coher\u00e8ncia did\u00e0ctica per a l\u2019aprenentatge, s\u00f3n les anomenades <strong>Unitats Formatives<\/strong> (UF).<\/p>\r\n\r\n\r\n\r\n<p>Les unitats formatives s\u00f3n avaluables i tenen una durada variable que generalment no coincideix amb la data del trimestre del curs.<\/p>\r\n\r\n\r\n\r\n<p>La superaci\u00f3 de totes les unitats formatives donar\u00e0 lloc a la <strong>superaci\u00f3 i certificaci\u00f3 del m\u00f2dul professional<\/strong>.<\/p>\r\n\r\n\r\n\r\n<p>Els <strong>m\u00f2duls professionals<\/strong> (MP) que s\u2019estudien a cada curs s\u00f3n els seg\u00fcents:<\/p>\r\n\r\n\r\n\r\n<ul class=\"wp-block-list\">\r\n<li>Context de la intervenci\u00f3 social.<\/li>\r\n\r\n\r\n\r\n<li>Metodologia de la intervenci\u00f3 social.<\/li>\r\n\r\n\r\n\r\n<li>Promoci\u00f3 de l\u2019autonomia personal.<\/li>\r\n\r\n\r\n\r\n<li>Inserci\u00f3 sociolaboral.<\/li>\r\n\r\n\r\n\r\n<li>Sistemes augmentatius i alternatius de comunicaci\u00f3.<\/li>\r\n\r\n\r\n\r\n<li>Atenci\u00f3 a unitats de conviv\u00e8ncia.<\/li>\r\n\r\n\r\n\r\n<li>Suport a la intervenci\u00f3 educativa.<\/li>\r\n\r\n\r\n\r\n<li>Mediaci\u00f3 comunit\u00e0ria.<\/li>\r\n\r\n\r\n\r\n<li>Habilitats socials.<\/li>\r\n\r\n\r\n\r\n<li>Primers auxilis.<\/li>\r\n\r\n\r\n\r\n<li>Formaci\u00f3 i orientaci\u00f3 laboral.<\/li>\r\n\r\n\r\n\r\n<li>Empresa i iniciativa emprenedora.<\/li>\r\n\r\n\r\n\r\n<li>Projecte d\u2019integraci\u00f3 social.<\/li>\r\n\r\n\r\n\r\n<li>Formaci\u00f3 en centres de treball.<\/li>\r\n<\/ul>\r\n\r\n\r\n\r\n<p>La Formaci\u00f3 en centres de treball (FCT)\u00a0 i la DUAL permet a l\u2019alumnat aprendre de les situacions reals de l\u2019empresa i adquirir experi\u00e8ncia professional i millorar l\u2019ocupabilitat.<\/p>\r\n\r\n\r\n\r\n<p><strong>Convalidacions<\/strong><\/p>\r\n\r\n\r\n\r\n<p>Si has superat un altre cicle formatiu, podr\u00e0s convalidar algun m\u00f2dul i\/o unitat formativa, segons la normativa vigent.<\/p>\r\n\r\n\r\n\r\n<p class=\"has-text-color has-medium-font-size\" style=\"color: #9ba300;\"><em>Sortides professionals<\/em><\/p>\r\n\r\n\r\n\r\n<p>Aquests estudis capaciten per programar, organitzar, implementar i avaluar les intervencions d\u2019integraci\u00f3 social aplicant estrat\u00e8gies i t\u00e8cniques espec\u00edfiques, promovent la igualtat d\u2019oportunitats, actuant en tot moment amb una actitud de respecte cap a les persones destinat\u00e0ries i garantint la creaci\u00f3 d\u2019entorns segurs tant per a les persones destinat\u00e0ries com per al\/la professional.<\/p>\r\n\r\n\r\n\r\n<p><strong>De qu\u00e8 podr\u00e0s treballar?<\/strong><\/p>\r\n\r\n\r\n\r\n<ul class=\"wp-block-list\">\r\n<li>T\u00e8cnic\/a de programes de prevenci\u00f3 i inserci\u00f3 social, d\u2019integraci\u00f3 social, de mobilitat b\u00e0sica, en ocupaci\u00f3 amb suport, d\u2019acompanyament laboral.<\/li>\r\n\r\n\r\n\r\n<li>Educador\/a d\u2019educaci\u00f3 especial.<\/li>\r\n\r\n\r\n\r\n<li>Educaci\u00f3 d\u2019equipaments residencials de tipologia diversa.<\/li>\r\n\r\n\r\n\r\n<li>Treball familiar.<\/li>\r\n\r\n\r\n\r\n<li>Auxiliar de tutela.<\/li>\r\n\r\n\r\n\r\n<li>Monitor\/a de persones amb discapacitats, de rehabilitaci\u00f3 psicosocial<\/li>\r\n\r\n\r\n\r\n<li>Mediador ocupacional i\/o laboral, comunit\u00e0ria o intercultural.<\/li>\r\n<\/ul>\r\n\r\n\r\n\r\n<p><strong>I si vols continuar estudiant, <\/strong>amb el t\u00edtol obtingut podr\u00e0s accedir:<\/p>\r\n\r\n\r\n\r\n<ul class=\"wp-block-list\">\r\n<li>A altres cicles formatius de grau superior.<\/li>\r\n\r\n\r\n\r\n<li>A qualsevol estudi universitari oficial de grau.<\/li>\r\n<\/ul>\r\n","protected":false},"excerpt":{"rendered":"<p>Cicle Formatiu de Grau Superior d\u2019Integraci\u00f3 Social (properament en DUAL) Titulaci\u00f3: T\u00e8cnic\/a Superior en Integraci\u00f3 Social\u00a0 Durada: 2.000 hores\u00a0 Horari lectiu al centre: tardes \u00a0Qu\u00e8 necessito per accedir-hi Tenen acc\u00e9s directe al cicle les persones que compleixen algun dels requisits seg\u00fcents: Les persones que no compleixen cap dels requisits esmentats han de superar una prova [&hellip;]<\/p>\n","protected":false},"author":4,"featured_media":0,"parent":165,"menu_order":4,"comment_status":"closed","ping_status":"closed","template":"page-templates\/side-menu.php","meta":{"_bbp_topic_count":0,"_bbp_reply_count":0,"_bbp_total_topic_count":0,"_bbp_total_reply_count":0,"_bbp_voice_count":0,"_bbp_anonymous_reply_count":0,"_bbp_topic_count_hidden":0,"_bbp_reply_count_hidden":0,"_bbp_forum_subforum_count":0,"site-sidebar-layout":"default","site-content-layout":"","ast-site-content-layout":"","site-content-style":"default","site-sidebar-style":"default","ast-global-header-display":"","ast-banner-title-visibility":"","ast-main-header-display":"","ast-hfb-above-header-display":"","ast-hfb-below-header-display":"","ast-hfb-mobile-header-display":"","site-post-title":"","ast-breadcrumbs-content":"","ast-featured-img":"","footer-sml-layout":"","theme-transparent-header-meta":"","adv-header-id-meta":"","stick-header-meta":"","header-above-stick-meta":"","header-main-stick-meta":"","header-below-stick-meta":"","astra-migrate-meta-layouts":"default","ast-page-background-enabled":"default","ast-page-background-meta":{"desktop":{"background-color":"var(--ast-global-color-4)","background-image":"","background-repeat":"repeat","background-position":"center center","background-size":"auto","background-attachment":"scroll","background-type":"","background-media":"","overlay-type":"","overlay-color":"","overlay-opacity":"","overlay-gradient":""},"tablet":{"background-color":"","background-image":"","background-repeat":"repeat","background-position":"center center","background-size":"auto","background-attachment":"scroll","background-type":"","background-media":"","overlay-type":"","overlay-color":"","overlay-opacity":"","overlay-gradient":""},"mobile":{"background-color":"","background-image":"","background-repeat":"repeat","background-position":"center center","background-size":"auto","background-attachment":"scroll","background-type":"","background-media":"","overlay-type":"","overlay-color":"","overlay-opacity":"","overlay-gradient":""}},"ast-content-background-meta":{"desktop":{"background-color":"var(--ast-global-color-5)","background-image":"","background-repeat":"repeat","background-position":"center center","background-size":"auto","background-attachment":"scroll","background-type":"","background-media":"","overlay-type":"","overlay-color":"","overlay-opacity":"","overlay-gradient":""},"tablet":{"background-color":"var(--ast-global-color-5)","background-image":"","background-repeat":"repeat","background-position":"center center","background-size":"auto","background-attachment":"scroll","background-type":"","background-media":"","overlay-type":"","overlay-color":"","overlay-opacity":"","overlay-gradient":""},"mobile":{"background-color":"var(--ast-global-color-5)","background-image":"","background-repeat":"repeat","background-position":"center center","background-size":"auto","background-attachment":"scroll","background-type":"","background-media":"","overlay-type":"","overlay-color":"","overlay-opacity":"","overlay-gradient":""}},"footnotes":""},"class_list":["post-2915","page","type-page","status-publish","hentry"],"post_mailing_queue_ids":[],"_links":{"self":[{"href":"https:\/\/agora.xtec.cat\/iesvallvera\/wp-json\/wp\/v2\/pages\/2915","targetHints":{"allow":["GET"]}}],"collection":[{"href":"https:\/\/agora.xtec.cat\/iesvallvera\/wp-json\/wp\/v2\/pages"}],"about":[{"href":"https:\/\/agora.xtec.cat\/iesvallvera\/wp-json\/wp\/v2\/types\/page"}],"author":[{"embeddable":true,"href":"https:\/\/agora.xtec.cat\/iesvallvera\/wp-json\/wp\/v2\/users\/4"}],"replies":[{"embeddable":true,"href":"https:\/\/agora.xtec.cat\/iesvallvera\/wp-json\/wp\/v2\/comments?post=2915"}],"version-history":[{"count":1,"href":"https:\/\/agora.xtec.cat\/iesvallvera\/wp-json\/wp\/v2\/pages\/2915\/revisions"}],"predecessor-version":[{"id":10839,"href":"https:\/\/agora.xtec.cat\/iesvallvera\/wp-json\/wp\/v2\/pages\/2915\/revisions\/10839"}],"up":[{"embeddable":true,"href":"https:\/\/agora.xtec.cat\/iesvallvera\/wp-json\/wp\/v2\/pages\/165"}],"wp:attachment":[{"href":"https:\/\/agora.xtec.cat\/iesvallvera\/wp-json\/wp\/v2\/media?parent=2915"}],"curies":[{"name":"wp","href":"https:\/\/api.w.org\/{rel}","templated":true}]}}