{"id":2911,"date":"2019-05-14T19:40:39","date_gmt":"2019-05-14T17:40:39","guid":{"rendered":"http:\/\/iesvallvera.cat\/?page_id=2911"},"modified":"2024-06-18T08:02:25","modified_gmt":"2024-06-18T06:02:25","slug":"educacio-infantil","status":"publish","type":"page","link":"https:\/\/agora.xtec.cat\/iesvallvera\/estudis\/cicles-formatius\/educacio-infantil\/","title":{"rendered":"Educaci\u00f3 Infantil (Dual)"},"content":{"rendered":"\r\n<figure class=\"wp-block-image aligncenter size-large is-resized\"><a href=\"https:\/\/drive.google.com\/file\/d\/1JW4U-BQ8ONrwuQvYh6nn2ODUTz_PcfUs\/view?usp=sharing\" target=\"_blank\" rel=\"noopener noreferrer\"><img loading=\"lazy\" decoding=\"async\" class=\"wp-image-4070\" src=\"https:\/\/agora.xtec.cat\/iesvallvera\/wp-content\/uploads\/usu783\/2020\/05\/image-6-1-1024x573.png\" alt=\"\" width=\"512\" height=\"286\" \/><\/a><\/figure>\r\n\r\n\r\n\r\n<figure class=\"wp-block-image aligncenter size-large\"><a href=\"https:\/\/drive.google.com\/file\/d\/1PKhW9PqOUC88D8Die6ydE5V-zQj2-ahU\/view?usp=sharing\" target=\"_blank\" rel=\"noopener noreferrer\"><img decoding=\"async\" class=\"wp-image-4111\" src=\"https:\/\/agora.xtec.cat\/iesvallvera\/wp-content\/uploads\/usu783\/2020\/05\/image-18-3.png\" alt=\"\" \/><\/a><\/figure>\r\n\r\n\r\n\r\n<p class=\"has-text-color\" style=\"color: #e06043;\"><strong>Cicle Formatiu<\/strong> <strong>de<\/strong> <strong>Grau Superior d\u2019Educaci\u00f3 infantil (properament en DUAL)<\/strong><\/p>\r\n\r\n\r\n\r\n<p><strong>Titulaci\u00f3<\/strong>: T\u00e8cnic\/a Superior en Educaci\u00f3 Infantil\u00a0<\/p>\r\n\r\n\r\n\r\n<p><strong>Durada<\/strong>: 2.000 hores\u00a0<\/p>\r\n\r\n\r\n\r\n<p><strong>Horari lectiu al centre<\/strong>: tardes<\/p>\r\n\r\n\r\n\r\n<h4 class=\"wp-block-heading has-text-color\" style=\"color: #e06043;\">\u00a0Qu\u00e8 necessito per accedir-hi<\/h4>\r\n\r\n\r\n\r\n<p><strong>Tenen acc\u00e9s directe al cicle les persones que compleixen algun dels requisits seg\u00fcents:<\/strong><\/p>\r\n\r\n\r\n\r\n<ul class=\"wp-block-list\">\r\n<li>tenir el t\u00edtol de batxillerat,<\/li>\r\n\r\n\r\n\r\n<li>tenir el t\u00edtol de t\u00e8cnic de formaci\u00f3 professional o d\u2019arts pl\u00e0stiques i disseny, t\u00e8cnic superior de formaci\u00f3 professional o d&#8217;arts pl\u00e0stiques i disseny o t\u00e8cnic especialista,<\/li>\r\n\r\n\r\n\r\n<li>haver superat el segon curs del batxillerat de qualsevol modalitat de batxillerat<br \/>experimental,<\/li>\r\n\r\n\r\n\r\n<li>haver superat el curs d&#8217;orientaci\u00f3 universit\u00e0ria (COU) o el preuniversitari,<\/li>\r\n\r\n\r\n\r\n<li>tenir el t\u00edtol de batxillerat per haver cursat el batxillerat unificat polivalent (BUP),<\/li>\r\n\r\n\r\n\r\n<li>tenir qualsevol titulaci\u00f3 universit\u00e0ria o una d&#8217;equivalent, o<\/li>\r\n\r\n\r\n\r\n<li>haver superat la prova d&#8217;acc\u00e9s a la universitat per a m\u00e9s grans de 25 anys o de 45 anys, o haver accedit a la universitat per haver acreditat experi\u00e8ncia laboral o professional tenint complerts 40 anys d&#8217;edat,<\/li>\r\n<\/ul>\r\n\r\n\r\n\r\n<p><strong>Les persones que no compleixen cap dels requisits esmentats han de superar una <a href=\"https:\/\/educacio.gencat.cat\/ca\/serveis-tramits\/proves\/proves-acces\/gs-fp\/\">prova d&#8217;acc\u00e9s<\/a>. Per presentar-s&#8217;hi cal tenir com a m\u00ednim 19 anys l&#8217;any en qu\u00e8 es fa la prova.<\/strong><\/p>\r\n\r\n\r\n\r\n<p class=\"has-text-color has-medium-font-size\" style=\"color: #e06043;\"><em>M\u00f2duls<\/em><\/p>\r\n\r\n\r\n\r\n<p>Aquest cicle formatiu est\u00e0 format per <strong>M\u00f2duls Professionals<\/strong> (MP) organitzats en unitats m\u00e9s petites, les quals tenen una coher\u00e8ncia did\u00e0ctica per a l\u2019aprenentatge, s\u00f3n les anomenades <strong>Unitats Formatives<\/strong> (UF).<\/p>\r\n\r\n\r\n\r\n<p>Les unitats formatives s\u00f3n avaluables i tenen una durada variable que generalment no coincideix amb la data del trimestre del curs.<\/p>\r\n\r\n\r\n\r\n<p>La superaci\u00f3 de totes les unitats formatives donar\u00e0 lloc a la <strong>superaci\u00f3 i certificaci\u00f3 del m\u00f2dul professional<\/strong>.<\/p>\r\n\r\n\r\n\r\n<p>Els <strong>m\u00f2duls professionals<\/strong> (MP) que s\u2019estudien a cada curs s\u00f3n els seg\u00fcents:<\/p>\r\n\r\n\r\n\r\n<ul class=\"wp-block-list\">\r\n<li>Intervenci\u00f3 amb fam\u00edlies i atenci\u00f3 als infants en risc social.<\/li>\r\n\r\n\r\n\r\n<li>Did\u00e0ctica de l\u2019educaci\u00f3 infantil.<\/li>\r\n\r\n\r\n\r\n<li>Autonomia personal i salut infantil.<\/li>\r\n\r\n\r\n\r\n<li>El joc infantil i la seva metodologia.<\/li>\r\n\r\n\r\n\r\n<li>Expressi\u00f3 i comunicaci\u00f3.<\/li>\r\n\r\n\r\n\r\n<li>Desenvolupament cognitiu i motriu.<\/li>\r\n\r\n\r\n\r\n<li>Desenvolupament socioafectiu.<\/li>\r\n\r\n\r\n\r\n<li>Habilitats socials.<\/li>\r\n\r\n\r\n\r\n<li>Primers auxilis.<\/li>\r\n\r\n\r\n\r\n<li>Formaci\u00f3 i orientaci\u00f3 laboral.<\/li>\r\n\r\n\r\n\r\n<li>Empresa i iniciativa emprenedora.<\/li>\r\n\r\n\r\n\r\n<li>Projecte d\u2019atenci\u00f3 a la infantesa.<\/li>\r\n\r\n\r\n\r\n<li>Formaci\u00f3 en centres de treball.<\/li>\r\n<\/ul>\r\n\r\n\r\n\r\n<p>La Formaci\u00f3 en centres de treball (FCT)\u00a0 i la DUAL permet a l\u2019alumnat aprendre de les situacions reals de l\u2019empresa i adquirir experi\u00e8ncia professional i millorar l\u2019ocupabilitat.<\/p>\r\n\r\n\r\n\r\n<p class=\"has-text-color\" style=\"color: #e06043;\"><strong>Convalidacions<\/strong><\/p>\r\n\r\n\r\n\r\n<p>Si has superat un altre cicle formatiu, podr\u00e0s convalidar algun m\u00f2dul i\/o unitat formativa, segons la normativa vigent.<\/p>\r\n\r\n\r\n\r\n<p class=\"has-text-color has-medium-font-size\" style=\"color: #e06043;\"><em>Sortides professionals<\/em><\/p>\r\n\r\n\r\n\r\n<p>Aquests estudis capaciten per dissenyar, implementar i avaluar projectes i programes educatius d&#8217;atenci\u00f3 a la inf\u00e0ncia en el primer cicle d&#8217;educaci\u00f3 infantil en l&#8217;\u00e0mbit formal, d&#8217;acord amb la proposta pedag\u00f2gica elaborada per un mestre o una mestra amb l\u2019especialitzaci\u00f3 en educaci\u00f3 infantil o t\u00edtol de grau equivalent, i a tota l\u2019etapa en l\u2019\u00e0mbit no formal, generant entorns segurs i en col\u00b7laboraci\u00f3 amb altres professionals i amb les fam\u00edlies.<\/p>\r\n\r\n\r\n\r\n<p class=\"has-text-color\" style=\"color: #e06043;\"><strong>De qu\u00e8 podr\u00e0s treballar?<\/strong><\/p>\r\n\r\n\r\n\r\n<ul class=\"wp-block-list\">\r\n<li>Educador\/a infantil a escoles bressol.<\/li>\r\n\r\n\r\n\r\n<li>T\u00e8cnic\/a d&#8217;Educaci\u00f3 infantil a P3<\/li>\r\n\r\n\r\n\r\n<li>Educador\/a en institucions i\/o en programes espec\u00edfics de treball amb infants de 0 a 6 anys en situaci\u00f3 de risc social, seguint les directrius d\u2019altres professionals<\/li>\r\n\r\n\r\n\r\n<li>Educador\/a en programes o activitats d\u2019oci i temps lliure infantil: Ludoteques, cases de cultura, biblioteques, centres educatius&#8230;<\/li>\r\n\r\n\r\n\r\n<li>Animador\/a d&#8217;activitats adre\u00e7ades a infants de 0 a 6 anys en l\u2019\u00e0mbit del turisme i de l\u2019hostaleria: Hotels, platges, complexos tur\u00edstics, estacions d\u2019esqu\u00ed i altres equipaments del sector.<\/li>\r\n<\/ul>\r\n\r\n\r\n\r\n<p class=\"has-text-color\" style=\"color: #e06043;\"><strong>I si vols continuar estudiant, <\/strong>amb el t\u00edtol obtingut podr\u00e0s accedir:<\/p>\r\n\r\n\r\n\r\n<ul class=\"wp-block-list\">\r\n<li>A altres cicles formatius de grau superior.<\/li>\r\n\r\n\r\n\r\n<li>A qualsevol estudi universitari oficial de grau.<\/li>\r\n<\/ul>\r\n","protected":false},"excerpt":{"rendered":"<p>Cicle Formatiu de Grau Superior d\u2019Educaci\u00f3 infantil (properament en DUAL) Titulaci\u00f3: T\u00e8cnic\/a Superior en Educaci\u00f3 Infantil\u00a0 Durada: 2.000 hores\u00a0 Horari lectiu al centre: tardes \u00a0Qu\u00e8 necessito per accedir-hi Tenen acc\u00e9s directe al cicle les persones que compleixen algun dels requisits seg\u00fcents: Les persones que no compleixen cap dels requisits esmentats han de superar una prova [&hellip;]<\/p>\n","protected":false},"author":4,"featured_media":0,"parent":165,"menu_order":3,"comment_status":"closed","ping_status":"closed","template":"page-templates\/side-menu.php","meta":{"_bbp_topic_count":0,"_bbp_reply_count":0,"_bbp_total_topic_count":0,"_bbp_total_reply_count":0,"_bbp_voice_count":0,"_bbp_anonymous_reply_count":0,"_bbp_topic_count_hidden":0,"_bbp_reply_count_hidden":0,"_bbp_forum_subforum_count":0,"site-sidebar-layout":"default","site-content-layout":"","ast-site-content-layout":"","site-content-style":"default","site-sidebar-style":"default","ast-global-header-display":"","ast-banner-title-visibility":"","ast-main-header-display":"","ast-hfb-above-header-display":"","ast-hfb-below-header-display":"","ast-hfb-mobile-header-display":"","site-post-title":"","ast-breadcrumbs-content":"","ast-featured-img":"","footer-sml-layout":"","theme-transparent-header-meta":"","adv-header-id-meta":"","stick-header-meta":"","header-above-stick-meta":"","header-main-stick-meta":"","header-below-stick-meta":"","astra-migrate-meta-layouts":"default","ast-page-background-enabled":"default","ast-page-background-meta":{"desktop":{"background-color":"var(--ast-global-color-4)","background-image":"","background-repeat":"repeat","background-position":"center center","background-size":"auto","background-attachment":"scroll","background-type":"","background-media":"","overlay-type":"","overlay-color":"","overlay-opacity":"","overlay-gradient":""},"tablet":{"background-color":"","background-image":"","background-repeat":"repeat","background-position":"center center","background-size":"auto","background-attachment":"scroll","background-type":"","background-media":"","overlay-type":"","overlay-color":"","overlay-opacity":"","overlay-gradient":""},"mobile":{"background-color":"","background-image":"","background-repeat":"repeat","background-position":"center center","background-size":"auto","background-attachment":"scroll","background-type":"","background-media":"","overlay-type":"","overlay-color":"","overlay-opacity":"","overlay-gradient":""}},"ast-content-background-meta":{"desktop":{"background-color":"var(--ast-global-color-5)","background-image":"","background-repeat":"repeat","background-position":"center center","background-size":"auto","background-attachment":"scroll","background-type":"","background-media":"","overlay-type":"","overlay-color":"","overlay-opacity":"","overlay-gradient":""},"tablet":{"background-color":"var(--ast-global-color-5)","background-image":"","background-repeat":"repeat","background-position":"center center","background-size":"auto","background-attachment":"scroll","background-type":"","background-media":"","overlay-type":"","overlay-color":"","overlay-opacity":"","overlay-gradient":""},"mobile":{"background-color":"var(--ast-global-color-5)","background-image":"","background-repeat":"repeat","background-position":"center center","background-size":"auto","background-attachment":"scroll","background-type":"","background-media":"","overlay-type":"","overlay-color":"","overlay-opacity":"","overlay-gradient":""}},"footnotes":""},"class_list":["post-2911","page","type-page","status-publish","hentry"],"post_mailing_queue_ids":[],"_links":{"self":[{"href":"https:\/\/agora.xtec.cat\/iesvallvera\/wp-json\/wp\/v2\/pages\/2911","targetHints":{"allow":["GET"]}}],"collection":[{"href":"https:\/\/agora.xtec.cat\/iesvallvera\/wp-json\/wp\/v2\/pages"}],"about":[{"href":"https:\/\/agora.xtec.cat\/iesvallvera\/wp-json\/wp\/v2\/types\/page"}],"author":[{"embeddable":true,"href":"https:\/\/agora.xtec.cat\/iesvallvera\/wp-json\/wp\/v2\/users\/4"}],"replies":[{"embeddable":true,"href":"https:\/\/agora.xtec.cat\/iesvallvera\/wp-json\/wp\/v2\/comments?post=2911"}],"version-history":[{"count":1,"href":"https:\/\/agora.xtec.cat\/iesvallvera\/wp-json\/wp\/v2\/pages\/2911\/revisions"}],"predecessor-version":[{"id":10838,"href":"https:\/\/agora.xtec.cat\/iesvallvera\/wp-json\/wp\/v2\/pages\/2911\/revisions\/10838"}],"up":[{"embeddable":true,"href":"https:\/\/agora.xtec.cat\/iesvallvera\/wp-json\/wp\/v2\/pages\/165"}],"wp:attachment":[{"href":"https:\/\/agora.xtec.cat\/iesvallvera\/wp-json\/wp\/v2\/media?parent=2911"}],"curies":[{"name":"wp","href":"https:\/\/api.w.org\/{rel}","templated":true}]}}