{"id":2722,"date":"2019-04-21T18:41:16","date_gmt":"2019-04-21T16:41:16","guid":{"rendered":"http:\/\/iesvallvera.cat\/?page_id=2722"},"modified":"2026-04-08T13:46:48","modified_gmt":"2026-04-08T11:46:48","slug":"preinscripcio-i-matricula-batxillerat","status":"publish","type":"page","link":"https:\/\/agora.xtec.cat\/iesvallvera\/secretaria\/preinscripcio-i-matricula\/preinscripcio-i-matricula-batxillerat\/","title":{"rendered":"Preinscripci\u00f3 i matr\u00edcula Batxillerat"},"content":{"rendered":"\n<p class=\"has-text-align-left\"><strong><span style=\"text-decoration: underline;\">Calendari<\/span><\/strong><\/p>\n\n\n\n<ul class=\"wp-block-list\">\n<li><a href=\"https:\/\/drive.google.com\/file\/d\/1EQUjrcn9EvD7XasDlFf0DkHiYf_rOzbE\/view?usp=sharing\">Publicaci\u00f3 de l\u2019oferta inicial<\/a>Presentaci\u00f3 de sol\u00b7licituds electr\u00f2niques (amb certificat digital o sense certificat digital): del 9 al 16 d\u2019abril de 2026.<\/li>\n\n\n\n<li>Llista de sol\u00b7licituds amb la puntuaci\u00f3 provisional: 14 de maig de 2026<\/li>\n\n\n\n<li>Presentaci\u00f3 de reclamacions: del 14 al 20 de maig de 2026<\/li>\n\n\n\n<li>Llista amb la puntuaci\u00f3 un cop resoltes les reclamacions: 26 de maig de 2026<\/li>\n\n\n\n<li>Llista ordenada: 29 de maig de 2026<\/li>\n\n\n\n<li>Llista d\u2019alumnes admesos i llista d\u2019espera: 17 de juny de 2026<\/li>\n\n\n\n<li>Matriculaci\u00f3: del 18 al 30 de juny de 2026, ambd\u00f3s inclosos<\/li>\n<\/ul>\n\n\n\n<p><strong><span style=\"text-decoration: underline;\">Criteris d\u2019assignaci\u00f3 de pla\u00e7a<\/span><\/strong> (Es tindran en compte la puntuaci\u00f3 de cada alumne\/a segons els criteris seg\u00fcents)<\/p>\n\n\n\n<p><strong>Criteris prioritaris:<\/strong><\/p>\n\n\n\n<ul class=\"wp-block-list\">\n<li>Germans escolaritzats al centre: 50 punts&nbsp;<\/li>\n\n\n\n<li>Quan el domicili habitual es troba dins la zona educativa del centre: 30 punts<\/li>\n\n\n\n<li>Quan la ubicaci\u00f3 del lloc de feina del pare o mare est\u00e0 dins la zona educativa del centre triat, en primer lloc: 20 punts&nbsp;<\/li>\n\n\n\n<li>Beneficiaris de l\u2019ajut de la renda garantida de ciutadania o l\u2019ingr\u00e9s m\u00ednim vital: 15 punts<\/li>\n\n\n\n<li>Expedient acad\u00e8mic. Qualificaci\u00f3 mitjana estudis permeten acc\u00e9s a BATX<\/li>\n<\/ul>\n\n\n\n<p><strong><em>Criteris complementaris:<\/em><\/strong><\/p>\n\n\n\n<ul class=\"wp-block-list\">\n<li>El pare o mare treballa al centre triat en primera opci\u00f3: 10 punts&nbsp;<\/li>\n\n\n\n<li>L\u2019alumne\/a forma part d\u2019una fam\u00edlia nombrosa: 10 punts&nbsp;<\/li>\n\n\n\n<li>L\u2019alumne\/a forma part d\u2019una fam\u00edlia monoparental: 10 punts&nbsp;<\/li>\n\n\n\n<li>Si l\u2019alumne\/a t\u00e9 germans bessons: 10 punts&nbsp;<\/li>\n\n\n\n<li>Si l\u2019alumne\/a es troba en situaci\u00f3 d\u2019acolliment familiar: 10 punts&nbsp;<\/li>\n\n\n\n<li>Discapacitat (igual o superior al 33%) de l\u2019alumne\/a, pare, mare o germans: 15 punts<\/li>\n\n\n\n<li>Si s\u2019acredita la condici\u00f3 de v\u00edctima de viol\u00e8ncia de g\u00e8nere o terrorisme: 10 punts<\/li>\n<\/ul>\n\n\n\n<p><strong><span style=\"text-decoration: underline;\">PRESENTAR LA SOL\u00b7LICITUD DE PREINSCRIPCI\u00d3<\/span><\/strong><\/p>\n\n\n\n<p>La preinscripci\u00f3 s\u2019ha de fer a trav\u00e9s de la p\u00e0gina web seg\u00fcent:&nbsp;<\/p>\n\n\n\n<div class=\"wp-block-buttons is-content-justification-center is-layout-flex wp-container-core-buttons-is-layout-1 wp-block-buttons-is-layout-flex\">\n<div class=\"wp-block-button\"><a class=\"wp-block-button__link has-text-align-center wp-element-button\" href=\"https:\/\/tramits.gencat.cat\/ca\/tramits\/tramits-temes\/preinscripcio-batxillerat?&amp;moda=1\" target=\"_blank\" rel=\"noreferrer noopener\"><strong>SOL\u00b7LICITUD DE<\/strong> <strong>PREINSCRIPCI\u00d3<\/strong><\/a><\/div>\n<\/div>\n\n\n\n<p><strong>Tens dubtes?<\/strong> Pots enviar un correu a batxillerat@iesvallvera.cat i mirarem de resoldre\u2019ls.<\/p>\n\n\n\n<p><a href=\"https:\/\/preinscripcio.gencat.cat\/ca\/estudis\/batxillerat\/inici\/\">Per a m\u00e9s informaci\u00f3 aqu\u00ed teniu la web del Departament<\/a><\/p>\n\n\n\n<p><\/p>\n","protected":false},"excerpt":{"rendered":"<p>Calendari Criteris d\u2019assignaci\u00f3 de pla\u00e7a (Es tindran en compte la puntuaci\u00f3 de cada alumne\/a segons els criteris seg\u00fcents) Criteris prioritaris: Criteris complementaris: PRESENTAR LA SOL\u00b7LICITUD DE PREINSCRIPCI\u00d3 La preinscripci\u00f3 s\u2019ha de fer a trav\u00e9s de la p\u00e0gina web seg\u00fcent:&nbsp; Tens dubtes? Pots enviar un correu a batxillerat@iesvallvera.cat i mirarem de resoldre\u2019ls. Per a m\u00e9s informaci\u00f3 [&hellip;]<\/p>\n","protected":false},"author":4,"featured_media":0,"parent":10358,"menu_order":2,"comment_status":"closed","ping_status":"closed","template":"","meta":{"_bbp_topic_count":0,"_bbp_reply_count":0,"_bbp_total_topic_count":0,"_bbp_total_reply_count":0,"_bbp_voice_count":0,"_bbp_anonymous_reply_count":0,"_bbp_topic_count_hidden":0,"_bbp_reply_count_hidden":0,"_bbp_forum_subforum_count":0,"site-sidebar-layout":"default","site-content-layout":"","ast-site-content-layout":"default","site-content-style":"default","site-sidebar-style":"default","ast-global-header-display":"","ast-banner-title-visibility":"","ast-main-header-display":"","ast-hfb-above-header-display":"","ast-hfb-below-header-display":"","ast-hfb-mobile-header-display":"","site-post-title":"","ast-breadcrumbs-content":"","ast-featured-img":"","footer-sml-layout":"","theme-transparent-header-meta":"","adv-header-id-meta":"","stick-header-meta":"","header-above-stick-meta":"","header-main-stick-meta":"","header-below-stick-meta":"","astra-migrate-meta-layouts":"set","ast-page-background-enabled":"default","ast-page-background-meta":{"desktop":{"background-color":"var(--ast-global-color-4)","background-image":"","background-repeat":"repeat","background-position":"center center","background-size":"auto","background-attachment":"scroll","background-type":"","background-media":"","overlay-type":"","overlay-color":"","overlay-opacity":"","overlay-gradient":""},"tablet":{"background-color":"","background-image":"","background-repeat":"repeat","background-position":"center center","background-size":"auto","background-attachment":"scroll","background-type":"","background-media":"","overlay-type":"","overlay-color":"","overlay-opacity":"","overlay-gradient":""},"mobile":{"background-color":"","background-image":"","background-repeat":"repeat","background-position":"center center","background-size":"auto","background-attachment":"scroll","background-type":"","background-media":"","overlay-type":"","overlay-color":"","overlay-opacity":"","overlay-gradient":""}},"ast-content-background-meta":{"desktop":{"background-color":"var(--ast-global-color-5)","background-image":"","background-repeat":"repeat","background-position":"center center","background-size":"auto","background-attachment":"scroll","background-type":"","background-media":"","overlay-type":"","overlay-color":"","overlay-opacity":"","overlay-gradient":""},"tablet":{"background-color":"var(--ast-global-color-5)","background-image":"","background-repeat":"repeat","background-position":"center center","background-size":"auto","background-attachment":"scroll","background-type":"","background-media":"","overlay-type":"","overlay-color":"","overlay-opacity":"","overlay-gradient":""},"mobile":{"background-color":"var(--ast-global-color-5)","background-image":"","background-repeat":"repeat","background-position":"center center","background-size":"auto","background-attachment":"scroll","background-type":"","background-media":"","overlay-type":"","overlay-color":"","overlay-opacity":"","overlay-gradient":""}},"footnotes":""},"class_list":["post-2722","page","type-page","status-publish","hentry"],"post_mailing_queue_ids":[],"_links":{"self":[{"href":"https:\/\/agora.xtec.cat\/iesvallvera\/wp-json\/wp\/v2\/pages\/2722","targetHints":{"allow":["GET"]}}],"collection":[{"href":"https:\/\/agora.xtec.cat\/iesvallvera\/wp-json\/wp\/v2\/pages"}],"about":[{"href":"https:\/\/agora.xtec.cat\/iesvallvera\/wp-json\/wp\/v2\/types\/page"}],"author":[{"embeddable":true,"href":"https:\/\/agora.xtec.cat\/iesvallvera\/wp-json\/wp\/v2\/users\/4"}],"replies":[{"embeddable":true,"href":"https:\/\/agora.xtec.cat\/iesvallvera\/wp-json\/wp\/v2\/comments?post=2722"}],"version-history":[{"count":6,"href":"https:\/\/agora.xtec.cat\/iesvallvera\/wp-json\/wp\/v2\/pages\/2722\/revisions"}],"predecessor-version":[{"id":13152,"href":"https:\/\/agora.xtec.cat\/iesvallvera\/wp-json\/wp\/v2\/pages\/2722\/revisions\/13152"}],"up":[{"embeddable":true,"href":"https:\/\/agora.xtec.cat\/iesvallvera\/wp-json\/wp\/v2\/pages\/10358"}],"wp:attachment":[{"href":"https:\/\/agora.xtec.cat\/iesvallvera\/wp-json\/wp\/v2\/media?parent=2722"}],"curies":[{"name":"wp","href":"https:\/\/api.w.org\/{rel}","templated":true}]}}