{"id":245,"date":"2017-04-13T11:16:55","date_gmt":"2017-04-13T09:16:55","guid":{"rendered":"http:\/\/iesvallvera.cat\/?page_id=245"},"modified":"2017-04-13T11:16:55","modified_gmt":"2017-04-13T09:16:55","slug":"families","status":"publish","type":"page","link":"https:\/\/agora.xtec.cat\/iesvallvera\/families\/","title":{"rendered":"Fam\u00edlies"},"content":{"rendered":"\n<p class=\"has-white-color has-text-color\"><strong>Comunicat fam\u00edlies de Batxillerat<\/strong><\/p>\n\n\n\n<p class=\"has-white-color has-text-color\">Benvolgudes fam\u00edlies,<br>Abans de res, vull desitjar-vos que tots i totes gaudiu d&#8217;un bon estat de salut.<br>Pel que fa als criteris d&#8217;avaluaci\u00f3 dels vostres fills, us informo que aquest darrer trimestre, iniciat el 14 d&#8217;abril, t\u00e9 uns objectius que venen marcats per la nova normativa oficial i que responen a la situaci\u00f3 d&#8217;excepcionalitat que estem vivint.<br>En primer lloc,&nbsp;com \u00e9s l\u00f2gic, l&#8217;alumnat de Batxillerat&nbsp; que hagi susp\u00e8s algun dels dos trimestres anteriors tindr\u00e0 opci\u00f3 a recuperar-los amb el lliurament pautat de tasques de recuperaci\u00f3 i tamb\u00e9 amb les avaluacions personals en l\u00ednia que es programaran. En el cas d&#8217;aquells alumnes que no tinguin cap trimestre susp\u00e8s, caldr\u00e0 realitzar tasques de consolidaci\u00f3 i ampliaci\u00f3 i tamb\u00e9 avaluacions personals en l\u00ednia per tal de poder incrementar la seva qualificaci\u00f3&nbsp; final.<br>Per tot plegat, \u00e9s molt important que tots els vostres fills i filles vagin lliurant les tasques i les diferents activitats proposades pel professorat aix\u00ed com tamb\u00e9 les corresponents avaluacions personals en l\u00ednia.<br>Finalment, despr\u00e9s de les declaracions oficials fetes ahir, sembla que la resta del curs es far\u00e0 de manera no presencial.<\/p>\n\n\n\n<p class=\"has-white-color has-text-color\">&nbsp;Ben aviat tornarem a contactar amb tots vosaltres!<\/p>\n\n\n\n<p class=\"has-white-color has-text-color\"><\/p>\n\n\n\n<p class=\"has-white-color has-text-color\"><strong>Comunicat fam\u00edlies ESO<\/strong><\/p>\n\n\n\n<p class=\"has-white-color has-text-color\">Benvolgudes fam\u00edlies,<br>Abans de res, vull desitjar-vos que tots i totes gaudiu d&#8217;un bon estat de salut.<br>Pel que fa als criteris d&#8217;avaluaci\u00f3 dels vostres fills, us informo que aquest darrer trimestre, iniciat el 14 d&#8217;abril, t\u00e9 uns objectius que venen marcats per la nova normativa oficial i que responen a la situaci\u00f3 d&#8217;excepcionalitat que estem vivint.<br>En primer lloc,&nbsp;com \u00e9s l\u00f2gic, l&#8217;alumnat d&#8217;ESO que hagi susp\u00e8s algun dels dos trimestres anteriors tindr\u00e0 opci\u00f3 a recuperar-los amb les activitats que ja s&#8217;estan proposant. En el cas d&#8217;aquells alumnes que no tinguin cap trimestre susp\u00e8s,&nbsp; les activitats realitzades durant aquest tercer trimestre serviran per incrementar la seva qualificaci\u00f3&nbsp; final.<br>Per tot plegat, \u00e9s molt important que tots els vostres fills i filles vagin lliurant les tasques i les diferents activitats proposades pel professorat.<br>Finalment, despr\u00e9s de les declaracions oficials fetes ahir, sembla que la resta del curs es far\u00e0 de manera no presencial.<br>Ben aviat tornarem a contactar amb tots vosaltres!<\/p>\n\n\n\n<p class=\"has-white-color has-text-color\"><strong>Comunicat 4<\/strong><\/p>\n\n\n\n<p class=\"has-white-color has-text-color\">El 14 d&#8217;abril ha comen\u00e7at el 3r trimestre. S&#8217;avan\u00e7ar\u00e0 mat\u00e8ria i les tasques proposades seran avaluables.<\/p>\n\n\n\n<p class=\"has-white-color has-text-color\">Tot i els titulars d&#8217;alguns diaris, <strong>no<\/strong> es contempla un aprovat general.<\/p>\n\n\n\n<p class=\"has-white-color has-text-color\"><strong>Comunicat 3 (31-03-2020)<\/strong><\/p>\n\n\n\n<p class=\"has-white-color has-text-color\">Benvolgudes fam\u00edlies,<\/p>\n\n\n\n<p class=\"has-white-color has-text-color\">Primer de tot espero que tots i totes estigueu b\u00e9.<\/p>\n\n\n\n<p class=\"has-white-color has-text-color\">Us informem que estem treballant per tal de poder tenir la informaci\u00f3 de quins alumnes tenen i quins no tenen m\u00f2bil o ordinador amb acc\u00e9s a internet.&nbsp; Aquestes dades nom\u00e9s s&#8217;utlitzaran per millorar l&#8217;acompanyament de l&#8217;alumnat en el seu proc\u00e9s d&#8217;aprenentatge, donades les circumst\u00e0ncies excepcionals que estem vivint.<\/p>\n\n\n\n<p class=\"has-white-color has-text-color\">Despr\u00e9s de Setmana Santa comen\u00e7arem el tercer trimestre online, s&#8217;avan\u00e7ar\u00e0 mat\u00e8ria i les activitats seran avaluables. Cal destacar un cop m\u00e9s que \u00e9s important que els alumnes no perdin el ritme de treball i es mantinguin actius.<\/p>\n\n\n\n<p class=\"has-white-color has-text-color\">Tamb\u00e9 vull recordar-vos que podeu contactar amb els diferents tutors i tutores per qualsevol cosa. En cap cas no quedar\u00e0 cap alumne\/a desat\u00e8s pel que fa refer\u00e8ncia al tercer trimestre. En cas de no disposar de recursos inform\u00e0tics estem treballant a nivell de centre i amb el Departament d&#8217;Educaci\u00f3&nbsp; per trobar la manera de&nbsp; poder mantenir el contacte amb l&#8217;alumnat per tal que rebi les tasques o treballs que caldr\u00e0 lliurar.<\/p>\n\n\n\n<p class=\"has-white-color has-text-color\">Moltes gr\u00e0cies i cuideu-vos molt!<\/p>\n\n\n\n<p class=\"has-white-color has-text-color\">Francesc Sim\u00f3n<\/p>\n\n\n\n<p class=\"has-white-color has-text-color\">Director<\/p>\n\n\n\n<p class=\"has-white-color has-text-color\"><\/p>\n\n\n\n<p class=\"has-white-color has-text-color\"><\/p>\n\n\n\n<p class=\"has-white-color has-text-color\"><strong>Comunicat 2<\/strong><\/p>\n\n\n\n<p class=\"has-white-color has-text-color\">Benvolgudes fam\u00edlies,<\/p>\n\n\n\n<p class=\"has-white-color has-text-color\">Ja fa uns dies que el Departament d\u2019Educaci\u00f3 ens va comunicar que havia pres la decisi\u00f3 de tancar tots els centres educatius del pa\u00eds, com a mesura excepcional per contenir el coronavirus.<\/p>\n\n\n\n<p class=\"has-white-color has-text-color\">A partir del moment que el Govern de la Generalitat de Catalunya va decretar la suspensi\u00f3 de les classes presencials, &nbsp;els centres educatius p\u00fablics de secund\u00e0riadel Giron\u00e8s i el Pla de l\u2019Estany, volent esdevenir un bon servei educatiu p\u00fablic, ens vam coordinar i vam acordar d\u2019oferir, per als estudiants, recursos i eines per treballar des de casa a trav\u00e9s dels mitjans que ja emprem de manera habitual durant el curs. &nbsp;<\/p>\n\n\n\n<p class=\"has-white-color has-text-color\">Aquesta primera&nbsp;&nbsp;setmana no ha estat f\u00e0cil per ning\u00fa i tot apunta al fet que els dies que venen seran tamb\u00e9 complicats, per\u00f2 de ben segur que entre tots els afrontarem amb for\u00e7a i optimisme. I volem fer-vos saber que, malgrat les circumst\u00e0ncies, des dels centres seguim i seguirem prestant el servei educatiu, fent propostes educatives i acompanyant els vostres fills i les vostres filles com hem fet sempre.<\/p>\n\n\n\n<p class=\"has-white-color has-text-color\">El professorat de l\u2019Institut Vallvera, conjuntament amb les coordinacions i l\u2019equip directiu, ha fet i far\u00e0 un esfor\u00e7 important de planificaci\u00f3 i seguiment virtual.<\/p>\n\n\n\n<p class=\"has-white-color has-text-color\">Estem elaborant materials i&nbsp;&nbsp;proposem&nbsp;&nbsp;tasques de refor\u00e7, consolidaci\u00f3 i ampliaci\u00f3 per tot l\u2019alumnat i totes les etapes formatives.<\/p>\n\n\n\n<p class=\"has-white-color has-text-color\">Per qualsevol dubte o aclariment no dubteu en contactar amb coordinacions, tutors\/es&nbsp;&nbsp;o equip directiu mitjan\u00e7ant el correu del centre o la intranet.<br><\/p>\n\n\n<p><span style=\"color: #ffffff;\"><a style=\"color: #ffffff;\" href=\"http:\/\/iesvallvera.cat\/portes-obertes-eso\/\">Jornada de portes obertes d&#8217;ESO<\/a><\/span><\/p>\n<p><span style=\"color: #ffffff;\"><a style=\"color: #ffffff;\" href=\"http:\/\/iesvallvera.cat\/el-consell-escolar\/\">El consell escolar<\/a><\/span><\/p>\n<p><span style=\"color: #ffffff;\"><a style=\"color: #ffffff;\" href=\"http:\/\/iesvallvera.cat\/families\/ieduca-tokapp\/\">iEduca TokApp<\/a><\/span><br \/><span style=\"color: #ffffff;\">Aplicaci\u00f3 per a m\u00f2bils que permet l&#8217;acc\u00e9s a la intranet<\/span><\/p>\n<p><span style=\"color: #ffffff;\"><a style=\"color: #ffffff;\" href=\"http:\/\/iesvallvera.cat\/families\/intranet-ieduca\/\">La intranet iEduca<\/a><\/span><br \/><span style=\"color: #ffffff;\">Documents que ajuden a utilitzar millor la intranet iEduca<\/span><\/p>\n<p><span style=\"color: #ffffff;\"><a style=\"color: #ffffff;\" href=\"http:\/\/iesvallvera.cat\/families\/ampa\/\">Associaci\u00f3 de mares i pares<\/a><\/span><br \/><span style=\"color: #ffffff;\">Qui som, qu\u00e8 fem<\/span><\/p>\n<p><span style=\"color: #ffffff;\"><a style=\"color: #ffffff;\" href=\"http:\/\/iesvallvera.cat\/families\/escola-de-mares-i-pares\/\">Taller de mares<\/a><\/span><br \/><span style=\"color: #ffffff;\">Activitat del dimarts<\/span><\/p>\n<p><span style=\"color: #ffffff;\"><a style=\"color: #ffffff;\" href=\"https:\/\/drive.google.com\/file\/d\/1kQ30MxyTnB6un0arl0YCiiA_-Bajflty\/view\">Llibres de text 2018-2019<\/a><\/span><\/p>","protected":false},"excerpt":{"rendered":"<p>Comunicat fam\u00edlies de Batxillerat Benvolgudes fam\u00edlies,Abans de res, vull desitjar-vos que tots i totes gaudiu d&#8217;un bon estat de salut.Pel que fa als criteris d&#8217;avaluaci\u00f3 dels vostres fills, us informo que aquest darrer trimestre, iniciat el 14 d&#8217;abril, t\u00e9 uns objectius que venen marcats per la nova normativa oficial i que responen a la situaci\u00f3 [&hellip;]<\/p>\n","protected":false},"author":4,"featured_media":0,"parent":0,"menu_order":0,"comment_status":"closed","ping_status":"closed","template":"page-templates\/side-menu.php","meta":{"_bbp_topic_count":0,"_bbp_reply_count":0,"_bbp_total_topic_count":0,"_bbp_total_reply_count":0,"_bbp_voice_count":0,"_bbp_anonymous_reply_count":0,"_bbp_topic_count_hidden":0,"_bbp_reply_count_hidden":0,"_bbp_forum_subforum_count":0,"site-sidebar-layout":"default","site-content-layout":"","ast-site-content-layout":"","site-content-style":"default","site-sidebar-style":"default","ast-global-header-display":"","ast-banner-title-visibility":"","ast-main-header-display":"","ast-hfb-above-header-display":"","ast-hfb-below-header-display":"","ast-hfb-mobile-header-display":"","site-post-title":"","ast-breadcrumbs-content":"","ast-featured-img":"","footer-sml-layout":"","theme-transparent-header-meta":"","adv-header-id-meta":"","stick-header-meta":"","header-above-stick-meta":"","header-main-stick-meta":"","header-below-stick-meta":"","astra-migrate-meta-layouts":"default","ast-page-background-enabled":"default","ast-page-background-meta":{"desktop":{"background-color":"var(--ast-global-color-4)","background-image":"","background-repeat":"repeat","background-position":"center center","background-size":"auto","background-attachment":"scroll","background-type":"","background-media":"","overlay-type":"","overlay-color":"","overlay-opacity":"","overlay-gradient":""},"tablet":{"background-color":"","background-image":"","background-repeat":"repeat","background-position":"center center","background-size":"auto","background-attachment":"scroll","background-type":"","background-media":"","overlay-type":"","overlay-color":"","overlay-opacity":"","overlay-gradient":""},"mobile":{"background-color":"","background-image":"","background-repeat":"repeat","background-position":"center center","background-size":"auto","background-attachment":"scroll","background-type":"","background-media":"","overlay-type":"","overlay-color":"","overlay-opacity":"","overlay-gradient":""}},"ast-content-background-meta":{"desktop":{"background-color":"var(--ast-global-color-5)","background-image":"","background-repeat":"repeat","background-position":"center center","background-size":"auto","background-attachment":"scroll","background-type":"","background-media":"","overlay-type":"","overlay-color":"","overlay-opacity":"","overlay-gradient":""},"tablet":{"background-color":"var(--ast-global-color-5)","background-image":"","background-repeat":"repeat","background-position":"center center","background-size":"auto","background-attachment":"scroll","background-type":"","background-media":"","overlay-type":"","overlay-color":"","overlay-opacity":"","overlay-gradient":""},"mobile":{"background-color":"var(--ast-global-color-5)","background-image":"","background-repeat":"repeat","background-position":"center center","background-size":"auto","background-attachment":"scroll","background-type":"","background-media":"","overlay-type":"","overlay-color":"","overlay-opacity":"","overlay-gradient":""}},"footnotes":""},"class_list":["post-245","page","type-page","status-publish","hentry"],"post_mailing_queue_ids":[],"_links":{"self":[{"href":"https:\/\/agora.xtec.cat\/iesvallvera\/wp-json\/wp\/v2\/pages\/245","targetHints":{"allow":["GET"]}}],"collection":[{"href":"https:\/\/agora.xtec.cat\/iesvallvera\/wp-json\/wp\/v2\/pages"}],"about":[{"href":"https:\/\/agora.xtec.cat\/iesvallvera\/wp-json\/wp\/v2\/types\/page"}],"author":[{"embeddable":true,"href":"https:\/\/agora.xtec.cat\/iesvallvera\/wp-json\/wp\/v2\/users\/4"}],"replies":[{"embeddable":true,"href":"https:\/\/agora.xtec.cat\/iesvallvera\/wp-json\/wp\/v2\/comments?post=245"}],"version-history":[{"count":1,"href":"https:\/\/agora.xtec.cat\/iesvallvera\/wp-json\/wp\/v2\/pages\/245\/revisions"}],"predecessor-version":[{"id":10648,"href":"https:\/\/agora.xtec.cat\/iesvallvera\/wp-json\/wp\/v2\/pages\/245\/revisions\/10648"}],"wp:attachment":[{"href":"https:\/\/agora.xtec.cat\/iesvallvera\/wp-json\/wp\/v2\/media?parent=245"}],"curies":[{"name":"wp","href":"https:\/\/api.w.org\/{rel}","templated":true}]}}