{"id":2392,"date":"2019-03-14T11:36:31","date_gmt":"2019-03-14T10:36:31","guid":{"rendered":"http:\/\/iesvallvera.cat\/?page_id=2392"},"modified":"2023-11-22T08:55:38","modified_gmt":"2023-11-22T07:55:38","slug":"proteccio-de-dades","status":"publish","type":"page","link":"https:\/\/agora.xtec.cat\/iesvallvera\/secretaria\/proteccio-de-dades\/","title":{"rendered":"Protecci\u00f3 de dades"},"content":{"rendered":"\r\n<p>D\u2019acord amb la Llei org\u00e0nica 3\/2018, de 5 de desembre,\u00a0de protecci\u00f3 de dades\u00a0personals i garantia dels drets\u00a0digitals, les vostres dades seran incorporades al fitxer \u201cAlumnat de centres educatius dependents del Departament d\u2019Ensenyament\u201d, amb la finalitat de gestionar l\u2019acci\u00f3 educativa, l\u2019orientaci\u00f3 acad\u00e8mica i professional, l\u2019acci\u00f3 tutorial i de comunicaci\u00f3 amb les fam\u00edlies, l\u2019avaluaci\u00f3 objectiva del rendiment escolar, el comprom\u00eds dels alumnes i les fam\u00edlies en el proc\u00e9s educatiu i l\u2019acc\u00e9s als serveis digitals i telem\u00e0tics facilitats pel Departament. L\u2019\u00f2rgan responsable del fitxer \u00e9s la direcci\u00f3 del centre educatiu. Podeu exercir els drets d\u2019acc\u00e9s, rectificaci\u00f3, cancel\u00b7laci\u00f3 i oposici\u00f3 mitjan\u00e7ant un escrit adre\u00e7at a la direcci\u00f3 del centre educatiu corresponent.<\/p>\r\n\r\n\r\n\r\n<p><a href=\"http:\/\/ensenyament.gencat.cat\/ca\/Detall\/alumnes-centres-departament\">Alumnat del Departament d&#8217;Educaci\u00f3<\/a><\/p>\r\n\r\n\r\n\r\n<p><a href=\"http:\/\/ensenyament.gencat.cat\/ca\/Detall\/personal-centres-departament\">Personal del Departament d&#8217;Educaci\u00f3<\/a><\/p>\r\n","protected":false},"excerpt":{"rendered":"<p>D\u2019acord amb la Llei org\u00e0nica 3\/2018, de 5 de desembre,\u00a0de protecci\u00f3 de dades\u00a0personals i garantia dels drets\u00a0digitals, les vostres dades seran incorporades al fitxer \u201cAlumnat de centres educatius dependents del Departament d\u2019Ensenyament\u201d, amb la finalitat de gestionar l\u2019acci\u00f3 educativa, l\u2019orientaci\u00f3 acad\u00e8mica i professional, l\u2019acci\u00f3 tutorial i de comunicaci\u00f3 amb les fam\u00edlies, l\u2019avaluaci\u00f3 objectiva del rendiment [&hellip;]<\/p>\n","protected":false},"author":4,"featured_media":0,"parent":91,"menu_order":6,"comment_status":"closed","ping_status":"closed","template":"page-templates\/side-menu.php","meta":{"_bbp_topic_count":0,"_bbp_reply_count":0,"_bbp_total_topic_count":0,"_bbp_total_reply_count":0,"_bbp_voice_count":0,"_bbp_anonymous_reply_count":0,"_bbp_topic_count_hidden":0,"_bbp_reply_count_hidden":0,"_bbp_forum_subforum_count":0,"site-sidebar-layout":"default","site-content-layout":"","ast-site-content-layout":"","site-content-style":"default","site-sidebar-style":"default","ast-global-header-display":"","ast-banner-title-visibility":"","ast-main-header-display":"","ast-hfb-above-header-display":"","ast-hfb-below-header-display":"","ast-hfb-mobile-header-display":"","site-post-title":"","ast-breadcrumbs-content":"","ast-featured-img":"","footer-sml-layout":"","theme-transparent-header-meta":"","adv-header-id-meta":"","stick-header-meta":"","header-above-stick-meta":"","header-main-stick-meta":"","header-below-stick-meta":"","astra-migrate-meta-layouts":"default","ast-page-background-enabled":"default","ast-page-background-meta":{"desktop":{"background-color":"var(--ast-global-color-4)","background-image":"","background-repeat":"repeat","background-position":"center center","background-size":"auto","background-attachment":"scroll","background-type":"","background-media":"","overlay-type":"","overlay-color":"","overlay-opacity":"","overlay-gradient":""},"tablet":{"background-color":"","background-image":"","background-repeat":"repeat","background-position":"center center","background-size":"auto","background-attachment":"scroll","background-type":"","background-media":"","overlay-type":"","overlay-color":"","overlay-opacity":"","overlay-gradient":""},"mobile":{"background-color":"","background-image":"","background-repeat":"repeat","background-position":"center center","background-size":"auto","background-attachment":"scroll","background-type":"","background-media":"","overlay-type":"","overlay-color":"","overlay-opacity":"","overlay-gradient":""}},"ast-content-background-meta":{"desktop":{"background-color":"var(--ast-global-color-5)","background-image":"","background-repeat":"repeat","background-position":"center center","background-size":"auto","background-attachment":"scroll","background-type":"","background-media":"","overlay-type":"","overlay-color":"","overlay-opacity":"","overlay-gradient":""},"tablet":{"background-color":"var(--ast-global-color-5)","background-image":"","background-repeat":"repeat","background-position":"center center","background-size":"auto","background-attachment":"scroll","background-type":"","background-media":"","overlay-type":"","overlay-color":"","overlay-opacity":"","overlay-gradient":""},"mobile":{"background-color":"var(--ast-global-color-5)","background-image":"","background-repeat":"repeat","background-position":"center center","background-size":"auto","background-attachment":"scroll","background-type":"","background-media":"","overlay-type":"","overlay-color":"","overlay-opacity":"","overlay-gradient":""}},"footnotes":""},"class_list":["post-2392","page","type-page","status-publish","hentry"],"post_mailing_queue_ids":[],"_links":{"self":[{"href":"https:\/\/agora.xtec.cat\/iesvallvera\/wp-json\/wp\/v2\/pages\/2392","targetHints":{"allow":["GET"]}}],"collection":[{"href":"https:\/\/agora.xtec.cat\/iesvallvera\/wp-json\/wp\/v2\/pages"}],"about":[{"href":"https:\/\/agora.xtec.cat\/iesvallvera\/wp-json\/wp\/v2\/types\/page"}],"author":[{"embeddable":true,"href":"https:\/\/agora.xtec.cat\/iesvallvera\/wp-json\/wp\/v2\/users\/4"}],"replies":[{"embeddable":true,"href":"https:\/\/agora.xtec.cat\/iesvallvera\/wp-json\/wp\/v2\/comments?post=2392"}],"version-history":[{"count":1,"href":"https:\/\/agora.xtec.cat\/iesvallvera\/wp-json\/wp\/v2\/pages\/2392\/revisions"}],"predecessor-version":[{"id":11032,"href":"https:\/\/agora.xtec.cat\/iesvallvera\/wp-json\/wp\/v2\/pages\/2392\/revisions\/11032"}],"up":[{"embeddable":true,"href":"https:\/\/agora.xtec.cat\/iesvallvera\/wp-json\/wp\/v2\/pages\/91"}],"wp:attachment":[{"href":"https:\/\/agora.xtec.cat\/iesvallvera\/wp-json\/wp\/v2\/media?parent=2392"}],"curies":[{"name":"wp","href":"https:\/\/api.w.org\/{rel}","templated":true}]}}