{"id":1776,"date":"2018-10-28T19:37:06","date_gmt":"2018-10-28T18:37:06","guid":{"rendered":"http:\/\/iesvallvera.cat\/?page_id=1776"},"modified":"2025-11-20T10:02:58","modified_gmt":"2025-11-20T09:02:58","slug":"el-consell-escolar","status":"publish","type":"page","link":"https:\/\/agora.xtec.cat\/iesvallvera\/el-consell-escolar\/","title":{"rendered":"El consell escolar"},"content":{"rendered":"<table style=\"border-collapse: collapse; width: 100%;\">\n<tbody>\n<tr>\n<td style=\"width: 100%;\"><span style=\"font-family: inherit; font-size: 1em;\">El consell escolar del centre \u00e9s l\u2019<\/span><strong style=\"font-family: inherit; font-size: 1em;\">\u00f2rgan col\u00b7legiat de participaci\u00f3<\/strong><span style=\"font-family: inherit; font-size: 1em;\"> de la comunitat escolar en el govern del centre. En el consell escolar hi ha representats tots els col\u00b7lectius que<\/span><span style=\"font-family: inherit; font-size: 1em;\">\u00a0intervenen en la comunitat educativa: director, professorat, alumnat, pares i mares, personal d\u2019administraci\u00f3 i serveis, etc.<\/span><\/p>\n<div class=\"entry-content\">\n<p>En els centres p\u00fablics, la funci\u00f3 principal del consell escolar \u00e9s participar en la presa de decisions en relaci\u00f3 amb aquells temes importants per al funcionament i l\u2019organitzaci\u00f3 del centre: el projecte educatiu, la programaci\u00f3 general, la gesti\u00f3 econ\u00f2mica, etc.<\/p>\n<p>Els membres del consell escolar s\u00f3n elegits per un per\u00edode de quatre anys i es renoven per meitats cada dos anys.<\/p>\n<\/div>\n<\/td>\n<\/tr>\n<\/tbody>\n<\/table>\n<div class=\"entry-content\">\n<h4><span style=\"color: #800000;\">ELECCIONS AL CONSELL ESCOLAR<\/span><\/h4>\n<p><strong>Calendari del proc\u00e9s 2025:<\/strong><\/p>\n<table style=\"border-collapse: collapse; width: 100%; height: 368px;\">\n<tbody>\n<tr style=\"height: 32px;\">\n<td style=\"width: 50%; height: 32px;\">Inici del proc\u00e9s<\/td>\n<td style=\"width: 50%; height: 32px;\">27 d&#8217;octubre<\/td>\n<\/tr>\n<tr style=\"height: 48px;\">\n<td style=\"width: 50%; height: 48px;\">Publicaci\u00f3 del cens electoral provisional<\/td>\n<td style=\"width: 50%; height: 48px;\">27 d&#8217;octubre<\/td>\n<\/tr>\n<tr style=\"height: 32px;\">\n<td style=\"width: 50%; height: 32px;\">Reclamaci\u00f3 del cens<\/td>\n<td style=\"width: 50%; height: 32px;\">28 d&#8217;octubre, 3 i 4 de novembre<\/td>\n<\/tr>\n<tr style=\"height: 64px;\">\n<td style=\"width: 50%; height: 64px;\">Resoluci\u00f3 de reclamacions i sorteig de meses alumnat i fam\u00edlies<\/td>\n<td style=\"width: 50%; height: 64px;\">5 de novembre<\/td>\n<\/tr>\n<tr style=\"height: 32px;\">\n<td style=\"width: 50%; height: 32px;\">Constituci\u00f3 de meses<\/td>\n<td style=\"width: 50%; height: 32px;\">6 de novembre<\/td>\n<\/tr>\n<tr style=\"height: 32px;\">\n<td style=\"width: 50%; height: 32px;\">Publicaci\u00f3 de les meses electorals<\/td>\n<td style=\"width: 50%; height: 32px;\">7 de novembre<\/td>\n<\/tr>\n<tr style=\"height: 32px;\">\n<td style=\"width: 50%; height: 32px;\">Publicaci\u00f3 de censos definitius<\/td>\n<td style=\"width: 50%; height: 32px;\">7 de novembre<\/td>\n<\/tr>\n<tr style=\"height: 32px;\">\n<td style=\"width: 50%; height: 32px;\">Presentaci\u00f3 de candidatures<\/td>\n<td style=\"width: 50%; height: 32px;\">12 de novembre<\/td>\n<\/tr>\n<tr style=\"height: 32px;\">\n<td style=\"width: 50%; height: 32px;\"><strong><a href=\"https:\/\/drive.google.com\/file\/d\/1bCBfCKwxQBtc-tM3BEEZEcwcwYEUbVtw\/view?usp=sharing\" target=\"_blank\" rel=\"noopener\">Publicaci\u00f3 de les candidatures<\/a><\/strong><\/td>\n<td style=\"width: 50%; height: 32px;\">19 de novembre<\/td>\n<\/tr>\n<tr>\n<td style=\"width: 50%;\">Votacions sector professorat<\/td>\n<td style=\"width: 50%;\"><strong>20 de novembre<\/strong><\/td>\n<\/tr>\n<tr style=\"height: 32px;\">\n<td style=\"width: 50%; height: 32px;\">Votacions sector alumnat<\/td>\n<td style=\"width: 50%; height: 32px;\"><strong>20 de novembre<\/strong><\/td>\n<\/tr>\n<tr>\n<td style=\"width: 50%;\">Votacions sector fam\u00edlies<\/td>\n<td style=\"width: 50%;\"><strong>20 de novembre<\/strong><\/td>\n<\/tr>\n<tr>\n<td style=\"width: 50%;\">Informaci\u00f3 als sectors de les dades de participaci\u00f3<\/td>\n<td style=\"width: 50%;\">26 de novembre<\/td>\n<\/tr>\n<tr>\n<td style=\"width: 50%;\">Informaci\u00f3 al departament d&#8217;Educaci\u00f3 de les dades de participaci\u00f3<\/td>\n<td style=\"width: 50%;\">27 de novembre<\/td>\n<\/tr>\n<tr>\n<td style=\"width: 50%;\">Constituci\u00f3 del nou consell escolar<\/td>\n<td style=\"width: 50%;\">2 de desembre<\/td>\n<\/tr>\n<tr>\n<td style=\"width: 50%;\">Informaci\u00f3 al Departament d&#8217;Educaci\u00f3 del nou consell<\/td>\n<td style=\"width: 50%;\">9 de desembre<\/td>\n<\/tr>\n<\/tbody>\n<\/table>\n<p><strong>Jornada electoral (20 de novembre de 2025):<\/strong><\/p>\n<table style=\"width: 100.006%; height: 194px;\">\n<tbody>\n<tr style=\"height: 33px;\">\n<td style=\"height: 33px; width: 21.0728%;\"><strong>Sector<\/strong><\/td>\n<td style=\"height: 33px; width: 17.433%;\"><strong>Data<\/strong><\/td>\n<td style=\"height: 33px; width: 31.9923%;\"><strong>Hora<\/strong><\/td>\n<td style=\"height: 33px; width: 191.954%;\"><strong>Lloc<\/strong><\/td>\n<\/tr>\n<tr style=\"height: 14px;\">\n<td style=\"height: 14px; width: 21.0728%;\"><strong>Alumnat<\/strong><\/td>\n<td style=\"height: 14px; width: 17.433%;\">20-11-2025<\/td>\n<td style=\"height: 14px; width: 31.9923%;\">De 11:35 a 18:00 hores<\/td>\n<td style=\"height: 14px; width: 191.954%;\">Biblioteca<\/td>\n<\/tr>\n<tr style=\"height: 49px;\">\n<td style=\"height: 49px; width: 21.0728%;\"><strong>Mares i pares<\/strong><\/td>\n<td style=\"height: 49px; width: 17.433%;\">20-11-2025<\/td>\n<td style=\"height: 49px; width: 31.9923%;\">16.00 a 18:00 hores<\/td>\n<td style=\"height: 49px; width: 191.954%;\">Biblioteca<\/td>\n<\/tr>\n<tr style=\"height: 49px;\">\n<td style=\"height: 49px; width: 21.0728%;\"><strong>Professorat<\/strong><\/td>\n<td style=\"height: 49px; width: 17.433%;\">20-11-2025<\/td>\n<td style=\"height: 49px; width: 31.9923%;\">De 11:00 a 18:00 hores<\/td>\n<td style=\"height: 49px; width: 191.954%;\">Sala de professorat<\/td>\n<\/tr>\n<\/tbody>\n<\/table>\n<\/div>\n<p><img decoding=\"async\" src=\"https:\/\/agora.xtec.cat\/insbiada\/wp-content\/uploads\/usu2344\/2025\/10\/23_consells_escolars_1.png\" \/><\/p>\n<p>M\u00e9s informaci\u00f3:<\/p>\n<p><a href=\"https:\/\/educacio.gencat.cat\/ca\/arees-actuacio\/centres-serveis-educatius\/centres\/consells-escolars-centres\/index.html\">Departament d\u2019Educaci\u00f3 i Formaci\u00f3 Professional \u2013 Consells escolars dels centres<\/a><\/p>\n","protected":false},"excerpt":{"rendered":"<p>El consell escolar del centre \u00e9s l\u2019\u00f2rgan col\u00b7legiat de participaci\u00f3 de la comunitat escolar en el govern del centre. En el consell escolar hi ha representats tots els col\u00b7lectius que\u00a0intervenen en la comunitat educativa: director, professorat, alumnat, pares i mares, personal d\u2019administraci\u00f3 i serveis, etc. En els centres p\u00fablics, la funci\u00f3 principal del consell escolar [&hellip;]<\/p>\n","protected":false},"author":4,"featured_media":0,"parent":0,"menu_order":0,"comment_status":"closed","ping_status":"closed","template":"","meta":{"_bbp_topic_count":0,"_bbp_reply_count":0,"_bbp_total_topic_count":0,"_bbp_total_reply_count":0,"_bbp_voice_count":0,"_bbp_anonymous_reply_count":0,"_bbp_topic_count_hidden":0,"_bbp_reply_count_hidden":0,"_bbp_forum_subforum_count":0,"site-sidebar-layout":"default","site-content-layout":"","ast-site-content-layout":"","site-content-style":"default","site-sidebar-style":"default","ast-global-header-display":"","ast-banner-title-visibility":"","ast-main-header-display":"","ast-hfb-above-header-display":"","ast-hfb-below-header-display":"","ast-hfb-mobile-header-display":"","site-post-title":"","ast-breadcrumbs-content":"","ast-featured-img":"","footer-sml-layout":"","theme-transparent-header-meta":"","adv-header-id-meta":"","stick-header-meta":"","header-above-stick-meta":"","header-main-stick-meta":"","header-below-stick-meta":"","astra-migrate-meta-layouts":"default","ast-page-background-enabled":"default","ast-page-background-meta":{"desktop":{"background-color":"var(--ast-global-color-4)","background-image":"","background-repeat":"repeat","background-position":"center center","background-size":"auto","background-attachment":"scroll","background-type":"","background-media":"","overlay-type":"","overlay-color":"","overlay-opacity":"","overlay-gradient":""},"tablet":{"background-color":"","background-image":"","background-repeat":"repeat","background-position":"center center","background-size":"auto","background-attachment":"scroll","background-type":"","background-media":"","overlay-type":"","overlay-color":"","overlay-opacity":"","overlay-gradient":""},"mobile":{"background-color":"","background-image":"","background-repeat":"repeat","background-position":"center center","background-size":"auto","background-attachment":"scroll","background-type":"","background-media":"","overlay-type":"","overlay-color":"","overlay-opacity":"","overlay-gradient":""}},"ast-content-background-meta":{"desktop":{"background-color":"var(--ast-global-color-5)","background-image":"","background-repeat":"repeat","background-position":"center center","background-size":"auto","background-attachment":"scroll","background-type":"","background-media":"","overlay-type":"","overlay-color":"","overlay-opacity":"","overlay-gradient":""},"tablet":{"background-color":"var(--ast-global-color-5)","background-image":"","background-repeat":"repeat","background-position":"center center","background-size":"auto","background-attachment":"scroll","background-type":"","background-media":"","overlay-type":"","overlay-color":"","overlay-opacity":"","overlay-gradient":""},"mobile":{"background-color":"var(--ast-global-color-5)","background-image":"","background-repeat":"repeat","background-position":"center center","background-size":"auto","background-attachment":"scroll","background-type":"","background-media":"","overlay-type":"","overlay-color":"","overlay-opacity":"","overlay-gradient":""}},"footnotes":""},"class_list":["post-1776","page","type-page","status-publish","hentry"],"post_mailing_queue_ids":[],"_links":{"self":[{"href":"https:\/\/agora.xtec.cat\/iesvallvera\/wp-json\/wp\/v2\/pages\/1776","targetHints":{"allow":["GET"]}}],"collection":[{"href":"https:\/\/agora.xtec.cat\/iesvallvera\/wp-json\/wp\/v2\/pages"}],"about":[{"href":"https:\/\/agora.xtec.cat\/iesvallvera\/wp-json\/wp\/v2\/types\/page"}],"author":[{"embeddable":true,"href":"https:\/\/agora.xtec.cat\/iesvallvera\/wp-json\/wp\/v2\/users\/4"}],"replies":[{"embeddable":true,"href":"https:\/\/agora.xtec.cat\/iesvallvera\/wp-json\/wp\/v2\/comments?post=1776"}],"version-history":[{"count":7,"href":"https:\/\/agora.xtec.cat\/iesvallvera\/wp-json\/wp\/v2\/pages\/1776\/revisions"}],"predecessor-version":[{"id":12788,"href":"https:\/\/agora.xtec.cat\/iesvallvera\/wp-json\/wp\/v2\/pages\/1776\/revisions\/12788"}],"wp:attachment":[{"href":"https:\/\/agora.xtec.cat\/iesvallvera\/wp-json\/wp\/v2\/media?parent=1776"}],"curies":[{"name":"wp","href":"https:\/\/api.w.org\/{rel}","templated":true}]}}