{"id":10398,"date":"2017-09-14T00:29:21","date_gmt":"2017-09-13T22:29:21","guid":{"rendered":"http:\/\/iesvallvera.cat\/?page_id=481"},"modified":"2025-09-24T08:23:44","modified_gmt":"2025-09-24T06:23:44","slug":"convalidacions","status":"publish","type":"page","link":"https:\/\/agora.xtec.cat\/iesvallvera\/secretaria\/convalidacions\/","title":{"rendered":"Convalidacions"},"content":{"rendered":"<p>Aqu\u00ed podeu consultar les taules de convalidacions:<\/p>\r\n<p>TAULA DE CONVALIDACIONS NOU PLA<\/p>\r\n<table style=\"border-collapse: collapse; width: 100%;\">\r\n<tbody>\r\n<tr>\r\n<td style=\"width: 100%;\">\r\n<p><a href=\"https:\/\/drive.google.com\/file\/d\/1xI_cHN0yGtMnE5eHttg70BHtnj-WpjDj\/view?usp=drive_link\" target=\"_blank\" rel=\"noopener\">CFGM Gesti\u00f3 administrativa 2025\/26<\/a><\/p>\r\n<p><span style=\"color: #808080;\"><a style=\"color: #808080;\" href=\"https:\/\/drive.google.com\/file\/d\/1CruvQhMaLDn5yRY6x8ERWj_HyK0UpPtB\/view?usp=drive_link\" target=\"_blank\" rel=\"noopener\">CFGM Cures d&#8217;auxiliar d&#8217;enfermeria 2025\/26<\/a><\/span><\/p>\r\n<p><a href=\"https:\/\/drive.google.com\/file\/d\/1Gae92Svthps8kmQjvw7k2qAJ4M_6H-hM\/view?usp=drive_link\" target=\"_blank\" rel=\"noopener\">CFGM Atenci\u00f3 a persones en situaci\u00f3 de depend\u00e8ncia 2025\/26<\/a><\/p>\r\n<p><a href=\"https:\/\/drive.google.com\/drive\/u\/0\/folders\/1vm8zZnY6hrfKt5bO-cmJ4AVzeWwh0ESV\" target=\"_blank\" rel=\"noopener\">CFGS Integraci\u00f3 social 2025\/26<\/a><\/p>\r\n<p><a href=\"https:\/\/drive.google.com\/file\/d\/1ZEJ4KPcUGD-AXbwDHkrbLAXJAEEp8G2x\/view?usp=drive_link\" target=\"_blank\" rel=\"noopener\">CFGS Educaci\u00f3 infantil 2025\/26<\/a><\/p>\r\n<p><a href=\"https:\/\/drive.google.com\/file\/d\/1wAhPrtf_jd4nqFoneNv25Hp3zADzP3mn\/view?usp=drive_link\" target=\"_blank\" rel=\"noopener\">CFGS Animaci\u00f3 sociocultural i tur\u00edstica 2025\/26<\/a><\/p>\r\n<p><a href=\"https:\/\/drive.google.com\/file\/d\/1fJ41_KWzWDx4LC29EdNZZY_knqyJkwzc\/view?usp=drive_link\" target=\"_blank\" rel=\"noopener\">CFGS Administraci\u00f3 i finances 2025\/26<\/a><\/p>\r\n<p><span style=\"color: #000000;\"><a style=\"color: #000000;\" href=\"https:\/\/drive.google.com\/file\/d\/1E1bDoioJCiY9tNN_6zdHZA6qlhg8Be_h\/view?usp=drive_link\" target=\"_blank\" rel=\"noopener\">LLengua estrangera 2025\/26<\/a><\/span><\/p>\r\n<p><a href=\"https:\/\/drive.google.com\/file\/d\/13cAaB5Cjz9lUyxG3pJtimEl4qkNXWYV-\/view?usp=drive_link\" target=\"_blank\" rel=\"noopener\">IPO1\/IPO2 &#8211; Digitalitzaci\u00f3 i Sostenibilitat 2025\/26<\/a><\/p>\r\n<\/td>\r\n<\/tr>\r\n<\/tbody>\r\n<\/table>\r\n<p>TAULA DE CONVALIDACIONS PLA ANTIC i Cicles LOGSE<\/p>\r\n<table style=\"border-collapse: collapse; width: 100%;\">\r\n<tbody>\r\n<tr>\r\n<td style=\"width: 100%;\">\r\n<p><a href=\"https:\/\/drive.google.com\/file\/d\/12jf-4eDjdy9U-MavufxmhexI3ezgxhbT\/view?usp=sharing\" target=\"_blank\" rel=\"noopener\">CFGM Gesti\u00f3 administrativa 2024\/25<\/a><\/p>\r\n<p><a href=\"https:\/\/drive.google.com\/file\/d\/1qm8_8Y2Gnp3-gTQkj0j5n7qkO0QKuv_e\/view\" target=\"_blank\" rel=\"noopener\"><span style=\"color: #808080;\">CFGM Cures d&#8217;auxiliar d&#8217;enfermeria 2023\/24<\/span><\/a><\/p>\r\n<p><a href=\"https:\/\/drive.google.com\/file\/d\/1QlMT6IAC81tUbnI_a39tWT9I0qfCirti\/view?usp=sharing\" target=\"_blank\" rel=\"noopener\">CFGM Atenci\u00f3 a persones en situaci\u00f3 de depend\u00e8ncia 2024\/25<\/a><\/p>\r\n<p><a href=\"https:\/\/drive.google.com\/file\/d\/1MJzfSxuU9BY0vYTmJ6lRMfHesw27QWEw\/view?usp=sharing\" target=\"_blank\" rel=\"noopener\">CFGS Integraci\u00f3 social 2024\/25<\/a><\/p>\r\n<p><a href=\"https:\/\/drive.google.com\/file\/d\/14r0i8NwUaijeBjZ4nLHX2zvWxZr1VDbM\/view?usp=sharing\" target=\"_blank\" rel=\"noopener\">CFGS Educaci\u00f3 infantil 2024\/25<\/a><\/p>\r\n<p><a href=\"https:\/\/drive.google.com\/file\/d\/1L-QaldMJuVstbvrABM3-JHlmo9OVToWZ\/view?usp=sharing\" target=\"_blank\" rel=\"noopener\">CFGS Animaci\u00f3 sociocultural i tur\u00edstica 2024\/25<\/a><\/p>\r\n<p><a href=\"https:\/\/drive.google.com\/file\/d\/1zynG1WC0tiNUuJV_ywAg3zGDsUblxKsL\/view?usp=sharing\" target=\"_blank\" rel=\"noopener\">CFGS Administraci\u00f3 i finances 2024\/25<\/a><\/p>\r\n<p><span style=\"color: #800000;\"><a style=\"color: #800000;\" href=\"https:\/\/drive.google.com\/file\/d\/1o1B4C0vlzC-ClzmzUXAGzI1FOrTgvXlw\/view?usp=sharing\" target=\"_blank\" rel=\"noopener\">LLengua estrangera 2024\/25<\/a><\/span><\/p>\r\n<p><span style=\"color: #800000;\"><a style=\"color: #800000;\" href=\"https:\/\/drive.google.com\/file\/d\/1K-WAkXOGiO3QKZncR-T-PCAbaNtLmVar\/view?usp=sharing\" target=\"_blank\" rel=\"noopener\">FOL i EIE 2024\/25<\/a><\/span><\/p>\r\n<\/td>\r\n<\/tr>\r\n<\/tbody>\r\n<\/table>\r\n<p>I aquesta \u00e9s la <a href=\"https:\/\/drive.google.com\/file\/d\/1XLd0foT9BWEF2hY2BZymoOFrhNOusdgn\/view?usp=sharing\" target=\"_blank\" rel=\"noopener\">sol\u00b7licitud<\/a> que heu d&#8217;omplir.<\/p>\r\n","protected":false},"excerpt":{"rendered":"<p>Aqu\u00ed podeu consultar les taules de convalidacions: TAULA DE CONVALIDACIONS NOU PLA CFGM Gesti\u00f3 administrativa 2025\/26 CFGM Cures d&#8217;auxiliar d&#8217;enfermeria 2025\/26 CFGM Atenci\u00f3 a persones en situaci\u00f3 de depend\u00e8ncia 2025\/26 CFGS Integraci\u00f3 social 2025\/26 CFGS Educaci\u00f3 infantil 2025\/26 CFGS Animaci\u00f3 sociocultural i tur\u00edstica 2025\/26 CFGS Administraci\u00f3 i finances 2025\/26 LLengua estrangera 2025\/26 IPO1\/IPO2 &#8211; Digitalitzaci\u00f3 [&hellip;]<\/p>\n","protected":false},"author":4,"featured_media":0,"parent":91,"menu_order":2,"comment_status":"closed","ping_status":"closed","template":"page-templates\/side-menu.php","meta":{"_bbp_topic_count":0,"_bbp_reply_count":0,"_bbp_total_topic_count":0,"_bbp_total_reply_count":0,"_bbp_voice_count":0,"_bbp_anonymous_reply_count":0,"_bbp_topic_count_hidden":0,"_bbp_reply_count_hidden":0,"_bbp_forum_subforum_count":0,"site-sidebar-layout":"default","site-content-layout":"","ast-site-content-layout":"","site-content-style":"default","site-sidebar-style":"default","ast-global-header-display":"","ast-banner-title-visibility":"","ast-main-header-display":"","ast-hfb-above-header-display":"","ast-hfb-below-header-display":"","ast-hfb-mobile-header-display":"","site-post-title":"","ast-breadcrumbs-content":"","ast-featured-img":"","footer-sml-layout":"","theme-transparent-header-meta":"","adv-header-id-meta":"","stick-header-meta":"","header-above-stick-meta":"","header-main-stick-meta":"","header-below-stick-meta":"","astra-migrate-meta-layouts":"default","ast-page-background-enabled":"default","ast-page-background-meta":{"desktop":{"background-color":"var(--ast-global-color-4)","background-image":"","background-repeat":"repeat","background-position":"center center","background-size":"auto","background-attachment":"scroll","background-type":"","background-media":"","overlay-type":"","overlay-color":"","overlay-opacity":"","overlay-gradient":""},"tablet":{"background-color":"","background-image":"","background-repeat":"repeat","background-position":"center center","background-size":"auto","background-attachment":"scroll","background-type":"","background-media":"","overlay-type":"","overlay-color":"","overlay-opacity":"","overlay-gradient":""},"mobile":{"background-color":"","background-image":"","background-repeat":"repeat","background-position":"center center","background-size":"auto","background-attachment":"scroll","background-type":"","background-media":"","overlay-type":"","overlay-color":"","overlay-opacity":"","overlay-gradient":""}},"ast-content-background-meta":{"desktop":{"background-color":"var(--ast-global-color-5)","background-image":"","background-repeat":"repeat","background-position":"center center","background-size":"auto","background-attachment":"scroll","background-type":"","background-media":"","overlay-type":"","overlay-color":"","overlay-opacity":"","overlay-gradient":""},"tablet":{"background-color":"var(--ast-global-color-5)","background-image":"","background-repeat":"repeat","background-position":"center center","background-size":"auto","background-attachment":"scroll","background-type":"","background-media":"","overlay-type":"","overlay-color":"","overlay-opacity":"","overlay-gradient":""},"mobile":{"background-color":"var(--ast-global-color-5)","background-image":"","background-repeat":"repeat","background-position":"center center","background-size":"auto","background-attachment":"scroll","background-type":"","background-media":"","overlay-type":"","overlay-color":"","overlay-opacity":"","overlay-gradient":""}},"footnotes":""},"class_list":["post-10398","page","type-page","status-publish","hentry"],"post_mailing_queue_ids":[],"_links":{"self":[{"href":"https:\/\/agora.xtec.cat\/iesvallvera\/wp-json\/wp\/v2\/pages\/10398","targetHints":{"allow":["GET"]}}],"collection":[{"href":"https:\/\/agora.xtec.cat\/iesvallvera\/wp-json\/wp\/v2\/pages"}],"about":[{"href":"https:\/\/agora.xtec.cat\/iesvallvera\/wp-json\/wp\/v2\/types\/page"}],"author":[{"embeddable":true,"href":"https:\/\/agora.xtec.cat\/iesvallvera\/wp-json\/wp\/v2\/users\/4"}],"replies":[{"embeddable":true,"href":"https:\/\/agora.xtec.cat\/iesvallvera\/wp-json\/wp\/v2\/comments?post=10398"}],"version-history":[{"count":6,"href":"https:\/\/agora.xtec.cat\/iesvallvera\/wp-json\/wp\/v2\/pages\/10398\/revisions"}],"predecessor-version":[{"id":12711,"href":"https:\/\/agora.xtec.cat\/iesvallvera\/wp-json\/wp\/v2\/pages\/10398\/revisions\/12711"}],"up":[{"embeddable":true,"href":"https:\/\/agora.xtec.cat\/iesvallvera\/wp-json\/wp\/v2\/pages\/91"}],"wp:attachment":[{"href":"https:\/\/agora.xtec.cat\/iesvallvera\/wp-json\/wp\/v2\/media?parent=10398"}],"curies":[{"name":"wp","href":"https:\/\/api.w.org\/{rel}","templated":true}]}}