{"id":10391,"date":"2017-04-13T11:27:21","date_gmt":"2017-04-13T09:27:21","guid":{"rendered":"http:\/\/iesvallvera.cat\/?page_id=252"},"modified":"2017-04-13T11:27:21","modified_gmt":"2017-04-13T09:27:21","slug":"intranet-ieduca","status":"publish","type":"page","link":"https:\/\/agora.xtec.cat\/iesvallvera\/families\/intranet-ieduca\/","title":{"rendered":"Intranet iEduca"},"content":{"rendered":"<div id=\"contingutApartat\">\n<div id=\"textApartat\"><span style=\"font-size: small;\">Espai on trobar documents d&#8217;ajut per a una utilitzaci\u00f3 de la Intranet iEduca<\/span><\/div>\n<div><\/div>\n<div><a href=\"https:\/\/agora.xtec.cat\/iesvallvera\/wp-content\/uploads\/usu783\/2018\/04\/Beneficis-APP-iEduca-per-les-families.pdf\">Beneficis APP iEduca per a les fam\u00edlies<\/a><\/div>\n<div><\/div>\n<div><a href=\"https:\/\/agora.xtec.cat\/iesvallvera\/wp-content\/uploads\/usu783\/2018\/04\/Guia-iEduca-per-les-families.pdf\">Guia iEduca per a les fam\u00edlies<\/a><\/div>\n<div><\/div>\n<\/div>\n","protected":false},"excerpt":{"rendered":"<p>Espai on trobar documents d&#8217;ajut per a una utilitzaci\u00f3 de la Intranet iEduca Beneficis APP iEduca per a les fam\u00edlies Guia iEduca per a les fam\u00edlies<\/p>\n","protected":false},"author":4,"featured_media":0,"parent":245,"menu_order":1,"comment_status":"closed","ping_status":"closed","template":"","meta":{"_bbp_topic_count":0,"_bbp_reply_count":0,"_bbp_total_topic_count":0,"_bbp_total_reply_count":0,"_bbp_voice_count":0,"_bbp_anonymous_reply_count":0,"_bbp_topic_count_hidden":0,"_bbp_reply_count_hidden":0,"_bbp_forum_subforum_count":0,"site-sidebar-layout":"default","site-content-layout":"","ast-site-content-layout":"","site-content-style":"default","site-sidebar-style":"default","ast-global-header-display":"","ast-banner-title-visibility":"","ast-main-header-display":"","ast-hfb-above-header-display":"","ast-hfb-below-header-display":"","ast-hfb-mobile-header-display":"","site-post-title":"","ast-breadcrumbs-content":"","ast-featured-img":"","footer-sml-layout":"","theme-transparent-header-meta":"","adv-header-id-meta":"","stick-header-meta":"","header-above-stick-meta":"","header-main-stick-meta":"","header-below-stick-meta":"","astra-migrate-meta-layouts":"default","ast-page-background-enabled":"default","ast-page-background-meta":{"desktop":{"background-color":"var(--ast-global-color-4)","background-image":"","background-repeat":"repeat","background-position":"center center","background-size":"auto","background-attachment":"scroll","background-type":"","background-media":"","overlay-type":"","overlay-color":"","overlay-opacity":"","overlay-gradient":""},"tablet":{"background-color":"","background-image":"","background-repeat":"repeat","background-position":"center center","background-size":"auto","background-attachment":"scroll","background-type":"","background-media":"","overlay-type":"","overlay-color":"","overlay-opacity":"","overlay-gradient":""},"mobile":{"background-color":"","background-image":"","background-repeat":"repeat","background-position":"center center","background-size":"auto","background-attachment":"scroll","background-type":"","background-media":"","overlay-type":"","overlay-color":"","overlay-opacity":"","overlay-gradient":""}},"ast-content-background-meta":{"desktop":{"background-color":"var(--ast-global-color-5)","background-image":"","background-repeat":"repeat","background-position":"center center","background-size":"auto","background-attachment":"scroll","background-type":"","background-media":"","overlay-type":"","overlay-color":"","overlay-opacity":"","overlay-gradient":""},"tablet":{"background-color":"var(--ast-global-color-5)","background-image":"","background-repeat":"repeat","background-position":"center center","background-size":"auto","background-attachment":"scroll","background-type":"","background-media":"","overlay-type":"","overlay-color":"","overlay-opacity":"","overlay-gradient":""},"mobile":{"background-color":"var(--ast-global-color-5)","background-image":"","background-repeat":"repeat","background-position":"center center","background-size":"auto","background-attachment":"scroll","background-type":"","background-media":"","overlay-type":"","overlay-color":"","overlay-opacity":"","overlay-gradient":""}},"footnotes":""},"class_list":["post-10391","page","type-page","status-publish","hentry"],"post_mailing_queue_ids":[],"_links":{"self":[{"href":"https:\/\/agora.xtec.cat\/iesvallvera\/wp-json\/wp\/v2\/pages\/10391","targetHints":{"allow":["GET"]}}],"collection":[{"href":"https:\/\/agora.xtec.cat\/iesvallvera\/wp-json\/wp\/v2\/pages"}],"about":[{"href":"https:\/\/agora.xtec.cat\/iesvallvera\/wp-json\/wp\/v2\/types\/page"}],"author":[{"embeddable":true,"href":"https:\/\/agora.xtec.cat\/iesvallvera\/wp-json\/wp\/v2\/users\/4"}],"replies":[{"embeddable":true,"href":"https:\/\/agora.xtec.cat\/iesvallvera\/wp-json\/wp\/v2\/comments?post=10391"}],"version-history":[{"count":0,"href":"https:\/\/agora.xtec.cat\/iesvallvera\/wp-json\/wp\/v2\/pages\/10391\/revisions"}],"up":[{"embeddable":true,"href":"https:\/\/agora.xtec.cat\/iesvallvera\/wp-json\/wp\/v2\/pages\/245"}],"wp:attachment":[{"href":"https:\/\/agora.xtec.cat\/iesvallvera\/wp-json\/wp\/v2\/media?parent=10391"}],"curies":[{"name":"wp","href":"https:\/\/api.w.org\/{rel}","templated":true}]}}