{"id":10386,"date":"2017-04-12T19:24:06","date_gmt":"2017-04-12T17:24:06","guid":{"rendered":"http:\/\/iesvallvera.cat\/?page_id=216"},"modified":"2026-03-09T14:42:35","modified_gmt":"2026-03-09T13:42:35","slug":"alumnat","status":"publish","type":"page","link":"https:\/\/agora.xtec.cat\/iesvallvera\/alumnat\/","title":{"rendered":"Alumnat"},"content":{"rendered":"\r\n<div class=\"wp-block-group is-layout-flow wp-block-group-is-layout-flow\">\r\n<div class=\"wp-block-columns is-layout-flex wp-container-core-columns-is-layout-1 wp-block-columns-is-layout-flex\">\r\n<div class=\"wp-block-column is-layout-flow wp-block-column-is-layout-flow\" style=\"flex-basis: 100%;\">\r\n<p>Utilitzeu el men\u00fa de l&#8217;esquerra per accedir a les informacions dels diferents estudis.<\/p>\r\n<hr \/>\r\n<p style=\"text-align: left;\"><span style=\"color: #800000;\">PLA D&#8217;EMERG\u00c8NCIA:<\/span><\/p>\r\n<ul>\r\n<li style=\"text-align: left;\"><span style=\"color: #000000;\"><a style=\"color: #000000;\" href=\"https:\/\/docs.google.com\/document\/d\/1ResQjvWCposZP718n5zkGYq8JdXoh3lI3pqqSXB6b4U\/edit?usp=sharing\" target=\"_blank\" rel=\"noopener\">Instruccions<\/a><\/span><\/li>\r\n<li><span style=\"color: #000000;\"><a style=\"color: #000000;\" href=\"https:\/\/drive.google.com\/file\/d\/1ANDAyuJ_j-QoUfxX_aV221d-ChZBzuyE\/view?usp=sharing\" target=\"_blank\" rel=\"noopener\">Infografia<\/a>\u00a0<\/span><\/li>\r\n<\/ul>\r\n<hr \/>\r\n<p><span style=\"text-decoration: underline; color: #800000;\"><a style=\"color: #800000; text-decoration: underline;\" href=\"https:\/\/drive.google.com\/file\/d\/1gcv5pO0Aon6nl9dC867cUJnLabF_61pz\/view?usp=sharing\" target=\"_blank\" rel=\"noopener\">JUSTIFICANT<\/a><\/span><span style=\"text-decoration: underline; color: #800000;\"><a style=\"color: #800000; text-decoration: underline;\" href=\"https:\/\/drive.google.com\/file\/d\/1gcv5pO0Aon6nl9dC867cUJnLabF_61pz\/view?usp=sharing\" target=\"_blank\" rel=\"noopener\"> D&#8217;ABS\u00c8NCIES<\/a><\/span><\/p>\r\n<hr \/>\r\n<p><span style=\"color: #800000;\">DOCUMENTACI\u00d3 SOBRE VAGA:<\/span><\/p>\r\n<ul>\r\n<li><span style=\"color: #000000;\"><a style=\"color: #000000;\" href=\"https:\/\/docs.google.com\/document\/d\/1sw0DbwGiBx6FlogidgD1Sd97JWyoefQuWU91Fj4_j5Q\/edit?usp=sharing\" target=\"_blank\" rel=\"noopener\">Nota informativa per a les fam\u00edlies<\/a><\/span><\/li>\r\n<li><span style=\"color: #000000;\"><a style=\"color: #000000;\" href=\"https:\/\/agora.xtec.cat\/iesvallvera\/wp-content\/uploads\/usu783\/2017\/04\/Vaga_graella_alumnat_batxillerat.pdf\" target=\"_blank\" rel=\"noopener\">Comunicat de classe amb graella de signatures<\/a><\/span><\/li>\r\n<li><span style=\"color: #000000;\"><a style=\"color: #000000;\" href=\"https:\/\/docs.google.com\/document\/d\/1WzWexu18GL0axSebNxj2PD4WzVDz1nWQpb9zH8xO4MA\/edit?usp=sharing\" target=\"_blank\" rel=\"noopener\">La vaga a les NOFC<\/a><\/span><\/li>\r\n<\/ul>\r\n<hr \/>\r\n<p><span style=\"color: #800000;\"><a style=\"color: #800000;\" href=\"https:\/\/drive.google.com\/file\/d\/1BVsBT415oDZvj8Ejsyh9hF0VQtJApo-f\/view?usp=sharing\" target=\"_blank\" rel=\"noopener\">Carnet d&#8217;estudiant<\/a><\/span><\/p>\r\n\r\n\r\n<\/div>\r\n<\/div>\r\n<\/div>\r\n","protected":false},"excerpt":{"rendered":"<p>Utilitzeu el men\u00fa de l&#8217;esquerra per accedir a les informacions dels diferents estudis. PLA D&#8217;EMERG\u00c8NCIA: Instruccions Infografia\u00a0 JUSTIFICANT D&#8217;ABS\u00c8NCIES DOCUMENTACI\u00d3 SOBRE VAGA: Nota informativa per a les fam\u00edlies Comunicat de classe amb graella de signatures La vaga a les NOFC Carnet d&#8217;estudiant<\/p>\n","protected":false},"author":4,"featured_media":0,"parent":0,"menu_order":0,"comment_status":"closed","ping_status":"closed","template":"page-templates\/side-menu.php","meta":{"_bbp_topic_count":0,"_bbp_reply_count":0,"_bbp_total_topic_count":0,"_bbp_total_reply_count":0,"_bbp_voice_count":0,"_bbp_anonymous_reply_count":0,"_bbp_topic_count_hidden":0,"_bbp_reply_count_hidden":0,"_bbp_forum_subforum_count":0,"site-sidebar-layout":"default","site-content-layout":"","ast-site-content-layout":"","site-content-style":"default","site-sidebar-style":"default","ast-global-header-display":"","ast-banner-title-visibility":"","ast-main-header-display":"","ast-hfb-above-header-display":"","ast-hfb-below-header-display":"","ast-hfb-mobile-header-display":"","site-post-title":"","ast-breadcrumbs-content":"","ast-featured-img":"","footer-sml-layout":"","theme-transparent-header-meta":"","adv-header-id-meta":"","stick-header-meta":"","header-above-stick-meta":"","header-main-stick-meta":"","header-below-stick-meta":"","astra-migrate-meta-layouts":"default","ast-page-background-enabled":"default","ast-page-background-meta":{"desktop":{"background-color":"var(--ast-global-color-4)","background-image":"","background-repeat":"repeat","background-position":"center center","background-size":"auto","background-attachment":"scroll","background-type":"","background-media":"","overlay-type":"","overlay-color":"","overlay-opacity":"","overlay-gradient":""},"tablet":{"background-color":"","background-image":"","background-repeat":"repeat","background-position":"center center","background-size":"auto","background-attachment":"scroll","background-type":"","background-media":"","overlay-type":"","overlay-color":"","overlay-opacity":"","overlay-gradient":""},"mobile":{"background-color":"","background-image":"","background-repeat":"repeat","background-position":"center center","background-size":"auto","background-attachment":"scroll","background-type":"","background-media":"","overlay-type":"","overlay-color":"","overlay-opacity":"","overlay-gradient":""}},"ast-content-background-meta":{"desktop":{"background-color":"var(--ast-global-color-5)","background-image":"","background-repeat":"repeat","background-position":"center center","background-size":"auto","background-attachment":"scroll","background-type":"","background-media":"","overlay-type":"","overlay-color":"","overlay-opacity":"","overlay-gradient":""},"tablet":{"background-color":"var(--ast-global-color-5)","background-image":"","background-repeat":"repeat","background-position":"center center","background-size":"auto","background-attachment":"scroll","background-type":"","background-media":"","overlay-type":"","overlay-color":"","overlay-opacity":"","overlay-gradient":""},"mobile":{"background-color":"var(--ast-global-color-5)","background-image":"","background-repeat":"repeat","background-position":"center center","background-size":"auto","background-attachment":"scroll","background-type":"","background-media":"","overlay-type":"","overlay-color":"","overlay-opacity":"","overlay-gradient":""}},"footnotes":""},"class_list":["post-10386","page","type-page","status-publish","hentry"],"post_mailing_queue_ids":[],"_links":{"self":[{"href":"https:\/\/agora.xtec.cat\/iesvallvera\/wp-json\/wp\/v2\/pages\/10386","targetHints":{"allow":["GET"]}}],"collection":[{"href":"https:\/\/agora.xtec.cat\/iesvallvera\/wp-json\/wp\/v2\/pages"}],"about":[{"href":"https:\/\/agora.xtec.cat\/iesvallvera\/wp-json\/wp\/v2\/types\/page"}],"author":[{"embeddable":true,"href":"https:\/\/agora.xtec.cat\/iesvallvera\/wp-json\/wp\/v2\/users\/4"}],"replies":[{"embeddable":true,"href":"https:\/\/agora.xtec.cat\/iesvallvera\/wp-json\/wp\/v2\/comments?post=10386"}],"version-history":[{"count":6,"href":"https:\/\/agora.xtec.cat\/iesvallvera\/wp-json\/wp\/v2\/pages\/10386\/revisions"}],"predecessor-version":[{"id":10970,"href":"https:\/\/agora.xtec.cat\/iesvallvera\/wp-json\/wp\/v2\/pages\/10386\/revisions\/10970"}],"wp:attachment":[{"href":"https:\/\/agora.xtec.cat\/iesvallvera\/wp-json\/wp\/v2\/media?parent=10386"}],"curies":[{"name":"wp","href":"https:\/\/api.w.org\/{rel}","templated":true}]}}