{"id":10364,"date":"2017-03-21T18:38:57","date_gmt":"2017-03-21T17:38:57","guid":{"rendered":"http:\/\/iesvallvera.cat\/?page_id=129"},"modified":"2017-03-21T18:38:57","modified_gmt":"2017-03-21T17:38:57","slug":"mediacio","status":"publish","type":"page","link":"https:\/\/agora.xtec.cat\/iesvallvera\/serveis\/mediacio\/","title":{"rendered":"Mediaci\u00f3"},"content":{"rendered":"<p align=\"justify\"><span style=\"text-decoration: underline;\"><span style=\"color: #808080;\"><strong>Tens algun problema amb alg\u00fa?\u00a0T\u2019agradaria parlar-ne? Creus que aix\u00ed estar\u00edem tots\/es m\u00e9s tranquils?<\/strong><\/span><\/span><\/p>\n<p align=\"justify\">A l\u2019institut Vallvera vetllem perqu\u00e8 hi hagi una bona conviv\u00e8ncia entre tot\u00a0l\u2019alumnat\u00a0i per aquest motiu, un dels recursos que s\u2019ofereix \u00e9s la mediaci\u00f3 entre iguals.<\/p>\n<p align=\"justify\">La mediaci\u00f3 \u00e9s una eina que ens\u00a0ajuda a aprendre a resoldre els conflictes assertivament.<\/p>\n<p align=\"justify\">Les mediacions les duen a terme alumnat, format pr\u00e8viament, de 3r, 4t\u00a0ESO, batxillerat (amb el recolzament de les coordinadores del projecte) i CFGS\u00a0d\u2019Integraci\u00f3\u00a0Social.<\/p>\n<p>Podeu fer-nos una petici\u00f3 a trav\u00e9s d&#8217;<a href=\"https:\/\/forms.gle\/YgSpehvrcCofyjcr9\">aquest formulari.<\/a><\/p>\n\n\n<p><\/p>\n","protected":false},"excerpt":{"rendered":"<p>Tens algun problema amb alg\u00fa?\u00a0T\u2019agradaria parlar-ne? Creus que aix\u00ed estar\u00edem tots\/es m\u00e9s tranquils? A l\u2019institut Vallvera vetllem perqu\u00e8 hi hagi una bona conviv\u00e8ncia entre tot\u00a0l\u2019alumnat\u00a0i per aquest motiu, un dels recursos que s\u2019ofereix \u00e9s la mediaci\u00f3 entre iguals. La mediaci\u00f3 \u00e9s una eina que ens\u00a0ajuda a aprendre a resoldre els conflictes assertivament. Les mediacions les [&hellip;]<\/p>\n","protected":false},"author":4,"featured_media":0,"parent":151,"menu_order":0,"comment_status":"closed","ping_status":"closed","template":"","meta":{"_bbp_topic_count":0,"_bbp_reply_count":0,"_bbp_total_topic_count":0,"_bbp_total_reply_count":0,"_bbp_voice_count":0,"_bbp_anonymous_reply_count":0,"_bbp_topic_count_hidden":0,"_bbp_reply_count_hidden":0,"_bbp_forum_subforum_count":0,"site-sidebar-layout":"default","site-content-layout":"","ast-site-content-layout":"","site-content-style":"default","site-sidebar-style":"default","ast-global-header-display":"","ast-banner-title-visibility":"","ast-main-header-display":"","ast-hfb-above-header-display":"","ast-hfb-below-header-display":"","ast-hfb-mobile-header-display":"","site-post-title":"","ast-breadcrumbs-content":"","ast-featured-img":"","footer-sml-layout":"","theme-transparent-header-meta":"","adv-header-id-meta":"","stick-header-meta":"","header-above-stick-meta":"","header-main-stick-meta":"","header-below-stick-meta":"","astra-migrate-meta-layouts":"default","ast-page-background-enabled":"default","ast-page-background-meta":{"desktop":{"background-color":"var(--ast-global-color-4)","background-image":"","background-repeat":"repeat","background-position":"center center","background-size":"auto","background-attachment":"scroll","background-type":"","background-media":"","overlay-type":"","overlay-color":"","overlay-opacity":"","overlay-gradient":""},"tablet":{"background-color":"","background-image":"","background-repeat":"repeat","background-position":"center center","background-size":"auto","background-attachment":"scroll","background-type":"","background-media":"","overlay-type":"","overlay-color":"","overlay-opacity":"","overlay-gradient":""},"mobile":{"background-color":"","background-image":"","background-repeat":"repeat","background-position":"center center","background-size":"auto","background-attachment":"scroll","background-type":"","background-media":"","overlay-type":"","overlay-color":"","overlay-opacity":"","overlay-gradient":""}},"ast-content-background-meta":{"desktop":{"background-color":"var(--ast-global-color-5)","background-image":"","background-repeat":"repeat","background-position":"center center","background-size":"auto","background-attachment":"scroll","background-type":"","background-media":"","overlay-type":"","overlay-color":"","overlay-opacity":"","overlay-gradient":""},"tablet":{"background-color":"var(--ast-global-color-5)","background-image":"","background-repeat":"repeat","background-position":"center center","background-size":"auto","background-attachment":"scroll","background-type":"","background-media":"","overlay-type":"","overlay-color":"","overlay-opacity":"","overlay-gradient":""},"mobile":{"background-color":"var(--ast-global-color-5)","background-image":"","background-repeat":"repeat","background-position":"center center","background-size":"auto","background-attachment":"scroll","background-type":"","background-media":"","overlay-type":"","overlay-color":"","overlay-opacity":"","overlay-gradient":""}},"footnotes":""},"class_list":["post-10364","page","type-page","status-publish","hentry"],"post_mailing_queue_ids":[],"_links":{"self":[{"href":"https:\/\/agora.xtec.cat\/iesvallvera\/wp-json\/wp\/v2\/pages\/10364","targetHints":{"allow":["GET"]}}],"collection":[{"href":"https:\/\/agora.xtec.cat\/iesvallvera\/wp-json\/wp\/v2\/pages"}],"about":[{"href":"https:\/\/agora.xtec.cat\/iesvallvera\/wp-json\/wp\/v2\/types\/page"}],"author":[{"embeddable":true,"href":"https:\/\/agora.xtec.cat\/iesvallvera\/wp-json\/wp\/v2\/users\/4"}],"replies":[{"embeddable":true,"href":"https:\/\/agora.xtec.cat\/iesvallvera\/wp-json\/wp\/v2\/comments?post=10364"}],"version-history":[{"count":0,"href":"https:\/\/agora.xtec.cat\/iesvallvera\/wp-json\/wp\/v2\/pages\/10364\/revisions"}],"up":[{"embeddable":true,"href":"https:\/\/agora.xtec.cat\/iesvallvera\/wp-json\/wp\/v2\/pages\/151"}],"wp:attachment":[{"href":"https:\/\/agora.xtec.cat\/iesvallvera\/wp-json\/wp\/v2\/media?parent=10364"}],"curies":[{"name":"wp","href":"https:\/\/api.w.org\/{rel}","templated":true}]}}