{"id":10362,"date":"2017-03-21T13:55:40","date_gmt":"2017-03-21T12:55:40","guid":{"rendered":"http:\/\/iesvallvera.cat\/?page_id=114"},"modified":"2023-11-22T08:55:11","modified_gmt":"2023-11-22T07:55:11","slug":"beques","status":"publish","type":"page","link":"https:\/\/agora.xtec.cat\/iesvallvera\/secretaria\/beques\/","title":{"rendered":"Beques"},"content":{"rendered":"\r\n<p style=\"font-size: 15px;\"><span class=\"has-inline-color\" style=\"color: #696666;\"><span style=\"text-decoration: underline;\">Es pot gestionar a trav\u00e9s de l&#8217;enlla\u00e7 del <strong>Ministerio<\/strong>:<\/span><\/span><\/p>\r\n\r\n\r\n\r\n<p style=\"font-size: 15px;\">&#8211; La sol\u00b7licitud es complimentar\u00e0 mitjan\u00e7ant el formulari accessible per via telem\u00e0tica a trav\u00e9s de\u00a0<a href=\"https:\/\/sede.educacion.gob.es\/\" target=\"_blank\" rel=\"noreferrer noopener\">https:\/\/sede.educacion.gob.es<\/a>\u00a0a l\u2019apartat corresponent a \u201cTramites y\u00a0 Servicios\u201d o a la direcci\u00f3 electr\u00f2nica\u00a0<a href=\"http:\/\/www.mecd.gob.es\/\" target=\"_blank\" rel=\"noreferrer noopener\">www.mecd.gob.es<\/a><\/p>\r\n\r\n\r\n\r\n<p style=\"font-size: 15px;\"><span class=\"has-inline-color\" style=\"color: #696666;\"><span style=\"text-decoration: underline;\">Tamb\u00e9 es pot gestionar a trav\u00e9s de la\u00a0web\u00a0d&#8217;<strong>Educaci\u00f3<\/strong>:<\/span><\/span><\/p>\r\n\r\n\r\n\r\n<p style=\"font-size: 15px;\">&#8211; Els ajuts per a alumnes amb necessitat espec\u00edfica de suport educatiu, accedir:\u00a0<a href=\"https:\/\/educacio.gencat.cat\/ca\/tramits\/tramits-temes\/358-ajuts-ministerio-NEE\" target=\"_blank\" rel=\"noreferrer noopener\">https:\/\/educacio.gencat.cat\/ca\/tramits\/tramits-temes\/358-ajuts-ministerio-NEE<\/a><\/p>\r\n\r\n\r\n\r\n<p style=\"font-size: 15px;\">A l&#8217;apartat de &#8220;<em>Sol\u00b7licitar l&#8217;ajut<\/em>&#8220;.-Les beques per a ensenyaments postobligatoris no universitaris, accedir: <a href=\"https:\/\/educacio.gencat.cat\/ca\/tramits\/tramits-temes\/247-beques-ministerio-postobligatoris?category=7449fd1c-a82c-11e3-a972-000c29052e2c\" target=\"_blank\" rel=\"noreferrer noopener\">https:\/\/educacio.gencat.cat\/ca\/tramits\/tramits-temes\/247-beques-ministerio-postobligatoris?category=7449fd1c-a82c-11e3-a972-000c29052e2c<\/a>\u00a0 a l&#8217;apartat de &#8220;<em>Sol\u00b7licitar la beca<\/em>&#8220;.<\/p>\r\n\r\n\r\n\r\n<p>&nbsp;<\/p>\r\n","protected":false},"excerpt":{"rendered":"<p>Es pot gestionar a trav\u00e9s de l&#8217;enlla\u00e7 del Ministerio: &#8211; La sol\u00b7licitud es complimentar\u00e0 mitjan\u00e7ant el formulari accessible per via telem\u00e0tica a trav\u00e9s de\u00a0https:\/\/sede.educacion.gob.es\u00a0a l\u2019apartat corresponent a \u201cTramites y\u00a0 Servicios\u201d o a la direcci\u00f3 electr\u00f2nica\u00a0www.mecd.gob.es Tamb\u00e9 es pot gestionar a trav\u00e9s de la\u00a0web\u00a0d&#8217;Educaci\u00f3: &#8211; Els ajuts per a alumnes amb necessitat espec\u00edfica de suport educatiu, [&hellip;]<\/p>\n","protected":false},"author":4,"featured_media":0,"parent":91,"menu_order":4,"comment_status":"closed","ping_status":"closed","template":"page-templates\/side-menu.php","meta":{"_bbp_topic_count":0,"_bbp_reply_count":0,"_bbp_total_topic_count":0,"_bbp_total_reply_count":0,"_bbp_voice_count":0,"_bbp_anonymous_reply_count":0,"_bbp_topic_count_hidden":0,"_bbp_reply_count_hidden":0,"_bbp_forum_subforum_count":0,"site-sidebar-layout":"default","site-content-layout":"","ast-site-content-layout":"","site-content-style":"default","site-sidebar-style":"default","ast-global-header-display":"","ast-banner-title-visibility":"","ast-main-header-display":"","ast-hfb-above-header-display":"","ast-hfb-below-header-display":"","ast-hfb-mobile-header-display":"","site-post-title":"","ast-breadcrumbs-content":"","ast-featured-img":"","footer-sml-layout":"","theme-transparent-header-meta":"","adv-header-id-meta":"","stick-header-meta":"","header-above-stick-meta":"","header-main-stick-meta":"","header-below-stick-meta":"","astra-migrate-meta-layouts":"default","ast-page-background-enabled":"default","ast-page-background-meta":{"desktop":{"background-color":"var(--ast-global-color-4)","background-image":"","background-repeat":"repeat","background-position":"center center","background-size":"auto","background-attachment":"scroll","background-type":"","background-media":"","overlay-type":"","overlay-color":"","overlay-opacity":"","overlay-gradient":""},"tablet":{"background-color":"","background-image":"","background-repeat":"repeat","background-position":"center center","background-size":"auto","background-attachment":"scroll","background-type":"","background-media":"","overlay-type":"","overlay-color":"","overlay-opacity":"","overlay-gradient":""},"mobile":{"background-color":"","background-image":"","background-repeat":"repeat","background-position":"center center","background-size":"auto","background-attachment":"scroll","background-type":"","background-media":"","overlay-type":"","overlay-color":"","overlay-opacity":"","overlay-gradient":""}},"ast-content-background-meta":{"desktop":{"background-color":"var(--ast-global-color-5)","background-image":"","background-repeat":"repeat","background-position":"center center","background-size":"auto","background-attachment":"scroll","background-type":"","background-media":"","overlay-type":"","overlay-color":"","overlay-opacity":"","overlay-gradient":""},"tablet":{"background-color":"var(--ast-global-color-5)","background-image":"","background-repeat":"repeat","background-position":"center center","background-size":"auto","background-attachment":"scroll","background-type":"","background-media":"","overlay-type":"","overlay-color":"","overlay-opacity":"","overlay-gradient":""},"mobile":{"background-color":"var(--ast-global-color-5)","background-image":"","background-repeat":"repeat","background-position":"center center","background-size":"auto","background-attachment":"scroll","background-type":"","background-media":"","overlay-type":"","overlay-color":"","overlay-opacity":"","overlay-gradient":""}},"footnotes":""},"class_list":["post-10362","page","type-page","status-publish","hentry"],"post_mailing_queue_ids":[],"_links":{"self":[{"href":"https:\/\/agora.xtec.cat\/iesvallvera\/wp-json\/wp\/v2\/pages\/10362","targetHints":{"allow":["GET"]}}],"collection":[{"href":"https:\/\/agora.xtec.cat\/iesvallvera\/wp-json\/wp\/v2\/pages"}],"about":[{"href":"https:\/\/agora.xtec.cat\/iesvallvera\/wp-json\/wp\/v2\/types\/page"}],"author":[{"embeddable":true,"href":"https:\/\/agora.xtec.cat\/iesvallvera\/wp-json\/wp\/v2\/users\/4"}],"replies":[{"embeddable":true,"href":"https:\/\/agora.xtec.cat\/iesvallvera\/wp-json\/wp\/v2\/comments?post=10362"}],"version-history":[{"count":1,"href":"https:\/\/agora.xtec.cat\/iesvallvera\/wp-json\/wp\/v2\/pages\/10362\/revisions"}],"predecessor-version":[{"id":11031,"href":"https:\/\/agora.xtec.cat\/iesvallvera\/wp-json\/wp\/v2\/pages\/10362\/revisions\/11031"}],"up":[{"embeddable":true,"href":"https:\/\/agora.xtec.cat\/iesvallvera\/wp-json\/wp\/v2\/pages\/91"}],"wp:attachment":[{"href":"https:\/\/agora.xtec.cat\/iesvallvera\/wp-json\/wp\/v2\/media?parent=10362"}],"curies":[{"name":"wp","href":"https:\/\/api.w.org\/{rel}","templated":true}]}}