{"id":10358,"date":"2017-03-21T13:34:25","date_gmt":"2017-03-21T12:34:25","guid":{"rendered":"http:\/\/iesvallvera.cat\/?page_id=94"},"modified":"2026-04-14T10:30:59","modified_gmt":"2026-04-14T08:30:59","slug":"preinscripcio-i-matricula","status":"publish","type":"page","link":"https:\/\/agora.xtec.cat\/iesvallvera\/secretaria\/preinscripcio-i-matricula\/","title":{"rendered":"Preinscripci\u00f3 i matr\u00edcula"},"content":{"rendered":"\n<p><p>Consulta la Web del departament d&#8217;Educaci\u00f3 <a href=\"https:\/\/preinscripcio.gencat.cat\/ca\/inici\/\" target=\"_blank\" rel=\"noreferrer noopener\">aqu\u00ed<\/a>.<\/p>\n<p><strong><span style=\"color: #800000;\">2026\/27<\/span><\/strong><\/p><\/p>\n\n\n<p><a href=\"https:\/\/agora.xtec.cat\/iesvallvera\/secretaria\/preinscripcio-i-matricula\/preinscripcio-i-matricula-cfgm\/\">Preinscripci\u00f3 i matr\u00edcula de cicles FP de <strong>Grau Mitj\u00e0 2026-27<\/strong><\/a><\/p>\n<p><a href=\"https:\/\/agora.xtec.cat\/iesvallvera\/secretaria\/preinscripcio-i-matricula\/preinscripcio-i-matricula-cfgs\/\" target=\"_blank\" rel=\"noreferrer noopener\">Preinscripci\u00f3 i matr\u00edcula de cicles FP de <strong>Grau Superior 2026-27<\/strong><\/a><\/p>\n<p><a href=\"https:\/\/agora.xtec.cat\/iesvallvera\/secretaria\/preinscripcio-i-matricula\/preinscripcio-i-matricula-fpb\/\" target=\"_blank\" rel=\"noopener\">Preinscripci\u00f3 i matr\u00edcula de cicles FP de\u00a0<strong>Grau B\u00e0sic 2026-27<\/strong><\/a><\/p>\n<p><a href=\"https:\/\/agora.xtec.cat\/iesvallvera\/secretaria\/preinscripcio-i-matricula\/preinscripcio-i-matricula-eso\/\">Preinscripci\u00f3 i matr\u00edcula d&#8217;<strong>ESO 2026-27<\/strong><\/a><\/p>\n<p><a href=\"https:\/\/agora.xtec.cat\/iesvallvera\/secretaria\/preinscripcio-i-matricula\/preinscripcio-i-matricula-batxillerat\/\">Preinscripci\u00f3 i matr\u00edcula de\u00a0<strong>Batxillerat 2026-27<\/strong><\/a><\/p>\n<table>\n<tbody>\n<tr>\n<td>\n<p><b><a href=\"https:\/\/agora.xtec.cat\/iesvallvera\/wp-content\/uploads\/usu783\/2024\/03\/idcat.png\"><img loading=\"lazy\" decoding=\"async\" class=\"aligncenter  wp-image-11432\" src=\"https:\/\/agora.xtec.cat\/iesvallvera\/wp-content\/uploads\/usu783\/2024\/03\/idcat.png\" alt=\"\" width=\"73\" height=\"105\" \/><\/a><\/b><\/p>\n<\/td>\n<td>\n<p><b>Si encara no ho has fet, dona&#8217;t d&#8217;alta a l&#8217;idCAT M\u00f2bil<\/b><\/p>\n<p>Per donar-te d\u2019alta a l\u2019 <i>IdCAT M\u00f2bil<\/i> clica <strong><a href=\"https:\/\/idcatmobil.seu.cat\/\">aqu\u00ed<\/a><\/strong> i segueix tots els passos que t\u2019indiquen.<\/p>\n<\/td>\n<\/tr>\n<\/tbody>\n<\/table>","protected":false},"excerpt":{"rendered":"<p>Consulta la Web del departament d&#8217;Educaci\u00f3 aqu\u00ed. 2026\/27 Preinscripci\u00f3 i matr\u00edcula de cicles FP de Grau Mitj\u00e0 2026-27 Preinscripci\u00f3 i matr\u00edcula de cicles FP de Grau Superior 2026-27 Preinscripci\u00f3 i matr\u00edcula de cicles FP de\u00a0Grau B\u00e0sic 2026-27 Preinscripci\u00f3 i matr\u00edcula d&#8217;ESO 2026-27 Preinscripci\u00f3 i matr\u00edcula de\u00a0Batxillerat 2026-27 Si encara no ho has fet, dona&#8217;t d&#8217;alta [&hellip;]<\/p>\n","protected":false},"author":4,"featured_media":0,"parent":91,"menu_order":0,"comment_status":"closed","ping_status":"closed","template":"","meta":{"_bbp_topic_count":0,"_bbp_reply_count":0,"_bbp_total_topic_count":0,"_bbp_total_reply_count":0,"_bbp_voice_count":0,"_bbp_anonymous_reply_count":0,"_bbp_topic_count_hidden":0,"_bbp_reply_count_hidden":0,"_bbp_forum_subforum_count":0,"site-sidebar-layout":"default","site-content-layout":"","ast-site-content-layout":"default","site-content-style":"default","site-sidebar-style":"default","ast-global-header-display":"","ast-banner-title-visibility":"","ast-main-header-display":"","ast-hfb-above-header-display":"","ast-hfb-below-header-display":"","ast-hfb-mobile-header-display":"","site-post-title":"","ast-breadcrumbs-content":"","ast-featured-img":"","footer-sml-layout":"","theme-transparent-header-meta":"","adv-header-id-meta":"","stick-header-meta":"","header-above-stick-meta":"","header-main-stick-meta":"","header-below-stick-meta":"","astra-migrate-meta-layouts":"set","ast-page-background-enabled":"default","ast-page-background-meta":{"desktop":{"background-color":"var(--ast-global-color-4)","background-image":"","background-repeat":"repeat","background-position":"center center","background-size":"auto","background-attachment":"scroll","background-type":"","background-media":"","overlay-type":"","overlay-color":"","overlay-opacity":"","overlay-gradient":""},"tablet":{"background-color":"","background-image":"","background-repeat":"repeat","background-position":"center center","background-size":"auto","background-attachment":"scroll","background-type":"","background-media":"","overlay-type":"","overlay-color":"","overlay-opacity":"","overlay-gradient":""},"mobile":{"background-color":"","background-image":"","background-repeat":"repeat","background-position":"center center","background-size":"auto","background-attachment":"scroll","background-type":"","background-media":"","overlay-type":"","overlay-color":"","overlay-opacity":"","overlay-gradient":""}},"ast-content-background-meta":{"desktop":{"background-color":"var(--ast-global-color-5)","background-image":"","background-repeat":"repeat","background-position":"center center","background-size":"auto","background-attachment":"scroll","background-type":"","background-media":"","overlay-type":"","overlay-color":"","overlay-opacity":"","overlay-gradient":""},"tablet":{"background-color":"var(--ast-global-color-5)","background-image":"","background-repeat":"repeat","background-position":"center center","background-size":"auto","background-attachment":"scroll","background-type":"","background-media":"","overlay-type":"","overlay-color":"","overlay-opacity":"","overlay-gradient":""},"mobile":{"background-color":"var(--ast-global-color-5)","background-image":"","background-repeat":"repeat","background-position":"center center","background-size":"auto","background-attachment":"scroll","background-type":"","background-media":"","overlay-type":"","overlay-color":"","overlay-opacity":"","overlay-gradient":""}},"footnotes":""},"class_list":["post-10358","page","type-page","status-publish","hentry"],"post_mailing_queue_ids":[],"_links":{"self":[{"href":"https:\/\/agora.xtec.cat\/iesvallvera\/wp-json\/wp\/v2\/pages\/10358","targetHints":{"allow":["GET"]}}],"collection":[{"href":"https:\/\/agora.xtec.cat\/iesvallvera\/wp-json\/wp\/v2\/pages"}],"about":[{"href":"https:\/\/agora.xtec.cat\/iesvallvera\/wp-json\/wp\/v2\/types\/page"}],"author":[{"embeddable":true,"href":"https:\/\/agora.xtec.cat\/iesvallvera\/wp-json\/wp\/v2\/users\/4"}],"replies":[{"embeddable":true,"href":"https:\/\/agora.xtec.cat\/iesvallvera\/wp-json\/wp\/v2\/comments?post=10358"}],"version-history":[{"count":6,"href":"https:\/\/agora.xtec.cat\/iesvallvera\/wp-json\/wp\/v2\/pages\/10358\/revisions"}],"predecessor-version":[{"id":13208,"href":"https:\/\/agora.xtec.cat\/iesvallvera\/wp-json\/wp\/v2\/pages\/10358\/revisions\/13208"}],"up":[{"embeddable":true,"href":"https:\/\/agora.xtec.cat\/iesvallvera\/wp-json\/wp\/v2\/pages\/91"}],"wp:attachment":[{"href":"https:\/\/agora.xtec.cat\/iesvallvera\/wp-json\/wp\/v2\/media?parent=10358"}],"curies":[{"name":"wp","href":"https:\/\/api.w.org\/{rel}","templated":true}]}}