{"id":999,"date":"2016-08-04T05:15:14","date_gmt":"2016-08-04T04:15:14","guid":{"rendered":"http:\/\/agora.xtec.cat\/iesvallhebron\/?page_id=999"},"modified":"2023-05-30T10:46:28","modified_gmt":"2023-05-30T08:46:28","slug":"batxillerat-de-ciencies-socials","status":"publish","type":"page","link":"https:\/\/agora.xtec.cat\/iesvallhebron\/estudis\/batxillerat\/batxillerat-de-ciencies-socials\/","title":{"rendered":"Batxillerat de Ci\u00e8ncies socials"},"content":{"rendered":"<p><img decoding=\"async\" class=\"alignright\" src=\"http:\/\/www.insvallhebron.cat\/local\/cache-vignettes\/L200xH170\/arton154-0f4ca.jpg\" \/><\/p>\n<table>\n<tbody>\n<tr>\n<td style=\"text-align: center;\">Presentaci\u00f3 del Departament de Ci\u00e8ncies Socials<\/td>\n<\/tr>\n<tr>\n<td><iframe loading=\"lazy\" title=\"YouTube video player\" src=\"\/\/www.youtube.com\/embed\/2b5Dkoa04Gc\" width=\"740\" height=\"416\" frameborder=\"0\" allowfullscreen=\"allowfullscreen\"><\/iframe><\/td>\n<\/tr>\n<\/tbody>\n<\/table>\n<p><span style=\"text-decoration: underline;\">A primer de Batxillerat<\/span>, s&#8217;estudien\u00a0les seg\u00fcents <strong>mat\u00e8ries comunes<\/strong>:<\/p>\n<ul>\n<li>Llengua catalana i literatura<\/li>\n<li>Llengua castellana i literatura<\/li>\n<li>Llengua estrangera: Angl\u00e8s<\/li>\n<li>Educaci\u00f3 f\u00edsica<\/li>\n<li>Filosofia<\/li>\n<li>Tutoria<\/li>\n<\/ul>\n<p>A m\u00e9s,\u00a0l\u2019alumnat de l\u2019itinerari de <strong>Ci\u00e8ncies socials<\/strong> fa les <strong>mat\u00e8ries de modalitat<\/strong>:<\/p>\n<ul class=\"spip\">\n<li>Matem\u00e0tiques aplicades a les ci\u00e8ncies socials<\/li>\n<li>Economia<\/li>\n<li>Hist\u00f2ria del m\u00f3n contemporani<\/li>\n<li>Funcionament de l&#8217;empresa<\/li>\n<li>Problem\u00e0tiques socials<\/li>\n<li>Psicologia<\/li>\n<li>Recerca i an\u00e0lisi d&#8217;informaci\u00f3<\/li>\n<\/ul>\n<p><span style=\"text-decoration: underline;\">A segon\u00a0de Batxillerat<\/span>, al curs 2022-2023, s&#8217;estudien les seg\u00fcents <strong>mat\u00e8ries comunes<\/strong>:<\/p>\n<ul>\n<li>Llengua catalana i literatura<\/li>\n<li>Llengua castellana i literatura<\/li>\n<li>Llengua estrangera<\/li>\n<li>Hist\u00f2ria de la Filosofia<\/li>\n<li>Hist\u00f2ria<\/li>\n<li>Tutoria<\/li>\n<\/ul>\n<p>A m\u00e9s,\u00a0l\u2019alumnat de l\u2019itinerari de <strong>Ci\u00e8ncies socials<\/strong> fa tres <strong>mat\u00e8ries de modalitat<\/strong> fixes i dues mat\u00e8ries addicionals relacionades amb els Objectius de Desenvolupament Sostenible:<\/p>\n<ul class=\"spip\">\n<li>Matem\u00e0tiques aplicades a les ci\u00e8ncies socials<\/li>\n<li>Empresa i disseny de models de negoci<\/li>\n<li>Geografia<\/li>\n<\/ul>\n<p>Mat\u00e8ries addicionals:<\/p>\n<ul class=\"spip\">\n<li>Hist\u00f2ria de l&#8217;Art<\/li>\n<li>Activitat f\u00edsica saludable<\/li>\n<\/ul>\n<p>Trobareu m\u00e9s informaci\u00f3 a la web\u00a0del <a class=\"spip_out\" href=\"http:\/\/xtec.gencat.cat\/ca\/curriculum\/batxillerat\/curriculum\/\" target=\"_blank\" rel=\"external noopener noreferrer\">Departament d\u2019Ensenyament<\/a>.<\/p>\n<p>Veure les <a href=\"https:\/\/agora.xtec.cat\/iesvallhebron\/categoria\/estudis\/batxillerat\/btx_hs\/\">Not\u00edcies del Batxillerat de Ci\u00e8ncies socials<\/a>.<\/p>\n","protected":false},"excerpt":{"rendered":"<p>Presentaci\u00f3 del Departament de Ci\u00e8ncies Socials A primer de Batxillerat, s&#8217;estudien\u00a0les seg\u00fcents mat\u00e8ries comunes: Llengua catalana i literatura Llengua castellana i literatura Llengua estrangera: Angl\u00e8s Educaci\u00f3 f\u00edsica Filosofia Tutoria A m\u00e9s,\u00a0l\u2019alumnat de l\u2019itinerari de Ci\u00e8ncies socials fa les mat\u00e8ries de modalitat: Matem\u00e0tiques aplicades a les ci\u00e8ncies socials Economia Hist\u00f2ria del m\u00f3n contemporani Funcionament de l&#8217;empresa [&hellip;]<\/p>\n","protected":false},"author":1,"featured_media":0,"parent":451,"menu_order":5,"comment_status":"closed","ping_status":"closed","template":"page-templates\/side-menu.php","meta":{"_bbp_topic_count":0,"_bbp_reply_count":0,"_bbp_total_topic_count":0,"_bbp_total_reply_count":0,"_bbp_voice_count":0,"_bbp_anonymous_reply_count":0,"_bbp_topic_count_hidden":0,"_bbp_reply_count_hidden":0,"_bbp_forum_subforum_count":0,"site-sidebar-layout":"default","site-content-layout":"","ast-site-content-layout":"","site-content-style":"default","site-sidebar-style":"default","ast-global-header-display":"","ast-banner-title-visibility":"","ast-main-header-display":"","ast-hfb-above-header-display":"","ast-hfb-below-header-display":"","ast-hfb-mobile-header-display":"","site-post-title":"","ast-breadcrumbs-content":"","ast-featured-img":"","footer-sml-layout":"","theme-transparent-header-meta":"","adv-header-id-meta":"","stick-header-meta":"","header-above-stick-meta":"","header-main-stick-meta":"","header-below-stick-meta":"","astra-migrate-meta-layouts":"default","ast-page-background-enabled":"default","ast-page-background-meta":{"desktop":{"background-color":"var(--ast-global-color-4)","background-image":"","background-repeat":"repeat","background-position":"center center","background-size":"auto","background-attachment":"scroll","background-type":"","background-media":"","overlay-type":"","overlay-color":"","overlay-opacity":"","overlay-gradient":""},"tablet":{"background-color":"","background-image":"","background-repeat":"repeat","background-position":"center center","background-size":"auto","background-attachment":"scroll","background-type":"","background-media":"","overlay-type":"","overlay-color":"","overlay-opacity":"","overlay-gradient":""},"mobile":{"background-color":"","background-image":"","background-repeat":"repeat","background-position":"center center","background-size":"auto","background-attachment":"scroll","background-type":"","background-media":"","overlay-type":"","overlay-color":"","overlay-opacity":"","overlay-gradient":""}},"ast-content-background-meta":{"desktop":{"background-color":"var(--ast-global-color-5)","background-image":"","background-repeat":"repeat","background-position":"center center","background-size":"auto","background-attachment":"scroll","background-type":"","background-media":"","overlay-type":"","overlay-color":"","overlay-opacity":"","overlay-gradient":""},"tablet":{"background-color":"var(--ast-global-color-5)","background-image":"","background-repeat":"repeat","background-position":"center center","background-size":"auto","background-attachment":"scroll","background-type":"","background-media":"","overlay-type":"","overlay-color":"","overlay-opacity":"","overlay-gradient":""},"mobile":{"background-color":"var(--ast-global-color-5)","background-image":"","background-repeat":"repeat","background-position":"center center","background-size":"auto","background-attachment":"scroll","background-type":"","background-media":"","overlay-type":"","overlay-color":"","overlay-opacity":"","overlay-gradient":""}},"footnotes":""},"class_list":["post-999","page","type-page","status-publish","hentry"],"post_mailing_queue_ids":[],"_links":{"self":[{"href":"https:\/\/agora.xtec.cat\/iesvallhebron\/wp-json\/wp\/v2\/pages\/999","targetHints":{"allow":["GET"]}}],"collection":[{"href":"https:\/\/agora.xtec.cat\/iesvallhebron\/wp-json\/wp\/v2\/pages"}],"about":[{"href":"https:\/\/agora.xtec.cat\/iesvallhebron\/wp-json\/wp\/v2\/types\/page"}],"author":[{"embeddable":true,"href":"https:\/\/agora.xtec.cat\/iesvallhebron\/wp-json\/wp\/v2\/users\/1"}],"replies":[{"embeddable":true,"href":"https:\/\/agora.xtec.cat\/iesvallhebron\/wp-json\/wp\/v2\/comments?post=999"}],"version-history":[{"count":4,"href":"https:\/\/agora.xtec.cat\/iesvallhebron\/wp-json\/wp\/v2\/pages\/999\/revisions"}],"predecessor-version":[{"id":13433,"href":"https:\/\/agora.xtec.cat\/iesvallhebron\/wp-json\/wp\/v2\/pages\/999\/revisions\/13433"}],"up":[{"embeddable":true,"href":"https:\/\/agora.xtec.cat\/iesvallhebron\/wp-json\/wp\/v2\/pages\/451"}],"wp:attachment":[{"href":"https:\/\/agora.xtec.cat\/iesvallhebron\/wp-json\/wp\/v2\/media?parent=999"}],"curies":[{"name":"wp","href":"https:\/\/api.w.org\/{rel}","templated":true}]}}