{"id":973,"date":"2016-08-03T12:20:04","date_gmt":"2016-08-03T11:20:04","guid":{"rendered":"http:\/\/agora.xtec.cat\/iesvallhebron\/?page_id=973"},"modified":"2026-02-20T11:47:42","modified_gmt":"2026-02-20T10:47:42","slug":"estilisme-i-direccio-de-perruqueria","status":"publish","type":"page","link":"https:\/\/agora.xtec.cat\/iesvallhebron\/estudis\/cicles-formatius-de-grau-superior\/estilisme-i-direccio-de-perruqueria\/","title":{"rendered":"Estilisme i direcci\u00f3 de perruqueria"},"content":{"rendered":"\n<p class=\"has-ast-global-color-0-color has-text-color has-link-color has-medium-font-size wp-elements-8717405092a461e67207d46146d41c75\"><strong>En qu\u00e8 consisteix el cicle?<\/strong><\/p>\n\n\n\n<p>El <strong>Cicle Formatiu de Grau Superior d\u2019Estilisme i Direcci\u00f3 de Perruqueria<\/strong> forma professionals altament qualificats per treballar i liderar el sector de la perruqueria. La seva finalitat \u00e9s capacitar l\u2019alumnat per dirigir i supervisar serveis de perruqueria, coordinant equips de treball i garantint que tots els processos es desenvolupin amb criteris de qualitat, seguretat, respecte pel medi ambient i aplicant els principis de disseny per a tothom.<br><br>Aquests estudis preparen per planificar i realitzar tractaments capil\u00b7lars est\u00e8tics, assessorar sobre la imatge personal segons les caracter\u00edstiques i necessitats de cada client, i dissenyar estilismes de canvi d\u2019imatge adaptats a diferents actes i situacions. L\u2019alumnat apr\u00e8n a crear pentinats i propostes personalitzades, combinant t\u00e8cnica, creativitat i visi\u00f3 est\u00e8tica, amb l\u2019objectiu d\u2019oferir un servei professional, innovador i totalment adaptat a cada persona.<\/p>\n\n\n\n<p class=\"has-ast-global-color-0-color has-text-color has-link-color has-medium-font-size wp-elements-b4be67bd3f3fe2796ef077cdea390fa3\"><strong>Quina durada t\u00e9 el cicle formatiu?<\/strong><\/p>\n\n\n\n<p><strong>2.000 hores<\/strong>&nbsp;distribu\u00efdes en 2 cursos acad\u00e8mics, de les quals,&nbsp;<strong>515 hores<\/strong>&nbsp;d\u2019estada a l\u2019empresa.<\/p>\n\n\n\n<p class=\"has-ast-global-color-0-color has-text-color has-link-color has-medium-font-size wp-elements-6ee31f438b4d5ccbd6e6bc96f6881419\"><strong>M\u00f2duls professionals<\/strong><\/p>\n\n\n\n<p>Detall dels m\u00f2duls que formen part del cicle formatiu, amb indicaci\u00f3 de les hores totals de cadascun, diferenciant els m\u00f2duls de primer curs i els de segon curs.<\/p>\n\n\n\n<figure class=\"wp-block-image alignleft size-full is-resized\"><img loading=\"lazy\" decoding=\"async\" width=\"718\" height=\"244\" src=\"https:\/\/agora.xtec.cat\/iesvallhebron\/wp-content\/uploads\/usu893\/2026\/02\/GS-Estilisme-1r.png\" alt=\"\" class=\"wp-image-15909\" style=\"width:665px;height:auto\" srcset=\"https:\/\/agora.xtec.cat\/iesvallhebron\/wp-content\/uploads\/usu893\/2026\/02\/GS-Estilisme-1r.png 718w, https:\/\/agora.xtec.cat\/iesvallhebron\/wp-content\/uploads\/usu893\/2026\/02\/GS-Estilisme-1r-300x102.png 300w\" sizes=\"auto, (max-width: 718px) 100vw, 718px\" \/><\/figure>\n\n\n\n<div style=\"height:33px\" aria-hidden=\"true\" class=\"wp-block-spacer\"><\/div>\n\n\n\n<figure class=\"wp-block-image alignleft size-full is-resized\"><img loading=\"lazy\" decoding=\"async\" width=\"718\" height=\"334\" src=\"https:\/\/agora.xtec.cat\/iesvallhebron\/wp-content\/uploads\/usu893\/2026\/02\/GS-Estilisme-2n.png\" alt=\"\" class=\"wp-image-15910\" style=\"width:666px;height:auto\" srcset=\"https:\/\/agora.xtec.cat\/iesvallhebron\/wp-content\/uploads\/usu893\/2026\/02\/GS-Estilisme-2n.png 718w, https:\/\/agora.xtec.cat\/iesvallhebron\/wp-content\/uploads\/usu893\/2026\/02\/GS-Estilisme-2n-300x140.png 300w\" sizes=\"auto, (max-width: 718px) 100vw, 718px\" \/><\/figure>\n\n\n\n<div style=\"height:33px\" aria-hidden=\"true\" class=\"wp-block-spacer\"><\/div>\n\n\n\n<p class=\"has-ast-global-color-0-color has-text-color has-link-color has-medium-font-size wp-elements-e48bed19d311a766506519b9288587b3\"><strong>Metodologia de treball<\/strong><\/p>\n\n\n\n<p>La metodologia del cicle \u00e9s <strong>te\u00f2rico-pr\u00e0ctica<\/strong> i est\u00e0 orientada a un <strong>aprenentatge actiu i vivencial<\/strong>. L\u2019alumnat adquireix els coneixements te\u00f2rics necessaris a l\u2019aula i els aplica de manera constant en <strong>sessions pr\u00e0ctiques als tallers d\u2019est\u00e8tica del centre<\/strong>, equipats amb tot el material i les eines professionals necess\u00e0ries per al desenvolupament de tractaments facials, corporals, maquillatge, manicura i altres serveis d\u2019est\u00e8tica. Aquesta combinaci\u00f3 permet consolidar els aprenentatges en contextos propers a la realitat professional i adaptats al sector.<\/p>\n\n\n\n<p>La formaci\u00f3 acad\u00e8mica es complementa amb <strong>pr\u00e0ctiques en empreses del sector<\/strong>, aix\u00ed com amb <strong>col\u00b7laboracions amb salons d\u2019est\u00e8tica, centres de bellesa i altres entitats<\/strong>. Anualment es realitzen activitats conjuntes amb altres cicles formatius del centre i es dissenyen propostes pr\u00e0ctiques dins del <strong>m\u00f2dul de projecte<\/strong>, que permeten aplicar de manera integral els coneixements adquirits. <\/p>\n\n\n\n<h3 class=\"wp-block-heading has-ast-global-color-0-color has-text-color has-link-color has-medium-font-size wp-elements-79118a9c9df3d8b879fa2789cfe0fbb1\"><strong>Quines sortides professionals tens amb el cicle?<\/strong><\/h3>\n\n\n\n<ul class=\"wp-block-list\">\n<li>Director\/a t\u00e8cnic\/a en empreses de perruqueria.<\/li>\n\n\n\n<li>Director\/a o responsable d\u2019equips de perruqueria.<\/li>\n\n\n\n<li>Estilista i assessor\/a d\u2019imatge personal.<\/li>\n\n\n\n<li>Perruquer\/a especialista en tractaments capil\u00b7lars.<\/li>\n\n\n\n<li>Especialista en pr\u00f2tesis capil\u00b7lars i postissos.<\/li>\n\n\n\n<li>Dissenyador\/a d\u2019estilismes de canvi d\u2019imatge.<\/li>\n\n\n\n<li>Formador\/a t\u00e8cnic\/a en empreses del sector.<\/li>\n\n\n\n<li>Assessor\/a comercial de productes i serveis de perruqueria.<\/li>\n<\/ul>\n\n\n\n<p class=\"has-ast-global-color-0-color has-text-color has-link-color has-medium-font-size wp-elements-2888f5b38ab8300ffddd70690019e510\"><strong>On pots treballar?<\/strong><\/p>\n\n\n\n<ul class=\"wp-block-list\">\n<li>Salons de perruqueria i centres d\u2019imatge personal.<\/li>\n\n\n\n<li>Empreses del sector est\u00e8tic i capil\u00b7lar.<\/li>\n\n\n\n<li>Produccions audiovisuals, moda, espectacles i esdeveniments.<\/li>\n\n\n\n<li>Empreses comercials de productes professionals de perruqueria.<\/li>\n\n\n\n<li>Exercint com a professional aut\u00f2nom\/a.<\/li>\n<\/ul>\n\n\n\n<h3 class=\"wp-block-heading has-ast-global-color-0-color has-text-color has-link-color has-medium-font-size wp-elements-586e19d075108bfed571e3d2a65da02f\"><strong>Com accedir-hi?<\/strong><\/h3>\n\n\n\n<ul class=\"wp-block-list\">\n<li><strong>Requisits:<\/strong><strong><br><\/strong>\n<ul class=\"wp-block-list\">\n<li>Batxillerat o CFGM relacionat<\/li>\n\n\n\n<li>Prova d\u2019acc\u00e9s per a majors de 19 anys (si no es compleixen els requisits acad\u00e8mics)<\/li>\n<\/ul>\n<\/li>\n<\/ul>\n\n\n\n<p><\/p>\n\n\n<div style=\"width: 640px;\" class=\"wp-video\"><!--[if lt IE 9]><script>document.createElement('video');<\/script><![endif]-->\n<video class=\"wp-video-shortcode\" id=\"video-973-1\" width=\"640\" height=\"640\" preload=\"metadata\" controls=\"controls\"><source type=\"video\/mp4\" src=\"https:\/\/agora.xtec.cat\/iesvallhebron\/wp-content\/uploads\/usu893\/2020\/05\/Imatg.Personal-Portes-obertes.mp4?_=1\" \/><a href=\"https:\/\/agora.xtec.cat\/iesvallhebron\/wp-content\/uploads\/usu893\/2020\/05\/Imatg.Personal-Portes-obertes.mp4\">https:\/\/agora.xtec.cat\/iesvallhebron\/wp-content\/uploads\/usu893\/2020\/05\/Imatg.Personal-Portes-obertes.mp4<\/a><\/video><\/div>\n<p style=\"text-align: justify;\">\u00a0<\/p>","protected":false},"excerpt":{"rendered":"<p>En qu\u00e8 consisteix el cicle? El Cicle Formatiu de Grau Superior d\u2019Estilisme i Direcci\u00f3 de Perruqueria forma professionals altament qualificats per treballar i liderar el sector de la perruqueria. La seva finalitat \u00e9s capacitar l\u2019alumnat per dirigir i supervisar serveis de perruqueria, coordinant equips de treball i garantint que tots els processos es desenvolupin amb [&hellip;]<\/p>\n","protected":false},"author":1,"featured_media":0,"parent":975,"menu_order":5,"comment_status":"closed","ping_status":"closed","template":"page-templates\/side-menu.php","meta":{"_bbp_topic_count":0,"_bbp_reply_count":0,"_bbp_total_topic_count":0,"_bbp_total_reply_count":0,"_bbp_voice_count":0,"_bbp_anonymous_reply_count":0,"_bbp_topic_count_hidden":0,"_bbp_reply_count_hidden":0,"_bbp_forum_subforum_count":0,"site-sidebar-layout":"default","site-content-layout":"","ast-site-content-layout":"default","site-content-style":"default","site-sidebar-style":"default","ast-global-header-display":"","ast-banner-title-visibility":"","ast-main-header-display":"","ast-hfb-above-header-display":"","ast-hfb-below-header-display":"","ast-hfb-mobile-header-display":"","site-post-title":"","ast-breadcrumbs-content":"","ast-featured-img":"","footer-sml-layout":"","theme-transparent-header-meta":"","adv-header-id-meta":"","stick-header-meta":"","header-above-stick-meta":"","header-main-stick-meta":"","header-below-stick-meta":"","astra-migrate-meta-layouts":"set","ast-page-background-enabled":"default","ast-page-background-meta":{"desktop":{"background-color":"var(--ast-global-color-4)","background-image":"","background-repeat":"repeat","background-position":"center center","background-size":"auto","background-attachment":"scroll","background-type":"","background-media":"","overlay-type":"","overlay-color":"","overlay-opacity":"","overlay-gradient":""},"tablet":{"background-color":"","background-image":"","background-repeat":"repeat","background-position":"center center","background-size":"auto","background-attachment":"scroll","background-type":"","background-media":"","overlay-type":"","overlay-color":"","overlay-opacity":"","overlay-gradient":""},"mobile":{"background-color":"","background-image":"","background-repeat":"repeat","background-position":"center center","background-size":"auto","background-attachment":"scroll","background-type":"","background-media":"","overlay-type":"","overlay-color":"","overlay-opacity":"","overlay-gradient":""}},"ast-content-background-meta":{"desktop":{"background-color":"var(--ast-global-color-5)","background-image":"","background-repeat":"repeat","background-position":"center center","background-size":"auto","background-attachment":"scroll","background-type":"","background-media":"","overlay-type":"","overlay-color":"","overlay-opacity":"","overlay-gradient":""},"tablet":{"background-color":"var(--ast-global-color-5)","background-image":"","background-repeat":"repeat","background-position":"center center","background-size":"auto","background-attachment":"scroll","background-type":"","background-media":"","overlay-type":"","overlay-color":"","overlay-opacity":"","overlay-gradient":""},"mobile":{"background-color":"var(--ast-global-color-5)","background-image":"","background-repeat":"repeat","background-position":"center center","background-size":"auto","background-attachment":"scroll","background-type":"","background-media":"","overlay-type":"","overlay-color":"","overlay-opacity":"","overlay-gradient":""}},"footnotes":""},"class_list":["post-973","page","type-page","status-publish","hentry"],"post_mailing_queue_ids":[],"_links":{"self":[{"href":"https:\/\/agora.xtec.cat\/iesvallhebron\/wp-json\/wp\/v2\/pages\/973","targetHints":{"allow":["GET"]}}],"collection":[{"href":"https:\/\/agora.xtec.cat\/iesvallhebron\/wp-json\/wp\/v2\/pages"}],"about":[{"href":"https:\/\/agora.xtec.cat\/iesvallhebron\/wp-json\/wp\/v2\/types\/page"}],"author":[{"embeddable":true,"href":"https:\/\/agora.xtec.cat\/iesvallhebron\/wp-json\/wp\/v2\/users\/1"}],"replies":[{"embeddable":true,"href":"https:\/\/agora.xtec.cat\/iesvallhebron\/wp-json\/wp\/v2\/comments?post=973"}],"version-history":[{"count":6,"href":"https:\/\/agora.xtec.cat\/iesvallhebron\/wp-json\/wp\/v2\/pages\/973\/revisions"}],"predecessor-version":[{"id":15938,"href":"https:\/\/agora.xtec.cat\/iesvallhebron\/wp-json\/wp\/v2\/pages\/973\/revisions\/15938"}],"up":[{"embeddable":true,"href":"https:\/\/agora.xtec.cat\/iesvallhebron\/wp-json\/wp\/v2\/pages\/975"}],"wp:attachment":[{"href":"https:\/\/agora.xtec.cat\/iesvallhebron\/wp-json\/wp\/v2\/media?parent=973"}],"curies":[{"name":"wp","href":"https:\/\/api.w.org\/{rel}","templated":true}]}}