{"id":7137,"date":"2019-04-02T12:37:49","date_gmt":"2019-04-02T10:37:49","guid":{"rendered":"http:\/\/agora.xtec.cat\/iesvallhebron\/?page_id=7137"},"modified":"2025-08-29T14:00:37","modified_gmt":"2025-08-29T12:00:37","slug":"perfil-del-contractant","status":"publish","type":"page","link":"https:\/\/agora.xtec.cat\/iesvallhebron\/linstitut\/perfil-del-contractant\/","title":{"rendered":"Homologaci\u00f3 de prove\u00efdors"},"content":{"rendered":"<p><strong>1.Abast<\/strong><\/p>\n<p>Aquest procediment s\u2019aplicar\u00e0 als prove\u00efdors que compleixin\u00a0<strong>un o m\u00e9s<\/strong>\u00a0d\u2019aquests requisits:<\/p>\n<ul>\n<li>Els prove\u00efdors de material fungible, material inventariable i serveis, que assoleixin (o que previsiblement hagin d\u2019assolir) una facturaci\u00f3 anual superior a 3.000\u20ac.<\/li>\n<li>Els prove\u00efdors que tot i no assolir aquesta xifra, prestin a l\u2019institut serveis b\u00e0sics i\/o essencials per l\u2019assegurament del funcionament del centre. Aquests tindran la consideraci\u00f3 de prove\u00efdors estrat\u00e8gics.<\/li>\n<li>Els prove\u00efdors que per ser habituals, l\u2019institut hi tingui concedit un compte de cr\u00e8dit. En aquest cas, tampoc ser\u00e0 necessari assolir un volum de compres superior als 3.000\u20ac.<\/li>\n<\/ul>\n<p><strong>2. Homologaci\u00f3 de nous prove\u00efdors<\/strong><\/p>\n<p>Tots els nous prove\u00efdors que sorgeixin a partir de la creaci\u00f3 d\u2019aquest procediment i que compleixin amb un o m\u00e9s dels criteris descrits al punt 3 hauran de ser objecte de l\u2019aplicaci\u00f3 del \u00a0procediment d\u2019homologaci\u00f3 que haur\u00e0 d\u2019iniciar el responsable o usuari dels productes adquirits o contractats.<\/p>\n<p>Aquesta homologaci\u00f3 es realitzar\u00e0 d\u2019acord a les seg\u00fcents pautes o criteris:<\/p>\n<ol>\n<li>Facilitat de compra (proximitat f\u00edsica, representant, accessibilitat telef\u00f2nica o via e-mail,\u2026)<\/li>\n<li>Atenci\u00f3 al client (tant en el proc\u00e9s de la compra com en el servei postvenda)<\/li>\n<li>Qualitat dels productes o serveis<\/li>\n<li>Condicions econ\u00f2miques i gesti\u00f3 (facturaci\u00f3, condicions de pagament,\u2026)<\/li>\n<li>Es considerar\u00e0 un plus positiu (en cas d\u2019empat en la puntuaci\u00f3 entre dos prove\u00efdors pel mateix servei) el fet que el prove\u00efdor sigui posse\u00efdor d\u2019una certificaci\u00f3 externa de qualitat ISO 9001.<\/li>\n<\/ol>\n<p>Cadascun dels quatre primers criteris d\u2019homologaci\u00f3 es puntuar\u00e0 sobre un m\u00e0xim de 10 punts. Cada criteri ha de tenir com a m\u00ednim 5 punts per tal que el prove\u00efdor quedi homologat.<\/p>\n<p><strong>3. Prove\u00efdors homologats: revisi\u00f3 anual de la seva condici\u00f3<\/strong><\/p>\n<ul>\n<li>Si un prove\u00efdor no ha presentat cap incid\u00e8ncia durant l\u2019exercici econ\u00f2mic anterior quedar\u00e0 autom\u00e0ticament renovat com a prove\u00efdor homologat.<\/li>\n<li>Si per contra, un prove\u00efdor homologat present\u00e9s durant l\u2019exercici econ\u00f2mic anterior alguna incid\u00e8ncia s&#8217;obrir\u00e0 un proc\u00e9s d&#8217;avaluaci\u00f3 d&#8217;aquest.<\/li>\n<\/ul>\n","protected":false},"excerpt":{"rendered":"<p>1.Abast Aquest procediment s\u2019aplicar\u00e0 als prove\u00efdors que compleixin\u00a0un o m\u00e9s\u00a0d\u2019aquests requisits: Els prove\u00efdors de material fungible, material inventariable i serveis, que assoleixin (o que previsiblement hagin d\u2019assolir) una facturaci\u00f3 anual superior a 3.000\u20ac. Els prove\u00efdors que tot i no assolir aquesta xifra, prestin a l\u2019institut serveis b\u00e0sics i\/o essencials per l\u2019assegurament del funcionament del centre. [&hellip;]<\/p>\n","protected":false},"author":8,"featured_media":0,"parent":19,"menu_order":5,"comment_status":"closed","ping_status":"closed","template":"page-templates\/side-menu.php","meta":{"_bbp_topic_count":0,"_bbp_reply_count":0,"_bbp_total_topic_count":0,"_bbp_total_reply_count":0,"_bbp_voice_count":0,"_bbp_anonymous_reply_count":0,"_bbp_topic_count_hidden":0,"_bbp_reply_count_hidden":0,"_bbp_forum_subforum_count":0,"site-sidebar-layout":"default","site-content-layout":"","ast-site-content-layout":"","site-content-style":"default","site-sidebar-style":"default","ast-global-header-display":"","ast-banner-title-visibility":"","ast-main-header-display":"","ast-hfb-above-header-display":"","ast-hfb-below-header-display":"","ast-hfb-mobile-header-display":"","site-post-title":"","ast-breadcrumbs-content":"","ast-featured-img":"","footer-sml-layout":"","theme-transparent-header-meta":"","adv-header-id-meta":"","stick-header-meta":"","header-above-stick-meta":"","header-main-stick-meta":"","header-below-stick-meta":"","astra-migrate-meta-layouts":"default","ast-page-background-enabled":"default","ast-page-background-meta":{"desktop":{"background-color":"var(--ast-global-color-4)","background-image":"","background-repeat":"repeat","background-position":"center center","background-size":"auto","background-attachment":"scroll","background-type":"","background-media":"","overlay-type":"","overlay-color":"","overlay-opacity":"","overlay-gradient":""},"tablet":{"background-color":"","background-image":"","background-repeat":"repeat","background-position":"center center","background-size":"auto","background-attachment":"scroll","background-type":"","background-media":"","overlay-type":"","overlay-color":"","overlay-opacity":"","overlay-gradient":""},"mobile":{"background-color":"","background-image":"","background-repeat":"repeat","background-position":"center center","background-size":"auto","background-attachment":"scroll","background-type":"","background-media":"","overlay-type":"","overlay-color":"","overlay-opacity":"","overlay-gradient":""}},"ast-content-background-meta":{"desktop":{"background-color":"var(--ast-global-color-5)","background-image":"","background-repeat":"repeat","background-position":"center center","background-size":"auto","background-attachment":"scroll","background-type":"","background-media":"","overlay-type":"","overlay-color":"","overlay-opacity":"","overlay-gradient":""},"tablet":{"background-color":"var(--ast-global-color-5)","background-image":"","background-repeat":"repeat","background-position":"center center","background-size":"auto","background-attachment":"scroll","background-type":"","background-media":"","overlay-type":"","overlay-color":"","overlay-opacity":"","overlay-gradient":""},"mobile":{"background-color":"var(--ast-global-color-5)","background-image":"","background-repeat":"repeat","background-position":"center center","background-size":"auto","background-attachment":"scroll","background-type":"","background-media":"","overlay-type":"","overlay-color":"","overlay-opacity":"","overlay-gradient":""}},"footnotes":""},"class_list":["post-7137","page","type-page","status-publish","hentry"],"post_mailing_queue_ids":[],"_links":{"self":[{"href":"https:\/\/agora.xtec.cat\/iesvallhebron\/wp-json\/wp\/v2\/pages\/7137","targetHints":{"allow":["GET"]}}],"collection":[{"href":"https:\/\/agora.xtec.cat\/iesvallhebron\/wp-json\/wp\/v2\/pages"}],"about":[{"href":"https:\/\/agora.xtec.cat\/iesvallhebron\/wp-json\/wp\/v2\/types\/page"}],"author":[{"embeddable":true,"href":"https:\/\/agora.xtec.cat\/iesvallhebron\/wp-json\/wp\/v2\/users\/8"}],"replies":[{"embeddable":true,"href":"https:\/\/agora.xtec.cat\/iesvallhebron\/wp-json\/wp\/v2\/comments?post=7137"}],"version-history":[{"count":7,"href":"https:\/\/agora.xtec.cat\/iesvallhebron\/wp-json\/wp\/v2\/pages\/7137\/revisions"}],"predecessor-version":[{"id":15378,"href":"https:\/\/agora.xtec.cat\/iesvallhebron\/wp-json\/wp\/v2\/pages\/7137\/revisions\/15378"}],"up":[{"embeddable":true,"href":"https:\/\/agora.xtec.cat\/iesvallhebron\/wp-json\/wp\/v2\/pages\/19"}],"wp:attachment":[{"href":"https:\/\/agora.xtec.cat\/iesvallhebron\/wp-json\/wp\/v2\/media?parent=7137"}],"curies":[{"name":"wp","href":"https:\/\/api.w.org\/{rel}","templated":true}]}}