{"id":6072,"date":"2021-07-06T13:49:13","date_gmt":"2021-07-06T11:49:13","guid":{"rendered":"http:\/\/agora.xtec.cat\/iesvallhebron\/?page_id=6072"},"modified":"2024-07-19T13:07:29","modified_gmt":"2024-07-19T11:07:29","slug":"llibres-de-text","status":"publish","type":"page","link":"https:\/\/agora.xtec.cat\/iesvallhebron\/raco-de-lalumnat\/llibres-de-text\/","title":{"rendered":"Llibres de text ESO i Batxillerat"},"content":{"rendered":"<p><a href=\"https:\/\/agora.xtec.cat\/iesvallhebron\/wp-content\/uploads\/usu893\/2024\/07\/Book-lover-bro-e1720179609366.png\"><img loading=\"lazy\" decoding=\"async\" class=\"wp-image-14553 aligncenter\" src=\"https:\/\/agora.xtec.cat\/iesvallhebron\/wp-content\/uploads\/usu893\/2024\/07\/Book-lover-bro-e1720179609366.png\" alt=\"\" width=\"324\" height=\"292\" srcset=\"https:\/\/agora.xtec.cat\/iesvallhebron\/wp-content\/uploads\/usu893\/2024\/07\/Book-lover-bro-e1720179609366.png 1699w, https:\/\/agora.xtec.cat\/iesvallhebron\/wp-content\/uploads\/usu893\/2024\/07\/Book-lover-bro-e1720179609366-300x270.png 300w, https:\/\/agora.xtec.cat\/iesvallhebron\/wp-content\/uploads\/usu893\/2024\/07\/Book-lover-bro-e1720179609366-1024x922.png 1024w, https:\/\/agora.xtec.cat\/iesvallhebron\/wp-content\/uploads\/usu893\/2024\/07\/Book-lover-bro-e1720179609366-768x691.png 768w, https:\/\/agora.xtec.cat\/iesvallhebron\/wp-content\/uploads\/usu893\/2024\/07\/Book-lover-bro-e1720179609366-1536x1382.png 1536w\" sizes=\"auto, (max-width: 324px) 100vw, 324px\" \/><\/a><\/p>\n<p>Teniu disponible la <a href=\"https:\/\/agora.xtec.cat\/iesvallhebron\/wp-content\/uploads\/usu893\/2024\/07\/048-LLISTA-24-25_120724.pdf\" target=\"_blank\" rel=\"noopener\">llista de llibres<\/a> pels alumnes d&#8217;<strong>ESO<\/strong> i <strong>Batxillerat<\/strong> per al proper <strong>curs 2024-2025<\/strong>.<\/p>\n<p>Recordeu que l\u2019Institut dona suport a la reutilitzaci\u00f3 dels llibres de text mitjan\u00e7ant l\u2019empresa\u00a0<a class=\"spip_out\" href=\"https:\/\/spain.iddink.es\/ca\/\" target=\"_blank\" rel=\"external noopener noreferrer\">Iddink<\/a>. Trobareu tota la informaci\u00f3 en <a href=\"https:\/\/agora.xtec.cat\/iesvallhebron\/wp-content\/uploads\/usu893\/2021\/06\/cartell-informatiu-comanda-iddink.pdf\" target=\"_blank\" rel=\"noopener noreferrer\">aquest document<\/a> (o en la <a href=\"https:\/\/agora.xtec.cat\/iesvallhebron\/wp-content\/uploads\/usu893\/2020\/06\/48_CC_2020_ES.pdf\" target=\"_blank\" rel=\"noopener noreferrer\">versi\u00f3 en castell\u00e0<\/a>). Tamb\u00e9 podeu consultar <a href=\"https:\/\/agora.xtec.cat\/iesvallhebron\/wp-content\/uploads\/usu893\/2024\/07\/Com-demanar-llibres-Iddink.pdf\" target=\"_blank\" rel=\"noopener noreferrer\">aquestes instruccions<\/a>.<\/p>\n<p>L&#8217;empresa ha creat un <a href=\"https:\/\/microsites.iddink.es\/ca\/48_institut_vall_dhebron\/\" target=\"_blank\" rel=\"noopener noreferrer\">portal espec\u00edfic pel nostre centre<\/a>, on trobareu tota la informaci\u00f3 rellevant.<\/p>\n","protected":false},"excerpt":{"rendered":"<p>Teniu disponible la llista de llibres pels alumnes d&#8217;ESO i Batxillerat per al proper curs 2024-2025. Recordeu que l\u2019Institut dona suport a la reutilitzaci\u00f3 dels llibres de text mitjan\u00e7ant l\u2019empresa\u00a0Iddink. Trobareu tota la informaci\u00f3 en aquest document (o en la versi\u00f3 en castell\u00e0). Tamb\u00e9 podeu consultar aquestes instruccions. L&#8217;empresa ha creat un portal espec\u00edfic pel [&hellip;]<\/p>\n","protected":false},"author":1,"featured_media":0,"parent":6060,"menu_order":1,"comment_status":"closed","ping_status":"closed","template":"page-templates\/side-menu.php","meta":{"_bbp_topic_count":0,"_bbp_reply_count":0,"_bbp_total_topic_count":0,"_bbp_total_reply_count":0,"_bbp_voice_count":0,"_bbp_anonymous_reply_count":0,"_bbp_topic_count_hidden":0,"_bbp_reply_count_hidden":0,"_bbp_forum_subforum_count":0,"site-sidebar-layout":"default","site-content-layout":"","ast-site-content-layout":"","site-content-style":"default","site-sidebar-style":"default","ast-global-header-display":"","ast-banner-title-visibility":"","ast-main-header-display":"","ast-hfb-above-header-display":"","ast-hfb-below-header-display":"","ast-hfb-mobile-header-display":"","site-post-title":"","ast-breadcrumbs-content":"","ast-featured-img":"","footer-sml-layout":"","theme-transparent-header-meta":"","adv-header-id-meta":"","stick-header-meta":"","header-above-stick-meta":"","header-main-stick-meta":"","header-below-stick-meta":"","astra-migrate-meta-layouts":"default","ast-page-background-enabled":"default","ast-page-background-meta":{"desktop":{"background-color":"var(--ast-global-color-4)","background-image":"","background-repeat":"repeat","background-position":"center center","background-size":"auto","background-attachment":"scroll","background-type":"","background-media":"","overlay-type":"","overlay-color":"","overlay-opacity":"","overlay-gradient":""},"tablet":{"background-color":"","background-image":"","background-repeat":"repeat","background-position":"center center","background-size":"auto","background-attachment":"scroll","background-type":"","background-media":"","overlay-type":"","overlay-color":"","overlay-opacity":"","overlay-gradient":""},"mobile":{"background-color":"","background-image":"","background-repeat":"repeat","background-position":"center center","background-size":"auto","background-attachment":"scroll","background-type":"","background-media":"","overlay-type":"","overlay-color":"","overlay-opacity":"","overlay-gradient":""}},"ast-content-background-meta":{"desktop":{"background-color":"var(--ast-global-color-5)","background-image":"","background-repeat":"repeat","background-position":"center center","background-size":"auto","background-attachment":"scroll","background-type":"","background-media":"","overlay-type":"","overlay-color":"","overlay-opacity":"","overlay-gradient":""},"tablet":{"background-color":"var(--ast-global-color-5)","background-image":"","background-repeat":"repeat","background-position":"center center","background-size":"auto","background-attachment":"scroll","background-type":"","background-media":"","overlay-type":"","overlay-color":"","overlay-opacity":"","overlay-gradient":""},"mobile":{"background-color":"var(--ast-global-color-5)","background-image":"","background-repeat":"repeat","background-position":"center center","background-size":"auto","background-attachment":"scroll","background-type":"","background-media":"","overlay-type":"","overlay-color":"","overlay-opacity":"","overlay-gradient":""}},"footnotes":""},"class_list":["post-6072","page","type-page","status-publish","hentry"],"post_mailing_queue_ids":[],"_links":{"self":[{"href":"https:\/\/agora.xtec.cat\/iesvallhebron\/wp-json\/wp\/v2\/pages\/6072","targetHints":{"allow":["GET"]}}],"collection":[{"href":"https:\/\/agora.xtec.cat\/iesvallhebron\/wp-json\/wp\/v2\/pages"}],"about":[{"href":"https:\/\/agora.xtec.cat\/iesvallhebron\/wp-json\/wp\/v2\/types\/page"}],"author":[{"embeddable":true,"href":"https:\/\/agora.xtec.cat\/iesvallhebron\/wp-json\/wp\/v2\/users\/1"}],"replies":[{"embeddable":true,"href":"https:\/\/agora.xtec.cat\/iesvallhebron\/wp-json\/wp\/v2\/comments?post=6072"}],"version-history":[{"count":5,"href":"https:\/\/agora.xtec.cat\/iesvallhebron\/wp-json\/wp\/v2\/pages\/6072\/revisions"}],"predecessor-version":[{"id":14623,"href":"https:\/\/agora.xtec.cat\/iesvallhebron\/wp-json\/wp\/v2\/pages\/6072\/revisions\/14623"}],"up":[{"embeddable":true,"href":"https:\/\/agora.xtec.cat\/iesvallhebron\/wp-json\/wp\/v2\/pages\/6060"}],"wp:attachment":[{"href":"https:\/\/agora.xtec.cat\/iesvallhebron\/wp-json\/wp\/v2\/media?parent=6072"}],"curies":[{"name":"wp","href":"https:\/\/api.w.org\/{rel}","templated":true}]}}