{"id":6060,"date":"2018-10-17T13:05:07","date_gmt":"2018-10-17T11:05:07","guid":{"rendered":"http:\/\/agora.xtec.cat\/iesvallhebron\/?page_id=6060"},"modified":"2025-09-15T08:22:19","modified_gmt":"2025-09-15T06:22:19","slug":"raco-de-lalumnat","status":"publish","type":"page","link":"https:\/\/agora.xtec.cat\/iesvallhebron\/raco-de-lalumnat\/","title":{"rendered":"Rac\u00f3 de l&#8217;alumnat"},"content":{"rendered":"\n<div class=\"wp-block-buttons is-layout-flex wp-block-buttons-is-layout-flex\">\n<div class=\"wp-block-button\"><a class=\"wp-block-button__link wp-element-button\" href=\"https:\/\/docs.google.com\/forms\/d\/e\/1FAIpQLSe5uJ4AFBc_j1S8RXwoQYjO77wIJGztSklAu2YebXYtJr1S9w\/viewform?usp=sharing&amp;ouid=106136682408682668577\" target=\"_blank\" rel=\"noreferrer noopener\">Formulari dades alumnat CFGB<\/a><\/div>\n<\/div>\n\n\n\n<div style=\"height:38px\" aria-hidden=\"true\" class=\"wp-block-spacer\"><\/div>\n\n\n\n<div class=\"wp-block-buttons is-layout-flex wp-block-buttons-is-layout-flex\">\n<div class=\"wp-block-button\"><a class=\"wp-block-button__link has-black-color has-luminous-vivid-orange-background-color has-text-color has-background has-link-color wp-element-button\" href=\"https:\/\/docs.google.com\/forms\/d\/e\/1FAIpQLSfW1b6-40eJSGXM0iJWpa-ld3ELBQAZxolcF6S4kfe-gG7HBg\/viewform?usp=dialog\" target=\"_blank\" rel=\"noreferrer noopener\">Formulari dades alumnat GM i GS<\/a><\/div>\n<\/div>\n\n\n\n<div style=\"height:38px\" aria-hidden=\"true\" class=\"wp-block-spacer\"><\/div>\n\n\n\n<div class=\"wp-block-buttons is-layout-flex wp-block-buttons-is-layout-flex\">\n<div class=\"wp-block-button\"><a class=\"wp-block-button__link has-black-color has-pale-cyan-blue-background-color has-text-color has-background has-link-color wp-element-button\" href=\"https:\/\/docs.google.com\/forms\/d\/e\/1FAIpQLSeDOZ-0tSTBg8hlylhQLN-MVphj4iP6WXkZSaqxy37HtCNPww\/viewform?usp=dialog\" target=\"_blank\" rel=\"noreferrer noopener\">Formulari dades alumnat PFI<\/a><\/div>\n<\/div>\n\n\n\n<div style=\"height:38px\" aria-hidden=\"true\" class=\"wp-block-spacer\"><\/div>\n\n\n\n<p>Aqu\u00ed teniu la informaci\u00f3 i la documentaci\u00f3 necess\u00e0ria sobre:<\/p>\n\n\n\n<ul class=\"wp-block-list\">\n<li><strong>Llibres de text&nbsp;<\/strong>\n<ul class=\"wp-block-list\">\n<li><a href=\"https:\/\/agora.xtec.cat\/iesvallhebron\/wp-content\/uploads\/usu893\/2025\/07\/048_llista-web-VallHebron.pdf\" target=\"_blank\" rel=\"noopener\">Llista llibres de text ESO i Batxillerat<\/a><\/li>\n<\/ul>\n<\/li>\n\n\n\n<li><strong>Models formularis de sol\u00b7licitud<\/strong>:\n<ul class=\"wp-block-list\">\n<li><a href=\"https:\/\/agora.xtec.cat\/iesvallhebron\/wp-content\/uploads\/usu893\/2018\/10\/Model-de-sol.licitud-per-lliurar-a-Secretaria_v2.pdf\" target=\"_blank\" rel=\"noopener noreferrer\">Formulari de sol\u00b7licitud<\/a><\/li>\n\n\n\n<li><a style=\"font-family: inherit; font-size: 1em;\" href=\"https:\/\/agora.xtec.cat\/iesvallhebron\/wp-content\/uploads\/usu893\/2018\/10\/Model-de-sol.licitud-dalumnes-menors-dedat-per-lliurar-a-Secretaria_v2.pdf\" target=\"_blank\" rel=\"noopener noreferrer\">Formulari de sol\u00b7licitud per als menors d&#8217;edat<\/a><\/li>\n<\/ul>\n<\/li>\n\n\n\n<li><strong>Cartes de comprom\u00eds educatiu<\/strong> per a:\n<ul class=\"wp-block-list\">\n<li><a href=\"https:\/\/agora.xtec.cat\/iesvallhebron\/wp-content\/uploads\/usu893\/2020\/07\/Carta-de-comprom\u00eds-educatiu-ESO_v1.pdf\" target=\"_blank\" rel=\"noopener\">ESO<\/a><\/li>\n\n\n\n<li><a href=\"https:\/\/agora.xtec.cat\/iesvallhebron\/wp-content\/uploads\/usu893\/2019\/12\/Carta-de-comprom\u00eds-educatiu-BAT-CFGM-Menors_v1.pdf\" target=\"_blank\" rel=\"noopener\">Batxillerat, PFI i Cicles Formatius de Grau Mitj\u00e0<\/a><\/li>\n\n\n\n<li><a href=\"https:\/\/agora.xtec.cat\/iesvallhebron\/wp-content\/uploads\/usu893\/2019\/12\/Carta-de-comprom\u00eds-educatiu-CFGS-CAGS-Majors_v1.pdf\" target=\"_blank\" rel=\"noopener\">Cicles Formatius de Grau Superior<\/a><\/li>\n<\/ul>\n<\/li>\n<\/ul>\n\n\n\n\n\n\n","protected":false},"excerpt":{"rendered":"<p>Aqu\u00ed teniu la informaci\u00f3 i la documentaci\u00f3 necess\u00e0ria sobre:<\/p>\n","protected":false},"author":4,"featured_media":0,"parent":0,"menu_order":0,"comment_status":"closed","ping_status":"closed","template":"","meta":{"_bbp_topic_count":0,"_bbp_reply_count":0,"_bbp_total_topic_count":0,"_bbp_total_reply_count":0,"_bbp_voice_count":0,"_bbp_anonymous_reply_count":0,"_bbp_topic_count_hidden":0,"_bbp_reply_count_hidden":0,"_bbp_forum_subforum_count":0,"site-sidebar-layout":"default","site-content-layout":"","ast-site-content-layout":"","site-content-style":"default","site-sidebar-style":"default","ast-global-header-display":"","ast-banner-title-visibility":"","ast-main-header-display":"","ast-hfb-above-header-display":"","ast-hfb-below-header-display":"","ast-hfb-mobile-header-display":"","site-post-title":"","ast-breadcrumbs-content":"","ast-featured-img":"","footer-sml-layout":"","theme-transparent-header-meta":"","adv-header-id-meta":"","stick-header-meta":"","header-above-stick-meta":"","header-main-stick-meta":"","header-below-stick-meta":"","astra-migrate-meta-layouts":"default","ast-page-background-enabled":"default","ast-page-background-meta":{"desktop":{"background-color":"var(--ast-global-color-4)","background-image":"","background-repeat":"repeat","background-position":"center center","background-size":"auto","background-attachment":"scroll","background-type":"","background-media":"","overlay-type":"","overlay-color":"","overlay-opacity":"","overlay-gradient":""},"tablet":{"background-color":"","background-image":"","background-repeat":"repeat","background-position":"center center","background-size":"auto","background-attachment":"scroll","background-type":"","background-media":"","overlay-type":"","overlay-color":"","overlay-opacity":"","overlay-gradient":""},"mobile":{"background-color":"","background-image":"","background-repeat":"repeat","background-position":"center center","background-size":"auto","background-attachment":"scroll","background-type":"","background-media":"","overlay-type":"","overlay-color":"","overlay-opacity":"","overlay-gradient":""}},"ast-content-background-meta":{"desktop":{"background-color":"var(--ast-global-color-5)","background-image":"","background-repeat":"repeat","background-position":"center center","background-size":"auto","background-attachment":"scroll","background-type":"","background-media":"","overlay-type":"","overlay-color":"","overlay-opacity":"","overlay-gradient":""},"tablet":{"background-color":"var(--ast-global-color-5)","background-image":"","background-repeat":"repeat","background-position":"center center","background-size":"auto","background-attachment":"scroll","background-type":"","background-media":"","overlay-type":"","overlay-color":"","overlay-opacity":"","overlay-gradient":""},"mobile":{"background-color":"var(--ast-global-color-5)","background-image":"","background-repeat":"repeat","background-position":"center center","background-size":"auto","background-attachment":"scroll","background-type":"","background-media":"","overlay-type":"","overlay-color":"","overlay-opacity":"","overlay-gradient":""}},"footnotes":""},"class_list":["post-6060","page","type-page","status-publish","hentry"],"post_mailing_queue_ids":[],"_links":{"self":[{"href":"https:\/\/agora.xtec.cat\/iesvallhebron\/wp-json\/wp\/v2\/pages\/6060","targetHints":{"allow":["GET"]}}],"collection":[{"href":"https:\/\/agora.xtec.cat\/iesvallhebron\/wp-json\/wp\/v2\/pages"}],"about":[{"href":"https:\/\/agora.xtec.cat\/iesvallhebron\/wp-json\/wp\/v2\/types\/page"}],"author":[{"embeddable":true,"href":"https:\/\/agora.xtec.cat\/iesvallhebron\/wp-json\/wp\/v2\/users\/4"}],"replies":[{"embeddable":true,"href":"https:\/\/agora.xtec.cat\/iesvallhebron\/wp-json\/wp\/v2\/comments?post=6060"}],"version-history":[{"count":6,"href":"https:\/\/agora.xtec.cat\/iesvallhebron\/wp-json\/wp\/v2\/pages\/6060\/revisions"}],"predecessor-version":[{"id":15662,"href":"https:\/\/agora.xtec.cat\/iesvallhebron\/wp-json\/wp\/v2\/pages\/6060\/revisions\/15662"}],"wp:attachment":[{"href":"https:\/\/agora.xtec.cat\/iesvallhebron\/wp-json\/wp\/v2\/media?parent=6060"}],"curies":[{"name":"wp","href":"https:\/\/api.w.org\/{rel}","templated":true}]}}