{"id":451,"date":"2016-01-31T13:05:24","date_gmt":"2016-01-31T12:05:24","guid":{"rendered":"http:\/\/agora.xtec.cat\/iesvallhebron\/?page_id=451"},"modified":"2026-01-23T16:40:12","modified_gmt":"2026-01-23T15:40:12","slug":"batxillerat","status":"publish","type":"page","link":"https:\/\/agora.xtec.cat\/iesvallhebron\/estudis\/batxillerat\/","title":{"rendered":"Batxillerat"},"content":{"rendered":"<p>Us deixem uns v\u00eddeos de testimonis d&#8217;exalumnes explicant la seva experi\u00e8ncia al nostre centre:\u00a0 <a href=\"https:\/\/drive.google.com\/file\/d\/13h5TnOBjCwBcDTqTGDQKUXk04WgPSU_0\/view?usp=sharing\" target=\"_blank\" rel=\"noopener noreferrer\">Marina<\/a>, <a href=\"https:\/\/drive.google.com\/file\/d\/1h6Li4_SkEjGA262k1Zw_Th4SbwsXg5gZ\/view?usp=sharing\" target=\"_blank\" rel=\"noopener noreferrer\">Stef\u00e1n<\/a>, <a href=\"https:\/\/youtu.be\/mfcRAaaLiH0\" target=\"_blank\" rel=\"noopener noreferrer\">Aldira<\/a>.<\/p>\n<hr \/>\n<p>El Batxillerat proporciona a l\u2019alumne la maduresa intel\u00b7lectual i humana i tamb\u00e9 els coneixements i les habilitats que li permetran dur a terme en el futur les seves funcions acad\u00e8miques, professionals i socials amb responsabilitat i compet\u00e8ncia.<\/p>\n<p>\u00c9s una etapa que compr\u00e8n dos cursos acad\u00e8mics, al llarg dels quals s\u2019han de cursar algunes mat\u00e8ries comunes i d\u2019altres que escull l\u2019alumne segons els seus interessos. Aquestes configuraran <strong>l<\/strong>a<strong>\u00a0<\/strong><strong>modalitat<\/strong> del batxillerat.<\/p>\n<table style=\"height: 66px; width: 764px;\">\n<tbody>\n<tr style=\"height: 33px;\">\n<td style=\"height: 33px; width: 765.167px; text-align: center;\">Presentaci\u00f3 d&#8217;educaci\u00f3 f\u00edsica<\/td>\n<\/tr>\n<tr style=\"height: 33px;\">\n<td style=\"height: 33px; width: 765.167px;\"><iframe loading=\"lazy\" src=\"\/\/www.youtube.com\/embed\/Jw7hC2ulr2Q\" width=\"740\" height=\"416\" frameborder=\"0\"><\/iframe><\/td>\n<\/tr>\n<\/tbody>\n<\/table>\n<p>Pel curs 2024-2025 oferim les modalitats de batxillerat seg\u00fcents:<\/p>\n<ul class=\"spip\">\n<li>Ci\u00e8ncies i tecnologia\n<ul class=\"spip\">\n<li><a class=\"spip_in\" href=\"https:\/\/agora.xtec.cat\/iesvallhebron\/estudis\/batxillerat\/batxillerat-cientific\/\">Itinerari de Ci\u00e8ncies<\/a><\/li>\n<li><a class=\"spip_in\" href=\"http:\/\/agora.xtec.cat\/iesvallhebron\/estudis\/batxillerat\/batxillerat-de-tecnologia\/\">Itinerari de Tecnologia<\/a><\/li>\n<\/ul>\n<\/li>\n<li>Humanitats i ci\u00e8ncies socials\n<ul class=\"spip\">\n<li><a class=\"spip_in\" href=\"http:\/\/agora.xtec.cat\/iesvallhebron\/estudis\/batxillerat\/batxillerat-dhumanitats\/\">Itinerari d\u2019Humanitats<\/a><\/li>\n<li><a class=\"spip_in\" href=\"http:\/\/agora.xtec.cat\/iesvallhebron\/estudis\/batxillerat\/batxillerat-de-ciencies-socials\/\">Itinerari de Ci\u00e8ncies socials<\/a><\/li>\n<\/ul>\n<\/li>\n<\/ul>\n<p>Trobareu m\u00e9s informaci\u00f3 a la web del <a class=\"spip_out\" href=\"http:\/\/xtec.gencat.cat\/ca\/curriculum\/batxillerat\/curriculum\/\" target=\"_blank\" rel=\"external noopener noreferrer\">Departament d\u2019Ensenyament<\/a>.<\/p>\n<p>Veure les <a href=\"http:\/\/agora.xtec.cat\/iesvallhebron\/categoria\/estudis\/batxillerat\/\">Not\u00edcies del Batxillerat<\/a>.<\/p>\n","protected":false},"excerpt":{"rendered":"<p>Us deixem uns v\u00eddeos de testimonis d&#8217;exalumnes explicant la seva experi\u00e8ncia al nostre centre:\u00a0 Marina, Stef\u00e1n, Aldira. El Batxillerat proporciona a l\u2019alumne la maduresa intel\u00b7lectual i humana i tamb\u00e9 els coneixements i les habilitats que li permetran dur a terme en el futur les seves funcions acad\u00e8miques, professionals i socials amb responsabilitat i compet\u00e8ncia. \u00c9s [&hellip;]<\/p>\n","protected":false},"author":1,"featured_media":0,"parent":195,"menu_order":6,"comment_status":"closed","ping_status":"closed","template":"","meta":{"_bbp_topic_count":0,"_bbp_reply_count":0,"_bbp_total_topic_count":0,"_bbp_total_reply_count":0,"_bbp_voice_count":0,"_bbp_anonymous_reply_count":0,"_bbp_topic_count_hidden":0,"_bbp_reply_count_hidden":0,"_bbp_forum_subforum_count":0,"site-sidebar-layout":"default","site-content-layout":"","ast-site-content-layout":"","site-content-style":"default","site-sidebar-style":"default","ast-global-header-display":"","ast-banner-title-visibility":"","ast-main-header-display":"","ast-hfb-above-header-display":"","ast-hfb-below-header-display":"","ast-hfb-mobile-header-display":"","site-post-title":"","ast-breadcrumbs-content":"","ast-featured-img":"","footer-sml-layout":"","theme-transparent-header-meta":"","adv-header-id-meta":"","stick-header-meta":"","header-above-stick-meta":"","header-main-stick-meta":"","header-below-stick-meta":"","astra-migrate-meta-layouts":"default","ast-page-background-enabled":"default","ast-page-background-meta":{"desktop":{"background-color":"var(--ast-global-color-4)","background-image":"","background-repeat":"repeat","background-position":"center center","background-size":"auto","background-attachment":"scroll","background-type":"","background-media":"","overlay-type":"","overlay-color":"","overlay-opacity":"","overlay-gradient":""},"tablet":{"background-color":"","background-image":"","background-repeat":"repeat","background-position":"center center","background-size":"auto","background-attachment":"scroll","background-type":"","background-media":"","overlay-type":"","overlay-color":"","overlay-opacity":"","overlay-gradient":""},"mobile":{"background-color":"","background-image":"","background-repeat":"repeat","background-position":"center center","background-size":"auto","background-attachment":"scroll","background-type":"","background-media":"","overlay-type":"","overlay-color":"","overlay-opacity":"","overlay-gradient":""}},"ast-content-background-meta":{"desktop":{"background-color":"var(--ast-global-color-5)","background-image":"","background-repeat":"repeat","background-position":"center center","background-size":"auto","background-attachment":"scroll","background-type":"","background-media":"","overlay-type":"","overlay-color":"","overlay-opacity":"","overlay-gradient":""},"tablet":{"background-color":"var(--ast-global-color-5)","background-image":"","background-repeat":"repeat","background-position":"center center","background-size":"auto","background-attachment":"scroll","background-type":"","background-media":"","overlay-type":"","overlay-color":"","overlay-opacity":"","overlay-gradient":""},"mobile":{"background-color":"var(--ast-global-color-5)","background-image":"","background-repeat":"repeat","background-position":"center center","background-size":"auto","background-attachment":"scroll","background-type":"","background-media":"","overlay-type":"","overlay-color":"","overlay-opacity":"","overlay-gradient":""}},"footnotes":""},"class_list":["post-451","page","type-page","status-publish","hentry"],"post_mailing_queue_ids":[],"_links":{"self":[{"href":"https:\/\/agora.xtec.cat\/iesvallhebron\/wp-json\/wp\/v2\/pages\/451","targetHints":{"allow":["GET"]}}],"collection":[{"href":"https:\/\/agora.xtec.cat\/iesvallhebron\/wp-json\/wp\/v2\/pages"}],"about":[{"href":"https:\/\/agora.xtec.cat\/iesvallhebron\/wp-json\/wp\/v2\/types\/page"}],"author":[{"embeddable":true,"href":"https:\/\/agora.xtec.cat\/iesvallhebron\/wp-json\/wp\/v2\/users\/1"}],"replies":[{"embeddable":true,"href":"https:\/\/agora.xtec.cat\/iesvallhebron\/wp-json\/wp\/v2\/comments?post=451"}],"version-history":[{"count":7,"href":"https:\/\/agora.xtec.cat\/iesvallhebron\/wp-json\/wp\/v2\/pages\/451\/revisions"}],"predecessor-version":[{"id":14892,"href":"https:\/\/agora.xtec.cat\/iesvallhebron\/wp-json\/wp\/v2\/pages\/451\/revisions\/14892"}],"up":[{"embeddable":true,"href":"https:\/\/agora.xtec.cat\/iesvallhebron\/wp-json\/wp\/v2\/pages\/195"}],"wp:attachment":[{"href":"https:\/\/agora.xtec.cat\/iesvallhebron\/wp-json\/wp\/v2\/media?parent=451"}],"curies":[{"name":"wp","href":"https:\/\/api.w.org\/{rel}","templated":true}]}}