{"id":447,"date":"2016-01-31T12:53:17","date_gmt":"2016-01-31T11:53:17","guid":{"rendered":"http:\/\/agora.xtec.cat\/iesvallhebron\/?page_id=447"},"modified":"2026-01-23T16:39:48","modified_gmt":"2026-01-23T15:39:48","slug":"ensenyament-secundari-obligatori-eso","status":"publish","type":"page","link":"https:\/\/agora.xtec.cat\/iesvallhebron\/estudis\/ensenyament-secundari-obligatori-eso\/","title":{"rendered":"Ensenyament Secundari Obligatori (ESO)"},"content":{"rendered":"<p>Teniu una presentaci\u00f3 global del nostre projecte educatiu per a l&#8217;ESO <a href=\"https:\/\/issuu.com\/rubencj\/docs\/organitzaci__eso_curs_2021-22_vdef_b1ccfee0bf5d7a\" target=\"_blank\" rel=\"noopener noreferrer\">en aquest dossier informatiu<\/a>.<\/p>\n<p><a href=\"https:\/\/agora.xtec.cat\/iesvallhebron\/wp-content\/uploads\/usu893\/2021\/02\/DSC07012-768x576.jpg\"><img loading=\"lazy\" decoding=\"async\" class=\"size-full wp-image-10232 aligncenter\" src=\"https:\/\/agora.xtec.cat\/iesvallhebron\/wp-content\/uploads\/usu893\/2021\/02\/DSC07012-768x576.jpg\" alt=\"\" width=\"768\" height=\"576\" srcset=\"https:\/\/agora.xtec.cat\/iesvallhebron\/wp-content\/uploads\/usu893\/2021\/02\/DSC07012-768x576.jpg 768w, https:\/\/agora.xtec.cat\/iesvallhebron\/wp-content\/uploads\/usu893\/2021\/02\/DSC07012-768x576-300x225.jpg 300w, https:\/\/agora.xtec.cat\/iesvallhebron\/wp-content\/uploads\/usu893\/2021\/02\/DSC07012-768x576-200x150.jpg 200w\" sizes=\"auto, (max-width: 768px) 100vw, 768px\" \/><\/a><\/p>\n<p style=\"text-align: justify;\">L\u2019etapa de l\u2019ESO (Ensenyament Secundari\u00a0 Obligatori)\u00a0 compr\u00e8n 4 cursos organitzats per mat\u00e8ries obligat\u00f2ries i optatives que permet als alumnes assolir i consolidar amb \u00e8xit\u00a0 les compet\u00e8ncies b\u00e0siques pr\u00f2pies de l\u2019etapa.\u00a0 Les optatives\u00a0 que\u00a0 oferim\u00a0 s\u00f3n\u00a0 hort\u00a0 ecol\u00f2gic (en\u00a0 el\u00a0 marc del projecte\u00a0 Barcelona\u00a0 Escola\u00a0 Sostenible),\u00a0 franc\u00e8s\u00a0 com\u00a0 a segona\u00a0 llengua\u00a0 i optatives\u00a0 basades\u00a0 en\u00a0 projectes\u00a0 com\u00a0 <em>Descoberta de l\u2019institut <\/em>\u00a0i\u00a0 <em>Salvem \u00a0la Terra<\/em>.<\/p>\n<p style=\"text-align: justify;\"><strong>ORGANITZACI\u00d3<\/strong><\/p>\n<p style=\"text-align: justify;\">L\u2019horari \u00e9s de 8h a les 14.30h amb un pati de 30 minuts entre les 11.00h i les 11.30h. A la tarda el centre est\u00e0 obert i s\u2019ofereixen diverses propostes:\u00a0 Biblioteca, projecte \u00c8xit Acompanyament i \u00c8xit Angl\u00e8s, i\u00a0 activitats programades des de\u00a0 l\u2019AMPA. El centre tamb\u00e9 disposa de cantina que ofereix la possibilitat de dinar a l\u2019institut als alumnes que ho necessiten.<\/p>\n<p style=\"text-align: justify;\">Els alumnes de 1r i 2n d\u2019ESO estan distribu\u00efts en <strong>grups redu\u00efts<\/strong>, entre 15 i 20 alumnes per grup-classe i tutor\/a. Tots els alumnes disposen de taquilla i el centre es coordina amb l\u2019empresa Iddink (especialitzada en la reutilitzaci\u00f3 de llibres de text) per facilitar l\u2019adquisici\u00f3 del material escolar a les fam\u00edlies.<\/p>\n<p style=\"text-align: justify;\"><img loading=\"lazy\" decoding=\"async\" class=\"size-medium wp-image-8874 alignleft\" src=\"https:\/\/agora.xtec.cat\/iesvallhebron\/wp-content\/uploads\/usu893\/2020\/02\/ESO2-300x225.jpg\" alt=\"\" width=\"300\" height=\"225\" srcset=\"https:\/\/agora.xtec.cat\/iesvallhebron\/wp-content\/uploads\/usu893\/2020\/02\/ESO2-300x225.jpg 300w, https:\/\/agora.xtec.cat\/iesvallhebron\/wp-content\/uploads\/usu893\/2020\/02\/ESO2-200x150.jpg 200w, https:\/\/agora.xtec.cat\/iesvallhebron\/wp-content\/uploads\/usu893\/2020\/02\/ESO2.jpg 495w\" sizes=\"auto, (max-width: 300px) 100vw, 300px\" \/> <img loading=\"lazy\" decoding=\"async\" class=\"aligncenter size-medium wp-image-8875\" src=\"https:\/\/agora.xtec.cat\/iesvallhebron\/wp-content\/uploads\/usu893\/2020\/02\/ESO3-300x225.jpg\" alt=\"\" width=\"300\" height=\"225\" srcset=\"https:\/\/agora.xtec.cat\/iesvallhebron\/wp-content\/uploads\/usu893\/2020\/02\/ESO3-300x225.jpg 300w, https:\/\/agora.xtec.cat\/iesvallhebron\/wp-content\/uploads\/usu893\/2020\/02\/ESO3-200x150.jpg 200w, https:\/\/agora.xtec.cat\/iesvallhebron\/wp-content\/uploads\/usu893\/2020\/02\/ESO3.jpg 495w\" sizes=\"auto, (max-width: 300px) 100vw, 300px\" \/><\/p>\n<p style=\"text-align: justify;\"><strong><br \/>\nACCI\u00d3 TUTORIAL<\/strong><\/p>\n<p style=\"text-align: justify;\">L\u2019\u00e8xit del nostre alumnat es basa en <strong>l\u2019atenci\u00f3 personalitzada<\/strong> que reben dels seus tutors\/es i en l\u2019estreta relaci\u00f3 del centre amb les fam\u00edlies. Comptem amb un equip de tutors\/es i coordinadors\/es estable i de la implicaci\u00f3 del departament d\u2019orientaci\u00f3 format per dos especialistes en psicopedagogia i dos especialistes en l\u2019\u00e0mbit de l\u2019educaci\u00f3 social.<\/p>\n<p style=\"text-align: justify;\">Prioritzem l\u2019acolliment i el benestar emocional del nostre alumnat que potenciem des del pla d\u2019acci\u00f3 tutorial que inclou des de conviv\u00e8ncies al <a href=\"https:\/\/agora.xtec.cat\/iesvallhebron\/categoria\/projectes\/tei\/\" target=\"_blank\" rel=\"noopener noreferrer\">projecte TEI (tutoria entre iguals)<\/a> entre alumnes de 3r i 1r d\u2019ESO. Tamb\u00e9 fomentem la participaci\u00f3 de l\u2019alumnat en les festes tradicionals organitzades des de la comissi\u00f3 d\u2019extraescolars\u00a0 i\u00a0 l\u2019assemblea\u00a0 de\u00a0 delegats (Castanyada, Nadal, Carnestoltes, San Jordi) .<\/p>\n<p style=\"text-align: justify;\"><strong>PROJECTES<\/strong><\/p>\n<p style=\"text-align: justify;\">L\u2019Institut participa de <strong>la xarxa de compet\u00e8ncies b\u00e0siques<\/strong> i ha creat un equip impulsor format per professorat del centre amb l\u2019objectiu de desenvolupar l\u2019aprenentatge i l\u2019avaluaci\u00f3 per compet\u00e8ncies, al mateix temps que pret\u00e9n consolidar i promoure metodologies basades en el treball per projectes.<\/p>\n<p>Com a mostra de projecte us adrecem a que <a href=\"https:\/\/agora.xtec.cat\/iesvallhebron\/categoria\/projectes\/descoberta-institut\/\" target=\"_blank\" rel=\"noopener noreferrer\">descobriu l&#8217;institut<\/a>, que gaudiu de les propostes art\u00edstiques dels <a href=\"https:\/\/agora.xtec.cat\/iesvallhebron\/categoria\/projectes\/enresidencia\/\" target=\"_blank\" rel=\"noopener noreferrer\">creadors en resid\u00e8ncia<\/a> o disfruteu del nostre <a href=\"https:\/\/agora.xtec.cat\/iesvallhebron\/categoria\/projectes\/hort\/\" target=\"_blank\" rel=\"noopener noreferrer\">hort ecol\u00f2gic<\/a>.<\/p>\n<p style=\"text-align: justify;\">Com a projectes de centre destaquem tamb\u00e9, en l\u2019\u00e0mbit de les lleng\u00fces estrangeres i la mobilitat internacional, el projecte <em>Erasmus+.<\/em><\/p>\n<p style=\"text-align: justify;\">Aqu\u00ed trobar\u00e0s m\u00e9s informaci\u00f3 sobre l&#8217;<a href=\"http:\/\/agora.xtec.cat\/iesvallhebron\/estudis\/ensenyament-secundari-obligatori-eso\/estructura\/\">estructura<\/a>, el <a href=\"http:\/\/agora.xtec.cat\/iesvallhebron\/estudis\/ensenyament-secundari-obligatori-eso\/curriculum-comu\/\">curr\u00edculum com\u00fa<\/a>, les <a href=\"http:\/\/agora.xtec.cat\/iesvallhebron\/estudis\/ensenyament-secundari-obligatori-eso\/materies-optatives\/\">mat\u00e8ries optatives<\/a> i els <a href=\"http:\/\/agora.xtec.cat\/iesvallhebron\/estudis\/ensenyament-secundari-obligatori-eso\/treballs-de-sintesi\/\">treballs de s\u00edntesi<\/a> que s&#8217;organitzen a l&#8217;institut.<\/p>\n<p style=\"text-align: justify;\">Veure les <a href=\"http:\/\/agora.xtec.cat\/iesvallhebron\/categoria\/estudis\/eso\/\">Not\u00edcies de l&#8217;ESO<\/a>.<\/p>\n","protected":false},"excerpt":{"rendered":"<p>Teniu una presentaci\u00f3 global del nostre projecte educatiu per a l&#8217;ESO en aquest dossier informatiu. L\u2019etapa de l\u2019ESO (Ensenyament Secundari\u00a0 Obligatori)\u00a0 compr\u00e8n 4 cursos organitzats per mat\u00e8ries obligat\u00f2ries i optatives que permet als alumnes assolir i consolidar amb \u00e8xit\u00a0 les compet\u00e8ncies b\u00e0siques pr\u00f2pies de l\u2019etapa.\u00a0 Les optatives\u00a0 que\u00a0 oferim\u00a0 s\u00f3n\u00a0 hort\u00a0 ecol\u00f2gic (en\u00a0 el\u00a0 marc [&hellip;]<\/p>\n","protected":false},"author":1,"featured_media":0,"parent":195,"menu_order":5,"comment_status":"closed","ping_status":"closed","template":"","meta":{"_bbp_topic_count":0,"_bbp_reply_count":0,"_bbp_total_topic_count":0,"_bbp_total_reply_count":0,"_bbp_voice_count":0,"_bbp_anonymous_reply_count":0,"_bbp_topic_count_hidden":0,"_bbp_reply_count_hidden":0,"_bbp_forum_subforum_count":0,"site-sidebar-layout":"default","site-content-layout":"","ast-site-content-layout":"","site-content-style":"default","site-sidebar-style":"default","ast-global-header-display":"","ast-banner-title-visibility":"","ast-main-header-display":"","ast-hfb-above-header-display":"","ast-hfb-below-header-display":"","ast-hfb-mobile-header-display":"","site-post-title":"","ast-breadcrumbs-content":"","ast-featured-img":"","footer-sml-layout":"","theme-transparent-header-meta":"","adv-header-id-meta":"","stick-header-meta":"","header-above-stick-meta":"","header-main-stick-meta":"","header-below-stick-meta":"","astra-migrate-meta-layouts":"default","ast-page-background-enabled":"default","ast-page-background-meta":{"desktop":{"background-color":"var(--ast-global-color-4)","background-image":"","background-repeat":"repeat","background-position":"center center","background-size":"auto","background-attachment":"scroll","background-type":"","background-media":"","overlay-type":"","overlay-color":"","overlay-opacity":"","overlay-gradient":""},"tablet":{"background-color":"","background-image":"","background-repeat":"repeat","background-position":"center center","background-size":"auto","background-attachment":"scroll","background-type":"","background-media":"","overlay-type":"","overlay-color":"","overlay-opacity":"","overlay-gradient":""},"mobile":{"background-color":"","background-image":"","background-repeat":"repeat","background-position":"center center","background-size":"auto","background-attachment":"scroll","background-type":"","background-media":"","overlay-type":"","overlay-color":"","overlay-opacity":"","overlay-gradient":""}},"ast-content-background-meta":{"desktop":{"background-color":"var(--ast-global-color-5)","background-image":"","background-repeat":"repeat","background-position":"center center","background-size":"auto","background-attachment":"scroll","background-type":"","background-media":"","overlay-type":"","overlay-color":"","overlay-opacity":"","overlay-gradient":""},"tablet":{"background-color":"var(--ast-global-color-5)","background-image":"","background-repeat":"repeat","background-position":"center center","background-size":"auto","background-attachment":"scroll","background-type":"","background-media":"","overlay-type":"","overlay-color":"","overlay-opacity":"","overlay-gradient":""},"mobile":{"background-color":"var(--ast-global-color-5)","background-image":"","background-repeat":"repeat","background-position":"center center","background-size":"auto","background-attachment":"scroll","background-type":"","background-media":"","overlay-type":"","overlay-color":"","overlay-opacity":"","overlay-gradient":""}},"footnotes":""},"class_list":["post-447","page","type-page","status-publish","hentry"],"post_mailing_queue_ids":[],"_links":{"self":[{"href":"https:\/\/agora.xtec.cat\/iesvallhebron\/wp-json\/wp\/v2\/pages\/447","targetHints":{"allow":["GET"]}}],"collection":[{"href":"https:\/\/agora.xtec.cat\/iesvallhebron\/wp-json\/wp\/v2\/pages"}],"about":[{"href":"https:\/\/agora.xtec.cat\/iesvallhebron\/wp-json\/wp\/v2\/types\/page"}],"author":[{"embeddable":true,"href":"https:\/\/agora.xtec.cat\/iesvallhebron\/wp-json\/wp\/v2\/users\/1"}],"replies":[{"embeddable":true,"href":"https:\/\/agora.xtec.cat\/iesvallhebron\/wp-json\/wp\/v2\/comments?post=447"}],"version-history":[{"count":6,"href":"https:\/\/agora.xtec.cat\/iesvallhebron\/wp-json\/wp\/v2\/pages\/447\/revisions"}],"predecessor-version":[{"id":14296,"href":"https:\/\/agora.xtec.cat\/iesvallhebron\/wp-json\/wp\/v2\/pages\/447\/revisions\/14296"}],"up":[{"embeddable":true,"href":"https:\/\/agora.xtec.cat\/iesvallhebron\/wp-json\/wp\/v2\/pages\/195"}],"wp:attachment":[{"href":"https:\/\/agora.xtec.cat\/iesvallhebron\/wp-json\/wp\/v2\/media?parent=447"}],"curies":[{"name":"wp","href":"https:\/\/api.w.org\/{rel}","templated":true}]}}