{"id":433,"date":"2016-01-30T20:15:31","date_gmt":"2016-01-30T19:15:31","guid":{"rendered":"http:\/\/agora.xtec.cat\/iesvallhebron\/?page_id=433"},"modified":"2025-10-29T13:08:25","modified_gmt":"2025-10-29T12:08:25","slug":"objectius-del-programa-de-qualitat-curs-2015-2016","status":"publish","type":"page","link":"https:\/\/agora.xtec.cat\/iesvallhebron\/linstitut\/qualitat\/objectius-del-programa-de-qualitat-curs-2015-2016\/","title":{"rendered":"Objectius de Centre pel curs 2025-2026"},"content":{"rendered":"\n<p>Per aquest curs 2025-2026, la comunitat educativa de l\u2019Institut Vall d\u2019Hebron s\u2019uneix per assolir els seg\u00fcents objectius:<\/p>\n\n\n\n<ol class=\"wp-block-list\">\n<li><strong>Millorar els resultats de rendiment acad\u00e8mic<\/strong>\n<ul class=\"wp-block-list\">\n<li>Augmentar el nombre d\u2019alumnes que promocionen de curs a CFGB i CFGM.<\/li>\n\n\n\n<li>Millorar els resultats de les proves de compet\u00e8ncies b\u00e0siques de 4rt d\u2019ESO i mantenir el percentatge d\u2019alumnat que supera les PAU.<\/li>\n\n\n\n<li>Augmentar l\u2019\u00edndex de graduaci\u00f3 de PFI, GM, GS i mantenir el de batxillerat.<\/li>\n\n\n\n<li>Refor\u00e7ar la coordinaci\u00f3 entre les persones tutores i les persones orientadores<\/li>\n<\/ul>\n<\/li>\n\n\n\n<li><strong>Millorar la cohesi\u00f3 social<\/strong>\n<ul class=\"wp-block-list\">\n<li>Consolidar la satisfacci\u00f3 de les fam\u00edlies.<\/li>\n\n\n\n<li>Portar a terme projectes per a fomentar la interacci\u00f3 social i prevenir els conflictes.<\/li>\n\n\n\n<li>Millorar la identificaci\u00f3 del professorat amb el centre.<\/li>\n<\/ul>\n<\/li>\n\n\n\n<li><strong>Millorar l\u2019organitzaci\u00f3<\/strong>\n<ul class=\"wp-block-list\">\n<li>Optimitzar el funcionament de la Plataforma com a eina de gesti\u00f3.<\/li>\n\n\n\n<li>Refor\u00e7ar l\u2019estructura organitzativa del centre per millorar la coordinaci\u00f3, consolidar els grups de treball i afavorir una gesti\u00f3 m\u00e9s eficient i efica\u00e7.<\/li>\n<\/ul>\n<\/li>\n<\/ol>\n","protected":false},"excerpt":{"rendered":"<p>Per aquest curs 2025-2026, la comunitat educativa de l\u2019Institut Vall d\u2019Hebron s\u2019uneix per assolir els seg\u00fcents objectius:<\/p>\n","protected":false},"author":1,"featured_media":0,"parent":428,"menu_order":53,"comment_status":"closed","ping_status":"closed","template":"page-templates\/side-menu.php","meta":{"_bbp_topic_count":0,"_bbp_reply_count":0,"_bbp_total_topic_count":0,"_bbp_total_reply_count":0,"_bbp_voice_count":0,"_bbp_anonymous_reply_count":0,"_bbp_topic_count_hidden":0,"_bbp_reply_count_hidden":0,"_bbp_forum_subforum_count":0,"site-sidebar-layout":"default","site-content-layout":"","ast-site-content-layout":"","site-content-style":"default","site-sidebar-style":"default","ast-global-header-display":"","ast-banner-title-visibility":"","ast-main-header-display":"","ast-hfb-above-header-display":"","ast-hfb-below-header-display":"","ast-hfb-mobile-header-display":"","site-post-title":"","ast-breadcrumbs-content":"","ast-featured-img":"","footer-sml-layout":"","theme-transparent-header-meta":"","adv-header-id-meta":"","stick-header-meta":"","header-above-stick-meta":"","header-main-stick-meta":"","header-below-stick-meta":"","astra-migrate-meta-layouts":"default","ast-page-background-enabled":"default","ast-page-background-meta":{"desktop":{"background-color":"var(--ast-global-color-4)","background-image":"","background-repeat":"repeat","background-position":"center center","background-size":"auto","background-attachment":"scroll","background-type":"","background-media":"","overlay-type":"","overlay-color":"","overlay-opacity":"","overlay-gradient":""},"tablet":{"background-color":"","background-image":"","background-repeat":"repeat","background-position":"center center","background-size":"auto","background-attachment":"scroll","background-type":"","background-media":"","overlay-type":"","overlay-color":"","overlay-opacity":"","overlay-gradient":""},"mobile":{"background-color":"","background-image":"","background-repeat":"repeat","background-position":"center center","background-size":"auto","background-attachment":"scroll","background-type":"","background-media":"","overlay-type":"","overlay-color":"","overlay-opacity":"","overlay-gradient":""}},"ast-content-background-meta":{"desktop":{"background-color":"var(--ast-global-color-5)","background-image":"","background-repeat":"repeat","background-position":"center center","background-size":"auto","background-attachment":"scroll","background-type":"","background-media":"","overlay-type":"","overlay-color":"","overlay-opacity":"","overlay-gradient":""},"tablet":{"background-color":"var(--ast-global-color-5)","background-image":"","background-repeat":"repeat","background-position":"center center","background-size":"auto","background-attachment":"scroll","background-type":"","background-media":"","overlay-type":"","overlay-color":"","overlay-opacity":"","overlay-gradient":""},"mobile":{"background-color":"var(--ast-global-color-5)","background-image":"","background-repeat":"repeat","background-position":"center center","background-size":"auto","background-attachment":"scroll","background-type":"","background-media":"","overlay-type":"","overlay-color":"","overlay-opacity":"","overlay-gradient":""}},"footnotes":""},"class_list":["post-433","page","type-page","status-publish","hentry"],"post_mailing_queue_ids":[],"_links":{"self":[{"href":"https:\/\/agora.xtec.cat\/iesvallhebron\/wp-json\/wp\/v2\/pages\/433","targetHints":{"allow":["GET"]}}],"collection":[{"href":"https:\/\/agora.xtec.cat\/iesvallhebron\/wp-json\/wp\/v2\/pages"}],"about":[{"href":"https:\/\/agora.xtec.cat\/iesvallhebron\/wp-json\/wp\/v2\/types\/page"}],"author":[{"embeddable":true,"href":"https:\/\/agora.xtec.cat\/iesvallhebron\/wp-json\/wp\/v2\/users\/1"}],"replies":[{"embeddable":true,"href":"https:\/\/agora.xtec.cat\/iesvallhebron\/wp-json\/wp\/v2\/comments?post=433"}],"version-history":[{"count":6,"href":"https:\/\/agora.xtec.cat\/iesvallhebron\/wp-json\/wp\/v2\/pages\/433\/revisions"}],"predecessor-version":[{"id":15453,"href":"https:\/\/agora.xtec.cat\/iesvallhebron\/wp-json\/wp\/v2\/pages\/433\/revisions\/15453"}],"up":[{"embeddable":true,"href":"https:\/\/agora.xtec.cat\/iesvallhebron\/wp-json\/wp\/v2\/pages\/428"}],"wp:attachment":[{"href":"https:\/\/agora.xtec.cat\/iesvallhebron\/wp-json\/wp\/v2\/media?parent=433"}],"curies":[{"name":"wp","href":"https:\/\/api.w.org\/{rel}","templated":true}]}}