{"id":27,"date":"2014-09-17T16:24:03","date_gmt":"2014-09-17T16:24:03","guid":{"rendered":"http:\/\/agora.xtec.cat\/iesvallhebron\/?page_id=27"},"modified":"2026-02-09T16:57:17","modified_gmt":"2026-02-09T15:57:17","slug":"historia","status":"publish","type":"page","link":"https:\/\/agora.xtec.cat\/iesvallhebron\/linstitut\/historia\/","title":{"rendered":"Hist\u00f2ria"},"content":{"rendered":"<p>L&#8217;edifici actual es va construir entre el 1920 i el 1930 gr\u00e0cies al llegat de la fam\u00edlia Ribas per albergar-hi un orfenat, en els terrenys de l&#8217;antiga finca de Can Besora. Es va encarregar el projecte a l&#8217;arquitecte Enric Sagnier i Villavecchia el qual va construir l&#8217;edifici d&#8217;acord amb els c\u00e0nons noucentistes de l&#8217;\u00e8poca.<\/p>\n<p><img loading=\"lazy\" decoding=\"async\" class=\"aligncenter wp-image-10461\" src=\"https:\/\/agora.xtec.cat\/iesvallhebron\/wp-content\/uploads\/usu893\/2021\/03\/nodes_edifici.jpg\" alt=\"\" width=\"523\" height=\"350\" srcset=\"https:\/\/agora.xtec.cat\/iesvallhebron\/wp-content\/uploads\/usu893\/2021\/03\/nodes_edifici.jpg 500w, https:\/\/agora.xtec.cat\/iesvallhebron\/wp-content\/uploads\/usu893\/2021\/03\/nodes_edifici-300x201.jpg 300w\" sizes=\"auto, (max-width: 523px) 100vw, 523px\" \/><\/p>\n<p>L&#8217;Orfenat Ribas, tamb\u00e9 conegut com a Patronat Ribas, es va inaugurar l&#8217;abril de 1930, amb capacitat per a cinc-cents llits i vuit-cents escolars, que aprenien amb el m\u00e8tode Montessori. Va funcionar fins al curs 1970-1971, quan el Patronat decid\u00ed tancar-lo per problemes econ\u00f2mics.<\/p>\n\r\n\t<div class=\"slideshow_container slideshow_container_style-light\" style=\" \" data-slideshow-id=\"388\" data-style-name=\"style-light\" data-style-version=\"2.3.1\" >\r\n\r\n\t\t\t\t\t<div class=\"slideshow_loading_icon\"><\/div>\r\n\t\t\r\n\t\t<div class=\"slideshow_content\" style=\"display: none;\">\r\n\r\n\t\t\t<div class=\"slideshow_view\">\r\n\t\t\t\t<div class=\"slideshow_slide slideshow_slide_image\">\r\n\t\t\t\t\t<a href=\"http:\/\/fernando.allue.eresmas.net\/75aniversari.htm\" target=\"_blank\" >\t\t\t\t\t\t<img src=\"https:\/\/agora.xtec.cat\/iesvallhebron\/wp-content\/uploads\/usu893\/2016\/01\/Detall_fasana.gif\" alt=\"Detall_fasana\" width=\"900\" height=\"599\" \/>\r\n\t\t\t\t\t<\/a>\t\t\t\t\t<div class=\"slideshow_description_box slideshow_transparent\">\r\n\t\t\t\t\t\t<div class=\"slideshow_title\"><a href=\"http:\/\/fernando.allue.eresmas.net\/75aniversari.htm\" target=\"_blank\" >Detall_fasana<\/a><\/div>\t\t\t\t\t\t<div class=\"slideshow_description\"><a href=\"http:\/\/fernando.allue.eresmas.net\/75aniversari.htm\" target=\"_blank\" >Detall de la fa\u00e7ana<\/a><\/div>\t\t\t\t\t<\/div>\r\n\t\t\t\t<\/div>\r\n\r\n\t\t\t\t\t\t<div style=\"clear: both;\"><\/div><\/div><div class=\"slideshow_view\">\r\n\t\t\t\t<div class=\"slideshow_slide slideshow_slide_image\">\r\n\t\t\t\t\t<a href=\"http:\/\/fernando.allue.eresmas.net\/75aniversari.htm\" target=\"_blank\" >\t\t\t\t\t\t<img src=\"https:\/\/agora.xtec.cat\/iesvallhebron\/wp-content\/uploads\/usu893\/2016\/01\/escales_old.gif\" alt=\"escales_old\" width=\"900\" height=\"687\" \/>\r\n\t\t\t\t\t<\/a>\t\t\t\t\t<div class=\"slideshow_description_box slideshow_transparent\">\r\n\t\t\t\t\t\t<div class=\"slideshow_title\"><a href=\"http:\/\/fernando.allue.eresmas.net\/75aniversari.htm\" target=\"_blank\" >escales_old<\/a><\/div>\t\t\t\t\t\t<div class=\"slideshow_description\"><a href=\"http:\/\/fernando.allue.eresmas.net\/75aniversari.htm\" target=\"_blank\" >Entrada<\/a><\/div>\t\t\t\t\t<\/div>\r\n\t\t\t\t<\/div>\r\n\r\n\t\t\t\t\t\t<div style=\"clear: both;\"><\/div><\/div><div class=\"slideshow_view\">\r\n\t\t\t\t<div class=\"slideshow_slide slideshow_slide_image\">\r\n\t\t\t\t\t<a href=\"http:\/\/fernando.allue.eresmas.net\/75aniversari.htm\" target=\"_blank\" >\t\t\t\t\t\t<img src=\"https:\/\/agora.xtec.cat\/iesvallhebron\/wp-content\/uploads\/usu893\/2016\/01\/edifici_old.gif\" alt=\"edifici_old\" width=\"900\" height=\"668\" \/>\r\n\t\t\t\t\t<\/a>\t\t\t\t\t<div class=\"slideshow_description_box slideshow_transparent\">\r\n\t\t\t\t\t\t<div class=\"slideshow_title\"><a href=\"http:\/\/fernando.allue.eresmas.net\/75aniversari.htm\" target=\"_blank\" >edifici_old<\/a><\/div>\t\t\t\t\t\t<div class=\"slideshow_description\"><a href=\"http:\/\/fernando.allue.eresmas.net\/75aniversari.htm\" target=\"_blank\" >Edifici<\/a><\/div>\t\t\t\t\t<\/div>\r\n\t\t\t\t<\/div>\r\n\r\n\t\t\t\t\t\t<div style=\"clear: both;\"><\/div><\/div><div class=\"slideshow_view\">\r\n\t\t\t\t<div class=\"slideshow_slide slideshow_slide_image\">\r\n\t\t\t\t\t<a href=\"http:\/\/fernando.allue.eresmas.net\/75aniversari.htm\" target=\"_blank\" >\t\t\t\t\t\t<img src=\"https:\/\/agora.xtec.cat\/iesvallhebron\/wp-content\/uploads\/usu893\/2016\/01\/aula1_old.gif\" alt=\"aula1_old\" width=\"900\" height=\"671\" \/>\r\n\t\t\t\t\t<\/a>\t\t\t\t\t<div class=\"slideshow_description_box slideshow_transparent\">\r\n\t\t\t\t\t\t<div class=\"slideshow_title\"><a href=\"http:\/\/fernando.allue.eresmas.net\/75aniversari.htm\" target=\"_blank\" >aula1_old<\/a><\/div>\t\t\t\t\t\t<div class=\"slideshow_description\"><a href=\"http:\/\/fernando.allue.eresmas.net\/75aniversari.htm\" target=\"_blank\" >Aula<\/a><\/div>\t\t\t\t\t<\/div>\r\n\t\t\t\t<\/div>\r\n\r\n\t\t\t\t\t\t<div style=\"clear: both;\"><\/div><\/div><div class=\"slideshow_view\">\r\n\t\t\t\t<div class=\"slideshow_slide slideshow_slide_image\">\r\n\t\t\t\t\t<a href=\"http:\/\/fernando.allue.eresmas.net\/75aniversari.htm\" target=\"_blank\" >\t\t\t\t\t\t<img src=\"https:\/\/agora.xtec.cat\/iesvallhebron\/wp-content\/uploads\/usu893\/2016\/01\/aula2_old.gif\" alt=\"aula2_old\" width=\"900\" height=\"668\" \/>\r\n\t\t\t\t\t<\/a>\t\t\t\t\t<div class=\"slideshow_description_box slideshow_transparent\">\r\n\t\t\t\t\t\t<div class=\"slideshow_title\"><a href=\"http:\/\/fernando.allue.eresmas.net\/75aniversari.htm\" target=\"_blank\" >aula2_old<\/a><\/div>\t\t\t\t\t\t<div class=\"slideshow_description\"><a href=\"http:\/\/fernando.allue.eresmas.net\/75aniversari.htm\" target=\"_blank\" >Aula<\/a><\/div>\t\t\t\t\t<\/div>\r\n\t\t\t\t<\/div>\r\n\r\n\t\t\t\t\t\t<div style=\"clear: both;\"><\/div><\/div><div class=\"slideshow_view\">\r\n\t\t\t\t<div class=\"slideshow_slide slideshow_slide_image\">\r\n\t\t\t\t\t<a href=\"http:\/\/fernando.allue.eresmas.net\/75aniversari.htm\" target=\"_blank\" >\t\t\t\t\t\t<img src=\"https:\/\/agora.xtec.cat\/iesvallhebron\/wp-content\/uploads\/usu893\/2016\/01\/barberia_old.gif\" alt=\"barberia_old\" width=\"900\" height=\"664\" \/>\r\n\t\t\t\t\t<\/a>\t\t\t\t\t<div class=\"slideshow_description_box slideshow_transparent\">\r\n\t\t\t\t\t\t<div class=\"slideshow_title\"><a href=\"http:\/\/fernando.allue.eresmas.net\/75aniversari.htm\" target=\"_blank\" >barberia_old<\/a><\/div>\t\t\t\t\t\t<div class=\"slideshow_description\"><a href=\"http:\/\/fernando.allue.eresmas.net\/75aniversari.htm\" target=\"_blank\" >Barberia<\/a><\/div>\t\t\t\t\t<\/div>\r\n\t\t\t\t<\/div>\r\n\r\n\t\t\t\t\t\t<div style=\"clear: both;\"><\/div><\/div><div class=\"slideshow_view\">\r\n\t\t\t\t<div class=\"slideshow_slide slideshow_slide_image\">\r\n\t\t\t\t\t<a href=\"http:\/\/fernando.allue.eresmas.net\/75aniversari.htm\" target=\"_blank\" >\t\t\t\t\t\t<img src=\"https:\/\/agora.xtec.cat\/iesvallhebron\/wp-content\/uploads\/usu893\/2016\/01\/capella_old.gif\" alt=\"capella_old\" width=\"900\" height=\"664\" \/>\r\n\t\t\t\t\t<\/a>\t\t\t\t\t<div class=\"slideshow_description_box slideshow_transparent\">\r\n\t\t\t\t\t\t<div class=\"slideshow_title\"><a href=\"http:\/\/fernando.allue.eresmas.net\/75aniversari.htm\" target=\"_blank\" >capella_old<\/a><\/div>\t\t\t\t\t\t<div class=\"slideshow_description\"><a href=\"http:\/\/fernando.allue.eresmas.net\/75aniversari.htm\" target=\"_blank\" >Capella<\/a><\/div>\t\t\t\t\t<\/div>\r\n\t\t\t\t<\/div>\r\n\r\n\t\t\t\t\t\t<div style=\"clear: both;\"><\/div><\/div><div class=\"slideshow_view\">\r\n\t\t\t\t<div class=\"slideshow_slide slideshow_slide_image\">\r\n\t\t\t\t\t<a href=\"http:\/\/fernando.allue.eresmas.net\/75aniversari.htm\" target=\"_blank\" >\t\t\t\t\t\t<img src=\"https:\/\/agora.xtec.cat\/iesvallhebron\/wp-content\/uploads\/usu893\/2016\/01\/teatre_old.gif\" alt=\"teatre_old\" width=\"900\" height=\"666\" \/>\r\n\t\t\t\t\t<\/a>\t\t\t\t\t<div class=\"slideshow_description_box slideshow_transparent\">\r\n\t\t\t\t\t\t<div class=\"slideshow_title\"><a href=\"http:\/\/fernando.allue.eresmas.net\/75aniversari.htm\" target=\"_blank\" >teatre_old<\/a><\/div>\t\t\t\t\t\t<div class=\"slideshow_description\"><a href=\"http:\/\/fernando.allue.eresmas.net\/75aniversari.htm\" target=\"_blank\" >Teatre<\/a><\/div>\t\t\t\t\t<\/div>\r\n\t\t\t\t<\/div>\r\n\r\n\t\t\t\t\t\t<div style=\"clear: both;\"><\/div><\/div><div class=\"slideshow_view\">\r\n\t\t\t\t<div class=\"slideshow_slide slideshow_slide_image\">\r\n\t\t\t\t\t<a href=\"http:\/\/fernando.allue.eresmas.net\/75aniversari.htm\" target=\"_blank\" >\t\t\t\t\t\t<img src=\"https:\/\/agora.xtec.cat\/iesvallhebron\/wp-content\/uploads\/usu893\/2016\/01\/hort_old.gif\" alt=\"hort_old\" width=\"900\" height=\"666\" \/>\r\n\t\t\t\t\t<\/a>\t\t\t\t\t<div class=\"slideshow_description_box slideshow_transparent\">\r\n\t\t\t\t\t\t<div class=\"slideshow_title\"><a href=\"http:\/\/fernando.allue.eresmas.net\/75aniversari.htm\" target=\"_blank\" >hort_old<\/a><\/div>\t\t\t\t\t\t<div class=\"slideshow_description\"><a href=\"http:\/\/fernando.allue.eresmas.net\/75aniversari.htm\" target=\"_blank\" >Hort<\/a><\/div>\t\t\t\t\t<\/div>\r\n\t\t\t\t<\/div>\r\n\r\n\t\t\t\t\t\t<div style=\"clear: both;\"><\/div><\/div>\r\n\t\t<\/div>\r\n\r\n\t\t<div class=\"slideshow_controlPanel slideshow_transparent\" style=\"display: none;\"><ul><li class=\"slideshow_togglePlay\" data-play-text=\"Visualitza\" data-pause-text=\"Pausa\"><\/li><\/ul><\/div>\r\n\r\n\t\t<div class=\"slideshow_button slideshow_previous slideshow_transparent\" role=\"button\" data-previous-text=\"Anterior\" style=\"display: none;\"><\/div>\r\n\t\t<div class=\"slideshow_button slideshow_next slideshow_transparent\" role=\"button\" data-next-text=\"Seg\u00fcent\" style=\"display: none;\"><\/div>\r\n\r\n\t\t<div class=\"slideshow_pagination\" style=\"display: none;\" data-go-to-text=\"V\u00e9s a la diapositiva\"><div class=\"slideshow_pagination_center\"><\/div><\/div>\r\n\r\n\t\t<!-- WordPress Slideshow Version 2.3.1 -->\r\n\r\n\t\t\t<\/div>\r\n\r\n\n<p>L&#8217;Ajuntament de Barcelona va comprar l&#8217;edifici el maig de 1975 per fer-hi un complex escolar. Despr\u00e9s de considerar diferents possibilitats, es va decidir crear dos instituts de secund\u00e0ria. La creaci\u00f3 d&#8217;aquests instituts es va materialitzar el setembre de 1976 i es va viure com un \u00e8xit ve\u00efnal, ja que es recuperava com a equipament pel barri el recinte que havia ocupat fins feia pocs anys el Patronat Ribas.<\/p>\n<p>L&#8217;ala esquerra de l&#8217;edifici es va convertir en l&#8217;Institut de Formaci\u00f3 Professional Patronat Ribas i l&#8217;ala dreta en l&#8217;Institut d&#8217;Ensenyament Secundari Vall d&#8217;Hebron, que el 1985 va passar-se a anomenar Carles Riba.<\/p>\n<p><a href=\"http:\/\/agora.xtec.cat\/iesvallhebron\/wp-content\/uploads\/usu893\/2014\/09\/portes2014.jpg\"><img loading=\"lazy\" decoding=\"async\" class=\" size-full wp-image-357 aligncenter\" src=\"http:\/\/agora.xtec.cat\/iesvallhebron\/wp-content\/uploads\/usu893\/2014\/09\/portes2014.jpg\" alt=\"portes2014\" width=\"506\" height=\"216\" srcset=\"https:\/\/agora.xtec.cat\/iesvallhebron\/wp-content\/uploads\/usu893\/2014\/09\/portes2014.jpg 506w, https:\/\/agora.xtec.cat\/iesvallhebron\/wp-content\/uploads\/usu893\/2014\/09\/portes2014-300x128.jpg 300w\" sizes=\"auto, (max-width: 506px) 100vw, 506px\" \/><\/a><\/p>\n<p>A inicis del curs 2001-2002, coincidint amb la celebraci\u00f3 del 25\u00e8 aniversari, es va iniciar un proc\u00e9s de fusi\u00f3 que va culminar l&#8217;estiu de 2012, completant la unificaci\u00f3 dels dos instituts. Es va decidir recuperar el nom d&#8217;Institut Vall d&#8217;Hebron. Actualment, l&#8217;Institut compta amb una variada oferta educativa, recollint el testimoni dels dos centres fusionats.<\/p>\n<p>L&#8217;edifici actual reflecteix part d&#8217;aquesta hist\u00f2ria. L&#8217;estructura i molts dels espais s\u00f3n els originaris que va dissenyar Enric Sagnier, tot i que s&#8217;han rehabilitat i condicionat pel seu nou \u00fas. El recinte actual \u00e9s m\u00e9s petit del que disposava l&#8217;antic orfenat, de tota manera, la grand\u00e0ria del projecte original ha perm\u00e8s disposar en l&#8217;actualitat d&#8217;un institut dotat d&#8217;instal\u00b7lacions diverses i modernes: una gran biblioteca (que ocupa l&#8217;espai de l&#8217;antiga capella), dos gimnasos i una sala de fitnes, quatre laboratoris de ci\u00e8ncies, quatre tallers de pl\u00e0stica, una aula de m\u00fasica, un teatre, dos tallers de tecnologia, una dotzena d&#8217;aules d&#8217;inform\u00e0tica, cinc salons de perruqueria i quatre d&#8217;est\u00e8tica, tallers d&#8217;electricitat i electr\u00f2nica, un taller per a bicicletes, un hort ecol\u00f2gic, un viver i diverses zones enjardinades, pistes poliesportives per a diferents usos.<\/p>\n\r\n\t<div class=\"slideshow_container slideshow_container_style-light\" style=\" \" data-slideshow-id=\"412\" data-style-name=\"style-light\" data-style-version=\"2.3.1\" >\r\n\r\n\t\t\t\t\t<div class=\"slideshow_loading_icon\"><\/div>\r\n\t\t\r\n\t\t<div class=\"slideshow_content\" style=\"display: none;\">\r\n\r\n\t\t\t<div class=\"slideshow_view\">\r\n\t\t\t\t<div class=\"slideshow_slide slideshow_slide_image\">\r\n\t\t\t\t\t\t\t\t\t\t\t<img src=\"https:\/\/agora.xtec.cat\/iesvallhebron\/wp-content\/uploads\/usu893\/2016\/01\/Detall_fasana.gif\" alt=\"Detall de la fa\u00e7ana\" width=\"900\" height=\"599\" \/>\r\n\t\t\t\t\t\t\t\t\t\t<div class=\"slideshow_description_box slideshow_transparent\">\r\n\t\t\t\t\t\t<div class=\"slideshow_title\">Detall de la fa\u00e7ana<\/div>\t\t\t\t\t\t\t\t\t\t\t<\/div>\r\n\t\t\t\t<\/div>\r\n\r\n\t\t\t\t\t\t<div style=\"clear: both;\"><\/div><\/div><div class=\"slideshow_view\">\r\n\t\t\t\t<div class=\"slideshow_slide slideshow_slide_image\">\r\n\t\t\t\t\t\t\t\t\t\t\t<img src=\"https:\/\/agora.xtec.cat\/iesvallhebron\/wp-content\/uploads\/usu893\/2016\/01\/entrada_nou.gif\" alt=\"Entrada\" width=\"900\" height=\"345\" \/>\r\n\t\t\t\t\t\t\t\t\t\t<div class=\"slideshow_description_box slideshow_transparent\">\r\n\t\t\t\t\t\t<div class=\"slideshow_title\">Entrada<\/div>\t\t\t\t\t\t\t\t\t\t\t<\/div>\r\n\t\t\t\t<\/div>\r\n\r\n\t\t\t\t\t\t<div style=\"clear: both;\"><\/div><\/div><div class=\"slideshow_view\">\r\n\t\t\t\t<div class=\"slideshow_slide slideshow_slide_image\">\r\n\t\t\t\t\t\t\t\t\t\t\t<img src=\"https:\/\/agora.xtec.cat\/iesvallhebron\/wp-content\/uploads\/usu893\/2016\/01\/edifici_nou.gif\" alt=\"Edifici\" width=\"900\" height=\"384\" \/>\r\n\t\t\t\t\t\t\t\t\t\t<div class=\"slideshow_description_box slideshow_transparent\">\r\n\t\t\t\t\t\t<div class=\"slideshow_title\">Edifici<\/div>\t\t\t\t\t\t\t\t\t\t\t<\/div>\r\n\t\t\t\t<\/div>\r\n\r\n\t\t\t\t\t\t<div style=\"clear: both;\"><\/div><\/div><div class=\"slideshow_view\">\r\n\t\t\t\t<div class=\"slideshow_slide slideshow_slide_image\">\r\n\t\t\t\t\t\t\t\t\t\t\t<img src=\"https:\/\/agora.xtec.cat\/iesvallhebron\/wp-content\/uploads\/usu893\/2016\/01\/aula1_nou.gif\" alt=\"Aula d&#039;Administraci\u00f3 i Finances\" width=\"900\" height=\"631\" \/>\r\n\t\t\t\t\t\t\t\t\t\t<div class=\"slideshow_description_box slideshow_transparent\">\r\n\t\t\t\t\t\t<div class=\"slideshow_title\">Aula d&#039;Administraci\u00f3 i Finances<\/div>\t\t\t\t\t\t\t\t\t\t\t<\/div>\r\n\t\t\t\t<\/div>\r\n\r\n\t\t\t\t\t\t<div style=\"clear: both;\"><\/div><\/div><div class=\"slideshow_view\">\r\n\t\t\t\t<div class=\"slideshow_slide slideshow_slide_image\">\r\n\t\t\t\t\t\t\t\t\t\t\t<img src=\"https:\/\/agora.xtec.cat\/iesvallhebron\/wp-content\/uploads\/usu893\/2014\/09\/BTX_Artistic.jpg\" alt=\"Aula de Dibuix\" width=\"500\" height=\"333\" \/>\r\n\t\t\t\t\t\t\t\t\t\t<div class=\"slideshow_description_box slideshow_transparent\">\r\n\t\t\t\t\t\t<div class=\"slideshow_title\">Aula de Dibuix<\/div>\t\t\t\t\t\t\t\t\t\t\t<\/div>\r\n\t\t\t\t<\/div>\r\n\r\n\t\t\t\t\t\t<div style=\"clear: both;\"><\/div><\/div><div class=\"slideshow_view\">\r\n\t\t\t\t<div class=\"slideshow_slide slideshow_slide_image\">\r\n\t\t\t\t\t\t\t\t\t\t\t<img src=\"https:\/\/agora.xtec.cat\/iesvallhebron\/wp-content\/uploads\/usu893\/2016\/01\/barberia_nou.gif\" alt=\"Tallers de Perruqueria\" width=\"900\" height=\"1107\" \/>\r\n\t\t\t\t\t\t\t\t\t\t<div class=\"slideshow_description_box slideshow_transparent\">\r\n\t\t\t\t\t\t<div class=\"slideshow_title\">Tallers de Perruqueria<\/div>\t\t\t\t\t\t\t\t\t\t\t<\/div>\r\n\t\t\t\t<\/div>\r\n\r\n\t\t\t\t\t\t<div style=\"clear: both;\"><\/div><\/div><div class=\"slideshow_view\">\r\n\t\t\t\t<div class=\"slideshow_slide slideshow_slide_image\">\r\n\t\t\t\t\t\t\t\t\t\t\t<img src=\"https:\/\/agora.xtec.cat\/iesvallhebron\/wp-content\/uploads\/usu893\/2016\/01\/biblioteca.jpg\" alt=\"Biblioteca\" width=\"500\" height=\"333\" \/>\r\n\t\t\t\t\t\t\t\t\t\t<div class=\"slideshow_description_box slideshow_transparent\">\r\n\t\t\t\t\t\t<div class=\"slideshow_title\">Biblioteca<\/div>\t\t\t\t\t\t\t\t\t\t\t<\/div>\r\n\t\t\t\t<\/div>\r\n\r\n\t\t\t\t\t\t<div style=\"clear: both;\"><\/div><\/div><div class=\"slideshow_view\">\r\n\t\t\t\t<div class=\"slideshow_slide slideshow_slide_image\">\r\n\t\t\t\t\t\t\t\t\t\t\t<img src=\"https:\/\/agora.xtec.cat\/iesvallhebron\/wp-content\/uploads\/usu893\/2016\/01\/teatre_perruqueria.gif\" alt=\"Teatre\" width=\"900\" height=\"598\" \/>\r\n\t\t\t\t\t\t\t\t\t\t<div class=\"slideshow_description_box slideshow_transparent\">\r\n\t\t\t\t\t\t<div class=\"slideshow_title\">Teatre<\/div>\t\t\t\t\t\t\t\t\t\t\t<\/div>\r\n\t\t\t\t<\/div>\r\n\r\n\t\t\t\t\t\t<div style=\"clear: both;\"><\/div><\/div><div class=\"slideshow_view\">\r\n\t\t\t\t<div class=\"slideshow_slide slideshow_slide_image\">\r\n\t\t\t\t\t\t\t\t\t\t\t<img src=\"https:\/\/agora.xtec.cat\/iesvallhebron\/wp-content\/uploads\/usu893\/2016\/01\/hort_nou.gif\" alt=\"Hort\" width=\"900\" height=\"675\" \/>\r\n\t\t\t\t\t\t\t\t\t\t<div class=\"slideshow_description_box slideshow_transparent\">\r\n\t\t\t\t\t\t<div class=\"slideshow_title\">Hort<\/div>\t\t\t\t\t\t\t\t\t\t\t<\/div>\r\n\t\t\t\t<\/div>\r\n\r\n\t\t\t\t\t\t<div style=\"clear: both;\"><\/div><\/div>\r\n\t\t<\/div>\r\n\r\n\t\t<div class=\"slideshow_controlPanel slideshow_transparent\" style=\"display: none;\"><ul><li class=\"slideshow_togglePlay\" data-play-text=\"Visualitza\" data-pause-text=\"Pausa\"><\/li><\/ul><\/div>\r\n\r\n\t\t<div class=\"slideshow_button slideshow_previous slideshow_transparent\" role=\"button\" data-previous-text=\"Anterior\" style=\"display: none;\"><\/div>\r\n\t\t<div class=\"slideshow_button slideshow_next slideshow_transparent\" role=\"button\" data-next-text=\"Seg\u00fcent\" style=\"display: none;\"><\/div>\r\n\r\n\t\t<div class=\"slideshow_pagination\" style=\"display: none;\" data-go-to-text=\"V\u00e9s a la diapositiva\"><div class=\"slideshow_pagination_center\"><\/div><\/div>\r\n\r\n\t\t<!-- WordPress Slideshow Version 2.3.1 -->\r\n\r\n\t\t\t<\/div>\r\n\r\n\n","protected":false},"excerpt":{"rendered":"<p>L&#8217;edifici actual es va construir entre el 1920 i el 1930 gr\u00e0cies al llegat de la fam\u00edlia Ribas per albergar-hi un orfenat, en els terrenys de l&#8217;antiga finca de Can Besora. Es va encarregar el projecte a l&#8217;arquitecte Enric Sagnier i Villavecchia el qual va construir l&#8217;edifici d&#8217;acord amb els c\u00e0nons noucentistes de l&#8217;\u00e8poca. L&#8217;Orfenat [&hellip;]<\/p>\n","protected":false},"author":1,"featured_media":0,"parent":19,"menu_order":1,"comment_status":"closed","ping_status":"closed","template":"page-templates\/side-menu.php","meta":{"_bbp_topic_count":0,"_bbp_reply_count":0,"_bbp_total_topic_count":0,"_bbp_total_reply_count":0,"_bbp_voice_count":0,"_bbp_anonymous_reply_count":0,"_bbp_topic_count_hidden":0,"_bbp_reply_count_hidden":0,"_bbp_forum_subforum_count":0,"site-sidebar-layout":"default","site-content-layout":"","ast-site-content-layout":"default","site-content-style":"default","site-sidebar-style":"default","ast-global-header-display":"","ast-banner-title-visibility":"","ast-main-header-display":"","ast-hfb-above-header-display":"","ast-hfb-below-header-display":"","ast-hfb-mobile-header-display":"","site-post-title":"","ast-breadcrumbs-content":"","ast-featured-img":"","footer-sml-layout":"","theme-transparent-header-meta":"","adv-header-id-meta":"","stick-header-meta":"","header-above-stick-meta":"","header-main-stick-meta":"","header-below-stick-meta":"","astra-migrate-meta-layouts":"set","ast-page-background-enabled":"default","ast-page-background-meta":{"desktop":{"background-color":"var(--ast-global-color-4)","background-image":"","background-repeat":"repeat","background-position":"center center","background-size":"auto","background-attachment":"scroll","background-type":"","background-media":"","overlay-type":"","overlay-color":"","overlay-opacity":"","overlay-gradient":""},"tablet":{"background-color":"","background-image":"","background-repeat":"repeat","background-position":"center center","background-size":"auto","background-attachment":"scroll","background-type":"","background-media":"","overlay-type":"","overlay-color":"","overlay-opacity":"","overlay-gradient":""},"mobile":{"background-color":"","background-image":"","background-repeat":"repeat","background-position":"center center","background-size":"auto","background-attachment":"scroll","background-type":"","background-media":"","overlay-type":"","overlay-color":"","overlay-opacity":"","overlay-gradient":""}},"ast-content-background-meta":{"desktop":{"background-color":"var(--ast-global-color-5)","background-image":"","background-repeat":"repeat","background-position":"center center","background-size":"auto","background-attachment":"scroll","background-type":"","background-media":"","overlay-type":"","overlay-color":"","overlay-opacity":"","overlay-gradient":""},"tablet":{"background-color":"var(--ast-global-color-5)","background-image":"","background-repeat":"repeat","background-position":"center center","background-size":"auto","background-attachment":"scroll","background-type":"","background-media":"","overlay-type":"","overlay-color":"","overlay-opacity":"","overlay-gradient":""},"mobile":{"background-color":"var(--ast-global-color-5)","background-image":"","background-repeat":"repeat","background-position":"center center","background-size":"auto","background-attachment":"scroll","background-type":"","background-media":"","overlay-type":"","overlay-color":"","overlay-opacity":"","overlay-gradient":""}},"footnotes":""},"class_list":["post-27","page","type-page","status-publish","hentry"],"post_mailing_queue_ids":[],"_links":{"self":[{"href":"https:\/\/agora.xtec.cat\/iesvallhebron\/wp-json\/wp\/v2\/pages\/27","targetHints":{"allow":["GET"]}}],"collection":[{"href":"https:\/\/agora.xtec.cat\/iesvallhebron\/wp-json\/wp\/v2\/pages"}],"about":[{"href":"https:\/\/agora.xtec.cat\/iesvallhebron\/wp-json\/wp\/v2\/types\/page"}],"author":[{"embeddable":true,"href":"https:\/\/agora.xtec.cat\/iesvallhebron\/wp-json\/wp\/v2\/users\/1"}],"replies":[{"embeddable":true,"href":"https:\/\/agora.xtec.cat\/iesvallhebron\/wp-json\/wp\/v2\/comments?post=27"}],"version-history":[{"count":5,"href":"https:\/\/agora.xtec.cat\/iesvallhebron\/wp-json\/wp\/v2\/pages\/27\/revisions"}],"predecessor-version":[{"id":15874,"href":"https:\/\/agora.xtec.cat\/iesvallhebron\/wp-json\/wp\/v2\/pages\/27\/revisions\/15874"}],"up":[{"embeddable":true,"href":"https:\/\/agora.xtec.cat\/iesvallhebron\/wp-json\/wp\/v2\/pages\/19"}],"wp:attachment":[{"href":"https:\/\/agora.xtec.cat\/iesvallhebron\/wp-json\/wp\/v2\/media?parent=27"}],"curies":[{"name":"wp","href":"https:\/\/api.w.org\/{rel}","templated":true}]}}