{"id":1996,"date":"2016-12-08T12:40:57","date_gmt":"2016-12-08T11:40:57","guid":{"rendered":"http:\/\/agora.xtec.cat\/iesvallhebron\/?page_id=1996"},"modified":"2026-01-28T13:48:47","modified_gmt":"2026-01-28T12:48:47","slug":"horaris-de-perruqueria-i-estetica","status":"publish","type":"page","link":"https:\/\/agora.xtec.cat\/iesvallhebron\/estudis\/cicles-formatius-de-grau-mitja\/perruqueria-i-cosmetica-capillar\/horaris-de-perruqueria-i-estetica\/","title":{"rendered":"Horaris de Perruqueria i Est\u00e8tica"},"content":{"rendered":"<p>L&#8217;atenci\u00f3 a models reals \u00e9s un dels pilars de la formaci\u00f3 que rep el nostre alumnat dels Cicles de Perruqueria i d&#8217;Est\u00e8tica. Les classes s&#8217;organitzen com a salons, de manera que l&#8217;alumnat apr\u00e8n en un entorn real de treball, tot aprenent tots els processos que haur\u00e0 de realitzar com a professional: des de la rebuda i atenci\u00f3 a la clientela fins a la gesti\u00f3 dels productes cosm\u00e8tics i els serveis.<\/p>\n<p>Venint a l&#8217;Institut, a m\u00e9s de posar-vos guap@s, contribu\u00efu a la formaci\u00f3 del nostre alumnat.<\/p>\n<p>L&#8217;horari d&#8217;atenci\u00f3 al p\u00fablic s\u00f3n els seg\u00fcents:<\/p>\n<p><strong>EST\u00c8TICA\u00a0 \u00a0 \u00a0<\/strong> \u00a0 \u00a0 \u00a0 \u00a0 \u00a0 \u00a0 \u00a0 \u00a0 \u00a0 \u00a0 \u00a0 \u00a0 \u00a0 \u00a0 \u00a0 \u00a0 \u00a0 \u00a0 \u00a0 \u00a0 \u00a0 \u00a0 \u00a0 \u00a0 \u00a0 \u00a0 \u00a0 \u00a0 \u00a0 \u00a0 \u00a0 \u00a0 \u00a0 \u00a0 \u00a0 \u00a0 \u00a0 \u00a0 \u00a0 \u00a0 \u00a0 \u00a0<strong>PERRUQUERIA<\/strong><\/p>\n<p><a href=\"https:\/\/agora.xtec.cat\/iesvallhebron\/wp-content\/uploads\/usu893\/2025\/11\/ATENCIO-AL-PUBLIC-Estetica_web.jpg\"><img loading=\"lazy\" decoding=\"async\" class=\"alignnone wp-image-15494 \" src=\"https:\/\/agora.xtec.cat\/iesvallhebron\/wp-content\/uploads\/usu893\/2025\/11\/ATENCIO-AL-PUBLIC-Estetica_web.jpg\" alt=\"\" width=\"377\" height=\"533\" srcset=\"https:\/\/agora.xtec.cat\/iesvallhebron\/wp-content\/uploads\/usu893\/2025\/11\/ATENCIO-AL-PUBLIC-Estetica_web.jpg 1587w, https:\/\/agora.xtec.cat\/iesvallhebron\/wp-content\/uploads\/usu893\/2025\/11\/ATENCIO-AL-PUBLIC-Estetica_web-212x300.jpg 212w, https:\/\/agora.xtec.cat\/iesvallhebron\/wp-content\/uploads\/usu893\/2025\/11\/ATENCIO-AL-PUBLIC-Estetica_web-724x1024.jpg 724w, https:\/\/agora.xtec.cat\/iesvallhebron\/wp-content\/uploads\/usu893\/2025\/11\/ATENCIO-AL-PUBLIC-Estetica_web-768x1086.jpg 768w, https:\/\/agora.xtec.cat\/iesvallhebron\/wp-content\/uploads\/usu893\/2025\/11\/ATENCIO-AL-PUBLIC-Estetica_web-1086x1536.jpg 1086w, https:\/\/agora.xtec.cat\/iesvallhebron\/wp-content\/uploads\/usu893\/2025\/11\/ATENCIO-AL-PUBLIC-Estetica_web-1448x2048.jpg 1448w\" sizes=\"auto, (max-width: 377px) 100vw, 377px\" \/><\/a>\u00a0 \u00a0 \u00a0 <a href=\"https:\/\/agora.xtec.cat\/iesvallhebron\/wp-content\/uploads\/usu893\/2026\/01\/CFGM-DILLUNS-DE-1130-A-1430h-CFGM-DIMARTS-DE-1500-A-1800h-CFGS-DIJOUS-DE-1030h-A-1330h-93.212.50.04-1.jpg\"><img loading=\"lazy\" decoding=\"async\" class=\"alignnone wp-image-15788 \" src=\"https:\/\/agora.xtec.cat\/iesvallhebron\/wp-content\/uploads\/usu893\/2026\/01\/CFGM-DILLUNS-DE-1130-A-1430h-CFGM-DIMARTS-DE-1500-A-1800h-CFGS-DIJOUS-DE-1030h-A-1330h-93.212.50.04-1.jpg\" alt=\"\" width=\"544\" height=\"311\" srcset=\"https:\/\/agora.xtec.cat\/iesvallhebron\/wp-content\/uploads\/usu893\/2026\/01\/CFGM-DILLUNS-DE-1130-A-1430h-CFGM-DIMARTS-DE-1500-A-1800h-CFGS-DIJOUS-DE-1030h-A-1330h-93.212.50.04-1.jpg 1050w, https:\/\/agora.xtec.cat\/iesvallhebron\/wp-content\/uploads\/usu893\/2026\/01\/CFGM-DILLUNS-DE-1130-A-1430h-CFGM-DIMARTS-DE-1500-A-1800h-CFGS-DIJOUS-DE-1030h-A-1330h-93.212.50.04-1-300x171.jpg 300w, https:\/\/agora.xtec.cat\/iesvallhebron\/wp-content\/uploads\/usu893\/2026\/01\/CFGM-DILLUNS-DE-1130-A-1430h-CFGM-DIMARTS-DE-1500-A-1800h-CFGS-DIJOUS-DE-1030h-A-1330h-93.212.50.04-1-1024x585.jpg 1024w, https:\/\/agora.xtec.cat\/iesvallhebron\/wp-content\/uploads\/usu893\/2026\/01\/CFGM-DILLUNS-DE-1130-A-1430h-CFGM-DIMARTS-DE-1500-A-1800h-CFGS-DIJOUS-DE-1030h-A-1330h-93.212.50.04-1-768x439.jpg 768w\" sizes=\"auto, (max-width: 544px) 100vw, 544px\" \/><\/a><\/p>\n<pre>Cartells realitzats pels alumnes de 2n A de perruqueria dins del m\u00f2dul de S\u00edntesi.<\/pre>\n<p><a href=\"https:\/\/agora.xtec.cat\/iesvallhebron\/wp-content\/uploads\/usu893\/2024\/01\/HORARIS-P.png\">\u00a0 \u00a0 \u00a0 \u00a0 \u00a0 \u00a0 \u00a0 \u00a0 \u00a0<\/a><\/p>\n","protected":false},"excerpt":{"rendered":"<p>L&#8217;atenci\u00f3 a models reals \u00e9s un dels pilars de la formaci\u00f3 que rep el nostre alumnat dels Cicles de Perruqueria i d&#8217;Est\u00e8tica. Les classes s&#8217;organitzen com a salons, de manera que l&#8217;alumnat apr\u00e8n en un entorn real de treball, tot aprenent tots els processos que haur\u00e0 de realitzar com a professional: des de la rebuda [&hellip;]<\/p>\n","protected":false},"author":1,"featured_media":0,"parent":1075,"menu_order":0,"comment_status":"closed","ping_status":"closed","template":"page-templates\/side-menu.php","meta":{"_bbp_topic_count":0,"_bbp_reply_count":0,"_bbp_total_topic_count":0,"_bbp_total_reply_count":0,"_bbp_voice_count":0,"_bbp_anonymous_reply_count":0,"_bbp_topic_count_hidden":0,"_bbp_reply_count_hidden":0,"_bbp_forum_subforum_count":0,"site-sidebar-layout":"default","site-content-layout":"","ast-site-content-layout":"default","site-content-style":"default","site-sidebar-style":"default","ast-global-header-display":"","ast-banner-title-visibility":"","ast-main-header-display":"","ast-hfb-above-header-display":"","ast-hfb-below-header-display":"","ast-hfb-mobile-header-display":"","site-post-title":"","ast-breadcrumbs-content":"","ast-featured-img":"","footer-sml-layout":"","theme-transparent-header-meta":"","adv-header-id-meta":"","stick-header-meta":"","header-above-stick-meta":"","header-main-stick-meta":"","header-below-stick-meta":"","astra-migrate-meta-layouts":"set","ast-page-background-enabled":"default","ast-page-background-meta":{"desktop":{"background-color":"var(--ast-global-color-4)","background-image":"","background-repeat":"repeat","background-position":"center center","background-size":"auto","background-attachment":"scroll","background-type":"","background-media":"","overlay-type":"","overlay-color":"","overlay-opacity":"","overlay-gradient":""},"tablet":{"background-color":"","background-image":"","background-repeat":"repeat","background-position":"center center","background-size":"auto","background-attachment":"scroll","background-type":"","background-media":"","overlay-type":"","overlay-color":"","overlay-opacity":"","overlay-gradient":""},"mobile":{"background-color":"","background-image":"","background-repeat":"repeat","background-position":"center center","background-size":"auto","background-attachment":"scroll","background-type":"","background-media":"","overlay-type":"","overlay-color":"","overlay-opacity":"","overlay-gradient":""}},"ast-content-background-meta":{"desktop":{"background-color":"var(--ast-global-color-5)","background-image":"","background-repeat":"repeat","background-position":"center center","background-size":"auto","background-attachment":"scroll","background-type":"","background-media":"","overlay-type":"","overlay-color":"","overlay-opacity":"","overlay-gradient":""},"tablet":{"background-color":"var(--ast-global-color-5)","background-image":"","background-repeat":"repeat","background-position":"center center","background-size":"auto","background-attachment":"scroll","background-type":"","background-media":"","overlay-type":"","overlay-color":"","overlay-opacity":"","overlay-gradient":""},"mobile":{"background-color":"var(--ast-global-color-5)","background-image":"","background-repeat":"repeat","background-position":"center center","background-size":"auto","background-attachment":"scroll","background-type":"","background-media":"","overlay-type":"","overlay-color":"","overlay-opacity":"","overlay-gradient":""}},"footnotes":""},"class_list":["post-1996","page","type-page","status-publish","hentry"],"post_mailing_queue_ids":[],"_links":{"self":[{"href":"https:\/\/agora.xtec.cat\/iesvallhebron\/wp-json\/wp\/v2\/pages\/1996","targetHints":{"allow":["GET"]}}],"collection":[{"href":"https:\/\/agora.xtec.cat\/iesvallhebron\/wp-json\/wp\/v2\/pages"}],"about":[{"href":"https:\/\/agora.xtec.cat\/iesvallhebron\/wp-json\/wp\/v2\/types\/page"}],"author":[{"embeddable":true,"href":"https:\/\/agora.xtec.cat\/iesvallhebron\/wp-json\/wp\/v2\/users\/1"}],"replies":[{"embeddable":true,"href":"https:\/\/agora.xtec.cat\/iesvallhebron\/wp-json\/wp\/v2\/comments?post=1996"}],"version-history":[{"count":6,"href":"https:\/\/agora.xtec.cat\/iesvallhebron\/wp-json\/wp\/v2\/pages\/1996\/revisions"}],"predecessor-version":[{"id":15793,"href":"https:\/\/agora.xtec.cat\/iesvallhebron\/wp-json\/wp\/v2\/pages\/1996\/revisions\/15793"}],"up":[{"embeddable":true,"href":"https:\/\/agora.xtec.cat\/iesvallhebron\/wp-json\/wp\/v2\/pages\/1075"}],"wp:attachment":[{"href":"https:\/\/agora.xtec.cat\/iesvallhebron\/wp-json\/wp\/v2\/media?parent=1996"}],"curies":[{"name":"wp","href":"https:\/\/api.w.org\/{rel}","templated":true}]}}