{"id":195,"date":"2014-09-22T10:39:39","date_gmt":"2014-09-22T10:39:39","guid":{"rendered":"http:\/\/agora.xtec.cat\/iesvallhebron\/?page_id=195"},"modified":"2026-01-28T13:36:25","modified_gmt":"2026-01-28T12:36:25","slug":"estudis","status":"publish","type":"page","link":"https:\/\/agora.xtec.cat\/iesvallhebron\/estudis\/","title":{"rendered":"Estudis"},"content":{"rendered":"<p><a href=\"https:\/\/agora.xtec.cat\/iesvallhebron\/estudis\/cicles-formatius\/\"><strong>FORMACI\u00d3 PROFESSIONAL<\/strong><\/a><\/p>\n<ul class=\"spip\" style=\"list-style-type: disc;\">\n<li><a href=\"https:\/\/agora.xtec.cat\/iesvallhebron\/estudis\/cicles-formatius\/cicle-formatiu-de-grau-basic-de-perruqueria-i-estetica\/\">CICLES FORMATIUS de GRAU B\u00c0SIC (GB)<\/a>\n<ul class=\"spip\">\n<li><a href=\"https:\/\/agora.xtec.cat\/iesvallhebron\/estudis\/cicles-formatius\/cicle-formatiu-de-grau-basic-de-perruqueria-i-estetica\/cfgb-cicle-formatiu-de-grau-basic-de-perruqueria-i-estetica\/\">Cicle formatiu de grau b\u00e0sic de perruqueria i est\u00e8tica <\/a><i>(horari de mat\u00ed)<\/i><\/li>\n<\/ul>\n<\/li>\n<\/ul>\n<ul class=\"spip\" style=\"list-style-type: disc;\">\n<li><a href=\"http:\/\/agora.xtec.cat\/iesvallhebron\/estudis\/cicles-formatius\/programes-de-formacio-i-insercio\/\">PROGRAMES de FORMACI\u00d3 i INSERCI\u00d3 (PFI)<\/a>\n<ul class=\"spip\">\n<li><a href=\"http:\/\/agora.xtec.cat\/iesvallhebron\/estudis\/cicles-formatius\/programes-de-formacio-i-insercio\/auxiliar-en-imatge-personal\/\">Auxiliar de perruqueria i est\u00e8tica\u00a0<\/a> <em>(horari de mat\u00ed)<\/em><\/li>\n<li><a href=\"https:\/\/agora.xtec.cat\/iesvallhebron\/estudis\/programes-de-formacio-i-insercio\/auxiliar-en-imatge-personal-estetica-pfi\/\">Auxiliar en imatge personal: est\u00e8tica<\/a>\u00a0<i>(horari de tarda)<\/i><\/li>\n<li><a href=\"https:\/\/agora.xtec.cat\/iesvallhebron\/estudis\/cicles-formatius\/programes-de-formacio-i-insercio\/auxiliar-de-obres-interior-i-pintura\/\">Auxiliar d&#8217;activitats esportives<\/a> <i>(grups de mat\u00ed i de tarda)<\/i><\/li>\n<\/ul>\n<\/li>\n<\/ul>\n<ul class=\"spip\" style=\"list-style-type: disc;\">\n<li><a href=\"https:\/\/agora.xtec.cat\/iesvallhebron\/estudis\/cicles-formatius\/cicles-formatius-de-grau-mitja\/\">CICLES FORMATIUS de GRAU MITJ\u00c0 (GM)<\/a>\n<ul class=\"spip\">\n<li><a href=\"http:\/\/agora.xtec.cat\/iesvallhebron\/estudis\/cicles-formatius\/cicles-formatius-de-grau-mitja\/guia-medi-natural-lleure\/\">Guia en el medi natural i de temps de lleure<\/a> <i>(horari de mat\u00ed)<\/i><\/li>\n<li><a href=\"http:\/\/agora.xtec.cat\/iesvallhebron\/estudis\/cicles-formatius\/cicles-formatius-de-grau-mitja\/estetica-i-bellesa\/\">Est\u00e8tica i bellesa<\/a> <i>(grups de mat\u00ed i grups de tarda)<\/i><\/li>\n<li><a href=\"http:\/\/agora.xtec.cat\/iesvallhebron\/estudis\/cicles-formatius\/cicles-formatius-de-grau-mitja\/perruqueria-i-cosmetica-capillar\/\">Perruqueria i cosm\u00e8tica capi\u0140lar<\/a> <i>(grups de mat\u00ed i grups de tarda)<\/i><\/li>\n<\/ul>\n<\/li>\n<\/ul>\n<ul class=\"spip\" style=\"list-style-type: disc;\">\n<li><a href=\"https:\/\/agora.xtec.cat\/iesvallhebron\/estudis\/cicles-formatius\/cicles-formatius-de-grau-superior\/\">CICLES FORMATIUS de GRAU SUPERIOR (GS)<\/a>\n<ul class=\"spip\">\n<li><a href=\"http:\/\/agora.xtec.cat\/iesvallhebron\/estudis\/cicles-formatius\/cicles-formatius-de-grau-superior\/animacio-dactivitats-fisiques-i-esportives\/\">Condicionament f\u00edsic<\/a> <em>(horari de tarda) <i><span style=\"color: #808080;\">Formaci\u00f3 en Dual<\/span><\/i><\/em><\/li>\n<li><a href=\"http:\/\/agora.xtec.cat\/iesvallhebron\/estudis\/cicles-formatius\/cicles-formatius-de-grau-superior\/ensenyament-i-animacio-socioesportiva\/\">Ensenyament i animaci\u00f3 socioesportiva<\/a> <i>(horari de mat\u00ed)<\/i><\/li>\n<li><a href=\"http:\/\/agora.xtec.cat\/iesvallhebron\/estudis\/cicles-formatius\/cicles-formatius-de-grau-superior\/estetica-integral-i-benestar\/\">Est\u00e8tica integral i benestar<\/a> <i>(horari de mat\u00ed) <span style=\"color: #808080;\">Formaci\u00f3 en Dual<\/span><\/i><\/li>\n<li><a href=\"http:\/\/agora.xtec.cat\/iesvallhebron\/estudis\/cicles-formatius\/estilisme-i-direccio-de-perruqueria\/\">Estilisme i direcci\u00f3 de perruqueria<\/a> <i>(horari de mat\u00ed)<\/i><\/li>\n<li><a href=\"https:\/\/agora.xtec.cat\/iesvallhebron\/estudis\/cicles-formatius\/cicles-formatius-de-grau-superior\/caracteritzacio-i-maquillatge-professional\/\">Caracteritzaci\u00f3 i maquillatge professional <\/a><i>(horari de mat\u00ed)<\/i><\/li>\n<li><a href=\"https:\/\/agora.xtec.cat\/iesvallhebron\/estudis\/cicles-formatius\/cicles-formatius-de-grau-superior\/assessoria-dimatge-personal-i-corporativa\/\">Assessoria d&#8217;imatge personal i corporativa<\/a> <em>(horari de tarda)<\/em><\/li>\n<\/ul>\n<\/li>\n<\/ul>\n\n\n<div style=\"height:35px\" aria-hidden=\"true\" class=\"wp-block-spacer\"><\/div>\n\n\n\n<p><a href=\"https:\/\/agora.xtec.cat\/iesvallhebron\/estudis\/batxillerat\/\"><strong>BATXILLERAT<\/strong><\/a><\/p>\n\n\n\n<ul class=\"wp-block-list\">\n<li>Modalitat de Ci\u00e8ncies i Tecnologia: <a href=\"https:\/\/agora.xtec.cat\/iesvallhebron\/estudis\/batxillerat\/batxillerat-cientific\/\">Itinerari de Ci\u00e8ncies<\/a><\/li>\n\n\n\n<li>Modalitat de Ci\u00e8ncies i Tecnologia: <a href=\"http:\/\/agora.xtec.cat\/iesvallhebron\/estudis\/batxillerat\/batxillerat-de-tecnologia\/\">Itinerari de Tecnologia<\/a><\/li>\n\n\n\n<li>Modalitat d\u2019Humanitats i Ci\u00e8ncies Socials: <a href=\"http:\/\/agora.xtec.cat\/iesvallhebron\/estudis\/batxillerat\/batxillerat-dhumanitats\/\">Itinerari d\u2019Humanitats<\/a><\/li>\n\n\n\n<li>Modalitat d\u2019Humanitats i Ci\u00e8ncies Socials: <a href=\"http:\/\/agora.xtec.cat\/iesvallhebron\/estudis\/batxillerat\/batxillerat-de-ciencies-socials\/\">Itinerari de Ci\u00e8ncies socials<\/a><\/li>\n<\/ul>\n","protected":false},"excerpt":{"rendered":"<p>FORMACI\u00d3 PROFESSIONAL CICLES FORMATIUS de GRAU B\u00c0SIC (GB) Cicle formatiu de grau b\u00e0sic de perruqueria i est\u00e8tica (horari de mat\u00ed) PROGRAMES de FORMACI\u00d3 i INSERCI\u00d3 (PFI) Auxiliar de perruqueria i est\u00e8tica\u00a0 (horari de mat\u00ed) Auxiliar en imatge personal: est\u00e8tica\u00a0(horari de tarda) Auxiliar d&#8217;activitats esportives (grups de mat\u00ed i de tarda) CICLES FORMATIUS de GRAU MITJ\u00c0 [&hellip;]<\/p>\n","protected":false},"author":1,"featured_media":0,"parent":0,"menu_order":0,"comment_status":"closed","ping_status":"closed","template":"page-templates\/side-menu.php","meta":{"_bbp_topic_count":0,"_bbp_reply_count":0,"_bbp_total_topic_count":0,"_bbp_total_reply_count":0,"_bbp_voice_count":0,"_bbp_anonymous_reply_count":0,"_bbp_topic_count_hidden":0,"_bbp_reply_count_hidden":0,"_bbp_forum_subforum_count":0,"site-sidebar-layout":"default","site-content-layout":"","ast-site-content-layout":"default","site-content-style":"default","site-sidebar-style":"default","ast-global-header-display":"","ast-banner-title-visibility":"","ast-main-header-display":"","ast-hfb-above-header-display":"","ast-hfb-below-header-display":"","ast-hfb-mobile-header-display":"","site-post-title":"","ast-breadcrumbs-content":"","ast-featured-img":"","footer-sml-layout":"","theme-transparent-header-meta":"","adv-header-id-meta":"","stick-header-meta":"","header-above-stick-meta":"","header-main-stick-meta":"","header-below-stick-meta":"","astra-migrate-meta-layouts":"set","ast-page-background-enabled":"default","ast-page-background-meta":{"desktop":{"background-color":"var(--ast-global-color-4)","background-image":"","background-repeat":"repeat","background-position":"center center","background-size":"auto","background-attachment":"scroll","background-type":"","background-media":"","overlay-type":"","overlay-color":"","overlay-opacity":"","overlay-gradient":""},"tablet":{"background-color":"","background-image":"","background-repeat":"repeat","background-position":"center center","background-size":"auto","background-attachment":"scroll","background-type":"","background-media":"","overlay-type":"","overlay-color":"","overlay-opacity":"","overlay-gradient":""},"mobile":{"background-color":"","background-image":"","background-repeat":"repeat","background-position":"center center","background-size":"auto","background-attachment":"scroll","background-type":"","background-media":"","overlay-type":"","overlay-color":"","overlay-opacity":"","overlay-gradient":""}},"ast-content-background-meta":{"desktop":{"background-color":"var(--ast-global-color-5)","background-image":"","background-repeat":"repeat","background-position":"center center","background-size":"auto","background-attachment":"scroll","background-type":"","background-media":"","overlay-type":"","overlay-color":"","overlay-opacity":"","overlay-gradient":""},"tablet":{"background-color":"var(--ast-global-color-5)","background-image":"","background-repeat":"repeat","background-position":"center center","background-size":"auto","background-attachment":"scroll","background-type":"","background-media":"","overlay-type":"","overlay-color":"","overlay-opacity":"","overlay-gradient":""},"mobile":{"background-color":"var(--ast-global-color-5)","background-image":"","background-repeat":"repeat","background-position":"center center","background-size":"auto","background-attachment":"scroll","background-type":"","background-media":"","overlay-type":"","overlay-color":"","overlay-opacity":"","overlay-gradient":""}},"footnotes":""},"class_list":["post-195","page","type-page","status-publish","hentry"],"post_mailing_queue_ids":[],"_links":{"self":[{"href":"https:\/\/agora.xtec.cat\/iesvallhebron\/wp-json\/wp\/v2\/pages\/195","targetHints":{"allow":["GET"]}}],"collection":[{"href":"https:\/\/agora.xtec.cat\/iesvallhebron\/wp-json\/wp\/v2\/pages"}],"about":[{"href":"https:\/\/agora.xtec.cat\/iesvallhebron\/wp-json\/wp\/v2\/types\/page"}],"author":[{"embeddable":true,"href":"https:\/\/agora.xtec.cat\/iesvallhebron\/wp-json\/wp\/v2\/users\/1"}],"replies":[{"embeddable":true,"href":"https:\/\/agora.xtec.cat\/iesvallhebron\/wp-json\/wp\/v2\/comments?post=195"}],"version-history":[{"count":6,"href":"https:\/\/agora.xtec.cat\/iesvallhebron\/wp-json\/wp\/v2\/pages\/195\/revisions"}],"predecessor-version":[{"id":15784,"href":"https:\/\/agora.xtec.cat\/iesvallhebron\/wp-json\/wp\/v2\/pages\/195\/revisions\/15784"}],"wp:attachment":[{"href":"https:\/\/agora.xtec.cat\/iesvallhebron\/wp-json\/wp\/v2\/media?parent=195"}],"curies":[{"name":"wp","href":"https:\/\/api.w.org\/{rel}","templated":true}]}}