{"id":16193,"date":"2026-04-08T11:04:48","date_gmt":"2026-04-08T09:04:48","guid":{"rendered":"https:\/\/agora.xtec.cat\/iesvallhebron\/?page_id=16193"},"modified":"2026-04-08T11:39:01","modified_gmt":"2026-04-08T09:39:01","slug":"projecte-esports-pfi","status":"publish","type":"page","link":"https:\/\/agora.xtec.cat\/iesvallhebron\/projecte-esports-pfi\/","title":{"rendered":"Projecte esports PFI"},"content":{"rendered":"\n<p>Per tercer any consecutiu l&#8217;instutut Vall d&#8217;Hebron participa en el projecte Esports PFI, dins del marc del projecte Esport del CEB.<\/p>\n\n\n\n<p>L\u2019objectiu d\u2019aquest projecte \u00e9s promoure valors fonamentals a trav\u00e9s d\u2019activitats relacionades amb l\u2019esport. Es vol aprofundir en tres valors: el treball en equip, l\u2019esfor\u00e7 i la humilitat, mitjan\u00e7ant activitats transversals, \u00e9s a dir, que vinculin activitats esportives pr\u00f2piament amb els m\u00f2duls generals des d\u2019una perspectiva significativa per a l\u2019aprenentatge de l\u2019alumnat.<\/p>\n\n\n\n<p>En aquest projecte es destaquen els seg\u00fcents objectius:<br>\u2013 Promoure els valors que es deriven de l\u2019esport a trav\u00e9s de les diferents activitats proposades.<br>\u2013 Fomentar valors positius que contribueixen als joves en el seu desenvolupament social i personal.<br>\u2013 Afavorir els valors i la cultura del \u201cjoc net\u201d en l\u2019activitat de grup.<br>\u2013 Introduir l\u2019esport com a element facilitador i cohesionador en les relacions interpersonals.<br>\u2013 Treballar amb perspectiva de g\u00e8nere.<br>\u2013 Apropar-los a la realitat professional esportiva i docent.<\/p>\n\n\n\n<p>Proposta d\u2019activitats per al desenvolupament del projecte:<br>\u2013 Treball a l\u2019aula del PFI a tutoria, creaci\u00f3 del logotip del projecte i realitzaci\u00f3 d\u2019activitats relacionades amb els valors esportius, la nutrici\u00f3 i l\u2019estil de vida saludable.<br>\u2013&nbsp; Pon\u00e8ncies amb professionals de l\u2019esport, que permetin posar \u00e8mfasi en els valors de l\u2019esfor\u00e7, perseveran\u00e7a i superaci\u00f3. Incloure en la programaci\u00f3 dones esportistes i esportistes amb diversitat funcional.<br>\u2013 Jornades multiesportives al llarg del projecte.<br>\u2013 Acte cloenda del Projecte Esports PFI desenvolupada per l\u2019alumnat de CFGS d\u2019Ensenyament i Animaci\u00f3 Sociesportiva INS Vall d&#8217;Hebron.<\/p>\n\n\n\n        <div class=\"wp-block-getwid-post-slider custom-post-type-post has-arrows-inside has-dots-inside\">\n            <div data-slider-option=\"{&quot;getwid_fade_effect&quot;:&quot;slide&quot;,&quot;getwid_autoplay&quot;:false,&quot;getwid_pause_on_hover&quot;:false,&quot;getwid_autoplay_speed&quot;:6000,&quot;getwid_infinite&quot;:true,&quot;getwid_animation_speed&quot;:800,&quot;getwid_arrows&quot;:&quot;inside&quot;,&quot;getwid_dots&quot;:&quot;inside&quot;}\" class=\"wp-block-getwid-post-slider__content\">\n                \t\t\t\t\t\t\t<div class=\"wp-block-getwid-post-slider__slide\" style=\"\">\n\t\t\t\t\t\t\t\t\n<div class=\"wp-block-getwid-post-slider__post \">\n            <div class=\"wp-block-getwid-post-slider__post-thumbnail\">\n            <img loading=\"lazy\" decoding=\"async\" width=\"1920\" height=\"2560\" src=\"https:\/\/agora.xtec.cat\/iesvallhebron\/wp-content\/uploads\/usu893\/2026\/04\/20260323_102727-2-scaled.jpg\" class=\"attachment-post-thumbnail size-post-thumbnail wp-post-image\" alt=\"\" srcset=\"https:\/\/agora.xtec.cat\/iesvallhebron\/wp-content\/uploads\/usu893\/2026\/04\/20260323_102727-2-scaled.jpg 1920w, https:\/\/agora.xtec.cat\/iesvallhebron\/wp-content\/uploads\/usu893\/2026\/04\/20260323_102727-2-225x300.jpg 225w, https:\/\/agora.xtec.cat\/iesvallhebron\/wp-content\/uploads\/usu893\/2026\/04\/20260323_102727-2-768x1024.jpg 768w, https:\/\/agora.xtec.cat\/iesvallhebron\/wp-content\/uploads\/usu893\/2026\/04\/20260323_102727-2-1152x1536.jpg 1152w, https:\/\/agora.xtec.cat\/iesvallhebron\/wp-content\/uploads\/usu893\/2026\/04\/20260323_102727-2-1536x2048.jpg 1536w\" sizes=\"auto, (max-width: 1920px) 100vw, 1920px\" \/>        <\/div>\n        <div class=\"wp-block-getwid-post-slider__post-overlay \"><\/div>\n    <div class=\"wp-block-getwid-post-slider__post-content-wrapper\">\n        <h3 class=\"wp-block-getwid-post-slider__post-title\"><a href=\"https:\/\/agora.xtec.cat\/iesvallhebron\/general\/projecte-esports-pfi\/\">Projecte esports PFI<\/a><\/h3>        <div class=\"wp-block-getwid-post-slider__post-excerpt\"><p>Dins del Projecte Esports PFI-CEB, s\u2019han programat un total de quatre xerrades sobre els valors de l\u2019esport i sobre com aquest pot ajudar a superar les adversitats que, de vegades, ens presenta la vida. Dues d\u2019aquestes xerrades s\u2019han dut a terme al nostre institut. Concretament, el dilluns 23 de mar\u00e7 es van fer dues sessions, [&hellip;]<\/p>\n<\/div>\n    <\/div>\n<\/div>\n\t\t\t\t\t\t\t<\/div>\n\t\t\t\t\t\t            <\/div>\n        <\/div>\n        ","protected":false},"excerpt":{"rendered":"<p>Per tercer any consecutiu l&#8217;instutut Vall d&#8217;Hebron participa en el projecte Esports PFI, dins del marc del projecte Esport del CEB. L\u2019objectiu d\u2019aquest projecte \u00e9s promoure valors fonamentals a trav\u00e9s d\u2019activitats relacionades amb l\u2019esport. Es vol aprofundir en tres valors: el treball en equip, l\u2019esfor\u00e7 i la humilitat, mitjan\u00e7ant activitats transversals, \u00e9s a dir, que [&hellip;]<\/p>\n","protected":false},"author":41,"featured_media":0,"parent":0,"menu_order":0,"comment_status":"closed","ping_status":"close","template":"","meta":{"_bbp_topic_count":0,"_bbp_reply_count":0,"_bbp_total_topic_count":0,"_bbp_total_reply_count":0,"_bbp_voice_count":0,"_bbp_anonymous_reply_count":0,"_bbp_topic_count_hidden":0,"_bbp_reply_count_hidden":0,"_bbp_forum_subforum_count":0,"site-sidebar-layout":"default","site-content-layout":"","ast-site-content-layout":"default","site-content-style":"default","site-sidebar-style":"default","ast-global-header-display":"","ast-banner-title-visibility":"","ast-main-header-display":"","ast-hfb-above-header-display":"","ast-hfb-below-header-display":"","ast-hfb-mobile-header-display":"","site-post-title":"","ast-breadcrumbs-content":"","ast-featured-img":"","footer-sml-layout":"","theme-transparent-header-meta":"","adv-header-id-meta":"","stick-header-meta":"","header-above-stick-meta":"","header-main-stick-meta":"","header-below-stick-meta":"","astra-migrate-meta-layouts":"set","ast-page-background-enabled":"default","ast-page-background-meta":{"desktop":{"background-color":"var(--ast-global-color-4)","background-image":"","background-repeat":"repeat","background-position":"center center","background-size":"auto","background-attachment":"scroll","background-type":"","background-media":"","overlay-type":"","overlay-color":"","overlay-opacity":"","overlay-gradient":""},"tablet":{"background-color":"","background-image":"","background-repeat":"repeat","background-position":"center center","background-size":"auto","background-attachment":"scroll","background-type":"","background-media":"","overlay-type":"","overlay-color":"","overlay-opacity":"","overlay-gradient":""},"mobile":{"background-color":"","background-image":"","background-repeat":"repeat","background-position":"center center","background-size":"auto","background-attachment":"scroll","background-type":"","background-media":"","overlay-type":"","overlay-color":"","overlay-opacity":"","overlay-gradient":""}},"ast-content-background-meta":{"desktop":{"background-color":"var(--ast-global-color-5)","background-image":"","background-repeat":"repeat","background-position":"center center","background-size":"auto","background-attachment":"scroll","background-type":"","background-media":"","overlay-type":"","overlay-color":"","overlay-opacity":"","overlay-gradient":""},"tablet":{"background-color":"var(--ast-global-color-5)","background-image":"","background-repeat":"repeat","background-position":"center center","background-size":"auto","background-attachment":"scroll","background-type":"","background-media":"","overlay-type":"","overlay-color":"","overlay-opacity":"","overlay-gradient":""},"mobile":{"background-color":"var(--ast-global-color-5)","background-image":"","background-repeat":"repeat","background-position":"center center","background-size":"auto","background-attachment":"scroll","background-type":"","background-media":"","overlay-type":"","overlay-color":"","overlay-opacity":"","overlay-gradient":""}},"footnotes":""},"class_list":["post-16193","page","type-page","status-publish","hentry"],"post_mailing_queue_ids":[],"_links":{"self":[{"href":"https:\/\/agora.xtec.cat\/iesvallhebron\/wp-json\/wp\/v2\/pages\/16193","targetHints":{"allow":["GET"]}}],"collection":[{"href":"https:\/\/agora.xtec.cat\/iesvallhebron\/wp-json\/wp\/v2\/pages"}],"about":[{"href":"https:\/\/agora.xtec.cat\/iesvallhebron\/wp-json\/wp\/v2\/types\/page"}],"author":[{"embeddable":true,"href":"https:\/\/agora.xtec.cat\/iesvallhebron\/wp-json\/wp\/v2\/users\/41"}],"replies":[{"embeddable":true,"href":"https:\/\/agora.xtec.cat\/iesvallhebron\/wp-json\/wp\/v2\/comments?post=16193"}],"version-history":[{"count":4,"href":"https:\/\/agora.xtec.cat\/iesvallhebron\/wp-json\/wp\/v2\/pages\/16193\/revisions"}],"predecessor-version":[{"id":16210,"href":"https:\/\/agora.xtec.cat\/iesvallhebron\/wp-json\/wp\/v2\/pages\/16193\/revisions\/16210"}],"wp:attachment":[{"href":"https:\/\/agora.xtec.cat\/iesvallhebron\/wp-json\/wp\/v2\/media?parent=16193"}],"curies":[{"name":"wp","href":"https:\/\/api.w.org\/{rel}","templated":true}]}}