{"id":16044,"date":"2026-03-13T12:12:29","date_gmt":"2026-03-13T11:12:29","guid":{"rendered":"https:\/\/agora.xtec.cat\/iesvallhebron\/?page_id=16044"},"modified":"2026-03-13T12:12:29","modified_gmt":"2026-03-13T11:12:29","slug":"esdeveniments-per-la-igualtat-ins-vall-dhebron","status":"publish","type":"page","link":"https:\/\/agora.xtec.cat\/iesvallhebron\/comissio-digualtat\/esdeveniments-per-la-igualtat-ins-vall-dhebron\/","title":{"rendered":"Esdeveniments per la Igualtat INS Vall d&#8217;Hebron"},"content":{"rendered":"\n<p>Benvinguts a aquesta secci\u00f3! Aqu\u00ed trobareu tot el que es mou a l&#8217;institut per fer de la igualtat una realitat. Volem que aquest sigui un taulell viu on recollirem&nbsp;<strong>not\u00edcies, projectes i totes les activitats<\/strong>&nbsp;que fem, tant des dels diferents cicles com des del propi centre.<\/p>\n\n\n\n<p>L&#8217;objectiu \u00e9s clar: treballar la igualtat en totes les seves vessants d&#8217;una forma activa i engrescadora. Des de xerrades i tallers fins a accions fetes per vosaltres mateixos, aqu\u00ed podr\u00e0s estar al dia de com constru\u00efm un centre m\u00e9s lliure i respectu\u00f3s.<\/p>\n\n\n\n<p><strong><strong>Us convidem a explorar, participar i formar part del canvi!<\/strong><\/strong><\/p>\n\n\n\n        <div class=\"wp-block-getwid-post-slider custom-post-type-post has-arrows-inside has-dots-inside\">\n            <div data-slider-option=\"{&quot;getwid_fade_effect&quot;:&quot;slide&quot;,&quot;getwid_autoplay&quot;:false,&quot;getwid_pause_on_hover&quot;:false,&quot;getwid_autoplay_speed&quot;:6000,&quot;getwid_infinite&quot;:true,&quot;getwid_animation_speed&quot;:800,&quot;getwid_arrows&quot;:&quot;inside&quot;,&quot;getwid_dots&quot;:&quot;inside&quot;}\" class=\"wp-block-getwid-post-slider__content\">\n                \t\t\t\t\t\t\t<div class=\"wp-block-getwid-post-slider__slide\" style=\"\">\n\t\t\t\t\t\t\t\t\n<div class=\"wp-block-getwid-post-slider__post \">\n            <div class=\"wp-block-getwid-post-slider__post-thumbnail\">\n            <img loading=\"lazy\" decoding=\"async\" width=\"553\" height=\"616\" src=\"https:\/\/agora.xtec.cat\/iesvallhebron\/wp-content\/uploads\/usu893\/2026\/03\/Punta-lila-2.png\" class=\"attachment-post-thumbnail size-post-thumbnail wp-post-image\" alt=\"\" srcset=\"https:\/\/agora.xtec.cat\/iesvallhebron\/wp-content\/uploads\/usu893\/2026\/03\/Punta-lila-2.png 553w, https:\/\/agora.xtec.cat\/iesvallhebron\/wp-content\/uploads\/usu893\/2026\/03\/Punta-lila-2-269x300.png 269w\" sizes=\"auto, (max-width: 553px) 100vw, 553px\" \/>        <\/div>\n        <div class=\"wp-block-getwid-post-slider__post-overlay \"><\/div>\n    <div class=\"wp-block-getwid-post-slider__post-content-wrapper\">\n        <h3 class=\"wp-block-getwid-post-slider__post-title\"><a href=\"https:\/\/agora.xtec.cat\/iesvallhebron\/general\/linstitut-estrena-un-punt-lila-per-promoure-la-igualtat-i-el-respecte\/\">L\u2019Institut estrena un Punt Lila per promoure la igualtat i el respecte<\/a><\/h3>        <div class=\"wp-block-getwid-post-slider__post-excerpt\"><p>El nostre institut ha posat en marxa recentment un\u00a0Punt Lila\u00a0situat a la\u00a0planta baixa, al costat de consergeria, amb l&#8217;objectiu de fomentar la\u00a0igualtat de g\u00e8nere, la igualtat d\u2019oportunitats i el respecte entre tot l&#8217;alumnat.<\/p>\n<\/div>\n    <\/div>\n<\/div>\n\t\t\t\t\t\t\t<\/div>\n\t\t\t\t\t\t            <\/div>\n        <\/div>\n        ","protected":false},"excerpt":{"rendered":"<p>Benvinguts a aquesta secci\u00f3! Aqu\u00ed trobareu tot el que es mou a l&#8217;institut per fer de la igualtat una realitat. Volem que aquest sigui un taulell viu on recollirem&nbsp;not\u00edcies, projectes i totes les activitats&nbsp;que fem, tant des dels diferents cicles com des del propi centre. L&#8217;objectiu \u00e9s clar: treballar la igualtat en totes les seves [&hellip;]<\/p>\n","protected":false},"author":41,"featured_media":0,"parent":15839,"menu_order":0,"comment_status":"closed","ping_status":"close","template":"","meta":{"_bbp_topic_count":0,"_bbp_reply_count":0,"_bbp_total_topic_count":0,"_bbp_total_reply_count":0,"_bbp_voice_count":0,"_bbp_anonymous_reply_count":0,"_bbp_topic_count_hidden":0,"_bbp_reply_count_hidden":0,"_bbp_forum_subforum_count":0,"site-sidebar-layout":"default","site-content-layout":"","ast-site-content-layout":"default","site-content-style":"default","site-sidebar-style":"default","ast-global-header-display":"","ast-banner-title-visibility":"","ast-main-header-display":"","ast-hfb-above-header-display":"","ast-hfb-below-header-display":"","ast-hfb-mobile-header-display":"","site-post-title":"","ast-breadcrumbs-content":"","ast-featured-img":"","footer-sml-layout":"","theme-transparent-header-meta":"","adv-header-id-meta":"","stick-header-meta":"","header-above-stick-meta":"","header-main-stick-meta":"","header-below-stick-meta":"","astra-migrate-meta-layouts":"set","ast-page-background-enabled":"default","ast-page-background-meta":{"desktop":{"background-color":"var(--ast-global-color-4)","background-image":"","background-repeat":"repeat","background-position":"center center","background-size":"auto","background-attachment":"scroll","background-type":"","background-media":"","overlay-type":"","overlay-color":"","overlay-opacity":"","overlay-gradient":""},"tablet":{"background-color":"","background-image":"","background-repeat":"repeat","background-position":"center center","background-size":"auto","background-attachment":"scroll","background-type":"","background-media":"","overlay-type":"","overlay-color":"","overlay-opacity":"","overlay-gradient":""},"mobile":{"background-color":"","background-image":"","background-repeat":"repeat","background-position":"center center","background-size":"auto","background-attachment":"scroll","background-type":"","background-media":"","overlay-type":"","overlay-color":"","overlay-opacity":"","overlay-gradient":""}},"ast-content-background-meta":{"desktop":{"background-color":"var(--ast-global-color-5)","background-image":"","background-repeat":"repeat","background-position":"center center","background-size":"auto","background-attachment":"scroll","background-type":"","background-media":"","overlay-type":"","overlay-color":"","overlay-opacity":"","overlay-gradient":""},"tablet":{"background-color":"var(--ast-global-color-5)","background-image":"","background-repeat":"repeat","background-position":"center center","background-size":"auto","background-attachment":"scroll","background-type":"","background-media":"","overlay-type":"","overlay-color":"","overlay-opacity":"","overlay-gradient":""},"mobile":{"background-color":"var(--ast-global-color-5)","background-image":"","background-repeat":"repeat","background-position":"center center","background-size":"auto","background-attachment":"scroll","background-type":"","background-media":"","overlay-type":"","overlay-color":"","overlay-opacity":"","overlay-gradient":""}},"footnotes":""},"class_list":["post-16044","page","type-page","status-publish","hentry"],"post_mailing_queue_ids":[],"_links":{"self":[{"href":"https:\/\/agora.xtec.cat\/iesvallhebron\/wp-json\/wp\/v2\/pages\/16044","targetHints":{"allow":["GET"]}}],"collection":[{"href":"https:\/\/agora.xtec.cat\/iesvallhebron\/wp-json\/wp\/v2\/pages"}],"about":[{"href":"https:\/\/agora.xtec.cat\/iesvallhebron\/wp-json\/wp\/v2\/types\/page"}],"author":[{"embeddable":true,"href":"https:\/\/agora.xtec.cat\/iesvallhebron\/wp-json\/wp\/v2\/users\/41"}],"replies":[{"embeddable":true,"href":"https:\/\/agora.xtec.cat\/iesvallhebron\/wp-json\/wp\/v2\/comments?post=16044"}],"version-history":[{"count":4,"href":"https:\/\/agora.xtec.cat\/iesvallhebron\/wp-json\/wp\/v2\/pages\/16044\/revisions"}],"predecessor-version":[{"id":16062,"href":"https:\/\/agora.xtec.cat\/iesvallhebron\/wp-json\/wp\/v2\/pages\/16044\/revisions\/16062"}],"up":[{"embeddable":true,"href":"https:\/\/agora.xtec.cat\/iesvallhebron\/wp-json\/wp\/v2\/pages\/15839"}],"wp:attachment":[{"href":"https:\/\/agora.xtec.cat\/iesvallhebron\/wp-json\/wp\/v2\/media?parent=16044"}],"curies":[{"name":"wp","href":"https:\/\/api.w.org\/{rel}","templated":true}]}}