{"id":1593,"date":"2016-10-13T20:53:01","date_gmt":"2016-10-13T19:53:01","guid":{"rendered":"http:\/\/agora.xtec.cat\/iesvallhebron\/?page_id=1593"},"modified":"2023-11-03T12:57:59","modified_gmt":"2023-11-03T11:57:59","slug":"oferta-curs-201617","status":"publish","type":"page","link":"https:\/\/agora.xtec.cat\/iesvallhebron\/assessorament-i-reconeixement-academic\/oferta-curs-201617\/","title":{"rendered":"Oferta &#8211; Curs 2023\/2024"},"content":{"rendered":"<p><img loading=\"lazy\" decoding=\"async\" class=\" wp-image-1590 alignleft\" src=\"http:\/\/agora.xtec.cat\/iesvallhebron\/wp-content\/uploads\/usu893\/2016\/10\/institut-vall-dhebron-300x139.jpg\" alt=\"institut-vall-dhebron\" width=\"261\" height=\"121\" srcset=\"https:\/\/agora.xtec.cat\/iesvallhebron\/wp-content\/uploads\/usu893\/2016\/10\/institut-vall-dhebron-300x139.jpg 300w, https:\/\/agora.xtec.cat\/iesvallhebron\/wp-content\/uploads\/usu893\/2016\/10\/institut-vall-dhebron-768x355.jpg 768w, https:\/\/agora.xtec.cat\/iesvallhebron\/wp-content\/uploads\/usu893\/2016\/10\/institut-vall-dhebron-1024x473.jpg 1024w, https:\/\/agora.xtec.cat\/iesvallhebron\/wp-content\/uploads\/usu893\/2016\/10\/institut-vall-dhebron.jpg 1529w\" sizes=\"auto, (max-width: 261px) 100vw, 261px\" \/><\/p>\n<p><img loading=\"lazy\" decoding=\"async\" class=\"size-full wp-image-481 alignright\" src=\"http:\/\/agora.xtec.cat\/iesvallhebron\/wp-content\/uploads\/usu893\/2016\/01\/AssessoramentReconeixement.gif\" alt=\"AssessoramentReconeixement\" width=\"200\" height=\"100\" \/><\/p>\n<hr \/>\n<p style=\"text-align: justify;\"><strong>LA OFERTA DEL SERVEI D\u2019ASSESSORAMENT I RECONEIXEMENT ACAD\u00c8MIC \u00c9S LA SEG\u00dcENT:<\/strong><\/p>\n<table>\n<tbody>\n<tr>\n<td><strong>Cicles Formatius de la fam\u00edlia d&#8217;Administraci\u00f3\u00a0i\u00a0gesti\u00f3<\/strong><\/td>\n<td style=\"text-align: center;\"><strong>Places:<\/strong><\/td>\n<\/tr>\n<tr>\n<td>CFPM AG10 Gesti\u00f3\u00a0Administrativa<\/td>\n<td style=\"text-align: center;\">10<\/td>\n<\/tr>\n<tr>\n<td>CFPS AGA0 Assist\u00e8ncia\u00a0a la direcci\u00f3<\/td>\n<td style=\"text-align: center;\">10<\/td>\n<\/tr>\n<tr>\n<td>CFPS AGB0 Administraci\u00f3\u00a0i finances<\/td>\n<td style=\"text-align: center;\">10<\/td>\n<\/tr>\n<tr>\n<td><strong>Cicles Formatius de la fam\u00edlia d&#8217;Imatge\u00a0personal<\/strong><\/td>\n<td style=\"text-align: center;\"><strong>Places:<\/strong><\/td>\n<\/tr>\n<tr>\n<td>CFPM IP10 Perruqueria\u00a0i cosm\u00e8tica capil\u00b7lar<\/td>\n<td style=\"text-align: center;\">10<\/td>\n<\/tr>\n<tr>\n<td>CFPM IP20 Est\u00e8tica\u00a0i bellesa<\/td>\n<td style=\"text-align: center;\">10<\/td>\n<\/tr>\n<tr>\n<td>CFPS IPB0 Est\u00e8tica\u00a0integral i benestar<\/td>\n<td style=\"text-align: center;\">10<\/td>\n<\/tr>\n<tr>\n<td>CFPS IPC0 Estilisme\u00a0i direcci\u00f3 de perruqueria<\/td>\n<td style=\"text-align: center;\">10<\/td>\n<\/tr>\n<\/tbody>\n<\/table>\n<p>&nbsp;<\/p>\n","protected":false},"excerpt":{"rendered":"<p>LA OFERTA DEL SERVEI D\u2019ASSESSORAMENT I RECONEIXEMENT ACAD\u00c8MIC \u00c9S LA SEG\u00dcENT: Cicles Formatius de la fam\u00edlia d&#8217;Administraci\u00f3\u00a0i\u00a0gesti\u00f3 Places: CFPM AG10 Gesti\u00f3\u00a0Administrativa 10 CFPS AGA0 Assist\u00e8ncia\u00a0a la direcci\u00f3 10 CFPS AGB0 Administraci\u00f3\u00a0i finances 10 Cicles Formatius de la fam\u00edlia d&#8217;Imatge\u00a0personal Places: CFPM IP10 Perruqueria\u00a0i cosm\u00e8tica capil\u00b7lar 10 CFPM IP20 Est\u00e8tica\u00a0i bellesa 10 CFPS IPB0 Est\u00e8tica\u00a0integral i [&hellip;]<\/p>\n","protected":false},"author":1,"featured_media":0,"parent":1582,"menu_order":1,"comment_status":"closed","ping_status":"closed","template":"page-templates\/side-menu.php","meta":{"_bbp_topic_count":0,"_bbp_reply_count":0,"_bbp_total_topic_count":0,"_bbp_total_reply_count":0,"_bbp_voice_count":0,"_bbp_anonymous_reply_count":0,"_bbp_topic_count_hidden":0,"_bbp_reply_count_hidden":0,"_bbp_forum_subforum_count":0,"site-sidebar-layout":"default","site-content-layout":"","ast-site-content-layout":"","site-content-style":"default","site-sidebar-style":"default","ast-global-header-display":"","ast-banner-title-visibility":"","ast-main-header-display":"","ast-hfb-above-header-display":"","ast-hfb-below-header-display":"","ast-hfb-mobile-header-display":"","site-post-title":"","ast-breadcrumbs-content":"","ast-featured-img":"","footer-sml-layout":"","theme-transparent-header-meta":"","adv-header-id-meta":"","stick-header-meta":"","header-above-stick-meta":"","header-main-stick-meta":"","header-below-stick-meta":"","astra-migrate-meta-layouts":"default","ast-page-background-enabled":"default","ast-page-background-meta":{"desktop":{"background-color":"var(--ast-global-color-4)","background-image":"","background-repeat":"repeat","background-position":"center center","background-size":"auto","background-attachment":"scroll","background-type":"","background-media":"","overlay-type":"","overlay-color":"","overlay-opacity":"","overlay-gradient":""},"tablet":{"background-color":"","background-image":"","background-repeat":"repeat","background-position":"center center","background-size":"auto","background-attachment":"scroll","background-type":"","background-media":"","overlay-type":"","overlay-color":"","overlay-opacity":"","overlay-gradient":""},"mobile":{"background-color":"","background-image":"","background-repeat":"repeat","background-position":"center center","background-size":"auto","background-attachment":"scroll","background-type":"","background-media":"","overlay-type":"","overlay-color":"","overlay-opacity":"","overlay-gradient":""}},"ast-content-background-meta":{"desktop":{"background-color":"var(--ast-global-color-5)","background-image":"","background-repeat":"repeat","background-position":"center center","background-size":"auto","background-attachment":"scroll","background-type":"","background-media":"","overlay-type":"","overlay-color":"","overlay-opacity":"","overlay-gradient":""},"tablet":{"background-color":"var(--ast-global-color-5)","background-image":"","background-repeat":"repeat","background-position":"center center","background-size":"auto","background-attachment":"scroll","background-type":"","background-media":"","overlay-type":"","overlay-color":"","overlay-opacity":"","overlay-gradient":""},"mobile":{"background-color":"var(--ast-global-color-5)","background-image":"","background-repeat":"repeat","background-position":"center center","background-size":"auto","background-attachment":"scroll","background-type":"","background-media":"","overlay-type":"","overlay-color":"","overlay-opacity":"","overlay-gradient":""}},"footnotes":""},"class_list":["post-1593","page","type-page","status-publish","hentry"],"post_mailing_queue_ids":[],"_links":{"self":[{"href":"https:\/\/agora.xtec.cat\/iesvallhebron\/wp-json\/wp\/v2\/pages\/1593","targetHints":{"allow":["GET"]}}],"collection":[{"href":"https:\/\/agora.xtec.cat\/iesvallhebron\/wp-json\/wp\/v2\/pages"}],"about":[{"href":"https:\/\/agora.xtec.cat\/iesvallhebron\/wp-json\/wp\/v2\/types\/page"}],"author":[{"embeddable":true,"href":"https:\/\/agora.xtec.cat\/iesvallhebron\/wp-json\/wp\/v2\/users\/1"}],"replies":[{"embeddable":true,"href":"https:\/\/agora.xtec.cat\/iesvallhebron\/wp-json\/wp\/v2\/comments?post=1593"}],"version-history":[{"count":6,"href":"https:\/\/agora.xtec.cat\/iesvallhebron\/wp-json\/wp\/v2\/pages\/1593\/revisions"}],"predecessor-version":[{"id":13666,"href":"https:\/\/agora.xtec.cat\/iesvallhebron\/wp-json\/wp\/v2\/pages\/1593\/revisions\/13666"}],"up":[{"embeddable":true,"href":"https:\/\/agora.xtec.cat\/iesvallhebron\/wp-json\/wp\/v2\/pages\/1582"}],"wp:attachment":[{"href":"https:\/\/agora.xtec.cat\/iesvallhebron\/wp-json\/wp\/v2\/media?parent=1593"}],"curies":[{"name":"wp","href":"https:\/\/api.w.org\/{rel}","templated":true}]}}