{"id":15839,"date":"2026-02-04T12:13:52","date_gmt":"2026-02-04T11:13:52","guid":{"rendered":"https:\/\/agora.xtec.cat\/iesvallhebron\/?page_id=15839"},"modified":"2026-02-23T15:23:19","modified_gmt":"2026-02-23T14:23:19","slug":"comissio-digualtat","status":"publish","type":"page","link":"https:\/\/agora.xtec.cat\/iesvallhebron\/comissio-digualtat\/","title":{"rendered":"Comissi\u00f3 d&#8217;igualtat"},"content":{"rendered":"\n<p>Des de l\u2019Institut  Vall d\u2019Hebron volem crear un espai per prevenir, detectar i abordar situacions de discriminaci\u00f3, viol\u00e8ncia i assetjament dins la comunitat educativa, promovent el respecte, la conviv\u00e8ncia i la igualtat d\u2019oportunitats entre tot l\u2019alumnat.<\/p>\n\n\n\n<p>En aquest espai podr\u00e0s trobar informaci\u00f3 sobre activitats i accions realitzades a l\u2019institut, acc\u00e9s a recursos formatius, un punt d\u2019acollida i orientaci\u00f3 on poder acudir, i not\u00edcies d\u2019actualitat relacionades amb la prevenci\u00f3 de qualsevol forma de viol\u00e8ncia, discriminaci\u00f3 o assetjament.<\/p>\n\n\n\n<p class=\"has-text-color has-link-color wp-elements-dc8b7e0ff07632c72d908e5ea1ae7736\" style=\"color:#0d045d\"><strong>Formulari espai segur<\/strong><\/p>\n\n\n\n<p>Aquest formulari \u00e9s un espai segur perqu\u00e8 puguis explicar si est\u00e0s vivint alguna situaci\u00f3 d\u2019assetjament, burles, insults, discriminaci\u00f3 o viol\u00e8ncia relacionada amb el g\u00e8nere, la identitat o expressi\u00f3 de g\u00e8nere, l\u2019orientaci\u00f3 sexual o qualsevol situaci\u00f3 de maltractament que estiguis vivint. Pot haver passat dins del centre, fora o a trav\u00e9s de xarxes socials.<\/p>\n\n\n\n<p>El que ens expliquis es tractar\u00e0 amb <strong>respecte, discreci\u00f3 i confidencialitat<\/strong>.<\/p>\n\n\n\n<div class=\"wp-block-buttons is-content-justification-center is-layout-flex wp-container-core-buttons-is-layout-1 wp-block-buttons-is-layout-flex\">\n<div class=\"wp-block-button has-custom-width wp-block-button__width-50 has-custom-font-size has-medium-font-size\"><a class=\"wp-block-button__link has-white-color has-vivid-purple-background-color has-text-color has-background has-link-color wp-element-button\" href=\"https:\/\/docs.google.com\/forms\/d\/e\/1FAIpQLSeLgoLLUxuGuAbiPBqgxUMKPTPF1wba1yC5GXqJ8xBcqC_0hA\/viewform\" target=\"_blank\" rel=\"noreferrer noopener\"><strong>FORMULARI ESPAI SEGUR<\/strong><\/a><\/div>\n<\/div>\n\n\n\n<div style=\"height:41px\" aria-hidden=\"true\" class=\"wp-block-spacer\"><\/div>\n\n\n\n<figure class=\"wp-block-gallery has-nested-images columns-default is-cropped wp-block-gallery-1 is-layout-flex wp-block-gallery-is-layout-flex\">\n<figure class=\"wp-block-image size-large\"><a href=\"https:\/\/agora.xtec.cat\/iesvallhebron\/wp-content\/uploads\/usu893\/2026\/02\/3.png\"><img loading=\"lazy\" decoding=\"async\" width=\"724\" height=\"1024\" data-id=\"15845\" src=\"https:\/\/agora.xtec.cat\/iesvallhebron\/wp-content\/uploads\/usu893\/2026\/02\/3-724x1024.png\" alt=\"\" class=\"wp-image-15845\" srcset=\"https:\/\/agora.xtec.cat\/iesvallhebron\/wp-content\/uploads\/usu893\/2026\/02\/3-724x1024.png 724w, https:\/\/agora.xtec.cat\/iesvallhebron\/wp-content\/uploads\/usu893\/2026\/02\/3-212x300.png 212w, https:\/\/agora.xtec.cat\/iesvallhebron\/wp-content\/uploads\/usu893\/2026\/02\/3-768x1086.png 768w, https:\/\/agora.xtec.cat\/iesvallhebron\/wp-content\/uploads\/usu893\/2026\/02\/3-1086x1536.png 1086w, https:\/\/agora.xtec.cat\/iesvallhebron\/wp-content\/uploads\/usu893\/2026\/02\/3-1448x2048.png 1448w, https:\/\/agora.xtec.cat\/iesvallhebron\/wp-content\/uploads\/usu893\/2026\/02\/3.png 1587w\" sizes=\"auto, (max-width: 724px) 100vw, 724px\" \/><\/a><\/figure>\n\n\n\n<figure class=\"wp-block-image size-large\"><a href=\"https:\/\/agora.xtec.cat\/iesvallhebron\/wp-content\/uploads\/usu893\/2026\/02\/4.png\"><img loading=\"lazy\" decoding=\"async\" width=\"1587\" height=\"2245\" data-id=\"15844\" src=\"https:\/\/agora.xtec.cat\/iesvallhebron\/wp-content\/uploads\/usu893\/2026\/02\/4-724x1024.png\" alt=\"\" class=\"wp-image-15844\" srcset=\"https:\/\/agora.xtec.cat\/iesvallhebron\/wp-content\/uploads\/usu893\/2026\/02\/4-724x1024.png 724w, https:\/\/agora.xtec.cat\/iesvallhebron\/wp-content\/uploads\/usu893\/2026\/02\/4-212x300.png 212w, https:\/\/agora.xtec.cat\/iesvallhebron\/wp-content\/uploads\/usu893\/2026\/02\/4-768x1086.png 768w, https:\/\/agora.xtec.cat\/iesvallhebron\/wp-content\/uploads\/usu893\/2026\/02\/4-1086x1536.png 1086w, https:\/\/agora.xtec.cat\/iesvallhebron\/wp-content\/uploads\/usu893\/2026\/02\/4-1448x2048.png 1448w, https:\/\/agora.xtec.cat\/iesvallhebron\/wp-content\/uploads\/usu893\/2026\/02\/4.png 1587w\" sizes=\"auto, (max-width: 1587px) 100vw, 1587px\" \/><\/a><\/figure>\n<\/figure>\n","protected":false},"excerpt":{"rendered":"<p>Des de l\u2019Institut Vall d\u2019Hebron volem crear un espai per prevenir, detectar i abordar situacions de discriminaci\u00f3, viol\u00e8ncia i assetjament dins la comunitat educativa, promovent el respecte, la conviv\u00e8ncia i la igualtat d\u2019oportunitats entre tot l\u2019alumnat. En aquest espai podr\u00e0s trobar informaci\u00f3 sobre activitats i accions realitzades a l\u2019institut, acc\u00e9s a recursos formatius, un punt [&hellip;]<\/p>\n","protected":false},"author":41,"featured_media":0,"parent":0,"menu_order":0,"comment_status":"closed","ping_status":"close","template":"","meta":{"_bbp_topic_count":0,"_bbp_reply_count":0,"_bbp_total_topic_count":0,"_bbp_total_reply_count":0,"_bbp_voice_count":0,"_bbp_anonymous_reply_count":0,"_bbp_topic_count_hidden":0,"_bbp_reply_count_hidden":0,"_bbp_forum_subforum_count":0,"site-sidebar-layout":"default","site-content-layout":"","ast-site-content-layout":"default","site-content-style":"default","site-sidebar-style":"default","ast-global-header-display":"","ast-banner-title-visibility":"","ast-main-header-display":"","ast-hfb-above-header-display":"","ast-hfb-below-header-display":"","ast-hfb-mobile-header-display":"","site-post-title":"","ast-breadcrumbs-content":"","ast-featured-img":"","footer-sml-layout":"","theme-transparent-header-meta":"","adv-header-id-meta":"","stick-header-meta":"","header-above-stick-meta":"","header-main-stick-meta":"","header-below-stick-meta":"","astra-migrate-meta-layouts":"set","ast-page-background-enabled":"default","ast-page-background-meta":{"desktop":{"background-color":"var(--ast-global-color-4)","background-image":"","background-repeat":"repeat","background-position":"center center","background-size":"auto","background-attachment":"scroll","background-type":"","background-media":"","overlay-type":"","overlay-color":"","overlay-opacity":"","overlay-gradient":""},"tablet":{"background-color":"","background-image":"","background-repeat":"repeat","background-position":"center center","background-size":"auto","background-attachment":"scroll","background-type":"","background-media":"","overlay-type":"","overlay-color":"","overlay-opacity":"","overlay-gradient":""},"mobile":{"background-color":"","background-image":"","background-repeat":"repeat","background-position":"center center","background-size":"auto","background-attachment":"scroll","background-type":"","background-media":"","overlay-type":"","overlay-color":"","overlay-opacity":"","overlay-gradient":""}},"ast-content-background-meta":{"desktop":{"background-color":"var(--ast-global-color-5)","background-image":"","background-repeat":"repeat","background-position":"center center","background-size":"auto","background-attachment":"scroll","background-type":"","background-media":"","overlay-type":"","overlay-color":"","overlay-opacity":"","overlay-gradient":""},"tablet":{"background-color":"var(--ast-global-color-5)","background-image":"","background-repeat":"repeat","background-position":"center center","background-size":"auto","background-attachment":"scroll","background-type":"","background-media":"","overlay-type":"","overlay-color":"","overlay-opacity":"","overlay-gradient":""},"mobile":{"background-color":"var(--ast-global-color-5)","background-image":"","background-repeat":"repeat","background-position":"center center","background-size":"auto","background-attachment":"scroll","background-type":"","background-media":"","overlay-type":"","overlay-color":"","overlay-opacity":"","overlay-gradient":""}},"footnotes":""},"class_list":["post-15839","page","type-page","status-publish","hentry"],"post_mailing_queue_ids":[],"_links":{"self":[{"href":"https:\/\/agora.xtec.cat\/iesvallhebron\/wp-json\/wp\/v2\/pages\/15839","targetHints":{"allow":["GET"]}}],"collection":[{"href":"https:\/\/agora.xtec.cat\/iesvallhebron\/wp-json\/wp\/v2\/pages"}],"about":[{"href":"https:\/\/agora.xtec.cat\/iesvallhebron\/wp-json\/wp\/v2\/types\/page"}],"author":[{"embeddable":true,"href":"https:\/\/agora.xtec.cat\/iesvallhebron\/wp-json\/wp\/v2\/users\/41"}],"replies":[{"embeddable":true,"href":"https:\/\/agora.xtec.cat\/iesvallhebron\/wp-json\/wp\/v2\/comments?post=15839"}],"version-history":[{"count":6,"href":"https:\/\/agora.xtec.cat\/iesvallhebron\/wp-json\/wp\/v2\/pages\/15839\/revisions"}],"predecessor-version":[{"id":15925,"href":"https:\/\/agora.xtec.cat\/iesvallhebron\/wp-json\/wp\/v2\/pages\/15839\/revisions\/15925"}],"wp:attachment":[{"href":"https:\/\/agora.xtec.cat\/iesvallhebron\/wp-json\/wp\/v2\/media?parent=15839"}],"curies":[{"name":"wp","href":"https:\/\/api.w.org\/{rel}","templated":true}]}}