{"id":15795,"date":"2026-01-30T12:23:22","date_gmt":"2026-01-30T11:23:22","guid":{"rendered":"https:\/\/agora.xtec.cat\/iesvallhebron\/?page_id=15795"},"modified":"2026-04-20T15:05:22","modified_gmt":"2026-04-20T13:05:22","slug":"portes-obertes-curs-2026-2027","status":"publish","type":"page","link":"https:\/\/agora.xtec.cat\/iesvallhebron\/portes-obertes-curs-2026-2027\/","title":{"rendered":"Portes obertes curs 2026-2027"},"content":{"rendered":"\n<p class=\"has-ast-global-color-0-color has-text-color has-link-color wp-elements-f2c03da64383df410ce4954444c960f0\"><strong>13 D&#8217;ABRIL <\/strong> Fam\u00edlia ACTIVITATS F\u00cdSIQUES I ESPORTIVES<\/p>\n\n\n\n<p><strong>17h Grau Superior<\/strong><\/p>\n\n\n\n<ul class=\"wp-block-list\">\n<li>Condicionament F\u00edsic          <a href=\"https:\/\/agora.xtec.cat\/iesvallhebron\/wp-content\/uploads\/usu893\/2026\/02\/GS-Condicionament-Fisic.pdf\" target=\"_blank\" rel=\"noreferrer noopener\">\ud83d\udcc4<\/a><\/li>\n\n\n\n<li>Ensenyament i animaci\u00f3 socioesportiva <\/li>\n<\/ul>\n\n\n\n<p><em>Enlla\u00e7 inscripci\u00f3: <a href=\"https:\/\/docs.google.com\/forms\/d\/e\/1FAIpQLScL4_E0BS0oGiECTd74ond-061ydxKvwGIX1WKErBjs0QrUKA\/viewform?usp=sharing&amp;ouid=106136682408682668577\" target=\"_blank\" rel=\"noreferrer noopener\">Inscripci\u00f3 Portes Obertes institut Vall d&#8217;Hebron<\/a><\/em><\/p>\n\n\n\n<p><strong>18h i 19h Grau Mitj\u00e0<\/strong><\/p>\n\n\n\n<ul class=\"wp-block-list\">\n<li>Guia en el Medi Natural i de temps de Lleure <a href=\"https:\/\/agora.xtec.cat\/iesvallhebron\/wp-content\/uploads\/usu893\/2026\/03\/CFGM.pdf\" target=\"_blank\" rel=\"noreferrer noopener\">\ud83d\udcc4<\/a><\/li>\n<\/ul>\n\n\n\n<p><em>Enlla\u00e7 inscripci\u00f3: <a href=\"https:\/\/docs.google.com\/forms\/d\/e\/1FAIpQLSfWS6zaMmXB96GRY58id6OVAFcGEkPGBLTBVWnQNq8M8yJ5Og\/viewform?usp=sharing&amp;ouid=106136682408682668577\" target=\"_blank\" rel=\"noreferrer noopener\">Inscripci\u00f3 Portes Obertes institut Vall d&#8217;Hebron<\/a><\/em><\/p>\n\n\n\n<p>\u2757\ufe0fEl torn de les 18h est\u00e0 complet, us podeu inscriure al torn de les 19h.<\/p>\n\n\n\n<p class=\"has-ast-global-color-0-color has-text-color has-link-color wp-elements-a012f548ba7f19011fc9bc92a23ba9c7\"><strong>14 D&#8217;ABRIL <\/strong> Fam\u00edlia IMATGE PERSONAL<\/p>\n\n\n\n<p><strong>17h Grau Superior<\/strong><strong><\/strong><\/p>\n\n\n\n<ul class=\"wp-block-list\">\n<li>Est\u00e8tica integral i benestar<\/li>\n\n\n\n<li>Estilisme i direcci\u00f3 de perruqueria<\/li>\n\n\n\n<li>Caracteritzaci\u00f3 i maquillatge professional<\/li>\n\n\n\n<li>Assessoria d\u2019imatge personal i corporativa <\/li>\n<\/ul>\n\n\n\n<p><em>Enlla\u00e7 inscripci\u00f3: <a href=\"https:\/\/docs.google.com\/forms\/d\/e\/1FAIpQLSfrC-WlxLtghVNdy6fC2HNFuMaUpTm_tGoZZxM7sf6hp_mo0A\/viewform\" target=\"_blank\" rel=\"noreferrer noopener\">Inscripci\u00f3 Portes Obertes institut Vall d&#8217;Hebron<\/a><\/em><\/p>\n\n\n\n<p><strong>17:30h<\/strong> Grau Mitj\u00e0 Perruqueria i cosm\u00e8tica capil\u00b7lar<\/p>\n\n\n\n<p><em>Enlla\u00e7 inscripci\u00f3: <a href=\"https:\/\/docs.google.com\/forms\/d\/e\/1FAIpQLSfrC-WlxLtghVNdy6fC2HNFuMaUpTm_tGoZZxM7sf6hp_mo0A\/viewform\" target=\"_blank\" rel=\"noreferrer noopener\">Inscripci\u00f3 Portes Obertes institut Vall d&#8217;Hebron<\/a><\/em><\/p>\n\n\n\n<p><strong>18h<\/strong> Grau Mitj\u00e0 Est\u00e8tica i Bellesa<\/p>\n\n\n\n<p><em>Enlla\u00e7 inscripci\u00f3: <a href=\"https:\/\/docs.google.com\/forms\/d\/e\/1FAIpQLSfrC-WlxLtghVNdy6fC2HNFuMaUpTm_tGoZZxM7sf6hp_mo0A\/viewform\" target=\"_blank\" rel=\"noreferrer noopener\">Inscripci\u00f3 Portes Obertes institut Vall d&#8217;Hebron<\/a><\/em><\/p>\n\n\n\n<p class=\"has-ast-global-color-0-color has-text-color has-link-color wp-elements-267bac5d1a5bb05771ec4f6265d7fa70\"><strong>15 D&#8217;ABRIL <\/strong><\/p>\n\n\n\n<p><strong>17h Programes de Formaci\u00f3 i Inserci\u00f3 (PFI)<\/strong><\/p>\n\n\n\n<ul class=\"wp-block-list\">\n<li>Auxiliar de perruqueria i est\u00e8tica<\/li>\n\n\n\n<li>Auxiliar en imatge personal: est\u00e8tica<\/li>\n\n\n\n<li>Auxiliar d\u2019activitats esportives<\/li>\n<\/ul>\n\n\n\n<p><em>Enlla\u00e7 inscripci\u00f3: <a href=\"https:\/\/docs.google.com\/forms\/d\/e\/1FAIpQLSfrC-WlxLtghVNdy6fC2HNFuMaUpTm_tGoZZxM7sf6hp_mo0A\/viewform\" target=\"_blank\" rel=\"noreferrer noopener\">Inscripci\u00f3 Portes Obertes institut Vall d&#8217;Hebron<\/a><\/em><\/p>\n\n\n\n<p><strong>17h<\/strong> Cicle Formatiu de Grau B\u00e0sic de Perruqueria i Est\u00e8tica<\/p>\n\n\n\n<p><em>Enlla\u00e7 inscripci\u00f3: <a href=\"https:\/\/docs.google.com\/forms\/d\/e\/1FAIpQLSfrC-WlxLtghVNdy6fC2HNFuMaUpTm_tGoZZxM7sf6hp_mo0A\/viewform\" target=\"_blank\" rel=\"noreferrer noopener\">Inscripci\u00f3 Portes Obertes institut Vall d&#8217;Hebron<\/a><\/em><\/p>\n\n\n\n<div style=\"height:59px\" aria-hidden=\"true\" class=\"wp-block-spacer\"><\/div>\n\n\n\n<h3 class=\"wp-block-heading has-text-align-center\"><strong>OFERTA FORMATIVA CURS 2026-202<\/strong>7<\/h3>\n\n\n\n<p class=\"has-text-align-center has-text-color has-link-color wp-elements-1f52a002d79ceaaa1dd776c1002b48f5\" style=\"color:#210c69\"><a href=\"https:\/\/agora.xtec.cat\/#twitter\" target=\"_blank\" rel=\"noreferrer noopener\"><\/a><\/p>\n\n\n\n<figure class=\"wp-block-table is-style-stripes\"><table><thead><tr><th class=\"has-text-align-center\" data-align=\"center\">NIVELL<\/th><th>ESTUDI<\/th><th>GRUPS OFERTATS<\/th><\/tr><\/thead><tbody><tr><td class=\"has-text-align-center\" data-align=\"center\">GB<\/td><td><a href=\"https:\/\/agora.xtec.cat\/iesvallhebron\/estudis\/cicles-formatius\/cicle-formatiu-de-grau-basic-de-perruqueria-i-estetica\/cfgb-cicle-formatiu-de-grau-basic-de-perruqueria-i-estetica\/\">Perruqueria i est\u00e8tica<\/a><\/td><td>&#8211; 1r CURS: 2 mat\u00ed<br>&#8211; 2n CURS: 1 mat\u00ed<\/td><\/tr><tr><td class=\"has-text-align-center\" data-align=\"center\">PFI<\/td><td><a href=\"http:\/\/agora.xtec.cat\/iesvallhebron\/estudis\/cicles-formatius\/programes-de-formacio-i-insercio\/auxiliar-en-imatge-personal\/\">Auxiliar de perruqueria i est\u00e8tica<\/a><\/td><td>&#8211; 1 grup al mat\u00ed<\/td><\/tr><tr><td class=\"has-text-align-center\" data-align=\"center\">PFI<\/td><td><a href=\"http:\/\/agora.xtec.cat\/iesvallhebron\/estudis\/cicles-formatius\/programes-de-formacio-i-insercio\/auxiliar-en-imatge-personal\/\">Auxiliar en imatge personal: est\u00e8tica<\/a><\/td><td>&#8211; 1 grup al mat\u00ed<\/td><\/tr><tr><td class=\"has-text-align-center\" data-align=\"center\">PFI<\/td><td><a href=\"https:\/\/agora.xtec.cat\/iesvallhebron\/estudis\/programes-de-formacio-i-insercio\/auxiliar-dactivitats-esportives\/\" target=\"_blank\" rel=\"noreferrer noopener\">Auxiliar d\u2019activitats esportives<\/a><\/td><td>&#8211; 2 grups al mat\u00ed<\/td><\/tr><tr><td class=\"has-text-align-center\" data-align=\"center\">PFI<\/td><td><a href=\"https:\/\/triaeducativa.gencat.cat\/ca\/estudis?auxiliar-suport-persones-activitats-socioesportives&amp;p_id=6193\">Auxiliar de Suport a les Persones en Activitats Socioesportives<\/a><\/td><td>&#8211; 1 grup al mat\u00ed<\/td><\/tr><tr><td class=\"has-text-align-center\" data-align=\"center\">GM<\/td><td><a href=\"http:\/\/agora.xtec.cat\/iesvallhebron\/estudis\/cicles-formatius\/cicles-formatius-de-grau-mitja\/estetica-i-bellesa\/\">Est\u00e8tica i bellesa<\/a><\/td><td>&#8211; 1r CURS: 2 mat\u00ed + 2 tarda<br>&#8211; 2n CURS: 2 mat\u00ed + 2 tarda <\/td><\/tr><tr><td class=\"has-text-align-center\" data-align=\"center\">GM<\/td><td><a href=\"http:\/\/agora.xtec.cat\/iesvallhebron\/estudis\/cicles-formatius\/cicles-formatius-de-grau-mitja\/perruqueria-i-cosmetica-capillar\/\">Perruqueria i cosm\u00e8tica capi\u0140lar<\/a>&nbsp;<\/td><td>&#8211; 1r CURS: 1 mat\u00ed + 1 tarda<br>&#8211; 2n CURS: 1 mat\u00ed + 1 tarda <\/td><\/tr><tr><td class=\"has-text-align-center\" data-align=\"center\">GM<\/td><td><a href=\"http:\/\/agora.xtec.cat\/iesvallhebron\/estudis\/cicles-formatius\/cicles-formatius-de-grau-mitja\/guia-medi-natural-lleure\/\">Guia en el medi natural i de temps de lleure<\/a><\/td><td>&#8211; 1r CURS: 3 mat\u00ed <br>&#8211; 2n CURS: 3 mat\u00ed <\/td><\/tr><tr><td class=\"has-text-align-center\" data-align=\"center\">GS<\/td><td><a href=\"http:\/\/agora.xtec.cat\/iesvallhebron\/estudis\/cicles-formatius\/cicles-formatius-de-grau-superior\/estetica-integral-i-benestar\/\">Est\u00e8tica integral i benestar<\/a>&nbsp;<\/td><td>&#8211; 1r CURS: 1 mat\u00ed<br>&#8211; 2n CURS: 1 mat\u00ed<\/td><\/tr><tr><td class=\"has-text-align-center\" data-align=\"center\">GS<\/td><td><a href=\"http:\/\/agora.xtec.cat\/iesvallhebron\/estudis\/cicles-formatius\/cicles-formatius-de-grau-superior\/estilisme-i-direccio-de-perruqueria\/\">Estilisme i direcci\u00f3 de perruqueria<\/a>&nbsp;<\/td><td>&#8211; 1r CURS: 1 mat\u00ed<br>&#8211; 2n CURS: 1 mat\u00ed<\/td><\/tr><tr><td class=\"has-text-align-center\" data-align=\"center\">GS<\/td><td><a href=\"https:\/\/agora.xtec.cat\/iesvallhebron\/estudis\/cicles-formatius\/cicles-formatius-de-grau-superior\/caracteritzacio-i-maquillatge-professional\/\">Caracteritzaci\u00f3 i maquillatge professional<\/a>&nbsp;<\/td><td>&#8211; 1r CURS: 1 mat\u00ed<br>&#8211; 2n CURS: 1 mat\u00ed<\/td><\/tr><tr><td class=\"has-text-align-center\" data-align=\"center\">GS<\/td><td><a href=\"https:\/\/agora.xtec.cat\/iesvallhebron\/estudis\/cicles-formatius\/cicles-formatius-de-grau-superior\/assessoria-dimatge-personal-i-corporativa\/\">Assessoria d\u2019imatge personal i corporativa<\/a><\/td><td>&#8211; 1r CURS: 1 tarda<br>&#8211; 2n CURS: 1 tarda<\/td><\/tr><tr><td class=\"has-text-align-center\" data-align=\"center\">GS<\/td><td><a href=\"http:\/\/agora.xtec.cat\/iesvallhebron\/estudis\/cicles-formatius\/cicles-formatius-de-grau-superior\/ensenyament-i-animacio-socioesportiva\/\">Ensenyament i animaci\u00f3 socioesportiva<\/a>&nbsp;<\/td><td>&#8211; 1r CURS: 1 mat\u00ed<br>&#8211; 2n CURS: 1 mat\u00ed<\/td><\/tr><tr><td class=\"has-text-align-center\" data-align=\"center\">GS<\/td><td><a href=\"http:\/\/agora.xtec.cat\/iesvallhebron\/estudis\/cicles-formatius\/cicles-formatius-de-grau-superior\/animacio-dactivitats-fisiques-i-esportives\/\">Condicionament f\u00edsic<\/a>&nbsp;<\/td><td>&#8211; 1r CURS: 1 tarda<br>&#8211; 2n CURS: 1 tarda<\/td><\/tr><\/tbody><\/table><\/figure>\n\n\n\n<p class=\"has-text-align-center has-pale-cyan-blue-background-color has-background\"><strong>De cara al curs vinent, l\u2019oferta formativa d\u2019ESO i Batxillerat desapareixer\u00e0 del centre.<\/strong><\/p>\n\n\n\n<p><\/p>\n","protected":false},"excerpt":{"rendered":"<p>13 D&#8217;ABRIL Fam\u00edlia ACTIVITATS F\u00cdSIQUES I ESPORTIVES 17h Grau Superior Enlla\u00e7 inscripci\u00f3: Inscripci\u00f3 Portes Obertes institut Vall d&#8217;Hebron 18h i 19h Grau Mitj\u00e0 Enlla\u00e7 inscripci\u00f3: Inscripci\u00f3 Portes Obertes institut Vall d&#8217;Hebron \u2757\ufe0fEl torn de les 18h est\u00e0 complet, us podeu inscriure al torn de les 19h. 14 D&#8217;ABRIL Fam\u00edlia IMATGE PERSONAL 17h Grau Superior Enlla\u00e7 [&hellip;]<\/p>\n","protected":false},"author":41,"featured_media":0,"parent":0,"menu_order":0,"comment_status":"closed","ping_status":"close","template":"","meta":{"_bbp_topic_count":0,"_bbp_reply_count":0,"_bbp_total_topic_count":0,"_bbp_total_reply_count":0,"_bbp_voice_count":0,"_bbp_anonymous_reply_count":0,"_bbp_topic_count_hidden":0,"_bbp_reply_count_hidden":0,"_bbp_forum_subforum_count":0,"site-sidebar-layout":"default","site-content-layout":"","ast-site-content-layout":"default","site-content-style":"default","site-sidebar-style":"default","ast-global-header-display":"","ast-banner-title-visibility":"","ast-main-header-display":"","ast-hfb-above-header-display":"","ast-hfb-below-header-display":"","ast-hfb-mobile-header-display":"","site-post-title":"","ast-breadcrumbs-content":"","ast-featured-img":"","footer-sml-layout":"","theme-transparent-header-meta":"","adv-header-id-meta":"","stick-header-meta":"","header-above-stick-meta":"","header-main-stick-meta":"","header-below-stick-meta":"","astra-migrate-meta-layouts":"set","ast-page-background-enabled":"default","ast-page-background-meta":{"desktop":{"background-color":"var(--ast-global-color-4)","background-image":"","background-repeat":"repeat","background-position":"center center","background-size":"auto","background-attachment":"scroll","background-type":"","background-media":"","overlay-type":"","overlay-color":"","overlay-opacity":"","overlay-gradient":""},"tablet":{"background-color":"","background-image":"","background-repeat":"repeat","background-position":"center center","background-size":"auto","background-attachment":"scroll","background-type":"","background-media":"","overlay-type":"","overlay-color":"","overlay-opacity":"","overlay-gradient":""},"mobile":{"background-color":"","background-image":"","background-repeat":"repeat","background-position":"center center","background-size":"auto","background-attachment":"scroll","background-type":"","background-media":"","overlay-type":"","overlay-color":"","overlay-opacity":"","overlay-gradient":""}},"ast-content-background-meta":{"desktop":{"background-color":"var(--ast-global-color-5)","background-image":"","background-repeat":"repeat","background-position":"center center","background-size":"auto","background-attachment":"scroll","background-type":"","background-media":"","overlay-type":"","overlay-color":"","overlay-opacity":"","overlay-gradient":""},"tablet":{"background-color":"var(--ast-global-color-5)","background-image":"","background-repeat":"repeat","background-position":"center center","background-size":"auto","background-attachment":"scroll","background-type":"","background-media":"","overlay-type":"","overlay-color":"","overlay-opacity":"","overlay-gradient":""},"mobile":{"background-color":"var(--ast-global-color-5)","background-image":"","background-repeat":"repeat","background-position":"center center","background-size":"auto","background-attachment":"scroll","background-type":"","background-media":"","overlay-type":"","overlay-color":"","overlay-opacity":"","overlay-gradient":""}},"footnotes":""},"class_list":["post-15795","page","type-page","status-publish","hentry"],"post_mailing_queue_ids":[],"_links":{"self":[{"href":"https:\/\/agora.xtec.cat\/iesvallhebron\/wp-json\/wp\/v2\/pages\/15795","targetHints":{"allow":["GET"]}}],"collection":[{"href":"https:\/\/agora.xtec.cat\/iesvallhebron\/wp-json\/wp\/v2\/pages"}],"about":[{"href":"https:\/\/agora.xtec.cat\/iesvallhebron\/wp-json\/wp\/v2\/types\/page"}],"author":[{"embeddable":true,"href":"https:\/\/agora.xtec.cat\/iesvallhebron\/wp-json\/wp\/v2\/users\/41"}],"replies":[{"embeddable":true,"href":"https:\/\/agora.xtec.cat\/iesvallhebron\/wp-json\/wp\/v2\/comments?post=15795"}],"version-history":[{"count":6,"href":"https:\/\/agora.xtec.cat\/iesvallhebron\/wp-json\/wp\/v2\/pages\/15795\/revisions"}],"predecessor-version":[{"id":16263,"href":"https:\/\/agora.xtec.cat\/iesvallhebron\/wp-json\/wp\/v2\/pages\/15795\/revisions\/16263"}],"wp:attachment":[{"href":"https:\/\/agora.xtec.cat\/iesvallhebron\/wp-json\/wp\/v2\/media?parent=15795"}],"curies":[{"name":"wp","href":"https:\/\/api.w.org\/{rel}","templated":true}]}}