{"id":15723,"date":"2026-01-23T13:40:25","date_gmt":"2026-01-23T12:40:25","guid":{"rendered":"https:\/\/agora.xtec.cat\/iesvallhebron\/?page_id=15723"},"modified":"2026-03-09T15:40:28","modified_gmt":"2026-03-09T14:40:28","slug":"imatge-personal-ip","status":"publish","type":"page","link":"https:\/\/agora.xtec.cat\/iesvallhebron\/imatge-personal-ip\/","title":{"rendered":"Imatge personal (IP)"},"content":{"rendered":"\n<p>La&nbsp;<strong>Formaci\u00f3 Professional<\/strong>&nbsp;t\u00e9 l\u2019objectiu de capacitar per a l\u2019exercici qualificat de diverses professions i aconseguir la formaci\u00f3 necess\u00e0ria per adquirir la compet\u00e8ncia professional i el coneixement propis de cada sector.<\/p>\n\n\n\n<p>A l\u2019Institut Vall d\u2019Heboron oferim cicles de la&nbsp;<strong>fam\u00edlia d&#8217;<strong>Imatge personal<\/strong><\/strong>,&nbsp; que s\u2019organitzen en:<\/p>\n\n\n\n<ul class=\"wp-block-list\">\n<li><a href=\"https:\/\/agora.xtec.cat\/iesvallhebron\/estudis\/cicles-formatius\/cicle-formatiu-de-grau-basic-de-perruqueria-i-estetica\/\">Formaci\u00f3 professional de grau b\u00e0sic<\/a>&nbsp;(CFGB)\n<ul class=\"wp-block-list\">\n<li><a href=\"https:\/\/agora.xtec.cat\/iesvallhebron\/estudis\/cicles-formatius\/cicle-formatiu-de-grau-basic-de-perruqueria-i-estetica\/cfgb-cicle-formatiu-de-grau-basic-de-perruqueria-i-estetica\/\">Cicle formatiu de grau b\u00e0sic de Perruqueria i Est\u00e8tica&nbsp;<\/a>\u2013 horari de mat\u00ed<br><br><\/li>\n<\/ul>\n<\/li>\n<\/ul>\n\n\n\n<ul class=\"wp-block-list\">\n<li><a href=\"http:\/\/agora.xtec.cat\/iesvallhebron\/estudis\/cicles-formatius\/programes-de-formacio-i-insercio\/\">Programes de formaci\u00f3 i inserci\u00f3<\/a>&nbsp;(PFI)\n<ul class=\"wp-block-list\">\n<li><a href=\"http:\/\/agora.xtec.cat\/iesvallhebron\/estudis\/cicles-formatius\/programes-de-formacio-i-insercio\/auxiliar-en-imatge-personal\/\">Auxiliar de perruqueria i est\u00e8tica<\/a>&nbsp;\u2013 horari de mat\u00ed<\/li>\n\n\n\n<li><a href=\"http:\/\/agora.xtec.cat\/iesvallhebron\/estudis\/cicles-formatius\/programes-de-formacio-i-insercio\/auxiliar-en-imatge-personal\/\">Auxiliar en imatge personal: est\u00e8tica<\/a>&nbsp;\u2013 horari de tarda<br><br><\/li>\n<\/ul>\n<\/li>\n\n\n\n<li><a href=\"https:\/\/agora.xtec.cat\/iesvallhebron\/estudis\/cicles-formatius\/cicles-formatius-de-grau-mitja\/\">Cicles formatius de grau mitj\u00e0&nbsp;<\/a>(CFGM)\n<ul class=\"wp-block-list\">\n<li><a href=\"http:\/\/agora.xtec.cat\/iesvallhebron\/estudis\/cicles-formatius\/cicles-formatius-de-grau-mitja\/estetica-i-bellesa\/\">Est\u00e8tica i bellesa<\/a>&nbsp;\u2013 grups de mat\u00ed i grups de tarda<\/li>\n\n\n\n<li><a href=\"http:\/\/agora.xtec.cat\/iesvallhebron\/estudis\/cicles-formatius\/cicles-formatius-de-grau-mitja\/perruqueria-i-cosmetica-capillar\/\">Perruqueria i cosm\u00e8tica capi\u0140lar<\/a>&nbsp;\u2013 grup de mat\u00ed i grup de tarda<br><br><\/li>\n<\/ul>\n<\/li>\n\n\n\n<li><a href=\"https:\/\/agora.xtec.cat\/iesvallhebron\/estudis\/cicles-formatius\/cicles-formatius-de-grau-superior\/\">Cicles formatius de grau superior<\/a>&nbsp;(CFGS)\n<ul class=\"wp-block-list\">\n<li><a href=\"http:\/\/agora.xtec.cat\/iesvallhebron\/estudis\/cicles-formatius\/cicles-formatius-de-grau-superior\/estetica-integral-i-benestar\/\">Est\u00e8tica integral i benestar<\/a>&nbsp;\u2013 horari de mat\u00ed<\/li>\n\n\n\n<li><a href=\"http:\/\/agora.xtec.cat\/iesvallhebron\/estudis\/cicles-formatius\/cicles-formatius-de-grau-superior\/estilisme-i-direccio-de-perruqueria\/\">Estilisme i direcci\u00f3 de perruqueria<\/a>&nbsp;<em>\u2013&nbsp;<\/em>horari de mat\u00ed<\/li>\n\n\n\n<li><a href=\"https:\/\/agora.xtec.cat\/iesvallhebron\/estudis\/cicles-formatius\/cicles-formatius-de-grau-superior\/caracteritzacio-i-maquillatge-professional\/\">Caracteritzaci\u00f3 i maquillatge professional<\/a>&nbsp;<em>\u2013&nbsp;<\/em>horari de mat\u00ed<\/li>\n\n\n\n<li><a href=\"https:\/\/agora.xtec.cat\/iesvallhebron\/estudis\/cicles-formatius\/cicles-formatius-de-grau-superior\/assessoria-dimatge-personal-i-corporativa\/\">Assessoria d\u2019imatge personal i corporativa<\/a>&nbsp;<em>\u2013&nbsp;<\/em>horari de tarda<br><br><\/li>\n<\/ul>\n<\/li>\n<\/ul>\n\n\n\n        <div class=\"wp-block-getwid-post-slider custom-post-type-post has-arrows-inside has-dots-inside\">\n            <div data-slider-option=\"{&quot;getwid_fade_effect&quot;:&quot;slide&quot;,&quot;getwid_autoplay&quot;:false,&quot;getwid_pause_on_hover&quot;:false,&quot;getwid_autoplay_speed&quot;:6000,&quot;getwid_infinite&quot;:true,&quot;getwid_animation_speed&quot;:800,&quot;getwid_arrows&quot;:&quot;inside&quot;,&quot;getwid_dots&quot;:&quot;inside&quot;}\" class=\"wp-block-getwid-post-slider__content\">\n                \t\t\t\t\t\t\t<div class=\"wp-block-getwid-post-slider__slide\" style=\"\">\n\t\t\t\t\t\t\t\t\n<div class=\"wp-block-getwid-post-slider__post \">\n            <div class=\"wp-block-getwid-post-slider__post-thumbnail\">\n            <img loading=\"lazy\" decoding=\"async\" width=\"2560\" height=\"2048\" src=\"https:\/\/agora.xtec.cat\/iesvallhebron\/wp-content\/uploads\/usu893\/2026\/03\/DSC9826_VSCO_compressed-scaled.jpeg\" class=\"attachment-post-thumbnail size-post-thumbnail wp-post-image\" alt=\"\" srcset=\"https:\/\/agora.xtec.cat\/iesvallhebron\/wp-content\/uploads\/usu893\/2026\/03\/DSC9826_VSCO_compressed-scaled.jpeg 2560w, https:\/\/agora.xtec.cat\/iesvallhebron\/wp-content\/uploads\/usu893\/2026\/03\/DSC9826_VSCO_compressed-300x240.jpeg 300w, https:\/\/agora.xtec.cat\/iesvallhebron\/wp-content\/uploads\/usu893\/2026\/03\/DSC9826_VSCO_compressed-1024x819.jpeg 1024w, https:\/\/agora.xtec.cat\/iesvallhebron\/wp-content\/uploads\/usu893\/2026\/03\/DSC9826_VSCO_compressed-768x614.jpeg 768w, https:\/\/agora.xtec.cat\/iesvallhebron\/wp-content\/uploads\/usu893\/2026\/03\/DSC9826_VSCO_compressed-1536x1229.jpeg 1536w, https:\/\/agora.xtec.cat\/iesvallhebron\/wp-content\/uploads\/usu893\/2026\/03\/DSC9826_VSCO_compressed-2048x1638.jpeg 2048w\" sizes=\"auto, (max-width: 2560px) 100vw, 2560px\" \/>        <\/div>\n        <div class=\"wp-block-getwid-post-slider__post-overlay \"><\/div>\n    <div class=\"wp-block-getwid-post-slider__post-content-wrapper\">\n        <h3 class=\"wp-block-getwid-post-slider__post-title\"><a href=\"https:\/\/agora.xtec.cat\/iesvallhebron\/general\/femme-fatale-projecte-final-de-cicle-2n-dassessoria-dimatge-personal-i-corporativa\/\">Femme fatale: projecte Final de Cicle (2n d\u2019Assessoria d\u2019Imatge Personal i Corporativa)<\/a><\/h3>        <div class=\"wp-block-getwid-post-slider__post-excerpt\"><p>Compartim el resultat del projecte final del nostre alumnat de 2n curs d\u2019Assessoria d\u2019imatge personal i corporativa, una experi\u00e8ncia on han posat en pr\u00e0ctica totes les compet\u00e8ncies professionals del sector com la direcci\u00f3 d\u2019estil, coordinaci\u00f3, producci\u00f3 i desfilada final. Aquest carrusel mostra el proc\u00e9s complet de la preparaci\u00f3 d\u2019espais, backstage, treball d\u2019equip i posada en [&hellip;]<\/p>\n<\/div>\n    <\/div>\n<\/div>\n\t\t\t\t\t\t\t<\/div>\n\t\t\t\t\t\t\t\t\t\t\t\t\t<div class=\"wp-block-getwid-post-slider__slide\" style=\"\">\n\t\t\t\t\t\t\t\t\n<div class=\"wp-block-getwid-post-slider__post \">\n            <div class=\"wp-block-getwid-post-slider__post-thumbnail\">\n            <img loading=\"lazy\" decoding=\"async\" width=\"1200\" height=\"1600\" src=\"https:\/\/agora.xtec.cat\/iesvallhebron\/wp-content\/uploads\/usu893\/2025\/06\/WhatsApp-Image-2025-06-18-at-13.45.475.jpeg\" class=\"attachment-post-thumbnail size-post-thumbnail wp-post-image\" alt=\"\" srcset=\"https:\/\/agora.xtec.cat\/iesvallhebron\/wp-content\/uploads\/usu893\/2025\/06\/WhatsApp-Image-2025-06-18-at-13.45.475.jpeg 1200w, https:\/\/agora.xtec.cat\/iesvallhebron\/wp-content\/uploads\/usu893\/2025\/06\/WhatsApp-Image-2025-06-18-at-13.45.475-225x300.jpeg 225w, https:\/\/agora.xtec.cat\/iesvallhebron\/wp-content\/uploads\/usu893\/2025\/06\/WhatsApp-Image-2025-06-18-at-13.45.475-768x1024.jpeg 768w, https:\/\/agora.xtec.cat\/iesvallhebron\/wp-content\/uploads\/usu893\/2025\/06\/WhatsApp-Image-2025-06-18-at-13.45.475-1152x1536.jpeg 1152w\" sizes=\"auto, (max-width: 1200px) 100vw, 1200px\" \/>        <\/div>\n        <div class=\"wp-block-getwid-post-slider__post-overlay \"><\/div>\n    <div class=\"wp-block-getwid-post-slider__post-content-wrapper\">\n        <h3 class=\"wp-block-getwid-post-slider__post-title\"><a href=\"https:\/\/agora.xtec.cat\/iesvallhebron\/general\/estades-erasmus-dimatge-personal\/\">Estades ERASMUS d&#8217;Imatge Personal<\/a><\/h3>        <div class=\"wp-block-getwid-post-slider__post-excerpt\"><p>Al llarg del tercer trimestre, alumnat de la fam\u00edlia professional d\u2019imatge personal ha pogut participar i gaudit d\u2019estades Erasmus d\u2019un mes de durada a les ciutats de Roma (It\u00e0lia), i Amsterdam (Pa\u00efsos baixos). Concretament 2 alumnes del CFGS d&#8217;Est\u00e8tica integral i benestar han estat a Amsterdam, realitzant pr\u00e0ctiques a les instal\u00b7lacions del centre Wellness aan [&hellip;]<\/p>\n<\/div>\n    <\/div>\n<\/div>\n\t\t\t\t\t\t\t<\/div>\n\t\t\t\t\t\t\t\t\t\t\t\t\t<div class=\"wp-block-getwid-post-slider__slide\" style=\"\">\n\t\t\t\t\t\t\t\t\n<div class=\"wp-block-getwid-post-slider__post \">\n            <div class=\"wp-block-getwid-post-slider__post-thumbnail\">\n            <img loading=\"lazy\" decoding=\"async\" width=\"1600\" height=\"1200\" src=\"https:\/\/agora.xtec.cat\/iesvallhebron\/wp-content\/uploads\/usu893\/2025\/03\/WhatsApp-Image-2025-03-21-at-11.27.54.jpeg\" class=\"attachment-post-thumbnail size-post-thumbnail wp-post-image\" alt=\"\" srcset=\"https:\/\/agora.xtec.cat\/iesvallhebron\/wp-content\/uploads\/usu893\/2025\/03\/WhatsApp-Image-2025-03-21-at-11.27.54.jpeg 1600w, https:\/\/agora.xtec.cat\/iesvallhebron\/wp-content\/uploads\/usu893\/2025\/03\/WhatsApp-Image-2025-03-21-at-11.27.54-300x225.jpeg 300w, https:\/\/agora.xtec.cat\/iesvallhebron\/wp-content\/uploads\/usu893\/2025\/03\/WhatsApp-Image-2025-03-21-at-11.27.54-1024x768.jpeg 1024w, https:\/\/agora.xtec.cat\/iesvallhebron\/wp-content\/uploads\/usu893\/2025\/03\/WhatsApp-Image-2025-03-21-at-11.27.54-768x576.jpeg 768w, https:\/\/agora.xtec.cat\/iesvallhebron\/wp-content\/uploads\/usu893\/2025\/03\/WhatsApp-Image-2025-03-21-at-11.27.54-1536x1152.jpeg 1536w, https:\/\/agora.xtec.cat\/iesvallhebron\/wp-content\/uploads\/usu893\/2025\/03\/WhatsApp-Image-2025-03-21-at-11.27.54-200x150.jpeg 200w\" sizes=\"auto, (max-width: 1600px) 100vw, 1600px\" \/>        <\/div>\n        <div class=\"wp-block-getwid-post-slider__post-overlay \"><\/div>\n    <div class=\"wp-block-getwid-post-slider__post-content-wrapper\">\n        <h3 class=\"wp-block-getwid-post-slider__post-title\"><a href=\"https:\/\/agora.xtec.cat\/iesvallhebron\/general\/primera-setmana-tecnica\/\">Primera Setmana T\u00e8cnica<\/a><\/h3>        <div class=\"wp-block-getwid-post-slider__post-excerpt\"><p>La primera edici\u00f3 de la Setmana T\u00e8cnica de l&#8217;Institut Vall d&#8217;Hebron va tenir lloc la setmana del 10 al 14 de mar\u00e7.<\/p>\n<\/div>\n    <\/div>\n<\/div>\n\t\t\t\t\t\t\t<\/div>\n\t\t\t\t\t\t\t\t\t\t\t\t\t<div class=\"wp-block-getwid-post-slider__slide\" style=\"\">\n\t\t\t\t\t\t\t\t\n<div class=\"wp-block-getwid-post-slider__post \">\n            <div class=\"wp-block-getwid-post-slider__post-thumbnail\">\n            <img loading=\"lazy\" decoding=\"async\" width=\"440\" height=\"200\" src=\"https:\/\/agora.xtec.cat\/iesvallhebron\/wp-content\/uploads\/usu893\/2025\/01\/banner-BTV.png\" class=\"attachment-post-thumbnail size-post-thumbnail wp-post-image\" alt=\"\" srcset=\"https:\/\/agora.xtec.cat\/iesvallhebron\/wp-content\/uploads\/usu893\/2025\/01\/banner-BTV.png 440w, https:\/\/agora.xtec.cat\/iesvallhebron\/wp-content\/uploads\/usu893\/2025\/01\/banner-BTV-300x136.png 300w\" sizes=\"auto, (max-width: 440px) 100vw, 440px\" \/>        <\/div>\n        <div class=\"wp-block-getwid-post-slider__post-overlay \"><\/div>\n    <div class=\"wp-block-getwid-post-slider__post-content-wrapper\">\n        <h3 class=\"wp-block-getwid-post-slider__post-title\"><a href=\"https:\/\/agora.xtec.cat\/iesvallhebron\/general\/linstitut-a-beteve\/\">L&#8217;institut a betev\u00e9<\/a><\/h3>        <div class=\"wp-block-getwid-post-slider__post-excerpt\"><p>L&#8217;alumne del Grau Superior d&#8217;Estilisme i Direcci\u00f3 de Perruqueria Alex Cano protagonitza un reportatge del programa Via 15 de betev\u00e9.<\/p>\n<\/div>\n    <\/div>\n<\/div>\n\t\t\t\t\t\t\t<\/div>\n\t\t\t\t\t\t\t\t\t\t\t\t\t<div class=\"wp-block-getwid-post-slider__slide\" style=\"\">\n\t\t\t\t\t\t\t\t\n<div class=\"wp-block-getwid-post-slider__post \">\n            <div class=\"wp-block-getwid-post-slider__post-thumbnail\">\n            <img loading=\"lazy\" decoding=\"async\" width=\"440\" height=\"200\" src=\"https:\/\/agora.xtec.cat\/iesvallhebron\/wp-content\/uploads\/usu893\/2024\/12\/banner-postbasica.png\" class=\"attachment-post-thumbnail size-post-thumbnail wp-post-image\" alt=\"\" srcset=\"https:\/\/agora.xtec.cat\/iesvallhebron\/wp-content\/uploads\/usu893\/2024\/12\/banner-postbasica.png 440w, https:\/\/agora.xtec.cat\/iesvallhebron\/wp-content\/uploads\/usu893\/2024\/12\/banner-postbasica-300x136.png 300w\" sizes=\"auto, (max-width: 440px) 100vw, 440px\" \/>        <\/div>\n        <div class=\"wp-block-getwid-post-slider__post-overlay \"><\/div>\n    <div class=\"wp-block-getwid-post-slider__post-content-wrapper\">\n        <h3 class=\"wp-block-getwid-post-slider__post-title\"><a href=\"https:\/\/agora.xtec.cat\/iesvallhebron\/general\/participacio-en-el-congres-la-basica\/\">Participaci\u00f3 en el congr\u00e9s \u201cLa B\u00e1sica\u201d<\/a><\/h3>        <div class=\"wp-block-getwid-post-slider__post-excerpt\"><p>Les professores de l&#8217;institut, Irene Cid i Emma Soriano, van participar el passat 15 de novembre a &#8220;La B\u00e1sica en Red&#8221;.<\/p>\n<\/div>\n    <\/div>\n<\/div>\n\t\t\t\t\t\t\t<\/div>\n\t\t\t\t\t\t            <\/div>\n        <\/div>\n        ","protected":false},"excerpt":{"rendered":"<p>La&nbsp;Formaci\u00f3 Professional&nbsp;t\u00e9 l\u2019objectiu de capacitar per a l\u2019exercici qualificat de diverses professions i aconseguir la formaci\u00f3 necess\u00e0ria per adquirir la compet\u00e8ncia professional i el coneixement propis de cada sector. A l\u2019Institut Vall d\u2019Heboron oferim cicles de la&nbsp;fam\u00edlia d&#8217;Imatge personal,&nbsp; que s\u2019organitzen en:<\/p>\n","protected":false},"author":41,"featured_media":0,"parent":0,"menu_order":0,"comment_status":"closed","ping_status":"close","template":"","meta":{"_bbp_topic_count":0,"_bbp_reply_count":0,"_bbp_total_topic_count":0,"_bbp_total_reply_count":0,"_bbp_voice_count":0,"_bbp_anonymous_reply_count":0,"_bbp_topic_count_hidden":0,"_bbp_reply_count_hidden":0,"_bbp_forum_subforum_count":0,"site-sidebar-layout":"default","site-content-layout":"","ast-site-content-layout":"default","site-content-style":"default","site-sidebar-style":"default","ast-global-header-display":"","ast-banner-title-visibility":"","ast-main-header-display":"","ast-hfb-above-header-display":"","ast-hfb-below-header-display":"","ast-hfb-mobile-header-display":"","site-post-title":"","ast-breadcrumbs-content":"","ast-featured-img":"","footer-sml-layout":"","theme-transparent-header-meta":"","adv-header-id-meta":"","stick-header-meta":"","header-above-stick-meta":"","header-main-stick-meta":"","header-below-stick-meta":"","astra-migrate-meta-layouts":"set","ast-page-background-enabled":"default","ast-page-background-meta":{"desktop":{"background-color":"var(--ast-global-color-4)","background-image":"","background-repeat":"repeat","background-position":"center center","background-size":"auto","background-attachment":"scroll","background-type":"","background-media":"","overlay-type":"","overlay-color":"","overlay-opacity":"","overlay-gradient":""},"tablet":{"background-color":"","background-image":"","background-repeat":"repeat","background-position":"center center","background-size":"auto","background-attachment":"scroll","background-type":"","background-media":"","overlay-type":"","overlay-color":"","overlay-opacity":"","overlay-gradient":""},"mobile":{"background-color":"","background-image":"","background-repeat":"repeat","background-position":"center center","background-size":"auto","background-attachment":"scroll","background-type":"","background-media":"","overlay-type":"","overlay-color":"","overlay-opacity":"","overlay-gradient":""}},"ast-content-background-meta":{"desktop":{"background-color":"var(--ast-global-color-5)","background-image":"","background-repeat":"repeat","background-position":"center center","background-size":"auto","background-attachment":"scroll","background-type":"","background-media":"","overlay-type":"","overlay-color":"","overlay-opacity":"","overlay-gradient":""},"tablet":{"background-color":"var(--ast-global-color-5)","background-image":"","background-repeat":"repeat","background-position":"center center","background-size":"auto","background-attachment":"scroll","background-type":"","background-media":"","overlay-type":"","overlay-color":"","overlay-opacity":"","overlay-gradient":""},"mobile":{"background-color":"var(--ast-global-color-5)","background-image":"","background-repeat":"repeat","background-position":"center center","background-size":"auto","background-attachment":"scroll","background-type":"","background-media":"","overlay-type":"","overlay-color":"","overlay-opacity":"","overlay-gradient":""}},"footnotes":""},"class_list":["post-15723","page","type-page","status-publish","hentry"],"post_mailing_queue_ids":[],"_links":{"self":[{"href":"https:\/\/agora.xtec.cat\/iesvallhebron\/wp-json\/wp\/v2\/pages\/15723","targetHints":{"allow":["GET"]}}],"collection":[{"href":"https:\/\/agora.xtec.cat\/iesvallhebron\/wp-json\/wp\/v2\/pages"}],"about":[{"href":"https:\/\/agora.xtec.cat\/iesvallhebron\/wp-json\/wp\/v2\/types\/page"}],"author":[{"embeddable":true,"href":"https:\/\/agora.xtec.cat\/iesvallhebron\/wp-json\/wp\/v2\/users\/41"}],"replies":[{"embeddable":true,"href":"https:\/\/agora.xtec.cat\/iesvallhebron\/wp-json\/wp\/v2\/comments?post=15723"}],"version-history":[{"count":4,"href":"https:\/\/agora.xtec.cat\/iesvallhebron\/wp-json\/wp\/v2\/pages\/15723\/revisions"}],"predecessor-version":[{"id":16001,"href":"https:\/\/agora.xtec.cat\/iesvallhebron\/wp-json\/wp\/v2\/pages\/15723\/revisions\/16001"}],"wp:attachment":[{"href":"https:\/\/agora.xtec.cat\/iesvallhebron\/wp-json\/wp\/v2\/media?parent=15723"}],"curies":[{"name":"wp","href":"https:\/\/api.w.org\/{rel}","templated":true}]}}