{"id":15716,"date":"2026-01-23T11:51:47","date_gmt":"2026-01-23T10:51:47","guid":{"rendered":"https:\/\/agora.xtec.cat\/iesvallhebron\/?page_id=15716"},"modified":"2026-02-27T09:23:02","modified_gmt":"2026-02-27T08:23:02","slug":"activitats-fisiques-i-esportives-afe","status":"publish","type":"page","link":"https:\/\/agora.xtec.cat\/iesvallhebron\/activitats-fisiques-i-esportives-afe\/","title":{"rendered":"Activitats F\u00edsiques i Esportives (AFE)"},"content":{"rendered":"\n<p>La&nbsp;<strong>Formaci\u00f3 Professional<\/strong>&nbsp;t\u00e9 l\u2019objectiu de capacitar per a l\u2019exercici qualificat de diverses professions i aconseguir la formaci\u00f3 necess\u00e0ria per adquirir la compet\u00e8ncia professional i el coneixement propis de cada sector.<\/p>\n\n\n\n<p>A l\u2019Institut Vall d\u2019Hebron oferim cicles formatius de la fam\u00edlia d\u2019Activitats f\u00edsiques i esportives, que s\u2019organitzen en<\/p>\n\n\n\n<p>A l\u2019Institut Vall d\u2019Heboron oferim cicles de la&nbsp;<strong>fam\u00edlia d\u2019Activitats f\u00edsiques i esportives<\/strong>, s\u2019organitzen en:<\/p>\n\n\n\n<ul class=\"wp-block-list\">\n<li><a href=\"http:\/\/agora.xtec.cat\/iesvallhebron\/estudis\/cicles-formatius\/programes-de-formacio-i-insercio\/\">Programes de formaci\u00f3 i inserci\u00f3<\/a>&nbsp;(PFI)\n<ul class=\"wp-block-list\">\n<li><a href=\"http:\/\/agora.xtec.cat\/iesvallhebron\/estudis\/cicles-formatius\/programes-de-formacio-i-insercio\/\">Auxiliar d\u2019activitats esportives<\/a>&nbsp;<em>\u2013&nbsp;<\/em>grup de mat\u00ed i grup de tarda<br><br><\/li>\n<\/ul>\n<\/li>\n\n\n\n<li><a href=\"https:\/\/agora.xtec.cat\/iesvallhebron\/estudis\/cicles-formatius\/cicles-formatius-de-grau-mitja\/\">Cicles formatius de grau mitj\u00e0&nbsp;<\/a>(CFGM)\n<ul class=\"wp-block-list\">\n<li><a href=\"http:\/\/agora.xtec.cat\/iesvallhebron\/estudis\/cicles-formatius\/cicles-formatius-de-grau-mitja\/guia-medi-natural-lleure\/\">Guia en el medi natural i de temps de lleure<\/a>&nbsp;<em>\u2013&nbsp;<\/em>horari de mat\u00ed<br><br><\/li>\n<\/ul>\n<\/li>\n\n\n\n<li><a href=\"https:\/\/agora.xtec.cat\/iesvallhebron\/estudis\/cicles-formatius\/cicles-formatius-de-grau-superior\/\">Cicles formatius de grau superior<\/a>&nbsp;(CFGS)\n<ul class=\"wp-block-list\">\n<li><a href=\"http:\/\/agora.xtec.cat\/iesvallhebron\/estudis\/cicles-formatius\/cicles-formatius-de-grau-superior\/animacio-dactivitats-fisiques-i-esportives\/\">Condicionament f\u00edsic<\/a>&nbsp;<em>\u2013<\/em>&nbsp;horari de tarda<\/li>\n\n\n\n<li><a href=\"http:\/\/agora.xtec.cat\/iesvallhebron\/estudis\/cicles-formatius\/cicles-formatius-de-grau-superior\/ensenyament-i-animacio-socioesportiva\/\">Ensenyament i animaci\u00f3 socioesportiva<\/a>&nbsp;\u2013 horari de mat\u00ed<\/li>\n<\/ul>\n<\/li>\n<\/ul>\n\n\n\n<div style=\"height:33px\" aria-hidden=\"true\" class=\"wp-block-spacer\"><\/div>\n\n\n\n        <div class=\"wp-block-getwid-post-slider custom-post-type-post has-arrows-inside has-dots-inside\">\n            <div data-slider-option=\"{&quot;getwid_fade_effect&quot;:&quot;slide&quot;,&quot;getwid_autoplay&quot;:false,&quot;getwid_pause_on_hover&quot;:false,&quot;getwid_autoplay_speed&quot;:6000,&quot;getwid_infinite&quot;:true,&quot;getwid_animation_speed&quot;:800,&quot;getwid_arrows&quot;:&quot;inside&quot;,&quot;getwid_dots&quot;:&quot;inside&quot;}\" class=\"wp-block-getwid-post-slider__content\">\n                \t\t\t\t\t\t\t<div class=\"wp-block-getwid-post-slider__slide\" style=\"\">\n\t\t\t\t\t\t\t\t\n<div class=\"wp-block-getwid-post-slider__post \">\n            <div class=\"wp-block-getwid-post-slider__post-thumbnail\">\n            <img loading=\"lazy\" decoding=\"async\" width=\"1600\" height=\"1201\" src=\"https:\/\/agora.xtec.cat\/iesvallhebron\/wp-content\/uploads\/usu893\/2026\/02\/EAS-i-Quatre-camins.jpg\" class=\"attachment-post-thumbnail size-post-thumbnail wp-post-image\" alt=\"\" srcset=\"https:\/\/agora.xtec.cat\/iesvallhebron\/wp-content\/uploads\/usu893\/2026\/02\/EAS-i-Quatre-camins.jpg 1600w, https:\/\/agora.xtec.cat\/iesvallhebron\/wp-content\/uploads\/usu893\/2026\/02\/EAS-i-Quatre-camins-300x225.jpg 300w, https:\/\/agora.xtec.cat\/iesvallhebron\/wp-content\/uploads\/usu893\/2026\/02\/EAS-i-Quatre-camins-1024x769.jpg 1024w, https:\/\/agora.xtec.cat\/iesvallhebron\/wp-content\/uploads\/usu893\/2026\/02\/EAS-i-Quatre-camins-768x576.jpg 768w, https:\/\/agora.xtec.cat\/iesvallhebron\/wp-content\/uploads\/usu893\/2026\/02\/EAS-i-Quatre-camins-1536x1153.jpg 1536w\" sizes=\"auto, (max-width: 1600px) 100vw, 1600px\" \/>        <\/div>\n        <div class=\"wp-block-getwid-post-slider__post-overlay \"><\/div>\n    <div class=\"wp-block-getwid-post-slider__post-content-wrapper\">\n        <h3 class=\"wp-block-getwid-post-slider__post-title\"><a href=\"https:\/\/agora.xtec.cat\/iesvallhebron\/portada\/lalumnat-de-2n-deas-trenca-murs-a-quatre-camins-amb-el-projecte-placant-barreres\/\">L&#8217;alumnat de 2n d&#8217;EAS trenca murs a Quatre Camins amb el projecte &#8220;Placant Barreres&#8221;<\/a><\/h3>        <div class=\"wp-block-getwid-post-slider__post-excerpt\"><p> L\u2019alumnat de\u00a02n d&#8217;Ensenyament i Animaci\u00f3 Socioesportiva va viure una de les experi\u00e8ncies m\u00e9s enriquidores del curs: una jornada esportiva i l\u00fadica al\u00a0Centre Penitenciari Quatre Camins.<\/p>\n<\/div>\n    <\/div>\n<\/div>\n\t\t\t\t\t\t\t<\/div>\n\t\t\t\t\t\t\t\t\t\t\t\t\t<div class=\"wp-block-getwid-post-slider__slide\" style=\"\">\n\t\t\t\t\t\t\t\t\n<div class=\"wp-block-getwid-post-slider__post \">\n            <div class=\"wp-block-getwid-post-slider__post-thumbnail\">\n            <img loading=\"lazy\" decoding=\"async\" width=\"2560\" height=\"1082\" src=\"https:\/\/agora.xtec.cat\/iesvallhebron\/wp-content\/uploads\/usu893\/2026\/02\/Intercicles-1-scaled.jpg\" class=\"attachment-post-thumbnail size-post-thumbnail wp-post-image\" alt=\"\" srcset=\"https:\/\/agora.xtec.cat\/iesvallhebron\/wp-content\/uploads\/usu893\/2026\/02\/Intercicles-1-scaled.jpg 2560w, https:\/\/agora.xtec.cat\/iesvallhebron\/wp-content\/uploads\/usu893\/2026\/02\/Intercicles-1-300x127.jpg 300w, https:\/\/agora.xtec.cat\/iesvallhebron\/wp-content\/uploads\/usu893\/2026\/02\/Intercicles-1-1024x433.jpg 1024w, https:\/\/agora.xtec.cat\/iesvallhebron\/wp-content\/uploads\/usu893\/2026\/02\/Intercicles-1-768x325.jpg 768w, https:\/\/agora.xtec.cat\/iesvallhebron\/wp-content\/uploads\/usu893\/2026\/02\/Intercicles-1-1536x649.jpg 1536w, https:\/\/agora.xtec.cat\/iesvallhebron\/wp-content\/uploads\/usu893\/2026\/02\/Intercicles-1-2048x866.jpg 2048w\" sizes=\"auto, (max-width: 2560px) 100vw, 2560px\" \/>        <\/div>\n        <div class=\"wp-block-getwid-post-slider__post-overlay \"><\/div>\n    <div class=\"wp-block-getwid-post-slider__post-content-wrapper\">\n        <h3 class=\"wp-block-getwid-post-slider__post-title\"><a href=\"https:\/\/agora.xtec.cat\/iesvallhebron\/portada\/lesport-uneix-centres-exit-total-en-la-1a-edicio-dels-intercicles-esportius-vall-dhebron\/\">L\u2019esport uneix centres: \u00c8xit total en la 1a edici\u00f3 dels Intercicles Esportius Vall d\u2019Hebron<\/a><\/h3>        <div class=\"wp-block-getwid-post-slider__post-excerpt\"><p>L\u2019Institut Vall d\u2019Hebron va celebrar amb \u00e8xit la 1a edici\u00f3 dels Intercicles Esportius, un projecte d\u2019aula convertit en una jornada esportiva real. L\u2019activitat organitzada pels alumnes de 2n d\u2019EAS.<\/p>\n<\/div>\n    <\/div>\n<\/div>\n\t\t\t\t\t\t\t<\/div>\n\t\t\t\t\t\t\t\t\t\t\t\t\t<div class=\"wp-block-getwid-post-slider__slide\" style=\"\">\n\t\t\t\t\t\t\t\t\n<div class=\"wp-block-getwid-post-slider__post \">\n            <div class=\"wp-block-getwid-post-slider__post-thumbnail\">\n            <img loading=\"lazy\" decoding=\"async\" width=\"2560\" height=\"1855\" src=\"https:\/\/agora.xtec.cat\/iesvallhebron\/wp-content\/uploads\/usu893\/2026\/01\/E.-Rel-scaled.jpg\" class=\"attachment-post-thumbnail size-post-thumbnail wp-post-image\" alt=\"\" srcset=\"https:\/\/agora.xtec.cat\/iesvallhebron\/wp-content\/uploads\/usu893\/2026\/01\/E.-Rel-scaled.jpg 2560w, https:\/\/agora.xtec.cat\/iesvallhebron\/wp-content\/uploads\/usu893\/2026\/01\/E.-Rel-300x217.jpg 300w, https:\/\/agora.xtec.cat\/iesvallhebron\/wp-content\/uploads\/usu893\/2026\/01\/E.-Rel-1024x742.jpg 1024w, https:\/\/agora.xtec.cat\/iesvallhebron\/wp-content\/uploads\/usu893\/2026\/01\/E.-Rel-768x556.jpg 768w, https:\/\/agora.xtec.cat\/iesvallhebron\/wp-content\/uploads\/usu893\/2026\/01\/E.-Rel-1536x1113.jpg 1536w, https:\/\/agora.xtec.cat\/iesvallhebron\/wp-content\/uploads\/usu893\/2026\/01\/E.-Rel-2048x1484.jpg 2048w\" sizes=\"auto, (max-width: 2560px) 100vw, 2560px\" \/>        <\/div>\n        <div class=\"wp-block-getwid-post-slider__post-overlay \"><\/div>\n    <div class=\"wp-block-getwid-post-slider__post-content-wrapper\">\n        <h3 class=\"wp-block-getwid-post-slider__post-title\"><a href=\"https:\/\/agora.xtec.cat\/iesvallhebron\/general\/collaboracio-educativa-entre-linstitut-vall-dhebron-i-lescola-rel\/\">Col\u00b7laboraci\u00f3 educativa entre l\u2019Institut Vall d\u2019Hebron i l\u2019Escola Rel<\/a><\/h3>        <div class=\"wp-block-getwid-post-slider__post-excerpt\"><p>L\u2019alumnat de 2n d\u2019EAS ha posat en pr\u00e0ctica els seus aprenentatges en un projecte de col\u00b7laboraci\u00f3 amb l\u2019Escola Rel, fomentant el joc, l\u2019activitat f\u00edsica i els valors.<\/p>\n<\/div>\n    <\/div>\n<\/div>\n\t\t\t\t\t\t\t<\/div>\n\t\t\t\t\t\t\t\t\t\t\t\t\t<div class=\"wp-block-getwid-post-slider__slide\" style=\"\">\n\t\t\t\t\t\t\t\t\n<div class=\"wp-block-getwid-post-slider__post \">\n            <div class=\"wp-block-getwid-post-slider__post-thumbnail\">\n            <img loading=\"lazy\" decoding=\"async\" width=\"1170\" height=\"867\" src=\"https:\/\/agora.xtec.cat\/iesvallhebron\/wp-content\/uploads\/usu893\/2025\/12\/PHOTO-2025-12-17-11-36-22.jpg\" class=\"attachment-post-thumbnail size-post-thumbnail wp-post-image\" alt=\"\" srcset=\"https:\/\/agora.xtec.cat\/iesvallhebron\/wp-content\/uploads\/usu893\/2025\/12\/PHOTO-2025-12-17-11-36-22.jpg 1170w, https:\/\/agora.xtec.cat\/iesvallhebron\/wp-content\/uploads\/usu893\/2025\/12\/PHOTO-2025-12-17-11-36-22-300x222.jpg 300w, https:\/\/agora.xtec.cat\/iesvallhebron\/wp-content\/uploads\/usu893\/2025\/12\/PHOTO-2025-12-17-11-36-22-1024x759.jpg 1024w, https:\/\/agora.xtec.cat\/iesvallhebron\/wp-content\/uploads\/usu893\/2025\/12\/PHOTO-2025-12-17-11-36-22-768x569.jpg 768w\" sizes=\"auto, (max-width: 1170px) 100vw, 1170px\" \/>        <\/div>\n        <div class=\"wp-block-getwid-post-slider__post-overlay \"><\/div>\n    <div class=\"wp-block-getwid-post-slider__post-content-wrapper\">\n        <h3 class=\"wp-block-getwid-post-slider__post-title\"><a href=\"https:\/\/agora.xtec.cat\/iesvallhebron\/portada\/projecte-btt-2n-guia\/\">Projecte BTT 2n Guia<\/a><\/h3>        <div class=\"wp-block-getwid-post-slider__post-excerpt\"><p>L&#8217;alumnat de 2n de GUIA va implementar el projecte de BTT amb una ruta en bicicleta dissenyada i dinamitzada per ells mateixos. Van ser dos dies d&#8217;esfor\u00e7, quil\u00f2metres, conviv\u00e8ncia, superaci\u00f3 personal i treball en equip. <\/p>\n<\/div>\n    <\/div>\n<\/div>\n\t\t\t\t\t\t\t<\/div>\n\t\t\t\t\t\t\t\t\t\t\t\t\t<div class=\"wp-block-getwid-post-slider__slide\" style=\"\">\n\t\t\t\t\t\t\t\t\n<div class=\"wp-block-getwid-post-slider__post \">\n            <div class=\"wp-block-getwid-post-slider__post-thumbnail\">\n            <img loading=\"lazy\" decoding=\"async\" width=\"1080\" height=\"1350\" src=\"https:\/\/agora.xtec.cat\/iesvallhebron\/wp-content\/uploads\/usu893\/2025\/09\/Mercat-sostenible-AFE.jpeg\" class=\"attachment-post-thumbnail size-post-thumbnail wp-post-image\" alt=\"\" srcset=\"https:\/\/agora.xtec.cat\/iesvallhebron\/wp-content\/uploads\/usu893\/2025\/09\/Mercat-sostenible-AFE.jpeg 1080w, https:\/\/agora.xtec.cat\/iesvallhebron\/wp-content\/uploads\/usu893\/2025\/09\/Mercat-sostenible-AFE-240x300.jpeg 240w, https:\/\/agora.xtec.cat\/iesvallhebron\/wp-content\/uploads\/usu893\/2025\/09\/Mercat-sostenible-AFE-819x1024.jpeg 819w, https:\/\/agora.xtec.cat\/iesvallhebron\/wp-content\/uploads\/usu893\/2025\/09\/Mercat-sostenible-AFE-768x960.jpeg 768w\" sizes=\"auto, (max-width: 1080px) 100vw, 1080px\" \/>        <\/div>\n        <div class=\"wp-block-getwid-post-slider__post-overlay \"><\/div>\n    <div class=\"wp-block-getwid-post-slider__post-content-wrapper\">\n        <h3 class=\"wp-block-getwid-post-slider__post-title\"><a href=\"https:\/\/agora.xtec.cat\/iesvallhebron\/portada\/2n-mercat-sostenible-de-material-esportiu\/\">2n Mercat sostenible de material esportiu<\/a><\/h3>        <div class=\"wp-block-getwid-post-slider__post-excerpt\"><p>El proper dijous 18 de setembre a les 11 del mat\u00ed davant del taller de bicicletes.<\/p>\n<\/div>\n    <\/div>\n<\/div>\n\t\t\t\t\t\t\t<\/div>\n\t\t\t\t\t\t            <\/div>\n        <\/div>\n        ","protected":false},"excerpt":{"rendered":"<p>La&nbsp;Formaci\u00f3 Professional&nbsp;t\u00e9 l\u2019objectiu de capacitar per a l\u2019exercici qualificat de diverses professions i aconseguir la formaci\u00f3 necess\u00e0ria per adquirir la compet\u00e8ncia professional i el coneixement propis de cada sector. A l\u2019Institut Vall d\u2019Hebron oferim cicles formatius de la fam\u00edlia d\u2019Activitats f\u00edsiques i esportives, que s\u2019organitzen en A l\u2019Institut Vall d\u2019Heboron oferim cicles de la&nbsp;fam\u00edlia d\u2019Activitats [&hellip;]<\/p>\n","protected":false},"author":41,"featured_media":0,"parent":0,"menu_order":0,"comment_status":"closed","ping_status":"close","template":"","meta":{"_bbp_topic_count":0,"_bbp_reply_count":0,"_bbp_total_topic_count":0,"_bbp_total_reply_count":0,"_bbp_voice_count":0,"_bbp_anonymous_reply_count":0,"_bbp_topic_count_hidden":0,"_bbp_reply_count_hidden":0,"_bbp_forum_subforum_count":0,"site-sidebar-layout":"default","site-content-layout":"","ast-site-content-layout":"default","site-content-style":"default","site-sidebar-style":"default","ast-global-header-display":"","ast-banner-title-visibility":"","ast-main-header-display":"","ast-hfb-above-header-display":"","ast-hfb-below-header-display":"","ast-hfb-mobile-header-display":"","site-post-title":"","ast-breadcrumbs-content":"","ast-featured-img":"","footer-sml-layout":"","theme-transparent-header-meta":"","adv-header-id-meta":"","stick-header-meta":"","header-above-stick-meta":"","header-main-stick-meta":"","header-below-stick-meta":"","astra-migrate-meta-layouts":"set","ast-page-background-enabled":"default","ast-page-background-meta":{"desktop":{"background-color":"var(--ast-global-color-4)","background-image":"","background-repeat":"repeat","background-position":"center center","background-size":"auto","background-attachment":"scroll","background-type":"","background-media":"","overlay-type":"","overlay-color":"","overlay-opacity":"","overlay-gradient":""},"tablet":{"background-color":"","background-image":"","background-repeat":"repeat","background-position":"center center","background-size":"auto","background-attachment":"scroll","background-type":"","background-media":"","overlay-type":"","overlay-color":"","overlay-opacity":"","overlay-gradient":""},"mobile":{"background-color":"","background-image":"","background-repeat":"repeat","background-position":"center center","background-size":"auto","background-attachment":"scroll","background-type":"","background-media":"","overlay-type":"","overlay-color":"","overlay-opacity":"","overlay-gradient":""}},"ast-content-background-meta":{"desktop":{"background-color":"var(--ast-global-color-5)","background-image":"","background-repeat":"repeat","background-position":"center center","background-size":"auto","background-attachment":"scroll","background-type":"","background-media":"","overlay-type":"","overlay-color":"","overlay-opacity":"","overlay-gradient":""},"tablet":{"background-color":"var(--ast-global-color-5)","background-image":"","background-repeat":"repeat","background-position":"center center","background-size":"auto","background-attachment":"scroll","background-type":"","background-media":"","overlay-type":"","overlay-color":"","overlay-opacity":"","overlay-gradient":""},"mobile":{"background-color":"var(--ast-global-color-5)","background-image":"","background-repeat":"repeat","background-position":"center center","background-size":"auto","background-attachment":"scroll","background-type":"","background-media":"","overlay-type":"","overlay-color":"","overlay-opacity":"","overlay-gradient":""}},"footnotes":""},"class_list":["post-15716","page","type-page","status-publish","hentry"],"post_mailing_queue_ids":[],"_links":{"self":[{"href":"https:\/\/agora.xtec.cat\/iesvallhebron\/wp-json\/wp\/v2\/pages\/15716","targetHints":{"allow":["GET"]}}],"collection":[{"href":"https:\/\/agora.xtec.cat\/iesvallhebron\/wp-json\/wp\/v2\/pages"}],"about":[{"href":"https:\/\/agora.xtec.cat\/iesvallhebron\/wp-json\/wp\/v2\/types\/page"}],"author":[{"embeddable":true,"href":"https:\/\/agora.xtec.cat\/iesvallhebron\/wp-json\/wp\/v2\/users\/41"}],"replies":[{"embeddable":true,"href":"https:\/\/agora.xtec.cat\/iesvallhebron\/wp-json\/wp\/v2\/comments?post=15716"}],"version-history":[{"count":5,"href":"https:\/\/agora.xtec.cat\/iesvallhebron\/wp-json\/wp\/v2\/pages\/15716\/revisions"}],"predecessor-version":[{"id":15976,"href":"https:\/\/agora.xtec.cat\/iesvallhebron\/wp-json\/wp\/v2\/pages\/15716\/revisions\/15976"}],"wp:attachment":[{"href":"https:\/\/agora.xtec.cat\/iesvallhebron\/wp-json\/wp\/v2\/media?parent=15716"}],"curies":[{"name":"wp","href":"https:\/\/api.w.org\/{rel}","templated":true}]}}