{"id":15571,"date":"2025-11-24T11:50:46","date_gmt":"2025-11-24T10:50:46","guid":{"rendered":"https:\/\/agora.xtec.cat\/iesvallhebron\/?page_id=15571"},"modified":"2026-03-26T17:25:49","modified_gmt":"2026-03-26T16:25:49","slug":"consell-escolar","status":"publish","type":"page","link":"https:\/\/agora.xtec.cat\/iesvallhebron\/linstitut\/consell-escolar\/","title":{"rendered":"Consell Escolar"},"content":{"rendered":"\n<h2 class=\"wp-block-heading\">Composici\u00f3 del Consell Escolar<\/h2>\n\n\n\n<p>El consell escolar \u00e9s l\u2019\u00f2rgan col\u00b7legiat de participaci\u00f3 de la comunitat educativa en el govern del centre.<br>Hi estan representats tots els col\u00b7lectius que en formen part: la direcci\u00f3, el professorat, l\u2019alumnat, el personal d\u2019administraci\u00f3 i serveis, entre d\u2019altres.<\/p>\n\n\n\n<p>Els membres del consell escolar s\u00f3n escollits per un per\u00edode de quatre anys, i la seva renovaci\u00f3 es fa per meitats cada dos anys, per tal de garantir la continu\u00eftat i el relleu progressiu dins de l\u2019\u00f2rgan de govern.<\/p>\n\n\n\n<p><strong>Composici\u00f3 Consell Escolar<\/strong><\/p>\n\n\n\n<p><strong>Director:\u00a0<\/strong>Jordi Comellas<br><strong>Secret\u00e0ria:\u00a0<\/strong>Clara Borrull<br><strong>Cap d\u2019Estudis:<\/strong>\u00a0Neus Podlewski<br><strong>Sector professorat:\u00a0<\/strong>Sandra L\u00f3pez, Elisabet Francisco, Merc\u00e8 de Vargas, Quique de la Hoz, Laura Pallar\u00e9s, Georgina Vil\u00e0<br><strong>Sector PAS:\u00a0<\/strong>Sonia Sausor<br><strong>Sector Alumnat:\u00a0<\/strong>Zahilyn C\u00f3rdoba, Ana Fern\u00e1ndez, Martina Forero<br><strong>Sector Ajuntament:<\/strong>\u00a0Gemma Blasco<\/p>\n\n\n\n<h2 class=\"wp-block-heading\">Acords del Consell Escolar <\/h2>\n\n\n\n<h3 class=\"wp-block-heading\">6 de mar\u00e7 del 2026<\/h3>\n\n\n\n<ul class=\"wp-block-list\">\n<li>La comissi\u00f3 econ\u00f2mica aprova la <a href=\"https:\/\/agora.xtec.cat\/iesvallhebron\/wp-content\/uploads\/usu893\/2026\/03\/Liquidacio-pressupost-2025.pdf\" target=\"_blank\" rel=\"noreferrer noopener\">liquidaci\u00f3 del pressupost del 2025<\/a><\/li>\n\n\n\n<li>La comissi\u00f3 econ\u00f2mica aprova el <a href=\"https:\/\/agora.xtec.cat\/iesvallhebron\/wp-content\/uploads\/usu893\/2026\/03\/Informe-pressupost-2026.pdf\" target=\"_blank\" rel=\"noreferrer noopener\">pressupost del 2026<\/a><\/li>\n<\/ul>\n\n\n\n<h3 class=\"wp-block-heading\">17 de desembre de 2025<\/h3>\n\n\n\n<ul class=\"wp-block-list\">\n<li>Es constitueix el nou&nbsp;<strong>Consell Escolar<\/strong>&nbsp;i es constitueixen les diferents comissions<\/li>\n<\/ul>\n\n\n\n<h3 class=\"wp-block-heading\">5 de novembre de 2025 <\/h3>\n\n\n\n<ul class=\"wp-block-list\">\n<li>S&#8217;aprova la Programaci\u00f3 General Anual 25-26<\/li>\n\n\n\n<li>S&#8217;aprova el document de les NOFC<\/li>\n\n\n\n<li>S&#8217;aprova el document del PEC<\/li>\n\n\n\n<li>S&#8217;aprova el Pla de Comunicaci\u00f3<\/li>\n\n\n\n<li>S&#8217;aprova la Mem\u00f2ria Anual de Centre<\/li>\n\n\n\n<li>S&#8217;aprova la proposta de sortides pel curs 25-26<\/li>\n\n\n\n<li>S&#8217;aprova la <a href=\"https:\/\/agora.xtec.cat\/iesvallhebron\/wp-content\/uploads\/usu893\/2025\/11\/Liquidacio-del-pressupost-2024.pdf\" target=\"_blank\" rel=\"noreferrer noopener\">liquidaci\u00f3 del pressupost del 2024<\/a><\/li>\n\n\n\n<li>S&#8217;aprova el <a href=\"https:\/\/agora.xtec.cat\/iesvallhebron\/wp-content\/uploads\/usu893\/2025\/11\/Informe-de-modificacio-del-pressupost-2025.pdf\" target=\"_blank\" rel=\"noreferrer noopener\">pressupost del 2025<\/a><\/li>\n<\/ul>\n\n\n\n<h3 class=\"wp-block-heading\">30 de juny del 2025 <\/h3>\n\n\n\n<div>\n<ul>\n<li><span style=\"color: #000000;\">S\u2019aprova el manteniment del marc horari pel curs 25-26.<\/span><\/li>\n<li><span style=\"color: #000000;\">S\u2019aprova adherir-nos a la proposta del Consell Escolar Municipal de dies de lliure disposici\u00f3: <strong>10 d&#8217;octubre, 3 de novembre, 16 de febrer i 22 de maig.<\/strong><\/span><\/li>\n<\/ul>\n<\/div>\n\n\n\n<h3 class=\"wp-block-heading\">7 de maig de 2025<\/h3>\n\n\n\n<div>\n<ul>\n<li><span style=\"color: #000000;\">S\u2019aprova la participaci\u00f3 com a centre formador.<\/span><\/li>\n<li><span style=\"color: #000000;\">S\u2019aprova la jornada continuada a la ESO.<\/span><\/li>\n<\/ul>\n<\/div>\n\n\n\n<h3 class=\"wp-block-heading\">6 de novembre de 2024 <\/h3>\n\n\n\n<div>\n<ul>\n<li><span style=\"color: #000000;\">S\u2019aprova la&nbsp;<strong>Programaci\u00f3 General d\u2019Anual.<\/strong><\/span><\/li>\n<li><span style=\"color: #000000;\">S\u2019aprova la proposta de&nbsp;<strong>Sortides i activitats extraescolars.<\/strong><\/span><\/li>\n<li>S&#8217;aprova la modificaci\u00f3 del <strong>PEC<\/strong> i modificaci\u00f3 de les NOFC.<\/li>\n<li>S&#8217;aprova la participaci\u00f3 en el programa <strong>PROA+<\/strong>.<\/li>\n<\/ul>\n<\/div>\n\n\n\n<h3 class=\"wp-block-heading\">27 de novembre de 2023<\/h3>\n\n\n\n<ul class=\"wp-block-list\">\n<li>Es constitueix el nou <strong>Consell Escolar<\/strong> i es constitueixen les diferents comissions<\/li>\n\n\n\n<li>S&#8217;actualitzen les&nbsp;<strong>Sortides i activitats extraescolars<\/strong>, en particular s&#8217;hi afegeix l&#8217;activitat de la Quina de Nadal i una sortida de Socials<\/li>\n\n\n\n<li>S&#8217;actualitzen les&nbsp;<strong>Normes d&#8217;Organitzaci\u00f3 i Funcionament del Centre<\/strong> per incloure la figura de l&#8217;Orientador de Formaci\u00f3 Professional i per concretar la composici\u00f3 de la Comissi\u00f3 de Qualitat<\/li>\n<\/ul>\n\n\n\n<h3 class=\"wp-block-heading\">9 d&#8217;octubre de 2023<\/h3>\n\n\n\n<ul class=\"wp-block-list\">\n<li>S&#8217;aprova la <strong>Programaci\u00f3 General d&#8217;Anual<\/strong><\/li>\n\n\n\n<li>S&#8217;aprova la proposta de&nbsp;<strong>Sortides i activitats extraescolars<\/strong><\/li>\n\n\n\n<li>S&#8217;aprova la modificaci\u00f3 de les&nbsp;<strong>NOFC&nbsp;<\/strong>per actualitzar el tractament de l&#8217;absentisme a Formaci\u00f3 Professional i el procediment per comunicar sortides<\/li>\n<\/ul>\n\n\n\n<h3 class=\"wp-block-heading\">29 de juny de 2023<\/h3>\n\n\n\n<ul class=\"wp-block-list\">\n<li>S&#8217;aprova la renovaci\u00f3 de <strong>la jornada continuada a l&#8217;ESO<\/strong><\/li>\n\n\n\n<li>S&#8217;aprova adherir-nos a la proposta del Consell Escolar Municipal de dies de lliure disposici\u00f3:&nbsp;<strong>13 d&#8217;octubre, 7 de desembre, 12 de febrer, 17 de maig<\/strong><\/li>\n<\/ul>\n\n\n\n<h3 class=\"wp-block-heading\">3 de mar\u00e7 de 2023<\/h3>\n\n\n\n<ul class=\"wp-block-list\">\n<li>S&#8217;aprova la liquidaci\u00f3 del pressupost de l&#8217;exercici 2022: <a href=\"https:\/\/agora.xtec.cat\/iesvallhebron\/wp-content\/uploads\/usu893\/2023\/07\/Liquidacio-del-pressupost.pdf\" target=\"_blank\" rel=\"noopener\">Podeu baixar-vos el document<\/a><\/li>\n\n\n\n<li>S&#8217;aprova el pressupost de l&#8217;exercici 2023: <a href=\"https:\/\/agora.xtec.cat\/iesvallhebron\/wp-content\/uploads\/usu893\/2023\/07\/Informe-de-modificacio-del-pressupost.pdf\" target=\"_blank\" rel=\"noopener\">Podeu baixar-vos el document<\/a><\/li>\n<\/ul>\n\n\n\n<h3 class=\"wp-block-heading\">7 de novembre de 2022<\/h3>\n\n\n\n<ul class=\"wp-block-list\">\n<li>S&#8217;aprova la <strong>Programaci\u00f3 General Anual<\/strong><\/li>\n\n\n\n<li>S&#8217;aprova la proposta de <strong>Sortides i activitats extraescolars<\/strong><\/li>\n<\/ul>\n\n\n\n<h3 class=\"wp-block-heading\">21 de juny de 2022<\/h3>\n\n\n\n<ul class=\"wp-block-list\">\n<li>S&#8217;aprova per unanimitat el manteniment de<strong> la jornada continuada per a l&#8217;ESO<\/strong><\/li>\n\n\n\n<li>S&#8217;aprova adherir-nos a la proposta del Consell Escolar Municipal de dies de lliure disposici\u00f3: <strong>31 d&#8217;octubre, 9 de desembre, 20 de febrer, 17 de mar\u00e7, 26 de maig<\/strong><\/li>\n\n\n\n<li>S&#8217;aprova participar en <strong>el programa PROA+<\/strong><\/li>\n\n\n\n<li>S&#8217;aprova afegir en&nbsp;<strong>el Projecte Ling\u00fc\u00edstic del Centre<\/strong>, en l&#8217;apartat 1.4.1, entre els par\u00e0grafs segon i tercer, el par\u00e0graf<\/li>\n<\/ul>\n\n\n\n<p><em>El Centre estudiar\u00e0 els resultats de les proves d\u2019avaluaci\u00f3 peri\u00f2diques, tant internes com externes, de les diferents etapes educatives per tal de prendre les decisions necess\u00e0ries per assegurar la correcta comprensi\u00f3 i \u00fas de les lleng\u00fces d\u2019aprenentatge en les diferents etapes educatives.<\/em><\/p>\n\n\n\n<h3 class=\"wp-block-heading\">2 de maig de 2022<\/h3>\n\n\n\n<ul class=\"wp-block-list\">\n<li>S&#8217;aprova <a href=\"https:\/\/agora.xtec.cat\/iesvallhebron\/wp-content\/uploads\/usu893\/2022\/06\/Liquidacio-del-pressupost.pdf\" target=\"_blank\" rel=\"noopener\">la liquidaci\u00f3 del pressupost de l&#8217;exercici 2021<\/a><\/li>\n\n\n\n<li>S&#8217;aprova <a href=\"https:\/\/agora.xtec.cat\/iesvallhebron\/wp-content\/uploads\/usu893\/2022\/06\/Informe-de-modificacio-del-pressupost.pdf\" target=\"_blank\" rel=\"noopener\">el pressupost per a l&#8217;exercici 2022<\/a><\/li>\n<\/ul>\n\n\n\n<h3 class=\"wp-block-heading\">16 de juny de 2021<\/h3>\n\n\n\n<ul class=\"wp-block-list\">\n<li>S&#8217;aprova <a href=\"https:\/\/agora.xtec.cat\/iesvallhebron\/wp-content\/uploads\/usu893\/2021\/07\/Liquidaci\u00f3-del-pressupost.pdf\" target=\"_blank\" rel=\"noopener noreferrer\">la liquidaci\u00f3 del pressupost de l&#8217;exercici 2020<\/a><\/li>\n\n\n\n<li>S&#8217;aprova <a href=\"https:\/\/agora.xtec.cat\/iesvallhebron\/wp-content\/uploads\/usu893\/2021\/07\/Informe-de-modificaci\u00f3-del-pressupost.pdf\" target=\"_blank\" rel=\"noopener noreferrer\">el pressupost per a l&#8217;exercici 2021<\/a><\/li>\n\n\n\n<li>S&#8217;aprova adherir-nos a la proposta del Consell Escolar Municipal de dies de lliure disposici\u00f3: <strong>7 de desembre, 28 de febrer, 3 de juny<\/strong><\/li>\n\n\n\n<li>S&#8217;aprova per unanimitat sol\u00b7licitar el manteniment de <strong>la jornada continuada per a l&#8217;ESO<\/strong>.<\/li>\n<\/ul>\n","protected":false},"excerpt":{"rendered":"<p>Composici\u00f3 del Consell Escolar El consell escolar \u00e9s l\u2019\u00f2rgan col\u00b7legiat de participaci\u00f3 de la comunitat educativa en el govern del centre.Hi estan representats tots els col\u00b7lectius que en formen part: la direcci\u00f3, el professorat, l\u2019alumnat, el personal d\u2019administraci\u00f3 i serveis, entre d\u2019altres. Els membres del consell escolar s\u00f3n escollits per un per\u00edode de quatre anys, [&hellip;]<\/p>\n","protected":false},"author":41,"featured_media":0,"parent":19,"menu_order":3,"comment_status":"closed","ping_status":"close","template":"","meta":{"_bbp_topic_count":0,"_bbp_reply_count":0,"_bbp_total_topic_count":0,"_bbp_total_reply_count":0,"_bbp_voice_count":0,"_bbp_anonymous_reply_count":0,"_bbp_topic_count_hidden":0,"_bbp_reply_count_hidden":0,"_bbp_forum_subforum_count":0,"site-sidebar-layout":"default","site-content-layout":"","ast-site-content-layout":"default","site-content-style":"default","site-sidebar-style":"default","ast-global-header-display":"","ast-banner-title-visibility":"","ast-main-header-display":"","ast-hfb-above-header-display":"","ast-hfb-below-header-display":"","ast-hfb-mobile-header-display":"","site-post-title":"","ast-breadcrumbs-content":"","ast-featured-img":"","footer-sml-layout":"","theme-transparent-header-meta":"","adv-header-id-meta":"","stick-header-meta":"","header-above-stick-meta":"","header-main-stick-meta":"","header-below-stick-meta":"","astra-migrate-meta-layouts":"set","ast-page-background-enabled":"default","ast-page-background-meta":{"desktop":{"background-color":"var(--ast-global-color-4)","background-image":"","background-repeat":"repeat","background-position":"center center","background-size":"auto","background-attachment":"scroll","background-type":"","background-media":"","overlay-type":"","overlay-color":"","overlay-opacity":"","overlay-gradient":""},"tablet":{"background-color":"","background-image":"","background-repeat":"repeat","background-position":"center center","background-size":"auto","background-attachment":"scroll","background-type":"","background-media":"","overlay-type":"","overlay-color":"","overlay-opacity":"","overlay-gradient":""},"mobile":{"background-color":"","background-image":"","background-repeat":"repeat","background-position":"center center","background-size":"auto","background-attachment":"scroll","background-type":"","background-media":"","overlay-type":"","overlay-color":"","overlay-opacity":"","overlay-gradient":""}},"ast-content-background-meta":{"desktop":{"background-color":"var(--ast-global-color-5)","background-image":"","background-repeat":"repeat","background-position":"center center","background-size":"auto","background-attachment":"scroll","background-type":"","background-media":"","overlay-type":"","overlay-color":"","overlay-opacity":"","overlay-gradient":""},"tablet":{"background-color":"var(--ast-global-color-5)","background-image":"","background-repeat":"repeat","background-position":"center center","background-size":"auto","background-attachment":"scroll","background-type":"","background-media":"","overlay-type":"","overlay-color":"","overlay-opacity":"","overlay-gradient":""},"mobile":{"background-color":"var(--ast-global-color-5)","background-image":"","background-repeat":"repeat","background-position":"center center","background-size":"auto","background-attachment":"scroll","background-type":"","background-media":"","overlay-type":"","overlay-color":"","overlay-opacity":"","overlay-gradient":""}},"footnotes":""},"class_list":["post-15571","page","type-page","status-publish","hentry"],"post_mailing_queue_ids":[],"_links":{"self":[{"href":"https:\/\/agora.xtec.cat\/iesvallhebron\/wp-json\/wp\/v2\/pages\/15571","targetHints":{"allow":["GET"]}}],"collection":[{"href":"https:\/\/agora.xtec.cat\/iesvallhebron\/wp-json\/wp\/v2\/pages"}],"about":[{"href":"https:\/\/agora.xtec.cat\/iesvallhebron\/wp-json\/wp\/v2\/types\/page"}],"author":[{"embeddable":true,"href":"https:\/\/agora.xtec.cat\/iesvallhebron\/wp-json\/wp\/v2\/users\/41"}],"replies":[{"embeddable":true,"href":"https:\/\/agora.xtec.cat\/iesvallhebron\/wp-json\/wp\/v2\/comments?post=15571"}],"version-history":[{"count":6,"href":"https:\/\/agora.xtec.cat\/iesvallhebron\/wp-json\/wp\/v2\/pages\/15571\/revisions"}],"predecessor-version":[{"id":16103,"href":"https:\/\/agora.xtec.cat\/iesvallhebron\/wp-json\/wp\/v2\/pages\/15571\/revisions\/16103"}],"up":[{"embeddable":true,"href":"https:\/\/agora.xtec.cat\/iesvallhebron\/wp-json\/wp\/v2\/pages\/19"}],"wp:attachment":[{"href":"https:\/\/agora.xtec.cat\/iesvallhebron\/wp-json\/wp\/v2\/media?parent=15571"}],"curies":[{"name":"wp","href":"https:\/\/api.w.org\/{rel}","templated":true}]}}