{"id":14307,"date":"2024-04-17T21:36:21","date_gmt":"2024-04-17T19:36:21","guid":{"rendered":"https:\/\/agora.xtec.cat\/iesvallhebron\/?page_id=14307"},"modified":"2026-03-29T13:41:35","modified_gmt":"2026-03-29T11:41:35","slug":"grau-superior","status":"publish","type":"page","link":"https:\/\/agora.xtec.cat\/iesvallhebron\/secretaria-2\/preinscripcio\/grau-superior\/","title":{"rendered":"Grau superior &#8211; Preinscripci\u00f3 i Matr\u00edcula"},"content":{"rendered":"\n<p>Teniu tota la informaci\u00f3 sobre el proc\u00e9s de preinscripci\u00f3 i matr\u00edcula disponible a la<a href=\"https:\/\/preinscripcio.gencat.cat\/ca\/estudis\/fp-grau-superior\/inici\/\" target=\"_blank\" rel=\"noreferrer noopener\">&nbsp;web del Departament d\u2019Educaci\u00f3<\/a>.<\/p>\n\n\n\n<figure class=\"wp-block-table is-style-stripes\"><table><thead><tr><th><strong>QU\u00c8 NECESSITAR\u00c0S?<\/strong><\/th><th>INFORMACI\u00d3<\/th><\/tr><\/thead><tbody><tr><td>Obtenci\u00f3 de l\u2019IdCAT M\u00f2bil (per obtenir la signatura electr\u00f2nica)<\/td><td><a href=\"https:\/\/web.gencat.cat\/ca\/atenem\/suport-tramitacio\/durant-la-tramitacio\/signar-i-identificar-digitalment\/idcat-mobil\/com-donar-alta-idcat-mobil\" target=\"_blank\" rel=\"noreferrer noopener\">ves aqu\u00ed<\/a><\/td><\/tr><tr><td>Obtenci\u00f3 del IDALU personal (N\u00famero d\u2019Identificaci\u00f3 de l\u2019alumne)<\/td><td><a href=\"https:\/\/tramits.gencat.cat\/ca\/tramits\/tramits-temes\/identificador-alumne\" target=\"_blank\" rel=\"noreferrer noopener\">ves aqu\u00ed<\/a><\/td><\/tr><tr><td>Criteris de selecci\u00f3<\/td><td><a href=\"https:\/\/preinscripcio.gencat.cat\/ca\/estudis\/fp-grau-superior\/informat\/criteris-assignacio\/\" target=\"_blank\" rel=\"noreferrer noopener\">ves aqu\u00ed<\/a><\/td><\/tr><tr><td>Codi de Centre<\/td><td>08052700<\/td><\/tr><tr><td>Codi Assessoria d&#8217;Imatge Personal i Corporativa<\/td><td>IPA0<\/td><\/tr><tr><td>Codi Caracteritzaci\u00f3 i Maquillatge Professional<\/td><td>IPD0<\/td><\/tr><tr><td>Codi Estilisme i Direcci\u00f3 de Perruqueria<\/td><td>IPC0<\/td><\/tr><tr><td>Codi Est\u00e8tica Integral i Benestar<\/td><td>IPB0<\/td><\/tr><tr><td>Codi Condicionament F\u00edsic<\/td><td>AEB0<\/td><\/tr><tr><td>Codi Ensenyament i Animaci\u00f3 Socioesportiva<\/td><td>AEA0<\/td><\/tr><\/tbody><\/table><\/figure>\n\n\n\n<p>Podeu consultar en aquesta presentaci\u00f3 un&nbsp;<strong>resum de les instruccions per la preinscripci\u00f3 i la matr\u00edcula<\/strong>&nbsp;del Grau Superior:<\/p>\n\n\n\n<figure class=\"wp-block-image size-large\"><a href=\"https:\/\/agora.xtec.cat\/iesvallhebron\/wp-content\/uploads\/usu893\/2026\/03\/Calendari-CFGS.png\"><img loading=\"lazy\" decoding=\"async\" width=\"1024\" height=\"571\" src=\"https:\/\/agora.xtec.cat\/iesvallhebron\/wp-content\/uploads\/usu893\/2026\/03\/Calendari-CFGS-1024x571.png\" alt=\"\" class=\"wp-image-16113\" srcset=\"https:\/\/agora.xtec.cat\/iesvallhebron\/wp-content\/uploads\/usu893\/2026\/03\/Calendari-CFGS-1024x571.png 1024w, https:\/\/agora.xtec.cat\/iesvallhebron\/wp-content\/uploads\/usu893\/2026\/03\/Calendari-CFGS-300x167.png 300w, https:\/\/agora.xtec.cat\/iesvallhebron\/wp-content\/uploads\/usu893\/2026\/03\/Calendari-CFGS-768x428.png 768w, https:\/\/agora.xtec.cat\/iesvallhebron\/wp-content\/uploads\/usu893\/2026\/03\/Calendari-CFGS-1536x856.png 1536w, https:\/\/agora.xtec.cat\/iesvallhebron\/wp-content\/uploads\/usu893\/2026\/03\/Calendari-CFGS.png 1654w\" sizes=\"auto, (max-width: 1024px) 100vw, 1024px\" \/><\/a><\/figure>\n\n\n\n<h3 class=\"wp-block-heading\">Presentaci\u00f3 i seguiment de la sol\u00b7licitud de preinscripci\u00f3<\/h3>\n\n\n\n<p class=\"has-medium-font-size\">\ud83d\udce2 <strong>22 de maig del 2026: Oferta inicial de places<\/strong><\/p>\n\n\n\n<hr class=\"wp-block-separator has-alpha-channel-opacity\"\/>\n\n\n\n<p class=\"has-medium-font-size\">\ud83d\udccb <strong>Del 26 de maig a l&#8217;1 de juny del 2026: <\/strong>presentaci\u00f3 de la sol\u00b7licitud de manera telem\u00e0tica a la <a href=\"https:\/\/preinscripcio.gencat.cat\/ca\/estudis\/fp-grau-superior\/preinscriute\/sollicitud\/\" target=\"_blank\" rel=\"noreferrer noopener\">web del Departament d&#8217;Educaci\u00f3<\/a>.<br><br>Podr\u00e0s presentar la teva sol\u00b7licitud <a href=\"https:\/\/tramits.gencat.cat\/ca\/tramits\/tramits-temes\/preinscripcio-fp-gs\" target=\"_blank\" rel=\"noreferrer noopener\">aqu\u00ed<\/a>.<\/p>\n\n\n\n<hr class=\"wp-block-separator has-alpha-channel-opacity\"\/>\n","protected":false},"excerpt":{"rendered":"<p>Teniu tota la informaci\u00f3 sobre el proc\u00e9s de preinscripci\u00f3 i matr\u00edcula disponible a la&nbsp;web del Departament d\u2019Educaci\u00f3. QU\u00c8 NECESSITAR\u00c0S? INFORMACI\u00d3 Obtenci\u00f3 de l\u2019IdCAT M\u00f2bil (per obtenir la signatura electr\u00f2nica) ves aqu\u00ed Obtenci\u00f3 del IDALU personal (N\u00famero d\u2019Identificaci\u00f3 de l\u2019alumne) ves aqu\u00ed Criteris de selecci\u00f3 ves aqu\u00ed Codi de Centre 08052700 Codi Assessoria d&#8217;Imatge Personal i [&hellip;]<\/p>\n","protected":false},"author":41,"featured_media":0,"parent":5118,"menu_order":6,"comment_status":"closed","ping_status":"closed","template":"page-templates\/side-menu.php","meta":{"_bbp_topic_count":0,"_bbp_reply_count":0,"_bbp_total_topic_count":0,"_bbp_total_reply_count":0,"_bbp_voice_count":0,"_bbp_anonymous_reply_count":0,"_bbp_topic_count_hidden":0,"_bbp_reply_count_hidden":0,"_bbp_forum_subforum_count":0,"site-sidebar-layout":"default","site-content-layout":"","ast-site-content-layout":"default","site-content-style":"default","site-sidebar-style":"default","ast-global-header-display":"","ast-banner-title-visibility":"","ast-main-header-display":"","ast-hfb-above-header-display":"","ast-hfb-below-header-display":"","ast-hfb-mobile-header-display":"","site-post-title":"","ast-breadcrumbs-content":"","ast-featured-img":"","footer-sml-layout":"","theme-transparent-header-meta":"","adv-header-id-meta":"","stick-header-meta":"","header-above-stick-meta":"","header-main-stick-meta":"","header-below-stick-meta":"","astra-migrate-meta-layouts":"set","ast-page-background-enabled":"default","ast-page-background-meta":{"desktop":{"background-color":"var(--ast-global-color-4)","background-image":"","background-repeat":"repeat","background-position":"center center","background-size":"auto","background-attachment":"scroll","background-type":"","background-media":"","overlay-type":"","overlay-color":"","overlay-opacity":"","overlay-gradient":""},"tablet":{"background-color":"","background-image":"","background-repeat":"repeat","background-position":"center center","background-size":"auto","background-attachment":"scroll","background-type":"","background-media":"","overlay-type":"","overlay-color":"","overlay-opacity":"","overlay-gradient":""},"mobile":{"background-color":"","background-image":"","background-repeat":"repeat","background-position":"center center","background-size":"auto","background-attachment":"scroll","background-type":"","background-media":"","overlay-type":"","overlay-color":"","overlay-opacity":"","overlay-gradient":""}},"ast-content-background-meta":{"desktop":{"background-color":"var(--ast-global-color-5)","background-image":"","background-repeat":"repeat","background-position":"center center","background-size":"auto","background-attachment":"scroll","background-type":"","background-media":"","overlay-type":"","overlay-color":"","overlay-opacity":"","overlay-gradient":""},"tablet":{"background-color":"var(--ast-global-color-5)","background-image":"","background-repeat":"repeat","background-position":"center center","background-size":"auto","background-attachment":"scroll","background-type":"","background-media":"","overlay-type":"","overlay-color":"","overlay-opacity":"","overlay-gradient":""},"mobile":{"background-color":"var(--ast-global-color-5)","background-image":"","background-repeat":"repeat","background-position":"center center","background-size":"auto","background-attachment":"scroll","background-type":"","background-media":"","overlay-type":"","overlay-color":"","overlay-opacity":"","overlay-gradient":""}},"footnotes":""},"class_list":["post-14307","page","type-page","status-publish","hentry"],"post_mailing_queue_ids":[],"_links":{"self":[{"href":"https:\/\/agora.xtec.cat\/iesvallhebron\/wp-json\/wp\/v2\/pages\/14307","targetHints":{"allow":["GET"]}}],"collection":[{"href":"https:\/\/agora.xtec.cat\/iesvallhebron\/wp-json\/wp\/v2\/pages"}],"about":[{"href":"https:\/\/agora.xtec.cat\/iesvallhebron\/wp-json\/wp\/v2\/types\/page"}],"author":[{"embeddable":true,"href":"https:\/\/agora.xtec.cat\/iesvallhebron\/wp-json\/wp\/v2\/users\/41"}],"replies":[{"embeddable":true,"href":"https:\/\/agora.xtec.cat\/iesvallhebron\/wp-json\/wp\/v2\/comments?post=14307"}],"version-history":[{"count":6,"href":"https:\/\/agora.xtec.cat\/iesvallhebron\/wp-json\/wp\/v2\/pages\/14307\/revisions"}],"predecessor-version":[{"id":16167,"href":"https:\/\/agora.xtec.cat\/iesvallhebron\/wp-json\/wp\/v2\/pages\/14307\/revisions\/16167"}],"up":[{"embeddable":true,"href":"https:\/\/agora.xtec.cat\/iesvallhebron\/wp-json\/wp\/v2\/pages\/5118"}],"wp:attachment":[{"href":"https:\/\/agora.xtec.cat\/iesvallhebron\/wp-json\/wp\/v2\/media?parent=14307"}],"curies":[{"name":"wp","href":"https:\/\/api.w.org\/{rel}","templated":true}]}}