{"id":14303,"date":"2024-04-17T21:35:32","date_gmt":"2024-04-17T19:35:32","guid":{"rendered":"https:\/\/agora.xtec.cat\/iesvallhebron\/?page_id=14303"},"modified":"2026-05-05T11:24:58","modified_gmt":"2026-05-05T09:24:58","slug":"programes-de-formacio-i-insercio-pfi","status":"publish","type":"page","link":"https:\/\/agora.xtec.cat\/iesvallhebron\/secretaria-2\/preinscripcio\/programes-de-formacio-i-insercio-pfi\/","title":{"rendered":"PFI &#8211; Preinscripci\u00f3 i Matr\u00edcula"},"content":{"rendered":"\n<p>Teniu tota la informaci\u00f3 sobre el proc\u00e9s de preinscripci\u00f3 i matr\u00edcula disponible a la <a href=\"https:\/\/preinscripcio.gencat.cat\/ca\/estudis\/pfi\/inici\/\" target=\"_blank\" rel=\"noreferrer noopener\">web del Departament d&#8217;Educaci\u00f3<\/a>.<\/p>\n\n\n\n<p class=\"has-pale-cyan-blue-background-color has-background\">Una vegada feta la preinscripci\u00f3 <strong>cal que truqueu a l&#8217;Institut (93.212.50.04)<\/strong> per concertar <strong>cita per l\u2019entrevista <\/strong>de manera presencial.<\/p>\n\n\n\n<figure class=\"wp-block-table is-style-stripes\"><table><thead><tr><th><strong>QU\u00c8 NECESSITAR\u00c0S?<\/strong><\/th><th>INFORMACI\u00d3<\/th><\/tr><\/thead><tbody><tr><td>Obtenci\u00f3 de l\u2019IdCAT M\u00f2bil (per obtenir la signatura electr\u00f2nica)<\/td><td><a href=\"https:\/\/web.gencat.cat\/ca\/atenem\/suport-tramitacio\/durant-la-tramitacio\/signar-i-identificar-digitalment\/idcat-mobil\/com-donar-alta-idcat-mobil\" target=\"_blank\" rel=\"noreferrer noopener\">ves aqu\u00ed<\/a><\/td><\/tr><tr><td>Obtenci\u00f3 del IDALU personal (N\u00famero d\u2019Identificaci\u00f3 de l\u2019alumne)<\/td><td><a href=\"https:\/\/tramits.gencat.cat\/ca\/tramits\/tramits-temes\/identificador-alumne\" target=\"_blank\" rel=\"noreferrer noopener\">ves aqu\u00ed<\/a><\/td><\/tr><tr><td>Criteris de selecci\u00f3<\/td><td><a href=\"https:\/\/preinscripcio.gencat.cat\/ca\/estudis\/pfi\/informat\/criteris-assignacio\/\" target=\"_blank\" rel=\"noreferrer noopener\">ves aqu\u00ed<\/a><\/td><\/tr><tr><td>Codi de Centre<\/td><td>08052700<\/td><\/tr><tr><td>Codi Auxiliar de perruqueria i est\u00e8tica<\/td><td>IP03<\/td><\/tr><tr><td>Codi Auxiliar en imatge personal: est\u00e8tica<\/td><td>IP02<\/td><\/tr><tr><td>Codi Auxiliar d&#8217;activitats esportives<\/td><td>AE01<\/td><\/tr><tr><td>Codi Auxiliar de suport a les persones en activitats socioesportives<\/td><td>AE02<\/td><\/tr><\/tbody><\/table><\/figure>\n\n\n\n<h3 class=\"wp-block-heading\">Presentaci\u00f3 i seguiment de la sol\u00b7licitud de preinscripci\u00f3<\/h3>\n\n\n\n<p class=\"has-medium-font-size\">\ud83d\udce2 <strong>30 d&#8217;abril del 2026: <a href=\"https:\/\/agora.xtec.cat\/iesvallhebron\/wp-content\/uploads\/usu893\/2026\/04\/OFERTA-INICIAL-PFI-26_27.pdf\" target=\"_blank\" rel=\"noreferrer noopener\">Oferta inicial de places<\/a><\/strong><\/p>\n\n\n\n<hr class=\"wp-block-separator has-alpha-channel-opacity\"\/>\n\n\n\n<p class=\"has-medium-font-size\">\ud83d\udccb <strong>Del 4 al 13 de maig: <\/strong>presentaci\u00f3 de la sol\u00b7licitud de manera telem\u00e0tica a la <a href=\"https:\/\/preinscripcio.gencat.cat\/ca\/estudis\/pfi\/preinscriute\/sollicitud\/\" target=\"_blank\" rel=\"noreferrer noopener\">web del Departament d&#8217;Educaci\u00f3<\/a>. Podr\u00e0s presentar la teva sol\u00b7licitud <a href=\"https:\/\/tramits.gencat.cat\/ca\/tramits\/tramits-temes\/preinscripcio-pfi\" target=\"_blank\" rel=\"noreferrer noopener\">aqu\u00ed<\/a>.<\/p>\n\n\n\n<hr class=\"wp-block-separator has-alpha-channel-opacity\"\/>\n\n\n\n<p class=\"has-medium-font-size\">\ud83c\udfa4 <strong>Del 4 al 21 de maig: entrevista presencial al centre.<\/strong> <br>L&#8217;endem\u00e0 de formalitzar la preinscripci\u00f3 <strong>cal que truqueu a l&#8217;Institut (93.212.50.04)<\/strong> per concertar cita per l&#8217;entrevista. Aquesta entrevista servir\u00e0<strong> per valorar l&#8217;adequaci\u00f3 del programa a la situaci\u00f3, els interessos, la motivaci\u00f3 i les aptituds de l&#8217;alumne o alumna, aix\u00ed com la manca d&#8217;experi\u00e8ncia laboral<\/strong>. Segons els resultats de l&#8217;entrevista es poden aconseguir: 0, 10, 20 o 30 punts.<\/p>\n\n\n\n<p><\/p>\n","protected":false},"excerpt":{"rendered":"<p>Teniu tota la informaci\u00f3 sobre el proc\u00e9s de preinscripci\u00f3 i matr\u00edcula disponible a la web del Departament d&#8217;Educaci\u00f3. Una vegada feta la preinscripci\u00f3 cal que truqueu a l&#8217;Institut (93.212.50.04) per concertar cita per l\u2019entrevista de manera presencial. QU\u00c8 NECESSITAR\u00c0S? INFORMACI\u00d3 Obtenci\u00f3 de l\u2019IdCAT M\u00f2bil (per obtenir la signatura electr\u00f2nica) ves aqu\u00ed Obtenci\u00f3 del IDALU personal [&hellip;]<\/p>\n","protected":false},"author":41,"featured_media":0,"parent":5118,"menu_order":2,"comment_status":"closed","ping_status":"closed","template":"","meta":{"_bbp_topic_count":0,"_bbp_reply_count":0,"_bbp_total_topic_count":0,"_bbp_total_reply_count":0,"_bbp_voice_count":0,"_bbp_anonymous_reply_count":0,"_bbp_topic_count_hidden":0,"_bbp_reply_count_hidden":0,"_bbp_forum_subforum_count":0,"site-sidebar-layout":"default","site-content-layout":"","ast-site-content-layout":"default","site-content-style":"default","site-sidebar-style":"default","ast-global-header-display":"","ast-banner-title-visibility":"","ast-main-header-display":"","ast-hfb-above-header-display":"","ast-hfb-below-header-display":"","ast-hfb-mobile-header-display":"","site-post-title":"","ast-breadcrumbs-content":"","ast-featured-img":"","footer-sml-layout":"","theme-transparent-header-meta":"","adv-header-id-meta":"","stick-header-meta":"","header-above-stick-meta":"","header-main-stick-meta":"","header-below-stick-meta":"","astra-migrate-meta-layouts":"set","ast-page-background-enabled":"default","ast-page-background-meta":{"desktop":{"background-color":"var(--ast-global-color-4)","background-image":"","background-repeat":"repeat","background-position":"center center","background-size":"auto","background-attachment":"scroll","background-type":"","background-media":"","overlay-type":"","overlay-color":"","overlay-opacity":"","overlay-gradient":""},"tablet":{"background-color":"","background-image":"","background-repeat":"repeat","background-position":"center center","background-size":"auto","background-attachment":"scroll","background-type":"","background-media":"","overlay-type":"","overlay-color":"","overlay-opacity":"","overlay-gradient":""},"mobile":{"background-color":"","background-image":"","background-repeat":"repeat","background-position":"center center","background-size":"auto","background-attachment":"scroll","background-type":"","background-media":"","overlay-type":"","overlay-color":"","overlay-opacity":"","overlay-gradient":""}},"ast-content-background-meta":{"desktop":{"background-color":"var(--ast-global-color-5)","background-image":"","background-repeat":"repeat","background-position":"center center","background-size":"auto","background-attachment":"scroll","background-type":"","background-media":"","overlay-type":"","overlay-color":"","overlay-opacity":"","overlay-gradient":""},"tablet":{"background-color":"var(--ast-global-color-5)","background-image":"","background-repeat":"repeat","background-position":"center center","background-size":"auto","background-attachment":"scroll","background-type":"","background-media":"","overlay-type":"","overlay-color":"","overlay-opacity":"","overlay-gradient":""},"mobile":{"background-color":"var(--ast-global-color-5)","background-image":"","background-repeat":"repeat","background-position":"center center","background-size":"auto","background-attachment":"scroll","background-type":"","background-media":"","overlay-type":"","overlay-color":"","overlay-opacity":"","overlay-gradient":""}},"footnotes":""},"class_list":["post-14303","page","type-page","status-publish","hentry"],"post_mailing_queue_ids":[],"_links":{"self":[{"href":"https:\/\/agora.xtec.cat\/iesvallhebron\/wp-json\/wp\/v2\/pages\/14303","targetHints":{"allow":["GET"]}}],"collection":[{"href":"https:\/\/agora.xtec.cat\/iesvallhebron\/wp-json\/wp\/v2\/pages"}],"about":[{"href":"https:\/\/agora.xtec.cat\/iesvallhebron\/wp-json\/wp\/v2\/types\/page"}],"author":[{"embeddable":true,"href":"https:\/\/agora.xtec.cat\/iesvallhebron\/wp-json\/wp\/v2\/users\/41"}],"replies":[{"embeddable":true,"href":"https:\/\/agora.xtec.cat\/iesvallhebron\/wp-json\/wp\/v2\/comments?post=14303"}],"version-history":[{"count":6,"href":"https:\/\/agora.xtec.cat\/iesvallhebron\/wp-json\/wp\/v2\/pages\/14303\/revisions"}],"predecessor-version":[{"id":16371,"href":"https:\/\/agora.xtec.cat\/iesvallhebron\/wp-json\/wp\/v2\/pages\/14303\/revisions\/16371"}],"up":[{"embeddable":true,"href":"https:\/\/agora.xtec.cat\/iesvallhebron\/wp-json\/wp\/v2\/pages\/5118"}],"wp:attachment":[{"href":"https:\/\/agora.xtec.cat\/iesvallhebron\/wp-json\/wp\/v2\/media?parent=14303"}],"curies":[{"name":"wp","href":"https:\/\/api.w.org\/{rel}","templated":true}]}}