{"id":1375,"date":"2016-09-09T14:13:23","date_gmt":"2016-09-09T13:13:23","guid":{"rendered":"http:\/\/agora.xtec.cat\/iesvallhebron\/?page_id=1375"},"modified":"2026-04-21T13:51:18","modified_gmt":"2026-04-21T11:51:18","slug":"secretaria-2","status":"publish","type":"page","link":"https:\/\/agora.xtec.cat\/iesvallhebron\/secretaria-2\/","title":{"rendered":"Secretaria"},"content":{"rendered":"\n<p class=\"has-text-align-center has-pale-cyan-blue-background-color has-background\">L&#8217;horari d&#8217;atenci\u00f3 presencial \u00e9s:<br>De dilluns a dijous &#8211; 13:00 a 14:30<br>Divendres &#8211; 08:00 a 09:30<\/p>\n\n\n\n<p><\/p>\n\n\n\n<p>A l&#8217;<a href=\"https:\/\/agora.xtec.cat\/iesvallhebron\/secretaria-2\/tramits\/\" data-type=\"page\" data-id=\"16285\" target=\"_blank\" rel=\"noreferrer noopener\">apartat Tr\u00e0mits<\/a> de la nostra web trobareu formularis espec\u00edfics per cadascun dels tr\u00e0mits que vulgueu realitzar:<\/p>\n\n\n\n<ul class=\"wp-block-list\">\n<li>Sol\u00b7licitud de certificats<\/li>\n\n\n\n<li>Sol\u00b7licitud de t\u00edtols <\/li>\n\n\n\n<li>Reconeixement Catal\u00e0<\/li>\n<\/ul>\n\n\n\n<p>Si ets alumne o exalumne i tens alguna consulta diferent dels tr\u00e0mits anteriors, pots enviar un correu electr\u00f2nic a\u00a0<a href=\"mailto:secretaria@isvh.cat\" target=\"_blank\" rel=\"noreferrer noopener\">secretaria@insvallhebron.cat<\/a><\/p>\n\n\n\n<p><span style=\"box-sizing: border-box;\"><span style=\"font-family: 'Open Sans',sans-serif; color: #444444;\">Si us plau, indiqueu&nbsp;<strong style=\"box-sizing: border-box; line-height: inherit;\"><span style=\"font-family: 'Open Sans',sans-serif;\">nom i cognoms <\/span><\/strong><span style=\"font-family: 'Open Sans',sans-serif;\">i el <\/span><strong style=\"box-sizing: border-box; line-height: inherit;\"><span style=\"font-family: 'Open Sans',sans-serif;\">motiu de la vostra consulta&nbsp;<\/span><\/strong>en l\u2019ASSUMPTE del correu.<\/span><\/span> Cal que sempre adjunteu una c\u00f2pia del vostre DNI (per les dues cares).<\/p>\n\n\n\n<p>Si el que necessiteu \u00e9s obtenir informaci\u00f3 que no trobeu a la web, sobre l\u2019oferta formativa, portes obertes, preinscripci\u00f3 i matr\u00edcula, i altres, heu d\u2019escriure un correu electr\u00f2nic a&nbsp;<a href=\"mailto:informacio@isvh.cat\" target=\"_blank\" rel=\"noreferrer noopener\">iesvallhebron@xtec.cat<\/a><\/p>\n\n\n\n<p>Trobareu la secretaria de l\u2019institut a la planta baixa. Durant el curs, fem atenci\u00f3 presencial de 13 a 14:30 h, de dilluns a dijous i divendres de 8 a 9 h.<\/p>\n\n\n\n<p>Durant els <strong>per\u00edodes vacacionals<\/strong> del calendari escolar, el personal de Secretaria no tramitar\u00e0 certificats ni t\u00edtols. <\/p>\n\n\n\n<p>Durant la resta de l&#8217;any, els certificats i t\u00edtols antics poden tardar fins a <strong>dues setmanes<\/strong>, segons la documentaci\u00f3 que calgui consultar.<\/p>\n","protected":false},"excerpt":{"rendered":"<p>L&#8217;horari d&#8217;atenci\u00f3 presencial \u00e9s:De dilluns a dijous &#8211; 13:00 a 14:30Divendres &#8211; 08:00 a 09:30 A l&#8217;apartat Tr\u00e0mits de la nostra web trobareu formularis espec\u00edfics per cadascun dels tr\u00e0mits que vulgueu realitzar: Si ets alumne o exalumne i tens alguna consulta diferent dels tr\u00e0mits anteriors, pots enviar un correu electr\u00f2nic a\u00a0secretaria@insvallhebron.cat Si us plau, indiqueu&nbsp;nom [&hellip;]<\/p>\n","protected":false},"author":1,"featured_media":0,"parent":0,"menu_order":0,"comment_status":"closed","ping_status":"closed","template":"page-templates\/side-menu.php","meta":{"_bbp_topic_count":0,"_bbp_reply_count":0,"_bbp_total_topic_count":0,"_bbp_total_reply_count":0,"_bbp_voice_count":0,"_bbp_anonymous_reply_count":0,"_bbp_topic_count_hidden":0,"_bbp_reply_count_hidden":0,"_bbp_forum_subforum_count":0,"site-sidebar-layout":"default","site-content-layout":"","ast-site-content-layout":"default","site-content-style":"default","site-sidebar-style":"default","ast-global-header-display":"","ast-banner-title-visibility":"","ast-main-header-display":"","ast-hfb-above-header-display":"","ast-hfb-below-header-display":"","ast-hfb-mobile-header-display":"","site-post-title":"","ast-breadcrumbs-content":"","ast-featured-img":"","footer-sml-layout":"","theme-transparent-header-meta":"","adv-header-id-meta":"","stick-header-meta":"","header-above-stick-meta":"","header-main-stick-meta":"","header-below-stick-meta":"","astra-migrate-meta-layouts":"set","ast-page-background-enabled":"default","ast-page-background-meta":{"desktop":{"background-color":"var(--ast-global-color-4)","background-image":"","background-repeat":"repeat","background-position":"center center","background-size":"auto","background-attachment":"scroll","background-type":"","background-media":"","overlay-type":"","overlay-color":"","overlay-opacity":"","overlay-gradient":""},"tablet":{"background-color":"","background-image":"","background-repeat":"repeat","background-position":"center center","background-size":"auto","background-attachment":"scroll","background-type":"","background-media":"","overlay-type":"","overlay-color":"","overlay-opacity":"","overlay-gradient":""},"mobile":{"background-color":"","background-image":"","background-repeat":"repeat","background-position":"center center","background-size":"auto","background-attachment":"scroll","background-type":"","background-media":"","overlay-type":"","overlay-color":"","overlay-opacity":"","overlay-gradient":""}},"ast-content-background-meta":{"desktop":{"background-color":"var(--ast-global-color-5)","background-image":"","background-repeat":"repeat","background-position":"center center","background-size":"auto","background-attachment":"scroll","background-type":"","background-media":"","overlay-type":"","overlay-color":"","overlay-opacity":"","overlay-gradient":""},"tablet":{"background-color":"var(--ast-global-color-5)","background-image":"","background-repeat":"repeat","background-position":"center center","background-size":"auto","background-attachment":"scroll","background-type":"","background-media":"","overlay-type":"","overlay-color":"","overlay-opacity":"","overlay-gradient":""},"mobile":{"background-color":"var(--ast-global-color-5)","background-image":"","background-repeat":"repeat","background-position":"center center","background-size":"auto","background-attachment":"scroll","background-type":"","background-media":"","overlay-type":"","overlay-color":"","overlay-opacity":"","overlay-gradient":""}},"footnotes":""},"class_list":["post-1375","page","type-page","status-publish","hentry"],"post_mailing_queue_ids":[],"_links":{"self":[{"href":"https:\/\/agora.xtec.cat\/iesvallhebron\/wp-json\/wp\/v2\/pages\/1375","targetHints":{"allow":["GET"]}}],"collection":[{"href":"https:\/\/agora.xtec.cat\/iesvallhebron\/wp-json\/wp\/v2\/pages"}],"about":[{"href":"https:\/\/agora.xtec.cat\/iesvallhebron\/wp-json\/wp\/v2\/types\/page"}],"author":[{"embeddable":true,"href":"https:\/\/agora.xtec.cat\/iesvallhebron\/wp-json\/wp\/v2\/users\/1"}],"replies":[{"embeddable":true,"href":"https:\/\/agora.xtec.cat\/iesvallhebron\/wp-json\/wp\/v2\/comments?post=1375"}],"version-history":[{"count":6,"href":"https:\/\/agora.xtec.cat\/iesvallhebron\/wp-json\/wp\/v2\/pages\/1375\/revisions"}],"predecessor-version":[{"id":16298,"href":"https:\/\/agora.xtec.cat\/iesvallhebron\/wp-json\/wp\/v2\/pages\/1375\/revisions\/16298"}],"wp:attachment":[{"href":"https:\/\/agora.xtec.cat\/iesvallhebron\/wp-json\/wp\/v2\/media?parent=1375"}],"curies":[{"name":"wp","href":"https:\/\/api.w.org\/{rel}","templated":true}]}}