{"id":1125,"date":"2016-08-04T17:56:10","date_gmt":"2016-08-04T16:56:10","guid":{"rendered":"http:\/\/agora.xtec.cat\/iesvallhebron\/?page_id=1125"},"modified":"2020-02-05T21:27:55","modified_gmt":"2020-02-05T20:27:55","slug":"materies-optatives","status":"publish","type":"page","link":"https:\/\/agora.xtec.cat\/iesvallhebron\/estudis\/ensenyament-secundari-obligatori-eso\/materies-optatives\/","title":{"rendered":"Mat\u00e8ries optatives"},"content":{"rendered":"<div class=\"surlignable\">\n<div class=\"texte\">\n<p>A banda de l\u2019estructura de <a class=\"spip_in\" href=\"http:\/\/agora.xtec.cat\/iesvallhebron\/estudis\/ensenyament-secundari-obligatori-eso\/curriculum-comu\/\">mat\u00e8ries comunes<\/a> el curr\u00edculum de l\u2019ESO es complementa amb mat\u00e8ries optatives, segons les necessitats i interessos de cada alumne.<\/p>\n<p>Durant els tres primers cursos de l\u2019ESO es dediquen dues hores a la setmana per a les mat\u00e8ries optatives. Els alumnes cursen al llarg de l\u2019any dues o tres mat\u00e8ries, que s\u2019elegeixen segons els interessos i necessitats de cada alumne. L\u2019excepci\u00f3 \u00e9s els alumnes que opten per cursar <strong>Franc\u00e8s<\/strong>, que normalment ho fan de 1r a 4t curs. En aquest cas no fan cap altra mat\u00e8ria optativa fins a 4t d\u2019ESO.<\/p>\n<p>Les mat\u00e8ries optatives que oferim en aquest curs 2019\/2020 s\u00f3n:<\/p>\n<ul class=\"spip\">\n<li>1r d\u2019ESO:\n<ul class=\"spip\">\n<li>Segona llengua estrangera: Franc\u00e8s<\/li>\n<li><a href=\"https:\/\/agora.xtec.cat\/iesvallhebron\/categoria\/projectes\/hort\/\">Hort<\/a><\/li>\n<li><a href=\"https:\/\/agora.xtec.cat\/iesvallhebron\/categoria\/projectes\/descoberta-institut\/\">Projecte: Descoberta de l&#8217;Institut<\/a><\/li>\n<\/ul>\n<\/li>\n<li>2n d\u2019ESO:\n<ul class=\"spip\">\n<li>Segona llengua estrangera: Franc\u00e8s<\/li>\n<li><a href=\"https:\/\/agora.xtec.cat\/iesvallhebron\/categoria\/projectes\/enresidencia\/\">Projecte: Artistes en resid\u00e8ncia<\/a><\/li>\n<li>Teatre<\/li>\n<\/ul>\n<\/li>\n<li>3r d\u2019ESO:\n<ul class=\"spip\">\n<li>Segona llengua estrangera: Franc\u00e8s<\/li>\n<li>Projecte: Salvem la Terra!<\/li>\n<li>Emprenedoria<\/li>\n<li>Cultura cl\u00e0ssica<\/li>\n<\/ul>\n<\/li>\n<\/ul>\n<p>L\u2019estructura de mat\u00e8ries optatives a 4t d\u2019ESO \u00e9s for\u00e7a diferent. Cada optativa es cursa al llarg del curs durant 3 hores a la setmana. Les optatives a 4t d\u2019ESO tenen un car\u00e0cter, doncs, de <i>mat\u00e8ries de modalitat<\/i>, orientades cap al que l\u2019alumne vol fer en acabar l\u2019ESO. Cada alumne escull <strong>tres<\/strong> optatives entre la llista seg\u00fcent.<\/p>\n<ul class=\"spip\">\n<li>Biologia i geologia<\/li>\n<li>F\u00edsica i qu\u00edmica<\/li>\n<li>Tecnologia<\/li>\n<li>Educaci\u00f3 visual i pl\u00e0stica<\/li>\n<li>Inform\u00e0tica<\/li>\n<li>Llat\u00ed<\/li>\n<li>M\u00fasica<\/li>\n<li>Segona llengua estrangera: Franc\u00e8s<\/li>\n<li>Economia<\/li>\n<li>Filosofia<\/li>\n<\/ul>\n<p>A m\u00e9s d\u2019aquestes optatives, cada fam\u00edlia en el moment de la matr\u00edcula escull si el seu fill\/a ha de cursar <strong>Religi\u00f3<\/strong> o <strong>Cultura i valors \u00e8tics<\/strong>.<\/p>\n<p>Finalment, el curr\u00edculum de cada alumne es completa amb els <a class=\"spip_in\" href=\"http:\/\/agora.xtec.cat\/iesvallhebron\/estudis\/ensenyament-secundari-obligatori-eso\/treballs-de-sintesi\/\">treballs de s\u00edntesi<\/a>.<\/p>\n<\/div>\n<\/div>\n","protected":false},"excerpt":{"rendered":"<p>A banda de l\u2019estructura de mat\u00e8ries comunes el curr\u00edculum de l\u2019ESO es complementa amb mat\u00e8ries optatives, segons les necessitats i interessos de cada alumne. Durant els tres primers cursos de l\u2019ESO es dediquen dues hores a la setmana per a les mat\u00e8ries optatives. Els alumnes cursen al llarg de l\u2019any dues o tres mat\u00e8ries, que [&hellip;]<\/p>\n","protected":false},"author":1,"featured_media":0,"parent":447,"menu_order":3,"comment_status":"closed","ping_status":"closed","template":"page-templates\/side-menu.php","meta":{"_bbp_topic_count":0,"_bbp_reply_count":0,"_bbp_total_topic_count":0,"_bbp_total_reply_count":0,"_bbp_voice_count":0,"_bbp_anonymous_reply_count":0,"_bbp_topic_count_hidden":0,"_bbp_reply_count_hidden":0,"_bbp_forum_subforum_count":0,"site-sidebar-layout":"default","site-content-layout":"","ast-site-content-layout":"","site-content-style":"default","site-sidebar-style":"default","ast-global-header-display":"","ast-banner-title-visibility":"","ast-main-header-display":"","ast-hfb-above-header-display":"","ast-hfb-below-header-display":"","ast-hfb-mobile-header-display":"","site-post-title":"","ast-breadcrumbs-content":"","ast-featured-img":"","footer-sml-layout":"","theme-transparent-header-meta":"","adv-header-id-meta":"","stick-header-meta":"","header-above-stick-meta":"","header-main-stick-meta":"","header-below-stick-meta":"","astra-migrate-meta-layouts":"default","ast-page-background-enabled":"default","ast-page-background-meta":{"desktop":{"background-color":"var(--ast-global-color-4)","background-image":"","background-repeat":"repeat","background-position":"center center","background-size":"auto","background-attachment":"scroll","background-type":"","background-media":"","overlay-type":"","overlay-color":"","overlay-opacity":"","overlay-gradient":""},"tablet":{"background-color":"","background-image":"","background-repeat":"repeat","background-position":"center center","background-size":"auto","background-attachment":"scroll","background-type":"","background-media":"","overlay-type":"","overlay-color":"","overlay-opacity":"","overlay-gradient":""},"mobile":{"background-color":"","background-image":"","background-repeat":"repeat","background-position":"center center","background-size":"auto","background-attachment":"scroll","background-type":"","background-media":"","overlay-type":"","overlay-color":"","overlay-opacity":"","overlay-gradient":""}},"ast-content-background-meta":{"desktop":{"background-color":"var(--ast-global-color-5)","background-image":"","background-repeat":"repeat","background-position":"center center","background-size":"auto","background-attachment":"scroll","background-type":"","background-media":"","overlay-type":"","overlay-color":"","overlay-opacity":"","overlay-gradient":""},"tablet":{"background-color":"var(--ast-global-color-5)","background-image":"","background-repeat":"repeat","background-position":"center center","background-size":"auto","background-attachment":"scroll","background-type":"","background-media":"","overlay-type":"","overlay-color":"","overlay-opacity":"","overlay-gradient":""},"mobile":{"background-color":"var(--ast-global-color-5)","background-image":"","background-repeat":"repeat","background-position":"center center","background-size":"auto","background-attachment":"scroll","background-type":"","background-media":"","overlay-type":"","overlay-color":"","overlay-opacity":"","overlay-gradient":""}},"footnotes":""},"class_list":["post-1125","page","type-page","status-publish","hentry"],"post_mailing_queue_ids":[],"_links":{"self":[{"href":"https:\/\/agora.xtec.cat\/iesvallhebron\/wp-json\/wp\/v2\/pages\/1125","targetHints":{"allow":["GET"]}}],"collection":[{"href":"https:\/\/agora.xtec.cat\/iesvallhebron\/wp-json\/wp\/v2\/pages"}],"about":[{"href":"https:\/\/agora.xtec.cat\/iesvallhebron\/wp-json\/wp\/v2\/types\/page"}],"author":[{"embeddable":true,"href":"https:\/\/agora.xtec.cat\/iesvallhebron\/wp-json\/wp\/v2\/users\/1"}],"replies":[{"embeddable":true,"href":"https:\/\/agora.xtec.cat\/iesvallhebron\/wp-json\/wp\/v2\/comments?post=1125"}],"version-history":[{"count":3,"href":"https:\/\/agora.xtec.cat\/iesvallhebron\/wp-json\/wp\/v2\/pages\/1125\/revisions"}],"predecessor-version":[{"id":8878,"href":"https:\/\/agora.xtec.cat\/iesvallhebron\/wp-json\/wp\/v2\/pages\/1125\/revisions\/8878"}],"up":[{"embeddable":true,"href":"https:\/\/agora.xtec.cat\/iesvallhebron\/wp-json\/wp\/v2\/pages\/447"}],"wp:attachment":[{"href":"https:\/\/agora.xtec.cat\/iesvallhebron\/wp-json\/wp\/v2\/media?parent=1125"}],"curies":[{"name":"wp","href":"https:\/\/api.w.org\/{rel}","templated":true}]}}