{"id":1122,"date":"2016-08-04T17:52:31","date_gmt":"2016-08-04T16:52:31","guid":{"rendered":"http:\/\/agora.xtec.cat\/iesvallhebron\/?page_id=1122"},"modified":"2017-02-06T17:12:49","modified_gmt":"2017-02-06T16:12:49","slug":"curriculum-comu","status":"publish","type":"page","link":"https:\/\/agora.xtec.cat\/iesvallhebron\/estudis\/ensenyament-secundari-obligatori-eso\/curriculum-comu\/","title":{"rendered":"Curr\u00edculum com\u00fa"},"content":{"rendered":"<div class=\"surlignable\">\n<div class=\"texte\">\n<p>Tots els alumnes al llarg de l\u2019ESO cursen les mat\u00e8ries de la taula seg\u00fcent:<\/p>\n<table class=\"spip\" style=\"height: 621px;\" summary=\"Quadre-resum de les mat\u00e8ries comunes al llarg de l\u2019ESO\" width=\"592\">\n<caption>Distribuci\u00f3 de mat\u00e8ries comunes al llarg de l\u2019ESO, amb indicacions de quantes hores es dediquen a cada mat\u00e8ria en cada curs.;<br \/>\n<\/br><br \/>\n<\/caption>\n<thead>\n<tr class=\"row_first\" style=\"height: 32px;\">\n<th id=\"id9dba_c0\" style=\"height: 32px; width: 305px;\">Mat\u00e8ria<\/th>\n<th id=\"id9dba_c1\" style=\"height: 32px; text-align: center; width: 67px;\">1r curs<\/th>\n<th id=\"id9dba_c2\" style=\"height: 32px; text-align: center; width: 71px;\">2n curs<\/th>\n<th id=\"id9dba_c3\" style=\"height: 32px; text-align: center; width: 67px;\">3r curs<\/th>\n<th id=\"id9dba_c4\" style=\"height: 32px; text-align: center; width: 68px;\">4t curs<\/th>\n<\/tr>\n<\/thead>\n<tbody>\n<tr class=\"row_odd odd\" style=\"height: 31px;\">\n<td style=\"height: 31px; width: 305px;\" headers=\"id9dba_c0\">Llengua catalana i literatura<\/td>\n<td class=\"numeric \" style=\"text-align: center; height: 31px; width: 67px;\" headers=\"id9dba_c1\">3<\/td>\n<td class=\"numeric \" style=\"text-align: center; height: 31px; width: 71px;\" headers=\"id9dba_c2\">3<\/td>\n<td class=\"numeric \" style=\"text-align: center; height: 31px; width: 67px;\" headers=\"id9dba_c3\">3<\/td>\n<td class=\"numeric \" style=\"text-align: center; height: 31px; width: 68px;\" headers=\"id9dba_c4\">3<\/td>\n<\/tr>\n<tr class=\"row_even even\" style=\"height: 31px;\">\n<td style=\"height: 31px; width: 305px;\" headers=\"id9dba_c0\">Llengua castellana i literatura<\/td>\n<td class=\"numeric \" style=\"text-align: center; height: 31px; width: 67px;\" headers=\"id9dba_c1\">3<\/td>\n<td class=\"numeric \" style=\"text-align: center; height: 31px; width: 71px;\" headers=\"id9dba_c2\">3<\/td>\n<td class=\"numeric \" style=\"text-align: center; height: 31px; width: 67px;\" headers=\"id9dba_c3\">3<\/td>\n<td class=\"numeric \" style=\"text-align: center; height: 31px; width: 68px;\" headers=\"id9dba_c4\">3<\/td>\n<\/tr>\n<tr class=\"row_odd odd\" style=\"height: 31px;\">\n<td style=\"height: 31px; width: 305px;\" headers=\"id9dba_c0\">Llengua estrangera (Angl\u00e8s)<\/td>\n<td class=\"numeric \" style=\"text-align: center; height: 31px; width: 67px;\" headers=\"id9dba_c1\">3<\/td>\n<td class=\"numeric \" style=\"text-align: center; height: 31px; width: 71px;\" headers=\"id9dba_c2\">4<\/td>\n<td class=\"numeric \" style=\"text-align: center; height: 31px; width: 67px;\" headers=\"id9dba_c3\">3<\/td>\n<td class=\"numeric \" style=\"text-align: center; height: 31px; width: 68px;\" headers=\"id9dba_c4\">3<\/td>\n<\/tr>\n<tr class=\"row_even even\" style=\"height: 31px;\">\n<td style=\"height: 31px; width: 305px;\" headers=\"id9dba_c0\">Matem\u00e0tiques<\/td>\n<td class=\"numeric \" style=\"text-align: center; height: 31px; width: 67px;\" headers=\"id9dba_c1\">3<\/td>\n<td class=\"numeric \" style=\"text-align: center; height: 31px; width: 71px;\" headers=\"id9dba_c2\">4<\/td>\n<td class=\"numeric \" style=\"text-align: center; height: 31px; width: 67px;\" headers=\"id9dba_c3\">4<\/td>\n<td class=\"numeric \" style=\"text-align: center; height: 31px; width: 68px;\" headers=\"id9dba_c4\">4<\/td>\n<\/tr>\n<tr class=\"row_odd odd\" style=\"height: 31px;\">\n<td style=\"height: 31px; width: 305px;\" headers=\"id9dba_c0\">Ci\u00e8ncies de la naturalesa: biologia i geologia<\/td>\n<td class=\"numeric \" style=\"text-align: center; height: 31px; width: 67px;\" headers=\"id9dba_c1\">3<\/td>\n<td class=\"numeric \" style=\"text-align: center; height: 31px; width: 71px;\" headers=\"id9dba_c2\"><\/td>\n<td class=\"numeric \" style=\"text-align: center; height: 31px; width: 67px;\" headers=\"id9dba_c3\">\u00a02<\/td>\n<td class=\"numeric \" style=\"text-align: center; height: 31px; width: 68px;\" headers=\"id9dba_c4\"><\/td>\n<\/tr>\n<tr class=\"row_even even\" style=\"height: 31px;\">\n<td style=\"height: 31px; width: 305px;\" headers=\"id9dba_c0\">Ci\u00e8ncies de la naturalesa: f\u00edsica i qu\u00edmica<\/td>\n<td class=\"numeric \" style=\"text-align: center; height: 31px; width: 67px;\" headers=\"id9dba_c1\"><\/td>\n<td class=\"numeric \" style=\"text-align: center; height: 31px; width: 71px;\" headers=\"id9dba_c2\">\u00a03<\/td>\n<td class=\"numeric \" style=\"text-align: center; height: 31px; width: 67px;\" headers=\"id9dba_c3\">2<\/td>\n<td class=\"numeric \" style=\"text-align: center; height: 31px; width: 68px;\" headers=\"id9dba_c4\"><\/td>\n<\/tr>\n<tr class=\"row_odd odd\" style=\"height: 31px;\">\n<td style=\"height: 31px; width: 305px;\" headers=\"id9dba_c0\">Ci\u00e8ncies socials, geografia i hist\u00f2ria<\/td>\n<td class=\"numeric \" style=\"text-align: center; height: 31px; width: 67px;\" headers=\"id9dba_c1\">3<\/td>\n<td class=\"numeric \" style=\"text-align: center; height: 31px; width: 71px;\" headers=\"id9dba_c2\">3<\/td>\n<td class=\"numeric \" style=\"text-align: center; height: 31px; width: 67px;\" headers=\"id9dba_c3\">3<\/td>\n<td class=\"numeric \" style=\"text-align: center; height: 31px; width: 68px;\" headers=\"id9dba_c4\">3<\/td>\n<\/tr>\n<tr class=\"row_even even\" style=\"height: 31px;\">\n<td style=\"height: 31px; width: 305px;\" headers=\"id9dba_c0\">Educaci\u00f3 f\u00edsica<\/td>\n<td class=\"numeric \" style=\"text-align: center; height: 31px; width: 67px;\" headers=\"id9dba_c1\">2<\/td>\n<td class=\"numeric \" style=\"text-align: center; height: 31px; width: 71px;\" headers=\"id9dba_c2\">2<\/td>\n<td class=\"numeric \" style=\"text-align: center; height: 31px; width: 67px;\" headers=\"id9dba_c3\">2<\/td>\n<td class=\"numeric \" style=\"text-align: center; height: 31px; width: 68px;\" headers=\"id9dba_c4\">2<\/td>\n<\/tr>\n<tr class=\"row_odd odd\" style=\"height: 31px;\">\n<td style=\"height: 31px; width: 305px;\" headers=\"id9dba_c0\">M\u00fasica<\/td>\n<td class=\"numeric \" style=\"text-align: center; height: 31px; width: 67px;\" headers=\"id9dba_c1\">2<\/td>\n<td class=\"numeric \" style=\"text-align: center; height: 31px; width: 71px;\" headers=\"id9dba_c2\"><\/td>\n<td class=\"numeric \" style=\"text-align: center; height: 31px; width: 67px;\" headers=\"id9dba_c3\">2<\/td>\n<td class=\"numeric \" style=\"text-align: center; height: 31px; width: 68px;\" headers=\"id9dba_c4\"><\/td>\n<\/tr>\n<tr class=\"row_even even\" style=\"height: 31px;\">\n<td style=\"height: 31px; width: 305px;\" headers=\"id9dba_c0\">Educaci\u00f3 visual i pl\u00e0stica<\/td>\n<td class=\"numeric \" style=\"text-align: center; height: 31px; width: 67px;\" headers=\"id9dba_c1\">2<\/td>\n<td class=\"numeric \" style=\"text-align: center; height: 31px; width: 71px;\" headers=\"id9dba_c2\">\u00a02<\/td>\n<td class=\"numeric \" style=\"text-align: center; height: 31px; width: 67px;\" headers=\"id9dba_c3\"><\/td>\n<td class=\"numeric \" style=\"text-align: center; height: 31px; width: 68px;\" headers=\"id9dba_c4\"><\/td>\n<\/tr>\n<tr class=\"row_odd odd\" style=\"height: 31px;\">\n<td style=\"height: 31px; width: 305px;\" headers=\"id9dba_c0\">Tecnologia<\/td>\n<td class=\"numeric \" style=\"text-align: center; height: 31px; width: 67px;\" headers=\"id9dba_c1\">2<\/td>\n<td class=\"numeric \" style=\"text-align: center; height: 31px; width: 71px;\" headers=\"id9dba_c2\">2<\/td>\n<td class=\"numeric \" style=\"text-align: center; height: 31px; width: 67px;\" headers=\"id9dba_c3\">2<\/td>\n<td class=\"numeric \" style=\"text-align: center; height: 31px; width: 68px;\" headers=\"id9dba_c4\"><\/td>\n<\/tr>\n<tr class=\"row_even even\" style=\"height: 31px;\">\n<td style=\"height: 31px; width: 305px;\" headers=\"id9dba_c0\">Religi\u00f3 o cultura i valors \u00e8tics<\/td>\n<td class=\"numeric \" style=\"text-align: center; height: 31px; width: 67px;\" headers=\"id9dba_c1\">1<\/td>\n<td class=\"numeric \" style=\"text-align: center; height: 31px; width: 71px;\" headers=\"id9dba_c2\">1<\/td>\n<td class=\"numeric \" style=\"text-align: center; height: 31px; width: 67px;\" headers=\"id9dba_c3\">1<\/td>\n<td class=\"numeric \" style=\"text-align: center; height: 31px; width: 68px;\" headers=\"id9dba_c4\">1<\/td>\n<\/tr>\n<tr class=\"row_odd odd\" style=\"height: 31px;\">\n<td style=\"height: 31px; width: 305px;\" headers=\"id9dba_c0\">Treball de s\u00edntesi \/ Projecte de recerca<\/td>\n<td class=\"numeric \" style=\"text-align: center; height: 31px; width: 67px;\" headers=\"id9dba_c1\">(1)<\/td>\n<td class=\"numeric \" style=\"text-align: center; height: 31px; width: 71px;\" headers=\"id9dba_c2\">(1)<\/td>\n<td class=\"numeric \" style=\"text-align: center; height: 31px; width: 67px;\" headers=\"id9dba_c3\">(1)<\/td>\n<td class=\"numeric \" style=\"text-align: center; height: 31px; width: 68px;\" headers=\"id9dba_c4\">(1)<\/td>\n<\/tr>\n<tr class=\"row_odd odd\" style=\"height: 31px;\">\n<td style=\"height: 31px; width: 305px;\" headers=\"id9dba_c0\">Servei comunitari<\/td>\n<td class=\"numeric \" style=\"text-align: center; height: 31px; width: 67px;\" headers=\"id9dba_c1\"><\/td>\n<td class=\"numeric \" style=\"text-align: center; height: 31px; width: 71px;\" headers=\"id9dba_c2\"><\/td>\n<td class=\"numeric \" style=\"text-align: center; height: 31px; width: 67px;\" headers=\"id9dba_c3\">(1)<\/td>\n<td class=\"numeric \" style=\"text-align: center; height: 31px; width: 68px;\" headers=\"id9dba_c4\"><\/td>\n<\/tr>\n<tr class=\"row_odd odd\" style=\"height: 31px;\">\n<td style=\"height: 31px; width: 305px;\" headers=\"id9dba_c0\">Mat\u00e8ries espec\u00edfiques<\/td>\n<td class=\"numeric \" style=\"text-align: center; height: 31px; width: 67px;\" headers=\"id9dba_c1\">2<\/td>\n<td class=\"numeric \" style=\"text-align: center; height: 31px; width: 71px;\" headers=\"id9dba_c2\">2<\/td>\n<td class=\"numeric \" style=\"text-align: center; height: 31px; width: 67px;\" headers=\"id9dba_c3\">2<\/td>\n<td class=\"numeric \" style=\"text-align: center; height: 31px; width: 68px;\" headers=\"id9dba_c4\">2<\/td>\n<\/tr>\n<tr class=\"row_odd odd\" style=\"height: 31px;\">\n<td style=\"height: 31px; width: 305px;\" colspan=\"5\" headers=\"id9dba_c0\">\u00a0 \u00a0 \u00a0 \u00a0 \u00a0 \u00a0 \u00a0 \u00a0 \u00a0 \u00a0 \u00a0 \u00a0 \u00a0 \u00a0 \u00a0 \u00a0 \u00a0 \u00a0 \u00a0 \u00a0 \u00a0 \u00a0 \u00a0 \u00a0 \u00a0 \u00a0 \u00a0 \u00a0 \u00a0 \u00a0 \u00a0 \u00a0 \u00a0 \u00a0 \u00a0 \u00a0 \u00a0 \u00a0 \u00a0 \u00a0 \u00a0<sub>(1) Mat\u00e8ria obligat\u00f2ria sense c\u00e0rrega lectiva<\/sub><\/td>\n<\/tr>\n<\/tbody>\n<\/table>\n<p>&nbsp;<\/p>\n<p>A m\u00e9s, en cada curs els alumnes tenen una hora de tutoria.<\/p>\n<p>Aquestes mat\u00e8ries es complementen amb una oferta pr\u00f2pia de <a class=\"spip_in\" href=\"http:\/\/agora.xtec.cat\/iesvallhebron\/estudis\/ensenyament-secundari-obligatori-eso\/materies-optatives\/\">mat\u00e8ries optatives<\/a>.<\/p>\n<\/div>\n<\/div>\n","protected":false},"excerpt":{"rendered":"<p>Tots els alumnes al llarg de l\u2019ESO cursen les mat\u00e8ries de la taula seg\u00fcent: Distribuci\u00f3 de mat\u00e8ries comunes al llarg de l\u2019ESO, amb indicacions de quantes hores es dediquen a cada mat\u00e8ria en cada curs.; Mat\u00e8ria 1r curs 2n curs 3r curs 4t curs Llengua catalana i literatura 3 3 3 3 Llengua castellana i [&hellip;]<\/p>\n","protected":false},"author":1,"featured_media":0,"parent":447,"menu_order":2,"comment_status":"closed","ping_status":"closed","template":"page-templates\/side-menu.php","meta":{"_bbp_topic_count":0,"_bbp_reply_count":0,"_bbp_total_topic_count":0,"_bbp_total_reply_count":0,"_bbp_voice_count":0,"_bbp_anonymous_reply_count":0,"_bbp_topic_count_hidden":0,"_bbp_reply_count_hidden":0,"_bbp_forum_subforum_count":0,"site-sidebar-layout":"default","site-content-layout":"","ast-site-content-layout":"","site-content-style":"default","site-sidebar-style":"default","ast-global-header-display":"","ast-banner-title-visibility":"","ast-main-header-display":"","ast-hfb-above-header-display":"","ast-hfb-below-header-display":"","ast-hfb-mobile-header-display":"","site-post-title":"","ast-breadcrumbs-content":"","ast-featured-img":"","footer-sml-layout":"","theme-transparent-header-meta":"","adv-header-id-meta":"","stick-header-meta":"","header-above-stick-meta":"","header-main-stick-meta":"","header-below-stick-meta":"","astra-migrate-meta-layouts":"default","ast-page-background-enabled":"default","ast-page-background-meta":{"desktop":{"background-color":"var(--ast-global-color-4)","background-image":"","background-repeat":"repeat","background-position":"center center","background-size":"auto","background-attachment":"scroll","background-type":"","background-media":"","overlay-type":"","overlay-color":"","overlay-opacity":"","overlay-gradient":""},"tablet":{"background-color":"","background-image":"","background-repeat":"repeat","background-position":"center center","background-size":"auto","background-attachment":"scroll","background-type":"","background-media":"","overlay-type":"","overlay-color":"","overlay-opacity":"","overlay-gradient":""},"mobile":{"background-color":"","background-image":"","background-repeat":"repeat","background-position":"center center","background-size":"auto","background-attachment":"scroll","background-type":"","background-media":"","overlay-type":"","overlay-color":"","overlay-opacity":"","overlay-gradient":""}},"ast-content-background-meta":{"desktop":{"background-color":"var(--ast-global-color-5)","background-image":"","background-repeat":"repeat","background-position":"center center","background-size":"auto","background-attachment":"scroll","background-type":"","background-media":"","overlay-type":"","overlay-color":"","overlay-opacity":"","overlay-gradient":""},"tablet":{"background-color":"var(--ast-global-color-5)","background-image":"","background-repeat":"repeat","background-position":"center center","background-size":"auto","background-attachment":"scroll","background-type":"","background-media":"","overlay-type":"","overlay-color":"","overlay-opacity":"","overlay-gradient":""},"mobile":{"background-color":"var(--ast-global-color-5)","background-image":"","background-repeat":"repeat","background-position":"center center","background-size":"auto","background-attachment":"scroll","background-type":"","background-media":"","overlay-type":"","overlay-color":"","overlay-opacity":"","overlay-gradient":""}},"footnotes":""},"class_list":["post-1122","page","type-page","status-publish","hentry"],"post_mailing_queue_ids":[],"_links":{"self":[{"href":"https:\/\/agora.xtec.cat\/iesvallhebron\/wp-json\/wp\/v2\/pages\/1122","targetHints":{"allow":["GET"]}}],"collection":[{"href":"https:\/\/agora.xtec.cat\/iesvallhebron\/wp-json\/wp\/v2\/pages"}],"about":[{"href":"https:\/\/agora.xtec.cat\/iesvallhebron\/wp-json\/wp\/v2\/types\/page"}],"author":[{"embeddable":true,"href":"https:\/\/agora.xtec.cat\/iesvallhebron\/wp-json\/wp\/v2\/users\/1"}],"replies":[{"embeddable":true,"href":"https:\/\/agora.xtec.cat\/iesvallhebron\/wp-json\/wp\/v2\/comments?post=1122"}],"version-history":[{"count":4,"href":"https:\/\/agora.xtec.cat\/iesvallhebron\/wp-json\/wp\/v2\/pages\/1122\/revisions"}],"predecessor-version":[{"id":2441,"href":"https:\/\/agora.xtec.cat\/iesvallhebron\/wp-json\/wp\/v2\/pages\/1122\/revisions\/2441"}],"up":[{"embeddable":true,"href":"https:\/\/agora.xtec.cat\/iesvallhebron\/wp-json\/wp\/v2\/pages\/447"}],"wp:attachment":[{"href":"https:\/\/agora.xtec.cat\/iesvallhebron\/wp-json\/wp\/v2\/media?parent=1122"}],"curies":[{"name":"wp","href":"https:\/\/api.w.org\/{rel}","templated":true}]}}