{"id":1108,"date":"2016-08-04T09:35:15","date_gmt":"2016-08-04T08:35:15","guid":{"rendered":"http:\/\/agora.xtec.cat\/iesvallhebron\/?page_id=1108"},"modified":"2026-02-20T11:48:20","modified_gmt":"2026-02-20T10:48:20","slug":"estetica-integral-i-benestar","status":"publish","type":"page","link":"https:\/\/agora.xtec.cat\/iesvallhebron\/estudis\/cicles-formatius-de-grau-superior\/estetica-integral-i-benestar\/","title":{"rendered":"Est\u00e8tica integral i benestar"},"content":{"rendered":"\n<p class=\"has-ast-global-color-0-color has-text-color has-link-color has-medium-font-size wp-elements-8717405092a461e67207d46146d41c75\"><strong>En qu\u00e8 consisteix el cicle?<\/strong><\/p>\n\n\n\n<p>El cicle formatiu de grau superior <strong>d&#8217;Est\u00e8tica integral i benesta<\/strong>r consisteix en formar a&nbsp; professionals de l&#8217;est\u00e8tica per a dirigir i organitzar el desenvolupament dels serveis est\u00e8tics, planificar i fer tractaments est\u00e8tics relacionats amb la imatge i el benestar, i aplicar t\u00e8cniques est\u00e8tiques hidrotermals, depilaci\u00f3 i implantaci\u00f3 de pigments, assegurant-ne la qualitat, prevenci\u00f3 de riscos laborals i gesti\u00f3 ambiental.<\/p>\n\n\n\n<p class=\"has-ast-global-color-0-color has-text-color has-link-color has-medium-font-size wp-elements-b4be67bd3f3fe2796ef077cdea390fa3\"><strong>Quina durada t\u00e9 el cicle formatiu?<\/strong><\/p>\n\n\n\n<p><strong>2.000 hores<\/strong>&nbsp;distribu\u00efdes en 2 cursos acad\u00e8mics, de les quals,&nbsp;<strong>515 hores<\/strong>&nbsp;d\u2019estada a l\u2019empresa.<\/p>\n\n\n\n<p class=\"has-ast-global-color-0-color has-text-color has-link-color has-medium-font-size wp-elements-6ee31f438b4d5ccbd6e6bc96f6881419\"><strong>M\u00f2duls professionals<\/strong><\/p>\n\n\n\n<p>Detall dels m\u00f2duls que formen part del cicle formatiu, amb indicaci\u00f3 de les hores totals de cadascun, diferenciant els m\u00f2duls de primer curs i els de segon curs.<\/p>\n\n\n\n<figure class=\"wp-block-image alignleft size-full is-resized\"><img loading=\"lazy\" decoding=\"async\" width=\"715\" height=\"379\" src=\"https:\/\/agora.xtec.cat\/iesvallhebron\/wp-content\/uploads\/usu893\/2026\/02\/GS-Benestar-1r.png\" alt=\"\" class=\"wp-image-15916\" style=\"width:577px;height:auto\" srcset=\"https:\/\/agora.xtec.cat\/iesvallhebron\/wp-content\/uploads\/usu893\/2026\/02\/GS-Benestar-1r.png 715w, https:\/\/agora.xtec.cat\/iesvallhebron\/wp-content\/uploads\/usu893\/2026\/02\/GS-Benestar-1r-300x159.png 300w\" sizes=\"auto, (max-width: 715px) 100vw, 715px\" \/><\/figure>\n\n\n\n<div style=\"height:20px\" aria-hidden=\"true\" class=\"wp-block-spacer\"><\/div>\n\n\n\n<figure class=\"wp-block-image alignleft size-full is-resized\"><img loading=\"lazy\" decoding=\"async\" width=\"720\" height=\"340\" src=\"https:\/\/agora.xtec.cat\/iesvallhebron\/wp-content\/uploads\/usu893\/2026\/02\/GS-Benestar-2n.png\" alt=\"\" class=\"wp-image-15917\" style=\"width:576px;height:auto\" srcset=\"https:\/\/agora.xtec.cat\/iesvallhebron\/wp-content\/uploads\/usu893\/2026\/02\/GS-Benestar-2n.png 720w, https:\/\/agora.xtec.cat\/iesvallhebron\/wp-content\/uploads\/usu893\/2026\/02\/GS-Benestar-2n-300x142.png 300w\" sizes=\"auto, (max-width: 720px) 100vw, 720px\" \/><\/figure>\n\n\n\n<div style=\"height:38px\" aria-hidden=\"true\" class=\"wp-block-spacer\"><\/div>\n\n\n\n<p class=\"has-ast-global-color-0-color has-text-color has-link-color has-medium-font-size wp-elements-e48bed19d311a766506519b9288587b3\"><strong>Metodologia de treball<\/strong><\/p>\n\n\n\n<p>La metodologia del cicle \u00e9s <strong>te\u00f2rico-pr\u00e0ctica<\/strong>, combinant l\u2019aprenentatge te\u00f2ric a l\u2019aula amb l\u2019experi\u00e8ncia pr\u00e0ctica directa. Al centre disposem de <strong>tallers completament equipats<\/strong>, on l\u2019alumnat pot aplicar els coneixements adquirits en:<br>Tractaments facials i corporals amb&nbsp;<strong>aparatologia avan\u00e7ada<\/strong>.<\/p>\n\n\n\n<ul class=\"wp-block-list\">\n<li>Tractaments facials i corporals amb&nbsp;<strong>aparatologia avan\u00e7ada<\/strong>.<\/li>\n\n\n\n<li><strong>Massatges est\u00e8tics i drenatges<\/strong>, aix\u00ed com t\u00e8cniques sensorials i de pressi\u00f3.<\/li>\n\n\n\n<li><strong>Implantaci\u00f3 de pigments<\/strong>.<\/li>\n\n\n\n<li><strong>Depilaci\u00f3 avan\u00e7ada<\/strong>.<\/li>\n\n\n\n<li><strong>T\u00e8cniques hidrotermals<\/strong><\/li>\n<\/ul>\n\n\n\n<p><br>A m\u00e9s, la formaci\u00f3 es complementa amb <strong>pr\u00e0ctiques en empreses del sector<\/strong>, permetent a l\u2019alumnat con\u00e8ixer de primera m\u00e0 el funcionament real dels salons d\u2019est\u00e8tica, spas i centres de benestar, i aplicar les t\u00e8cniques i procediments apresos al centre en situacions professionals reals. Aquesta combinaci\u00f3 garanteix una preparaci\u00f3 integral i adaptada al m\u00f3n laboral.<br><br>El cicle \u00e9s d\u2019avaluaci\u00f3 continuada durant tot el curs lectiu.<\/p>\n\n\n\n<p class=\"has-ast-global-color-0-color has-text-color has-link-color has-medium-font-size wp-elements-82529afc7d6d2ad6615774f5467e354f\"><strong>Quines sortides professionals tens amb el cicle?<\/strong><\/p>\n\n\n\n<ul class=\"wp-block-list\">\n<li>Esteticista.<\/li>\n\n\n\n<li>Director t\u00e8cnic en empreses est\u00e8tiques, \u00e0rees d&#8217;imatge personal i de balnearis.<\/li>\n\n\n\n<li>T\u00e8cnic en tractaments est\u00e8tics integrals.<\/li>\n\n\n\n<li>Especialista en t\u00e8cniques hidroest\u00e8tiques.<\/li>\n\n\n\n<li>T\u00e8cnic en micropigmentaci\u00f3.<\/li>\n\n\n\n<li>T\u00e8cnic en depilaci\u00f3 mec\u00e0nica i avan\u00e7ada.<\/li>\n\n\n\n<li>T\u00e8cnic en aparells d&#8217;est\u00e8tica.<\/li>\n\n\n\n<li>T\u00e8cnic en massatges est\u00e8tics.<\/li>\n\n\n\n<li>T\u00e8cnic en drenatge limf\u00e0tic est\u00e8tic.<\/li>\n\n\n\n<li>Treballador qualificat en centres de medicina i cirurgia est\u00e8tica.<\/li>\n\n\n\n<li>T\u00e8cnic comercial.<\/li>\n\n\n\n<li>Assessor est\u00e8tic i cosm\u00e8tic.<\/li>\n\n\n\n<li>Formador t\u00e8cnic en est\u00e8tica.<\/li>\n<\/ul>\n\n\n\n<p class=\"has-ast-global-color-0-color has-text-color has-link-color has-medium-font-size wp-elements-2888f5b38ab8300ffddd70690019e510\"><strong>On pots treballar?<\/strong><\/p>\n\n\n\n<ul class=\"wp-block-list\">\n<li><strong>Salons d\u2019est\u00e8tica i centres de bellesa<\/strong>: realitzant tractaments facials, corporals, depilaci\u00f3, manicura i pedicura.<\/li>\n\n\n\n<li><strong>Spas i centres de benestar<\/strong>: aplicant tractaments de relaxaci\u00f3, massatges i t\u00e8cniques de benestar integral.<\/li>\n\n\n\n<li><strong>Centres de perruqueria i imatge personal<\/strong>: complementant serveis amb maquillatge i assessorament est\u00e8tic.<\/li>\n\n\n\n<li><strong>Institucions sanit\u00e0ries i reabilitaci\u00f3<\/strong>: col\u00b7laborant en ter\u00e0pies est\u00e8tiques dins de protocols de recuperaci\u00f3 o rehabilitaci\u00f3.<\/li>\n\n\n\n<li><strong>Empreses de cosm\u00e8tica i productes de bellesa<\/strong>: assessorament, demostraci\u00f3 de productes o formaci\u00f3 de personal.<\/li>\n\n\n\n<li>Establir el seu propi negoci de serveis d\u2019est\u00e8tica i benestar.<\/li>\n<\/ul>\n\n\n\n<h3 class=\"wp-block-heading has-ast-global-color-0-color has-text-color has-link-color has-medium-font-size wp-elements-586e19d075108bfed571e3d2a65da02f\"><strong>Com accedir-hi?<\/strong><\/h3>\n\n\n\n<ul class=\"wp-block-list\">\n<li><strong>Requisits:<\/strong><strong><br><\/strong>\n<ul class=\"wp-block-list\">\n<li>Batxillerat o CFGM relacionat<\/li>\n\n\n\n<li>Prova d\u2019acc\u00e9s per a majors de 19 anys (si no es compleixen els requisits acad\u00e8mics)<\/li>\n<\/ul>\n<\/li>\n<\/ul>\n","protected":false},"excerpt":{"rendered":"<p>En qu\u00e8 consisteix el cicle? El cicle formatiu de grau superior d&#8217;Est\u00e8tica integral i benestar consisteix en formar a&nbsp; professionals de l&#8217;est\u00e8tica per a dirigir i organitzar el desenvolupament dels serveis est\u00e8tics, planificar i fer tractaments est\u00e8tics relacionats amb la imatge i el benestar, i aplicar t\u00e8cniques est\u00e8tiques hidrotermals, depilaci\u00f3 i implantaci\u00f3 de pigments, assegurant-ne [&hellip;]<\/p>\n","protected":false},"author":1,"featured_media":0,"parent":975,"menu_order":4,"comment_status":"closed","ping_status":"closed","template":"page-templates\/side-menu.php","meta":{"_bbp_topic_count":0,"_bbp_reply_count":0,"_bbp_total_topic_count":0,"_bbp_total_reply_count":0,"_bbp_voice_count":0,"_bbp_anonymous_reply_count":0,"_bbp_topic_count_hidden":0,"_bbp_reply_count_hidden":0,"_bbp_forum_subforum_count":0,"site-sidebar-layout":"default","site-content-layout":"","ast-site-content-layout":"default","site-content-style":"default","site-sidebar-style":"default","ast-global-header-display":"","ast-banner-title-visibility":"","ast-main-header-display":"","ast-hfb-above-header-display":"","ast-hfb-below-header-display":"","ast-hfb-mobile-header-display":"","site-post-title":"","ast-breadcrumbs-content":"","ast-featured-img":"","footer-sml-layout":"","theme-transparent-header-meta":"","adv-header-id-meta":"","stick-header-meta":"","header-above-stick-meta":"","header-main-stick-meta":"","header-below-stick-meta":"","astra-migrate-meta-layouts":"set","ast-page-background-enabled":"default","ast-page-background-meta":{"desktop":{"background-color":"var(--ast-global-color-4)","background-image":"","background-repeat":"repeat","background-position":"center center","background-size":"auto","background-attachment":"scroll","background-type":"","background-media":"","overlay-type":"","overlay-color":"","overlay-opacity":"","overlay-gradient":""},"tablet":{"background-color":"","background-image":"","background-repeat":"repeat","background-position":"center center","background-size":"auto","background-attachment":"scroll","background-type":"","background-media":"","overlay-type":"","overlay-color":"","overlay-opacity":"","overlay-gradient":""},"mobile":{"background-color":"","background-image":"","background-repeat":"repeat","background-position":"center center","background-size":"auto","background-attachment":"scroll","background-type":"","background-media":"","overlay-type":"","overlay-color":"","overlay-opacity":"","overlay-gradient":""}},"ast-content-background-meta":{"desktop":{"background-color":"var(--ast-global-color-5)","background-image":"","background-repeat":"repeat","background-position":"center center","background-size":"auto","background-attachment":"scroll","background-type":"","background-media":"","overlay-type":"","overlay-color":"","overlay-opacity":"","overlay-gradient":""},"tablet":{"background-color":"var(--ast-global-color-5)","background-image":"","background-repeat":"repeat","background-position":"center center","background-size":"auto","background-attachment":"scroll","background-type":"","background-media":"","overlay-type":"","overlay-color":"","overlay-opacity":"","overlay-gradient":""},"mobile":{"background-color":"var(--ast-global-color-5)","background-image":"","background-repeat":"repeat","background-position":"center center","background-size":"auto","background-attachment":"scroll","background-type":"","background-media":"","overlay-type":"","overlay-color":"","overlay-opacity":"","overlay-gradient":""}},"footnotes":""},"class_list":["post-1108","page","type-page","status-publish","hentry"],"post_mailing_queue_ids":[],"_links":{"self":[{"href":"https:\/\/agora.xtec.cat\/iesvallhebron\/wp-json\/wp\/v2\/pages\/1108","targetHints":{"allow":["GET"]}}],"collection":[{"href":"https:\/\/agora.xtec.cat\/iesvallhebron\/wp-json\/wp\/v2\/pages"}],"about":[{"href":"https:\/\/agora.xtec.cat\/iesvallhebron\/wp-json\/wp\/v2\/types\/page"}],"author":[{"embeddable":true,"href":"https:\/\/agora.xtec.cat\/iesvallhebron\/wp-json\/wp\/v2\/users\/1"}],"replies":[{"embeddable":true,"href":"https:\/\/agora.xtec.cat\/iesvallhebron\/wp-json\/wp\/v2\/comments?post=1108"}],"version-history":[{"count":7,"href":"https:\/\/agora.xtec.cat\/iesvallhebron\/wp-json\/wp\/v2\/pages\/1108\/revisions"}],"predecessor-version":[{"id":15939,"href":"https:\/\/agora.xtec.cat\/iesvallhebron\/wp-json\/wp\/v2\/pages\/1108\/revisions\/15939"}],"up":[{"embeddable":true,"href":"https:\/\/agora.xtec.cat\/iesvallhebron\/wp-json\/wp\/v2\/pages\/975"}],"wp:attachment":[{"href":"https:\/\/agora.xtec.cat\/iesvallhebron\/wp-json\/wp\/v2\/media?parent=1108"}],"curies":[{"name":"wp","href":"https:\/\/api.w.org\/{rel}","templated":true}]}}