{"id":1075,"date":"2016-08-04T07:48:52","date_gmt":"2016-08-04T06:48:52","guid":{"rendered":"http:\/\/agora.xtec.cat\/iesvallhebron\/?page_id=1075"},"modified":"2026-02-20T11:44:52","modified_gmt":"2026-02-20T10:44:52","slug":"perruqueria-i-cosmetica-capillar","status":"publish","type":"page","link":"https:\/\/agora.xtec.cat\/iesvallhebron\/estudis\/cicles-formatius-de-grau-mitja\/perruqueria-i-cosmetica-capillar\/","title":{"rendered":"Cicle formatiu de grau mitj\u00e0 de perruqueria i cosm\u00e8tica capi\u0140lar"},"content":{"rendered":"\n<p class=\"has-ast-global-color-0-color has-text-color has-link-color has-medium-font-size wp-elements-8717405092a461e67207d46146d41c75\"><strong>En qu\u00e8 consisteix el cicle?<\/strong><\/p>\n\n\n\n<p>El <strong>Cicle Formatiu de Grau Mitj\u00e0 de Perruqueria i Cosm\u00e8tica Capil\u00b7lar<\/strong> capacita l\u2019alumnat per realitzar serveis de perruqueria i cosm\u00e8tica capil\u00b7lar, com el tall, el pentinat, la coloraci\u00f3, els canvis de forma del cabell i els tractaments capil\u00b7lars, aix\u00ed com serveis b\u00e0sics d\u2019est\u00e8tica complement\u00e0ria.<\/p>\n\n\n\n<p>L\u2019alumnat apr\u00e8n a analitzar el cabell i el cuir cabellut, seleccionar i aplicar t\u00e8cniques i productes adequats, assessorar i atendre correctament el client o clienta, i executar els serveis amb criteris de qualitat, higiene i seguretat, complint les normes de prevenci\u00f3 de riscos laborals i de protecci\u00f3 mediambiental, i desenvolupant les compet\u00e8ncies professionals necess\u00e0ries per a la inserci\u00f3 al m\u00f3n laboral i la continu\u00eftat formativa.<\/p>\n\n\n\n<p class=\"has-ast-global-color-0-color has-text-color has-link-color has-medium-font-size wp-elements-b4be67bd3f3fe2796ef077cdea390fa3\"><strong>Quina durada t\u00e9 el cicle formatiu?<\/strong><\/p>\n\n\n\n<p><strong>2.000 hores<\/strong>&nbsp;distribu\u00efdes en 2 cursos acad\u00e8mics, de les quals,&nbsp;<strong>515 hores<\/strong>&nbsp;d\u2019estada a l\u2019empresa.<\/p>\n\n\n\n<p class=\"has-ast-global-color-0-color has-text-color has-link-color has-medium-font-size wp-elements-6ee31f438b4d5ccbd6e6bc96f6881419\"><strong>M\u00f2duls professionals<\/strong><\/p>\n\n\n\n<p>Detall dels m\u00f2duls que formen part del cicle formatiu, amb indicaci\u00f3 de les hores totals de cadascun, diferenciant els m\u00f2duls de primer curs i els de segon curs.<\/p>\n\n\n\n<figure class=\"wp-block-image alignleft size-full is-resized\"><img loading=\"lazy\" decoding=\"async\" width=\"898\" height=\"430\" src=\"https:\/\/agora.xtec.cat\/iesvallhebron\/wp-content\/uploads\/usu893\/2026\/02\/GM-Perruqueria-1r-.png\" alt=\"\" class=\"wp-image-15880\" style=\"width:664px;height:auto\" srcset=\"https:\/\/agora.xtec.cat\/iesvallhebron\/wp-content\/uploads\/usu893\/2026\/02\/GM-Perruqueria-1r-.png 898w, https:\/\/agora.xtec.cat\/iesvallhebron\/wp-content\/uploads\/usu893\/2026\/02\/GM-Perruqueria-1r--300x144.png 300w, https:\/\/agora.xtec.cat\/iesvallhebron\/wp-content\/uploads\/usu893\/2026\/02\/GM-Perruqueria-1r--768x368.png 768w\" sizes=\"auto, (max-width: 898px) 100vw, 898px\" \/><\/figure>\n\n\n\n<div style=\"height:30px\" aria-hidden=\"true\" class=\"wp-block-spacer\"><\/div>\n\n\n\n<figure class=\"wp-block-image alignleft size-full is-resized\"><img loading=\"lazy\" decoding=\"async\" width=\"900\" height=\"471\" src=\"https:\/\/agora.xtec.cat\/iesvallhebron\/wp-content\/uploads\/usu893\/2026\/02\/GM-Perruqueria-2n.png\" alt=\"\" class=\"wp-image-15881\" style=\"width:673px;height:auto\" srcset=\"https:\/\/agora.xtec.cat\/iesvallhebron\/wp-content\/uploads\/usu893\/2026\/02\/GM-Perruqueria-2n.png 900w, https:\/\/agora.xtec.cat\/iesvallhebron\/wp-content\/uploads\/usu893\/2026\/02\/GM-Perruqueria-2n-300x157.png 300w, https:\/\/agora.xtec.cat\/iesvallhebron\/wp-content\/uploads\/usu893\/2026\/02\/GM-Perruqueria-2n-768x402.png 768w\" sizes=\"auto, (max-width: 900px) 100vw, 900px\" \/><\/figure>\n\n\n\n<div style=\"height:41px\" aria-hidden=\"true\" class=\"wp-block-spacer\"><\/div>\n\n\n\n<p class=\"has-ast-global-color-0-color has-text-color has-link-color has-medium-font-size wp-elements-e48bed19d311a766506519b9288587b3\"><strong>Metodologia de treball<\/strong><\/p>\n\n\n\n<p><strong>Aprendr\u00e0s combinant la pr\u00e0ctica i la teoria<\/strong>, combinant de manera equilibrada la formaci\u00f3 te\u00f2rica amb una pr\u00e0ctica constant i aplicada. El centre disposa d&#8217;instal\u00b7lacions preprades per la pr\u00e0ctica, amb cinc tallers equipats amb material i equipament professional, que permeten desenvolupar les compet\u00e8ncies en un entorn realista i proper al m\u00f3n laboral.<br><br>L\u2019alumnat realitza pr\u00e0ctica di\u00e0ria amb servei a clientela externa, fet que afavoreix l\u2019adquisici\u00f3 d\u2019habilitats t\u00e8cniques, comunicatives i professionals. A m\u00e9s, participa en projectes exigents i motivadors que fomenten la millora cont\u00ednua, la creativitat i la superaci\u00f3 personal, com el concurs <em>CatSkills<\/em> o la <em>desfilada X-Elements<\/em>.<br><br>L\u2019aprenentatge es completa amb activitats dins i fora de l\u2019institut, la participaci\u00f3 en projectes de diversa tipologia, classes te\u00f2riques i sortides pedag\u00f2giques relacionades tant amb els m\u00f2duls professionals com amb els m\u00f2duls generals, afavorint una formaci\u00f3 integral i de qualitat.<\/p>\n\n\n\n<p class=\"has-ast-global-color-0-color has-text-color has-link-color has-medium-font-size wp-elements-82529afc7d6d2ad6615774f5467e354f\"><strong>Quines sortides professionals tens amb el cicle?<\/strong><\/p>\n\n\n\n<ul class=\"wp-block-list\">\n<li>Perruquer\/a en salons de perruqueria.<\/li>\n\n\n\n<li>T\u00e8cnic\/a en coloraci\u00f3 i tractaments capil\u00b7lars.<\/li>\n\n\n\n<li>Ajudant\/a de perruqueria.<\/li>\n\n\n\n<li>Especialista en pentinats i recollits.<\/li>\n\n\n\n<li>Barber\/a \/ perruqueria masculina.<\/li>\n\n\n\n<li>T\u00e8cnic\/a en cures est\u00e8tiques del cabell i el cuir cabellut.<\/li>\n\n\n\n<li>T\u00e8cnic\/a en venda de productes de perruqueria i cosm\u00e8tica capil\u00b7lar.<\/li>\n\n\n\n<li>Assessor\/a d\u2019imatge capil\u00b7lar en establiments especialitzats.<\/li>\n\n\n\n<li>Treballador\/a en empreses del sector de la imatge personal, com salons, centres d\u2019est\u00e8tica, spas, perruqueries d\u2019hotels o produccions vinculades a moda i espectacles.<\/li>\n<\/ul>\n\n\n\n<p class=\"has-ast-global-color-0-color has-text-color has-link-color has-medium-font-size wp-elements-b3ff792cf2a04c6ef1a5f235eb5a601f\"><strong>Quina continu\u00eftat educativa permet el cicle?<\/strong><\/p>\n\n\n\n<ul class=\"wp-block-list\">\n<li>Acc\u00e9s al batxillerat<\/li>\n\n\n\n<li>Acc\u00e9s a altres cicles formatius de grau mitj\u00e0<\/li>\n\n\n\n<li>Acc\u00e9s a cicles formatius de grau superior<\/li>\n<\/ul>\n\n\n\n<h3 class=\"wp-block-heading has-ast-global-color-0-color has-text-color has-link-color has-medium-font-size wp-elements-586e19d075108bfed571e3d2a65da02f\"><strong>Com accedir-hi?<\/strong><\/h3>\n\n\n\n<ul class=\"wp-block-list\">\n<li><strong>Requisits:<\/strong>\n<ul class=\"wp-block-list\">\n<li>El <strong>t\u00edtol de Graduat\/ada en Educaci\u00f3 Secund\u00e0ria Obligat\u00f2ria (ESO)<\/strong> o un <strong>nivell acad\u00e8mic superior<\/strong>.<\/li>\n\n\n\n<li>Un <strong>t\u00edtol Professional B\u00e0sic<\/strong> (FP de grau b\u00e0sic) o PFI.<\/li>\n\n\n\n<li>Un <strong>t\u00edtol de T\u00e8cnic\/a, T\u00e8cnic\/a Auxiliar o un altre t\u00edtol equivalent<\/strong> a efectes acad\u00e8mics.<\/li>\n\n\n\n<li>P<strong>rova d\u2019acc\u00e9s als cicles formatius de grau mitj\u00e0<\/strong>, tenint <strong>com a m\u00ednim 17 anys<\/strong> complerts durant l\u2019any en qu\u00e8 es realitza la prova. Prova d\u2019acc\u00e9s per a majors de 19 anys (si no es compleixen els requisits acad\u00e8mics)<\/li>\n<\/ul>\n<\/li>\n<\/ul>\n\n\n\n<p class=\"has-black-color has-text-color has-link-color has-small-font-size wp-elements-fda5219e57c5e39af04793b491c56396\"><\/p>\n\n\n<div style=\"width: 640px;\" class=\"wp-video\"><!--[if lt IE 9]><script>document.createElement('video');<\/script><![endif]-->\n<video class=\"wp-video-shortcode\" id=\"video-1075-1\" width=\"640\" height=\"640\" preload=\"metadata\" controls=\"controls\"><source type=\"video\/mp4\" src=\"https:\/\/agora.xtec.cat\/iesvallhebron\/wp-content\/uploads\/usu893\/2020\/05\/Imatg.Personal-Portes-obertes.mp4?_=1\" \/><a href=\"https:\/\/agora.xtec.cat\/iesvallhebron\/wp-content\/uploads\/usu893\/2020\/05\/Imatg.Personal-Portes-obertes.mp4\">https:\/\/agora.xtec.cat\/iesvallhebron\/wp-content\/uploads\/usu893\/2020\/05\/Imatg.Personal-Portes-obertes.mp4<\/a><\/video><\/div>","protected":false},"excerpt":{"rendered":"<p>En qu\u00e8 consisteix el cicle? El Cicle Formatiu de Grau Mitj\u00e0 de Perruqueria i Cosm\u00e8tica Capil\u00b7lar capacita l\u2019alumnat per realitzar serveis de perruqueria i cosm\u00e8tica capil\u00b7lar, com el tall, el pentinat, la coloraci\u00f3, els canvis de forma del cabell i els tractaments capil\u00b7lars, aix\u00ed com serveis b\u00e0sics d\u2019est\u00e8tica complement\u00e0ria. L\u2019alumnat apr\u00e8n a analitzar el cabell [&hellip;]<\/p>\n","protected":false},"author":1,"featured_media":0,"parent":1041,"menu_order":4,"comment_status":"closed","ping_status":"closed","template":"page-templates\/side-menu.php","meta":{"_bbp_topic_count":0,"_bbp_reply_count":0,"_bbp_total_topic_count":0,"_bbp_total_reply_count":0,"_bbp_voice_count":0,"_bbp_anonymous_reply_count":0,"_bbp_topic_count_hidden":0,"_bbp_reply_count_hidden":0,"_bbp_forum_subforum_count":0,"site-sidebar-layout":"default","site-content-layout":"","ast-site-content-layout":"default","site-content-style":"default","site-sidebar-style":"default","ast-global-header-display":"","ast-banner-title-visibility":"","ast-main-header-display":"","ast-hfb-above-header-display":"","ast-hfb-below-header-display":"","ast-hfb-mobile-header-display":"","site-post-title":"","ast-breadcrumbs-content":"","ast-featured-img":"","footer-sml-layout":"","theme-transparent-header-meta":"","adv-header-id-meta":"","stick-header-meta":"","header-above-stick-meta":"","header-main-stick-meta":"","header-below-stick-meta":"","astra-migrate-meta-layouts":"set","ast-page-background-enabled":"default","ast-page-background-meta":{"desktop":{"background-color":"var(--ast-global-color-4)","background-image":"","background-repeat":"repeat","background-position":"center center","background-size":"auto","background-attachment":"scroll","background-type":"","background-media":"","overlay-type":"","overlay-color":"","overlay-opacity":"","overlay-gradient":""},"tablet":{"background-color":"","background-image":"","background-repeat":"repeat","background-position":"center center","background-size":"auto","background-attachment":"scroll","background-type":"","background-media":"","overlay-type":"","overlay-color":"","overlay-opacity":"","overlay-gradient":""},"mobile":{"background-color":"","background-image":"","background-repeat":"repeat","background-position":"center center","background-size":"auto","background-attachment":"scroll","background-type":"","background-media":"","overlay-type":"","overlay-color":"","overlay-opacity":"","overlay-gradient":""}},"ast-content-background-meta":{"desktop":{"background-color":"var(--ast-global-color-5)","background-image":"","background-repeat":"repeat","background-position":"center center","background-size":"auto","background-attachment":"scroll","background-type":"","background-media":"","overlay-type":"","overlay-color":"","overlay-opacity":"","overlay-gradient":""},"tablet":{"background-color":"var(--ast-global-color-5)","background-image":"","background-repeat":"repeat","background-position":"center center","background-size":"auto","background-attachment":"scroll","background-type":"","background-media":"","overlay-type":"","overlay-color":"","overlay-opacity":"","overlay-gradient":""},"mobile":{"background-color":"var(--ast-global-color-5)","background-image":"","background-repeat":"repeat","background-position":"center center","background-size":"auto","background-attachment":"scroll","background-type":"","background-media":"","overlay-type":"","overlay-color":"","overlay-opacity":"","overlay-gradient":""}},"footnotes":""},"class_list":["post-1075","page","type-page","status-publish","hentry"],"post_mailing_queue_ids":[],"_links":{"self":[{"href":"https:\/\/agora.xtec.cat\/iesvallhebron\/wp-json\/wp\/v2\/pages\/1075","targetHints":{"allow":["GET"]}}],"collection":[{"href":"https:\/\/agora.xtec.cat\/iesvallhebron\/wp-json\/wp\/v2\/pages"}],"about":[{"href":"https:\/\/agora.xtec.cat\/iesvallhebron\/wp-json\/wp\/v2\/types\/page"}],"author":[{"embeddable":true,"href":"https:\/\/agora.xtec.cat\/iesvallhebron\/wp-json\/wp\/v2\/users\/1"}],"replies":[{"embeddable":true,"href":"https:\/\/agora.xtec.cat\/iesvallhebron\/wp-json\/wp\/v2\/comments?post=1075"}],"version-history":[{"count":7,"href":"https:\/\/agora.xtec.cat\/iesvallhebron\/wp-json\/wp\/v2\/pages\/1075\/revisions"}],"predecessor-version":[{"id":15936,"href":"https:\/\/agora.xtec.cat\/iesvallhebron\/wp-json\/wp\/v2\/pages\/1075\/revisions\/15936"}],"up":[{"embeddable":true,"href":"https:\/\/agora.xtec.cat\/iesvallhebron\/wp-json\/wp\/v2\/pages\/1041"}],"wp:attachment":[{"href":"https:\/\/agora.xtec.cat\/iesvallhebron\/wp-json\/wp\/v2\/media?parent=1075"}],"curies":[{"name":"wp","href":"https:\/\/api.w.org\/{rel}","templated":true}]}}