{"id":1041,"date":"2016-08-04T06:40:52","date_gmt":"2016-08-04T05:40:52","guid":{"rendered":"http:\/\/agora.xtec.cat\/iesvallhebron\/?page_id=1041"},"modified":"2026-01-23T16:36:33","modified_gmt":"2026-01-23T15:36:33","slug":"cicles-formatius-de-grau-mitja","status":"publish","type":"page","link":"https:\/\/agora.xtec.cat\/iesvallhebron\/estudis\/cicles-formatius-de-grau-mitja\/","title":{"rendered":"Cicles Formatius de Grau Mitj\u00e0 (CFGM)"},"content":{"rendered":"\n<p>Els Cicles Formatius de Grau Mitj\u00e0 s\u00f3n estudis de formaci\u00f3 professional que permeten obtenir el t\u00edtol de T\u00e8cnic o T\u00e8cnica en la especialitat corresponent. De manera general, tenen una durada de 2.000 hores.<\/p>\n\n\n\n<p>L\u2019acc\u00e9s a aquests estudis es pot fer amb el t\u00edtol de graduat o graduada en ESO, o b\u00e9 amb altres titulacions equivalents o superiors (T\u00e8cnic\/a B\u00e0sic\/a, T\u00e8cnic\/a, T\u00e8cnic\/a Superior, T\u00e8cnic\/a Auxiliar, Batxillerat, entre d\u2019altres). Tamb\u00e9 s\u2019hi pot accedir mitjan\u00e7ant un certificat de professionalitat vinculat al cicle, un curs espec\u00edfic de preparaci\u00f3 per a l\u2019acc\u00e9s a grau mitj\u00e0 o superant una prova d\u2019acc\u00e9s.<\/p>\n\n\n\n<p>Per ampliar la informaci\u00f3 sobre les diferents vies d\u2019acc\u00e9s o el c\u00e0lcul de la nota de l\u2019ESO, es pot consultar el web del Departament d\u2019Educaci\u00f3 i Formaci\u00f3 Professional.<\/p>\n\n\n\n<div class=\"wp-block-buttons is-content-justification-center is-layout-flex wp-container-core-buttons-is-layout-1 wp-block-buttons-is-layout-flex\">\n<div class=\"wp-block-button\"><a class=\"wp-block-button__link has-text-align-center wp-element-button\" href=\"https:\/\/preinscripcio.gencat.cat\/ca\/estudis\/fp-grau-mitja\/informat\/criteris-assignacio\/\" target=\"_blank\" rel=\"noreferrer noopener\">Vies d&#8217;acc\u00e8s <\/a><\/div>\n\n\n\n<div class=\"wp-block-button\"><a class=\"wp-block-button__link wp-element-button\" href=\"https:\/\/preinscripcio.gencat.cat\/ca\/estudis\/calculs-preinscripcio\/mitjana-eso-preinscripcio-fpgm-batxillerat\/qualificacio-mitjana-eso-preinscricio-fpgm\/\" target=\"_blank\" rel=\"noreferrer noopener\">C\u00e0lcul nota ESO<\/a><\/div>\n<\/div>\n\n\n\n<p>L\u2019Institut ofereix els seg\u00fcents Cicles de Grau Mitj\u00e0:<\/p>\n\n\n\n<ul class=\"wp-block-list\">\n<li><a href=\"http:\/\/agora.xtec.cat\/iesvallhebron\/estudis\/cicles-formatius\/cicles-formatius-de-grau-mitja\/guia-medi-natural-lleure\/\">Guia en el medi natural i de temps de lleure<\/a> &#8211; mat\u00ed<\/li>\n\n\n\n<li><a href=\"http:\/\/agora.xtec.cat\/iesvallhebron\/estudis\/cicles-formatius\/cicles-formatius-de-grau-mitja\/perruqueria-i-cosmetica-capillar\/\">Perruqueria i cosm\u00e8tica capi\u0140lar<\/a> <em>&#8211; <\/em>grup de mat\u00ed i grup de tarda<\/li>\n\n\n\n<li><a href=\"http:\/\/agora.xtec.cat\/iesvallhebron\/estudis\/cicles-formatius\/cicles-formatius-de-grau-mitja\/estetica-i-bellesa\/\">Est\u00e8tica i bellesa<\/a> <em>&#8211; <\/em>grups de mat\u00ed i grups de tarda<\/li>\n<\/ul>\n","protected":false},"excerpt":{"rendered":"<p>Els Cicles Formatius de Grau Mitj\u00e0 s\u00f3n estudis de formaci\u00f3 professional que permeten obtenir el t\u00edtol de T\u00e8cnic o T\u00e8cnica en la especialitat corresponent. De manera general, tenen una durada de 2.000 hores. L\u2019acc\u00e9s a aquests estudis es pot fer amb el t\u00edtol de graduat o graduada en ESO, o b\u00e9 amb altres titulacions equivalents [&hellip;]<\/p>\n","protected":false},"author":1,"featured_media":0,"parent":195,"menu_order":3,"comment_status":"closed","ping_status":"closed","template":"page-templates\/side-menu.php","meta":{"_bbp_topic_count":0,"_bbp_reply_count":0,"_bbp_total_topic_count":0,"_bbp_total_reply_count":0,"_bbp_voice_count":0,"_bbp_anonymous_reply_count":0,"_bbp_topic_count_hidden":0,"_bbp_reply_count_hidden":0,"_bbp_forum_subforum_count":0,"site-sidebar-layout":"default","site-content-layout":"","ast-site-content-layout":"default","site-content-style":"default","site-sidebar-style":"default","ast-global-header-display":"","ast-banner-title-visibility":"","ast-main-header-display":"","ast-hfb-above-header-display":"","ast-hfb-below-header-display":"","ast-hfb-mobile-header-display":"","site-post-title":"","ast-breadcrumbs-content":"","ast-featured-img":"","footer-sml-layout":"","theme-transparent-header-meta":"","adv-header-id-meta":"","stick-header-meta":"","header-above-stick-meta":"","header-main-stick-meta":"","header-below-stick-meta":"","astra-migrate-meta-layouts":"set","ast-page-background-enabled":"default","ast-page-background-meta":{"desktop":{"background-color":"var(--ast-global-color-4)","background-image":"","background-repeat":"repeat","background-position":"center center","background-size":"auto","background-attachment":"scroll","background-type":"","background-media":"","overlay-type":"","overlay-color":"","overlay-opacity":"","overlay-gradient":""},"tablet":{"background-color":"","background-image":"","background-repeat":"repeat","background-position":"center center","background-size":"auto","background-attachment":"scroll","background-type":"","background-media":"","overlay-type":"","overlay-color":"","overlay-opacity":"","overlay-gradient":""},"mobile":{"background-color":"","background-image":"","background-repeat":"repeat","background-position":"center center","background-size":"auto","background-attachment":"scroll","background-type":"","background-media":"","overlay-type":"","overlay-color":"","overlay-opacity":"","overlay-gradient":""}},"ast-content-background-meta":{"desktop":{"background-color":"var(--ast-global-color-5)","background-image":"","background-repeat":"repeat","background-position":"center center","background-size":"auto","background-attachment":"scroll","background-type":"","background-media":"","overlay-type":"","overlay-color":"","overlay-opacity":"","overlay-gradient":""},"tablet":{"background-color":"var(--ast-global-color-5)","background-image":"","background-repeat":"repeat","background-position":"center center","background-size":"auto","background-attachment":"scroll","background-type":"","background-media":"","overlay-type":"","overlay-color":"","overlay-opacity":"","overlay-gradient":""},"mobile":{"background-color":"var(--ast-global-color-5)","background-image":"","background-repeat":"repeat","background-position":"center center","background-size":"auto","background-attachment":"scroll","background-type":"","background-media":"","overlay-type":"","overlay-color":"","overlay-opacity":"","overlay-gradient":""}},"footnotes":""},"class_list":["post-1041","page","type-page","status-publish","hentry"],"post_mailing_queue_ids":[],"_links":{"self":[{"href":"https:\/\/agora.xtec.cat\/iesvallhebron\/wp-json\/wp\/v2\/pages\/1041","targetHints":{"allow":["GET"]}}],"collection":[{"href":"https:\/\/agora.xtec.cat\/iesvallhebron\/wp-json\/wp\/v2\/pages"}],"about":[{"href":"https:\/\/agora.xtec.cat\/iesvallhebron\/wp-json\/wp\/v2\/types\/page"}],"author":[{"embeddable":true,"href":"https:\/\/agora.xtec.cat\/iesvallhebron\/wp-json\/wp\/v2\/users\/1"}],"replies":[{"embeddable":true,"href":"https:\/\/agora.xtec.cat\/iesvallhebron\/wp-json\/wp\/v2\/comments?post=1041"}],"version-history":[{"count":5,"href":"https:\/\/agora.xtec.cat\/iesvallhebron\/wp-json\/wp\/v2\/pages\/1041\/revisions"}],"predecessor-version":[{"id":15699,"href":"https:\/\/agora.xtec.cat\/iesvallhebron\/wp-json\/wp\/v2\/pages\/1041\/revisions\/15699"}],"up":[{"embeddable":true,"href":"https:\/\/agora.xtec.cat\/iesvallhebron\/wp-json\/wp\/v2\/pages\/195"}],"wp:attachment":[{"href":"https:\/\/agora.xtec.cat\/iesvallhebron\/wp-json\/wp\/v2\/media?parent=1041"}],"curies":[{"name":"wp","href":"https:\/\/api.w.org\/{rel}","templated":true}]}}