{"id":1029,"date":"2016-08-04T06:12:41","date_gmt":"2016-08-04T05:12:41","guid":{"rendered":"http:\/\/agora.xtec.cat\/iesvallhebron\/?page_id=1029"},"modified":"2026-02-20T12:21:53","modified_gmt":"2026-02-20T11:21:53","slug":"auxiliar-en-imatge-personal","status":"publish","type":"page","link":"https:\/\/agora.xtec.cat\/iesvallhebron\/estudis\/programes-de-formacio-i-insercio\/auxiliar-en-imatge-personal\/","title":{"rendered":"Auxiliar de perruqueria i est\u00e8tica"},"content":{"rendered":"\n<p class=\"has-ast-global-color-0-color has-text-color has-link-color has-medium-font-size wp-elements-d23a1e94f3aa03741980ae6b9e2f144b\"><strong>En qu\u00e8 consisteix el PFI?<\/strong><\/p>\n\n\n\n<p><strong>El PFI d\u2019Auxiliar de perruqueria i est\u00e8tica<\/strong> capacita l\u2019alumnat per dur a terme tasques de suport tant en perruqueries com en centres d\u2019est\u00e8tica, col\u00b7laborant en la preparaci\u00f3 dels equips, el material i les \u00e0rees de treball, aix\u00ed com en l\u2019atenci\u00f3 al client o la clienta. <\/p>\n\n\n\n<p>Durant la formaci\u00f3 s\u2019adquireixen compet\u00e8ncies b\u00e0siques en rentat, canvis de forma i color dels cabells, maquillatge, manicura i tasques de neteja. Aquests estudis s\u2019ofereixen aprofitant els tallers de perruqueria i d\u2019est\u00e8tica del centre, i els m\u00f2duls pr\u00e0ctics s\u00f3n impartits pel mateix professorat que imparteix perruqueria i est\u00e8tica als cicles de formaci\u00f3 professional.<\/p>\n\n\n\n<h2 class=\"wp-block-heading has-ast-global-color-0-color has-text-color has-link-color has-medium-font-size wp-elements-913c2c50f2b5534bede31967992587fb\"><strong>Quina durada t\u00e9 el cicle formatiu?<\/strong><\/h2>\n\n\n\n<p><strong>1.000<\/strong>&nbsp;hores, distribu\u00efdes en un sol curs acad\u00e8mic, de les quals&nbsp;<strong>200<\/strong>&nbsp;hores s\u00f3n d\u2019estada a l\u2019empresa.<\/p>\n\n\n\n<p class=\"has-ast-global-color-0-color has-text-color has-link-color has-medium-font-size wp-elements-6ee31f438b4d5ccbd6e6bc96f6881419\"><strong>M\u00f2duls professionals<\/strong><\/p>\n\n\n\n<p>Detall de les mat\u00e8ries que formen part del cicle, amb les hores totals per a cada una.<\/p>\n\n\n\n<figure class=\"wp-block-image alignleft size-full is-resized\"><img loading=\"lazy\" decoding=\"async\" width=\"805\" height=\"295\" src=\"https:\/\/agora.xtec.cat\/iesvallhebron\/wp-content\/uploads\/usu893\/2026\/02\/Moduls-PFI-auxiliar-de-perruqueria.png\" alt=\"\" class=\"wp-image-15857\" style=\"width:636px;height:auto\" srcset=\"https:\/\/agora.xtec.cat\/iesvallhebron\/wp-content\/uploads\/usu893\/2026\/02\/Moduls-PFI-auxiliar-de-perruqueria.png 805w, https:\/\/agora.xtec.cat\/iesvallhebron\/wp-content\/uploads\/usu893\/2026\/02\/Moduls-PFI-auxiliar-de-perruqueria-300x110.png 300w, https:\/\/agora.xtec.cat\/iesvallhebron\/wp-content\/uploads\/usu893\/2026\/02\/Moduls-PFI-auxiliar-de-perruqueria-768x281.png 768w\" sizes=\"auto, (max-width: 805px) 100vw, 805px\" \/><\/figure>\n\n\n\n<figure class=\"wp-block-image alignleft size-full is-resized\"><img loading=\"lazy\" decoding=\"async\" width=\"810\" height=\"214\" src=\"https:\/\/agora.xtec.cat\/iesvallhebron\/wp-content\/uploads\/usu893\/2026\/02\/PFI-auxiliar-de-perruqueria-moduls-de-formacio-general-1.png\" alt=\"\" class=\"wp-image-15868\" style=\"width:636px;height:auto\" srcset=\"https:\/\/agora.xtec.cat\/iesvallhebron\/wp-content\/uploads\/usu893\/2026\/02\/PFI-auxiliar-de-perruqueria-moduls-de-formacio-general-1.png 810w, https:\/\/agora.xtec.cat\/iesvallhebron\/wp-content\/uploads\/usu893\/2026\/02\/PFI-auxiliar-de-perruqueria-moduls-de-formacio-general-1-300x79.png 300w, https:\/\/agora.xtec.cat\/iesvallhebron\/wp-content\/uploads\/usu893\/2026\/02\/PFI-auxiliar-de-perruqueria-moduls-de-formacio-general-1-768x203.png 768w\" sizes=\"auto, (max-width: 810px) 100vw, 810px\" \/><\/figure>\n\n\n\n<div style=\"height:73px\" aria-hidden=\"true\" class=\"wp-block-spacer\"><\/div>\n\n\n\n<p class=\"has-ast-global-color-0-color has-text-color has-link-color has-medium-font-size wp-elements-e48bed19d311a766506519b9288587b3\"><strong>Metodologia de treball<\/strong><\/p>\n\n\n\n<p>Aprendr\u00e0s, combinant la pr\u00e0ctica i la teoria, als tallers i aules de perruqueria i d\u2019est\u00e8tica de l\u2019institut. Participar\u00e0s en projectes de diferents tipus, concursos, activitats d\u2019aprenentatge i servei a la comunitat. Far\u00e0s sortides pedag\u00f2giques relacionades tant amb els m\u00f2duls professionals com amb els m\u00f2duls generals.<\/p>\n\n\n\n<p class=\"has-ast-global-color-0-color has-text-color has-link-color wp-elements-334e34f83017dd7c575c3e299eb467e6\"><strong>Quines sortides professionals tens amb el PFI?<\/strong><\/p>\n\n\n\n<ul class=\"wp-block-list\">\n<li>Auxiliar de perruqueria<\/li>\n\n\n\n<li>Ajudant de manicura i pedicura<\/li>\n\n\n\n<li>Ajudant de maquillatge<\/li>\n\n\n\n<li>Auxiliar de perruqueria.<\/li>\n\n\n\n<li>Depilador\/a<\/li>\n<\/ul>\n\n\n\n<p class=\"has-ast-global-color-0-color has-text-color has-link-color has-medium-font-size wp-elements-2888f5b38ab8300ffddd70690019e510\"><strong>On pots treballar?<\/strong><\/p>\n\n\n\n<ul class=\"wp-block-list\">\n<li>Perruqueries<\/li>\n\n\n\n<li>Centres d\u2019est\u00e8tica i bellesa<\/li>\n\n\n\n<li>Salons d\u2019imatge personal<\/li>\n\n\n\n<li>Balnearis i spas<\/li>\n\n\n\n<li>Hotels amb servei de perruqueria o est\u00e8tica<\/li>\n\n\n\n<li>Resid\u00e8ncies (gent gran o centres assistencials amb serveis d\u2019imatge personal)<\/li>\n\n\n\n<li>Cl\u00edniques o centres de benestar que ofereixin serveis est\u00e8tics<\/li>\n\n\n\n<li>Empreses de serveis d\u2019imatge personal (per exemple, per a esdeveniments)<\/li>\n<\/ul>\n\n\n\n<h3 class=\"wp-block-heading has-ast-global-color-0-color has-text-color has-link-color has-medium-font-size wp-elements-586e19d075108bfed571e3d2a65da02f\"><strong>Com accedir-hi?<\/strong><\/h3>\n\n\n\n<ul class=\"wp-block-list\">\n<li><strong>Requisits:<\/strong>\n<ul class=\"wp-block-list\">\n<li>Tenir <strong>entre 16 i 21 anys<\/strong> (complerts o que es compleixin durant l\u2019any d\u2019inici).<\/li>\n\n\n\n<li><strong>No haver obtingut el t\u00edtol d\u2019ESO<\/strong>.<\/li>\n\n\n\n<li>Superar una <strong>entrevista <\/strong> per part del centre.<\/li>\n<\/ul>\n<\/li>\n<\/ul>\n\n\n\n<figure class=\"wp-block-image aligncenter size-large is-resized\"><a href=\"https:\/\/agora.xtec.cat\/iesvallhebron\/wp-content\/uploads\/usu893\/2026\/02\/20260206_124026-1-scaled.jpg\"><img loading=\"lazy\" decoding=\"async\" width=\"1024\" height=\"628\" src=\"https:\/\/agora.xtec.cat\/iesvallhebron\/wp-content\/uploads\/usu893\/2026\/02\/20260206_124026-1-1024x628.jpg\" alt=\"\" class=\"wp-image-15852\" style=\"width:528px;height:auto\" srcset=\"https:\/\/agora.xtec.cat\/iesvallhebron\/wp-content\/uploads\/usu893\/2026\/02\/20260206_124026-1-1024x628.jpg 1024w, https:\/\/agora.xtec.cat\/iesvallhebron\/wp-content\/uploads\/usu893\/2026\/02\/20260206_124026-1-300x184.jpg 300w, https:\/\/agora.xtec.cat\/iesvallhebron\/wp-content\/uploads\/usu893\/2026\/02\/20260206_124026-1-768x471.jpg 768w, https:\/\/agora.xtec.cat\/iesvallhebron\/wp-content\/uploads\/usu893\/2026\/02\/20260206_124026-1-1536x942.jpg 1536w, https:\/\/agora.xtec.cat\/iesvallhebron\/wp-content\/uploads\/usu893\/2026\/02\/20260206_124026-1-2048x1257.jpg 2048w\" sizes=\"auto, (max-width: 1024px) 100vw, 1024px\" \/><\/a><\/figure>\n","protected":false},"excerpt":{"rendered":"<p>En qu\u00e8 consisteix el PFI? El PFI d\u2019Auxiliar de perruqueria i est\u00e8tica capacita l\u2019alumnat per dur a terme tasques de suport tant en perruqueries com en centres d\u2019est\u00e8tica, col\u00b7laborant en la preparaci\u00f3 dels equips, el material i les \u00e0rees de treball, aix\u00ed com en l\u2019atenci\u00f3 al client o la clienta. Durant la formaci\u00f3 s\u2019adquireixen compet\u00e8ncies [&hellip;]<\/p>\n","protected":false},"author":1,"featured_media":0,"parent":1011,"menu_order":2,"comment_status":"closed","ping_status":"closed","template":"","meta":{"_bbp_topic_count":0,"_bbp_reply_count":0,"_bbp_total_topic_count":0,"_bbp_total_reply_count":0,"_bbp_voice_count":0,"_bbp_anonymous_reply_count":0,"_bbp_topic_count_hidden":0,"_bbp_reply_count_hidden":0,"_bbp_forum_subforum_count":0,"site-sidebar-layout":"default","site-content-layout":"","ast-site-content-layout":"default","site-content-style":"default","site-sidebar-style":"default","ast-global-header-display":"","ast-banner-title-visibility":"","ast-main-header-display":"","ast-hfb-above-header-display":"","ast-hfb-below-header-display":"","ast-hfb-mobile-header-display":"","site-post-title":"","ast-breadcrumbs-content":"","ast-featured-img":"","footer-sml-layout":"","theme-transparent-header-meta":"","adv-header-id-meta":"","stick-header-meta":"","header-above-stick-meta":"","header-main-stick-meta":"","header-below-stick-meta":"","astra-migrate-meta-layouts":"set","ast-page-background-enabled":"default","ast-page-background-meta":{"desktop":{"background-color":"var(--ast-global-color-4)","background-image":"","background-repeat":"repeat","background-position":"center center","background-size":"auto","background-attachment":"scroll","background-type":"","background-media":"","overlay-type":"","overlay-color":"","overlay-opacity":"","overlay-gradient":""},"tablet":{"background-color":"","background-image":"","background-repeat":"repeat","background-position":"center center","background-size":"auto","background-attachment":"scroll","background-type":"","background-media":"","overlay-type":"","overlay-color":"","overlay-opacity":"","overlay-gradient":""},"mobile":{"background-color":"","background-image":"","background-repeat":"repeat","background-position":"center center","background-size":"auto","background-attachment":"scroll","background-type":"","background-media":"","overlay-type":"","overlay-color":"","overlay-opacity":"","overlay-gradient":""}},"ast-content-background-meta":{"desktop":{"background-color":"var(--ast-global-color-5)","background-image":"","background-repeat":"repeat","background-position":"center center","background-size":"auto","background-attachment":"scroll","background-type":"","background-media":"","overlay-type":"","overlay-color":"","overlay-opacity":"","overlay-gradient":""},"tablet":{"background-color":"var(--ast-global-color-5)","background-image":"","background-repeat":"repeat","background-position":"center center","background-size":"auto","background-attachment":"scroll","background-type":"","background-media":"","overlay-type":"","overlay-color":"","overlay-opacity":"","overlay-gradient":""},"mobile":{"background-color":"var(--ast-global-color-5)","background-image":"","background-repeat":"repeat","background-position":"center center","background-size":"auto","background-attachment":"scroll","background-type":"","background-media":"","overlay-type":"","overlay-color":"","overlay-opacity":"","overlay-gradient":""}},"footnotes":""},"class_list":["post-1029","page","type-page","status-publish","hentry"],"post_mailing_queue_ids":[],"_links":{"self":[{"href":"https:\/\/agora.xtec.cat\/iesvallhebron\/wp-json\/wp\/v2\/pages\/1029","targetHints":{"allow":["GET"]}}],"collection":[{"href":"https:\/\/agora.xtec.cat\/iesvallhebron\/wp-json\/wp\/v2\/pages"}],"about":[{"href":"https:\/\/agora.xtec.cat\/iesvallhebron\/wp-json\/wp\/v2\/types\/page"}],"author":[{"embeddable":true,"href":"https:\/\/agora.xtec.cat\/iesvallhebron\/wp-json\/wp\/v2\/users\/1"}],"replies":[{"embeddable":true,"href":"https:\/\/agora.xtec.cat\/iesvallhebron\/wp-json\/wp\/v2\/comments?post=1029"}],"version-history":[{"count":6,"href":"https:\/\/agora.xtec.cat\/iesvallhebron\/wp-json\/wp\/v2\/pages\/1029\/revisions"}],"predecessor-version":[{"id":15949,"href":"https:\/\/agora.xtec.cat\/iesvallhebron\/wp-json\/wp\/v2\/pages\/1029\/revisions\/15949"}],"up":[{"embeddable":true,"href":"https:\/\/agora.xtec.cat\/iesvallhebron\/wp-json\/wp\/v2\/pages\/1011"}],"wp:attachment":[{"href":"https:\/\/agora.xtec.cat\/iesvallhebron\/wp-json\/wp\/v2\/media?parent=1029"}],"curies":[{"name":"wp","href":"https:\/\/api.w.org\/{rel}","templated":true}]}}