{"id":1015,"date":"2016-08-04T05:51:30","date_gmt":"2016-08-04T04:51:30","guid":{"rendered":"http:\/\/agora.xtec.cat\/iesvallhebron\/?page_id=1015"},"modified":"2026-02-20T12:06:42","modified_gmt":"2026-02-20T11:06:42","slug":"auxiliar-dactivitats-esportives","status":"publish","type":"page","link":"https:\/\/agora.xtec.cat\/iesvallhebron\/estudis\/programes-de-formacio-i-insercio\/auxiliar-dactivitats-esportives\/","title":{"rendered":"Auxiliar d&#8217;activitats esportives"},"content":{"rendered":"\n<h2 class=\"wp-block-heading has-luminous-vivid-orange-color has-text-color has-link-color has-medium-font-size wp-elements-b608fd13331f07886729eda22214d6b1\"><strong>En qu\u00e8 consisteix el PFI?<\/strong><\/h2>\n\n\n\n<p>Aquests estudis capaciten per dur a terme tasques auxiliars en l\u2019\u00e0mbit de l\u2019organitzaci\u00f3 i la dinamitzaci\u00f3 d&#8217;activitats i en el funcionament d&#8217;instal\u00b7lacions esportives.<\/p>\n\n\n\n<p>Gr\u00e0cies a aquests estudis podr\u00e0s familiaritzar-te amb el funcionament de varis tipus d\u2019instal\u00b7lacions esportives i comen\u00e7ar a con\u00e8ixer el que necessites per a desenvolupar-me com a professional. Al mateix temps coneixer\u00e0s els graus mitjans de Guia al medi natural i T\u00e8cnic esportiu.<\/p>\n\n\n\n<h2 class=\"wp-block-heading has-ast-global-color-0-color has-text-color has-link-color has-medium-font-size wp-elements-913c2c50f2b5534bede31967992587fb\"><strong>Quina durada t\u00e9 el cicle formatiu?<\/strong><\/h2>\n\n\n\n<p><strong>1.000<\/strong>&nbsp;hores, distribu\u00efdes en un sol curs acad\u00e8mic, de les quals&nbsp;<strong>200<\/strong>&nbsp;hores s\u00f3n d\u2019estada a l\u2019empresa.<\/p>\n\n\n\n<p class=\"has-ast-global-color-0-color has-text-color has-link-color has-medium-font-size wp-elements-6ee31f438b4d5ccbd6e6bc96f6881419\"><strong>M\u00f2duls professionals<\/strong><\/p>\n\n\n\n<p>Detall de les mat\u00e8ries que formen part del cicle, amb les hores totals per a cada una.<\/p>\n\n\n\n<figure class=\"wp-block-image alignleft size-full is-resized\"><a href=\"https:\/\/agora.xtec.cat\/iesvallhebron\/wp-content\/uploads\/usu893\/2026\/02\/Moduls-PFI-Auxiliar-dactivitats-esportives.png\"><img loading=\"lazy\" decoding=\"async\" width=\"805\" height=\"594\" src=\"https:\/\/agora.xtec.cat\/iesvallhebron\/wp-content\/uploads\/usu893\/2026\/02\/Moduls-PFI-Auxiliar-dactivitats-esportives.png\" alt=\"\" class=\"wp-image-15855\" style=\"width:711px;height:auto\" srcset=\"https:\/\/agora.xtec.cat\/iesvallhebron\/wp-content\/uploads\/usu893\/2026\/02\/Moduls-PFI-Auxiliar-dactivitats-esportives.png 805w, https:\/\/agora.xtec.cat\/iesvallhebron\/wp-content\/uploads\/usu893\/2026\/02\/Moduls-PFI-Auxiliar-dactivitats-esportives-300x221.png 300w, https:\/\/agora.xtec.cat\/iesvallhebron\/wp-content\/uploads\/usu893\/2026\/02\/Moduls-PFI-Auxiliar-dactivitats-esportives-768x567.png 768w\" sizes=\"auto, (max-width: 805px) 100vw, 805px\" \/><\/a><\/figure>\n\n\n\n<div style=\"height:57px\" aria-hidden=\"true\" class=\"wp-block-spacer\"><\/div>\n\n\n\n<p class=\"has-ast-global-color-0-color has-text-color has-link-color has-medium-font-size wp-elements-e48bed19d311a766506519b9288587b3\"><strong>Metodologia de treball<\/strong><\/p>\n\n\n\n<p><strong>Aprendr\u00e0s combinant la pr\u00e0ctica i la teoria<\/strong>, fent activitats a l\u2019institut i en altres instal\u00b7lacions, participant en projectes de diferents tipus, assistint a classes te\u00f2riques i gaudint de sortides pedag\u00f2giques relacionades tant amb els m\u00f2duls professionals com amb els m\u00f2duls generals.<\/p>\n\n\n\n<p class=\"has-ast-global-color-0-color has-text-color has-link-color has-medium-font-size wp-elements-a490d2269289a639e3f3d5e90b1576d5\"><strong>Quines sortides professionals tens amb el PFI?<\/strong><\/p>\n\n\n\n<ul class=\"wp-block-list\">\n<li>Acompanyant d&#8217;usuaris i usu\u00e0ries en instal\u00b7lacions esportives,<\/li>\n\n\n\n<li>Auxiliar de control d&#8217;instal\u00b7lacions esportives,<\/li>\n\n\n\n<li>Auxiliar de d&#8217;accessos a instal\u00b7lacions esportives,<\/li>\n\n\n\n<li>Auxiliar de monitor o monitora d&#8217;activitats poliesportives,<\/li>\n\n\n\n<li>Auxiliar de monitor o monitora d&#8217;activitats d&#8217;estiu.<\/li>\n<\/ul>\n\n\n\n<p class=\"has-ast-global-color-0-color has-text-color has-link-color has-medium-font-size wp-elements-2888f5b38ab8300ffddd70690019e510\"><strong>On pots treballar?<\/strong><\/p>\n\n\n\n<ul class=\"wp-block-list\">\n<li>Gimnasos<\/li>\n\n\n\n<li>Centres esportius<\/li>\n\n\n\n<li>Poliesportius<\/li>\n\n\n\n<li>Casals d\u2019estiu<\/li>\n\n\n\n<li>Altres instal\u00b7lacions esportives<\/li>\n<\/ul>\n\n\n\n<p class=\"has-ast-global-color-0-color has-text-color has-link-color has-medium-font-size wp-elements-52cd9999156029a6df12a5bc93ce7a3d\"><strong>Quina continu\u00eftat educativa permet el PFI?<\/strong><\/p>\n\n\n\n<ul class=\"wp-block-list\">\n<li>Facilitats en la prova d\u2019acc\u00e9s als CFGM<\/li>\n\n\n\n<li>Convalidaci\u00f3 del Curs espec\u00edfic d\u2019acc\u00e8s a cicles de grau mitj\u00e0 (CAM)<\/li>\n\n\n\n<li>Acc\u00e9s amb menys de 18 anys als centres d\u2019adults per obtenir el graduat d\u2019educaci\u00f3 secund\u00e0ria (GESO)<\/li>\n\n\n\n<li>Reconeixement dels m\u00f2duls superats per a l\u2019obtenci\u00f3 del t\u00edtol professional b\u00e0sic de refer\u00e8ncia<\/li>\n<\/ul>\n\n\n\n<h3 class=\"wp-block-heading has-ast-global-color-0-color has-text-color has-link-color has-medium-font-size wp-elements-586e19d075108bfed571e3d2a65da02f\"><strong>Com accedir-hi?<\/strong><\/h3>\n\n\n\n<ul class=\"wp-block-list\">\n<li><strong>Requisits:<\/strong>\n<ul class=\"wp-block-list\">\n<li>Tenir <strong>entre 16 i 21 anys<\/strong> (complerts o que es compleixin durant l\u2019any d\u2019inici).<\/li>\n\n\n\n<li><strong>No haver obtingut el t\u00edtol d\u2019ESO<\/strong>.<\/li>\n\n\n\n<li>Superar una <strong>entrevista <\/strong> per part del centre.<\/li>\n<\/ul>\n<\/li>\n<\/ul>\n\n\n\n<figure class=\"wp-block-gallery has-nested-images columns-default is-cropped wp-block-gallery-1 is-layout-flex wp-block-gallery-is-layout-flex\">\n<figure class=\"wp-block-image size-large\"><a href=\"https:\/\/agora.xtec.cat\/iesvallhebron\/wp-content\/uploads\/usu893\/2026\/02\/PFI.jpeg\"><img loading=\"lazy\" decoding=\"async\" width=\"768\" height=\"1024\" data-id=\"15945\" src=\"https:\/\/agora.xtec.cat\/iesvallhebron\/wp-content\/uploads\/usu893\/2026\/02\/PFI-768x1024.jpeg\" alt=\"\" class=\"wp-image-15945\" srcset=\"https:\/\/agora.xtec.cat\/iesvallhebron\/wp-content\/uploads\/usu893\/2026\/02\/PFI-768x1024.jpeg 768w, https:\/\/agora.xtec.cat\/iesvallhebron\/wp-content\/uploads\/usu893\/2026\/02\/PFI-225x300.jpeg 225w, https:\/\/agora.xtec.cat\/iesvallhebron\/wp-content\/uploads\/usu893\/2026\/02\/PFI-1152x1536.jpeg 1152w, https:\/\/agora.xtec.cat\/iesvallhebron\/wp-content\/uploads\/usu893\/2026\/02\/PFI.jpeg 1200w\" sizes=\"auto, (max-width: 768px) 100vw, 768px\" \/><\/a><\/figure>\n\n\n\n<figure class=\"wp-block-image size-large\"><a href=\"https:\/\/agora.xtec.cat\/iesvallhebron\/wp-content\/uploads\/usu893\/2026\/02\/PFI-boxeig.jpeg\"><img loading=\"lazy\" decoding=\"async\" width=\"768\" height=\"1024\" data-id=\"15944\" src=\"https:\/\/agora.xtec.cat\/iesvallhebron\/wp-content\/uploads\/usu893\/2026\/02\/PFI-boxeig-768x1024.jpeg\" alt=\"\" class=\"wp-image-15944\" srcset=\"https:\/\/agora.xtec.cat\/iesvallhebron\/wp-content\/uploads\/usu893\/2026\/02\/PFI-boxeig-768x1024.jpeg 768w, https:\/\/agora.xtec.cat\/iesvallhebron\/wp-content\/uploads\/usu893\/2026\/02\/PFI-boxeig-225x300.jpeg 225w, https:\/\/agora.xtec.cat\/iesvallhebron\/wp-content\/uploads\/usu893\/2026\/02\/PFI-boxeig-1152x1536.jpeg 1152w, https:\/\/agora.xtec.cat\/iesvallhebron\/wp-content\/uploads\/usu893\/2026\/02\/PFI-boxeig.jpeg 1200w\" sizes=\"auto, (max-width: 768px) 100vw, 768px\" \/><\/a><\/figure>\n\n\n\n<figure class=\"wp-block-image size-large\"><a href=\"https:\/\/agora.xtec.cat\/iesvallhebron\/wp-content\/uploads\/usu893\/2024\/12\/09e71a89-e4ea-4059-85b7-864456a227ed.jpeg\"><img loading=\"lazy\" decoding=\"async\" width=\"1024\" height=\"768\" data-id=\"14900\" src=\"https:\/\/agora.xtec.cat\/iesvallhebron\/wp-content\/uploads\/usu893\/2024\/12\/09e71a89-e4ea-4059-85b7-864456a227ed-1024x768.jpeg\" alt=\"Els alumnes seguint la ruta per la natura.\" class=\"wp-image-14900\" srcset=\"https:\/\/agora.xtec.cat\/iesvallhebron\/wp-content\/uploads\/usu893\/2024\/12\/09e71a89-e4ea-4059-85b7-864456a227ed-1024x768.jpeg 1024w, https:\/\/agora.xtec.cat\/iesvallhebron\/wp-content\/uploads\/usu893\/2024\/12\/09e71a89-e4ea-4059-85b7-864456a227ed-300x225.jpeg 300w, https:\/\/agora.xtec.cat\/iesvallhebron\/wp-content\/uploads\/usu893\/2024\/12\/09e71a89-e4ea-4059-85b7-864456a227ed-768x576.jpeg 768w, https:\/\/agora.xtec.cat\/iesvallhebron\/wp-content\/uploads\/usu893\/2024\/12\/09e71a89-e4ea-4059-85b7-864456a227ed-1536x1152.jpeg 1536w, https:\/\/agora.xtec.cat\/iesvallhebron\/wp-content\/uploads\/usu893\/2024\/12\/09e71a89-e4ea-4059-85b7-864456a227ed-200x150.jpeg 200w, https:\/\/agora.xtec.cat\/iesvallhebron\/wp-content\/uploads\/usu893\/2024\/12\/09e71a89-e4ea-4059-85b7-864456a227ed.jpeg 2000w\" sizes=\"auto, (max-width: 1024px) 100vw, 1024px\" \/><\/a><\/figure>\n<\/figure>\n","protected":false},"excerpt":{"rendered":"<p>En qu\u00e8 consisteix el PFI? Aquests estudis capaciten per dur a terme tasques auxiliars en l\u2019\u00e0mbit de l\u2019organitzaci\u00f3 i la dinamitzaci\u00f3 d&#8217;activitats i en el funcionament d&#8217;instal\u00b7lacions esportives. Gr\u00e0cies a aquests estudis podr\u00e0s familiaritzar-te amb el funcionament de varis tipus d\u2019instal\u00b7lacions esportives i comen\u00e7ar a con\u00e8ixer el que necessites per a desenvolupar-me com a professional. [&hellip;]<\/p>\n","protected":false},"author":1,"featured_media":0,"parent":1011,"menu_order":1,"comment_status":"closed","ping_status":"closed","template":"page-templates\/side-menu.php","meta":{"_bbp_topic_count":0,"_bbp_reply_count":0,"_bbp_total_topic_count":0,"_bbp_total_reply_count":0,"_bbp_voice_count":0,"_bbp_anonymous_reply_count":0,"_bbp_topic_count_hidden":0,"_bbp_reply_count_hidden":0,"_bbp_forum_subforum_count":0,"site-sidebar-layout":"default","site-content-layout":"","ast-site-content-layout":"default","site-content-style":"default","site-sidebar-style":"default","ast-global-header-display":"","ast-banner-title-visibility":"","ast-main-header-display":"","ast-hfb-above-header-display":"","ast-hfb-below-header-display":"","ast-hfb-mobile-header-display":"","site-post-title":"","ast-breadcrumbs-content":"","ast-featured-img":"","footer-sml-layout":"","theme-transparent-header-meta":"","adv-header-id-meta":"","stick-header-meta":"","header-above-stick-meta":"","header-main-stick-meta":"","header-below-stick-meta":"","astra-migrate-meta-layouts":"set","ast-page-background-enabled":"default","ast-page-background-meta":{"desktop":{"background-color":"var(--ast-global-color-4)","background-image":"","background-repeat":"repeat","background-position":"center center","background-size":"auto","background-attachment":"scroll","background-type":"","background-media":"","overlay-type":"","overlay-color":"","overlay-opacity":"","overlay-gradient":""},"tablet":{"background-color":"","background-image":"","background-repeat":"repeat","background-position":"center center","background-size":"auto","background-attachment":"scroll","background-type":"","background-media":"","overlay-type":"","overlay-color":"","overlay-opacity":"","overlay-gradient":""},"mobile":{"background-color":"","background-image":"","background-repeat":"repeat","background-position":"center center","background-size":"auto","background-attachment":"scroll","background-type":"","background-media":"","overlay-type":"","overlay-color":"","overlay-opacity":"","overlay-gradient":""}},"ast-content-background-meta":{"desktop":{"background-color":"var(--ast-global-color-5)","background-image":"","background-repeat":"repeat","background-position":"center center","background-size":"auto","background-attachment":"scroll","background-type":"","background-media":"","overlay-type":"","overlay-color":"","overlay-opacity":"","overlay-gradient":""},"tablet":{"background-color":"var(--ast-global-color-5)","background-image":"","background-repeat":"repeat","background-position":"center center","background-size":"auto","background-attachment":"scroll","background-type":"","background-media":"","overlay-type":"","overlay-color":"","overlay-opacity":"","overlay-gradient":""},"mobile":{"background-color":"var(--ast-global-color-5)","background-image":"","background-repeat":"repeat","background-position":"center center","background-size":"auto","background-attachment":"scroll","background-type":"","background-media":"","overlay-type":"","overlay-color":"","overlay-opacity":"","overlay-gradient":""}},"footnotes":""},"class_list":["post-1015","page","type-page","status-publish","hentry"],"post_mailing_queue_ids":[],"_links":{"self":[{"href":"https:\/\/agora.xtec.cat\/iesvallhebron\/wp-json\/wp\/v2\/pages\/1015","targetHints":{"allow":["GET"]}}],"collection":[{"href":"https:\/\/agora.xtec.cat\/iesvallhebron\/wp-json\/wp\/v2\/pages"}],"about":[{"href":"https:\/\/agora.xtec.cat\/iesvallhebron\/wp-json\/wp\/v2\/types\/page"}],"author":[{"embeddable":true,"href":"https:\/\/agora.xtec.cat\/iesvallhebron\/wp-json\/wp\/v2\/users\/1"}],"replies":[{"embeddable":true,"href":"https:\/\/agora.xtec.cat\/iesvallhebron\/wp-json\/wp\/v2\/comments?post=1015"}],"version-history":[{"count":5,"href":"https:\/\/agora.xtec.cat\/iesvallhebron\/wp-json\/wp\/v2\/pages\/1015\/revisions"}],"predecessor-version":[{"id":15948,"href":"https:\/\/agora.xtec.cat\/iesvallhebron\/wp-json\/wp\/v2\/pages\/1015\/revisions\/15948"}],"up":[{"embeddable":true,"href":"https:\/\/agora.xtec.cat\/iesvallhebron\/wp-json\/wp\/v2\/pages\/1011"}],"wp:attachment":[{"href":"https:\/\/agora.xtec.cat\/iesvallhebron\/wp-json\/wp\/v2\/media?parent=1015"}],"curies":[{"name":"wp","href":"https:\/\/api.w.org\/{rel}","templated":true}]}}