{"id":954,"date":"2017-03-29T12:51:06","date_gmt":"2017-03-29T10:51:06","guid":{"rendered":"http:\/\/agora.xtec.cat\/iesvalles\/?page_id=954"},"modified":"2025-11-12T13:00:42","modified_gmt":"2025-11-12T12:00:42","slug":"batxillerat","status":"publish","type":"page","link":"https:\/\/agora.xtec.cat\/iesvalles\/estudis\/batxillerat\/","title":{"rendered":"Batxillerat"},"content":{"rendered":"<h3>M\u00e9s informaci\u00f3 dels nostres batxillerats:<\/h3>\n<table style=\"border-collapse: collapse; width: 100%;\">\n<tbody>\n<tr>\n<td style=\"width: 33.3333%;\">\n<h3><\/h3>\n<figure class=\"wp-block-image size-large\"><a href=\"https:\/\/sites.google.com\/institutvalles.cat\/batxcientfictecnolgicinsvalls\/batxillerat-cit\" target=\"_blank\" rel=\"noreferrer noopener\"><img loading=\"lazy\" decoding=\"async\" class=\"alignnone wp-image-7546\" src=\"https:\/\/agora.xtec.cat\/iesvalles\/wp-content\/uploads\/usu1271\/2025\/04\/Web-cientifictecno-1024x1024.jpg\" alt=\"\" width=\"1024\" height=\"1024\" srcset=\"https:\/\/agora.xtec.cat\/iesvalles\/wp-content\/uploads\/usu1271\/2025\/04\/Web-cientifictecno-1024x1024.jpg 1024w, https:\/\/agora.xtec.cat\/iesvalles\/wp-content\/uploads\/usu1271\/2025\/04\/Web-cientifictecno-300x300.jpg 300w, https:\/\/agora.xtec.cat\/iesvalles\/wp-content\/uploads\/usu1271\/2025\/04\/Web-cientifictecno-150x150.jpg 150w, https:\/\/agora.xtec.cat\/iesvalles\/wp-content\/uploads\/usu1271\/2025\/04\/Web-cientifictecno-768x768.jpg 768w, https:\/\/agora.xtec.cat\/iesvalles\/wp-content\/uploads\/usu1271\/2025\/04\/Web-cientifictecno.jpg 1080w\" sizes=\"auto, (max-width: 1024px) 100vw, 1024px\" \/><\/a><\/figure>\n<h3><\/h3>\n<\/td>\n<td style=\"width: 33.3333%;\">\n<figure class=\"wp-block-image size-large\"><a href=\"https:\/\/sites.google.com\/institutvalles.cat\/batxillerathumansticisocialins\/bat-hum-i-soc?authuser=0\" target=\"_blank\" rel=\"noreferrer noopener\"><img loading=\"lazy\" decoding=\"async\" class=\"alignnone wp-image-7549\" src=\"https:\/\/agora.xtec.cat\/iesvalles\/wp-content\/uploads\/usu1271\/2025\/03\/Web-humanisticosocial-1024x1024.jpg\" alt=\"\" width=\"1024\" height=\"1024\" srcset=\"https:\/\/agora.xtec.cat\/iesvalles\/wp-content\/uploads\/usu1271\/2025\/03\/Web-humanisticosocial-1024x1024.jpg 1024w, https:\/\/agora.xtec.cat\/iesvalles\/wp-content\/uploads\/usu1271\/2025\/03\/Web-humanisticosocial-300x300.jpg 300w, https:\/\/agora.xtec.cat\/iesvalles\/wp-content\/uploads\/usu1271\/2025\/03\/Web-humanisticosocial-150x150.jpg 150w, https:\/\/agora.xtec.cat\/iesvalles\/wp-content\/uploads\/usu1271\/2025\/03\/Web-humanisticosocial-768x768.jpg 768w, https:\/\/agora.xtec.cat\/iesvalles\/wp-content\/uploads\/usu1271\/2025\/03\/Web-humanisticosocial.jpg 1080w\" sizes=\"auto, (max-width: 1024px) 100vw, 1024px\" \/><\/a><\/figure>\n<\/td>\n<td style=\"width: 33.3333%;\">\n<figure class=\"wp-block-image size-large\"><a href=\"https:\/\/sites.google.com\/institutvalles.cat\/batxillerat-artstic-institut-v\/bat-art%C3%ADstic\" target=\"_blank\" rel=\"noreferrer noopener\"><img loading=\"lazy\" decoding=\"async\" width=\"1024\" height=\"1024\" class=\"wp-image-7548\" src=\"https:\/\/agora.xtec.cat\/iesvalles\/wp-content\/uploads\/usu1271\/2025\/03\/Web-artistic-1024x1024.jpg\" alt=\"\" srcset=\"https:\/\/agora.xtec.cat\/iesvalles\/wp-content\/uploads\/usu1271\/2025\/03\/Web-artistic-1024x1024.jpg 1024w, https:\/\/agora.xtec.cat\/iesvalles\/wp-content\/uploads\/usu1271\/2025\/03\/Web-artistic-300x300.jpg 300w, https:\/\/agora.xtec.cat\/iesvalles\/wp-content\/uploads\/usu1271\/2025\/03\/Web-artistic-150x150.jpg 150w, https:\/\/agora.xtec.cat\/iesvalles\/wp-content\/uploads\/usu1271\/2025\/03\/Web-artistic-768x768.jpg 768w, https:\/\/agora.xtec.cat\/iesvalles\/wp-content\/uploads\/usu1271\/2025\/03\/Web-artistic.jpg 1080w\" sizes=\"auto, (max-width: 1024px) 100vw, 1024px\" \/><\/a><\/figure>\n<\/td>\n<\/tr>\n<\/tbody>\n<\/table>\n<h3>Curr\u00edculum:<\/h3>\n<table style=\"border-collapse: collapse; width: 100.269%;\">\n<tbody>\n<tr>\n<td style=\"width: 50%;\"><a href=\"https:\/\/drive.google.com\/file\/d\/1TIwj3IpmNRkmgGFruJfXKAFJTZFfymZP\/view?usp=share_link\"><img loading=\"lazy\" decoding=\"async\" class=\"aligncenter wp-image-5949\" src=\"https:\/\/agora.xtec.cat\/iesvalles\/wp-content\/uploads\/usu1271\/2023\/03\/curriculumB1.png\" alt=\"\" width=\"276\" height=\"276\" srcset=\"https:\/\/agora.xtec.cat\/iesvalles\/wp-content\/uploads\/usu1271\/2023\/03\/curriculumB1.png 996w, https:\/\/agora.xtec.cat\/iesvalles\/wp-content\/uploads\/usu1271\/2023\/03\/curriculumB1-300x300.png 300w, https:\/\/agora.xtec.cat\/iesvalles\/wp-content\/uploads\/usu1271\/2023\/03\/curriculumB1-150x150.png 150w, https:\/\/agora.xtec.cat\/iesvalles\/wp-content\/uploads\/usu1271\/2023\/03\/curriculumB1-768x768.png 768w\" sizes=\"auto, (max-width: 276px) 100vw, 276px\" \/><\/a><\/td>\n<td style=\"width: 50.2703%;\"><a href=\"https:\/\/drive.google.com\/file\/d\/1oux7D_tHBrFS3SYWMwv_H2b1ooz-pgmZ\/view?usp=share_link\"><img loading=\"lazy\" decoding=\"async\" class=\"aligncenter wp-image-5950\" src=\"https:\/\/agora.xtec.cat\/iesvalles\/wp-content\/uploads\/usu1271\/2023\/03\/curriculumB2.png\" alt=\"\" width=\"276\" height=\"276\" srcset=\"https:\/\/agora.xtec.cat\/iesvalles\/wp-content\/uploads\/usu1271\/2023\/03\/curriculumB2.png 996w, https:\/\/agora.xtec.cat\/iesvalles\/wp-content\/uploads\/usu1271\/2023\/03\/curriculumB2-300x300.png 300w, https:\/\/agora.xtec.cat\/iesvalles\/wp-content\/uploads\/usu1271\/2023\/03\/curriculumB2-150x150.png 150w, https:\/\/agora.xtec.cat\/iesvalles\/wp-content\/uploads\/usu1271\/2023\/03\/curriculumB2-768x768.png 768w\" sizes=\"auto, (max-width: 276px) 100vw, 276px\" \/><\/a><\/td>\n<\/tr>\n<tr>\n<td style=\"width: 50%; text-align: center;\">\n<h3><a href=\"https:\/\/drive.google.com\/file\/d\/1KFwCY4_i2GmASOD9bDgjJ6j8zgoT9k2c\/view?usp=drive_link\" target=\"_blank\" rel=\"noopener\">Curr\u00edculum 1r de batxillerat<\/a><\/h3>\n<\/td>\n<td style=\"width: 50.2703%; text-align: center;\">\n<h3><a href=\"https:\/\/drive.google.com\/file\/d\/1oux7D_tHBrFS3SYWMwv_H2b1ooz-pgmZ\/view?usp=share_link\">Curr\u00edculum 2n de batxillerat<\/a><\/h3>\n<\/td>\n<\/tr>\n<\/tbody>\n<\/table>","protected":false},"excerpt":{"rendered":"<p>M\u00e9s informaci\u00f3 dels nostres batxillerats: Curr\u00edculum: Curr\u00edculum 1r de batxillerat Curr\u00edculum 2n de batxillerat<\/p>\n","protected":false},"author":10,"featured_media":0,"parent":195,"menu_order":2,"comment_status":"closed","ping_status":"closed","template":"page-templates\/side-menu.php","meta":{"_bbp_topic_count":0,"_bbp_reply_count":0,"_bbp_total_topic_count":0,"_bbp_total_reply_count":0,"_bbp_voice_count":0,"_bbp_anonymous_reply_count":0,"_bbp_topic_count_hidden":0,"_bbp_reply_count_hidden":0,"_bbp_forum_subforum_count":0,"site-sidebar-layout":"default","site-content-layout":"","ast-site-content-layout":"","site-content-style":"default","site-sidebar-style":"default","ast-global-header-display":"","ast-banner-title-visibility":"","ast-main-header-display":"","ast-hfb-above-header-display":"","ast-hfb-below-header-display":"","ast-hfb-mobile-header-display":"","site-post-title":"","ast-breadcrumbs-content":"","ast-featured-img":"","footer-sml-layout":"","theme-transparent-header-meta":"","adv-header-id-meta":"","stick-header-meta":"","header-above-stick-meta":"","header-main-stick-meta":"","header-below-stick-meta":"","astra-migrate-meta-layouts":"default","ast-page-background-enabled":"default","ast-page-background-meta":{"desktop":{"background-color":"var(--ast-global-color-4)","background-image":"","background-repeat":"repeat","background-position":"center center","background-size":"auto","background-attachment":"scroll","background-type":"","background-media":"","overlay-type":"","overlay-color":"","overlay-opacity":"","overlay-gradient":""},"tablet":{"background-color":"","background-image":"","background-repeat":"repeat","background-position":"center center","background-size":"auto","background-attachment":"scroll","background-type":"","background-media":"","overlay-type":"","overlay-color":"","overlay-opacity":"","overlay-gradient":""},"mobile":{"background-color":"","background-image":"","background-repeat":"repeat","background-position":"center center","background-size":"auto","background-attachment":"scroll","background-type":"","background-media":"","overlay-type":"","overlay-color":"","overlay-opacity":"","overlay-gradient":""}},"ast-content-background-meta":{"desktop":{"background-color":"var(--ast-global-color-5)","background-image":"","background-repeat":"repeat","background-position":"center center","background-size":"auto","background-attachment":"scroll","background-type":"","background-media":"","overlay-type":"","overlay-color":"","overlay-opacity":"","overlay-gradient":""},"tablet":{"background-color":"var(--ast-global-color-5)","background-image":"","background-repeat":"repeat","background-position":"center center","background-size":"auto","background-attachment":"scroll","background-type":"","background-media":"","overlay-type":"","overlay-color":"","overlay-opacity":"","overlay-gradient":""},"mobile":{"background-color":"var(--ast-global-color-5)","background-image":"","background-repeat":"repeat","background-position":"center center","background-size":"auto","background-attachment":"scroll","background-type":"","background-media":"","overlay-type":"","overlay-color":"","overlay-opacity":"","overlay-gradient":""}},"footnotes":""},"class_list":["post-954","page","type-page","status-publish","hentry"],"post_mailing_queue_ids":[],"_links":{"self":[{"href":"https:\/\/agora.xtec.cat\/iesvalles\/wp-json\/wp\/v2\/pages\/954","targetHints":{"allow":["GET"]}}],"collection":[{"href":"https:\/\/agora.xtec.cat\/iesvalles\/wp-json\/wp\/v2\/pages"}],"about":[{"href":"https:\/\/agora.xtec.cat\/iesvalles\/wp-json\/wp\/v2\/types\/page"}],"author":[{"embeddable":true,"href":"https:\/\/agora.xtec.cat\/iesvalles\/wp-json\/wp\/v2\/users\/10"}],"replies":[{"embeddable":true,"href":"https:\/\/agora.xtec.cat\/iesvalles\/wp-json\/wp\/v2\/comments?post=954"}],"version-history":[{"count":7,"href":"https:\/\/agora.xtec.cat\/iesvalles\/wp-json\/wp\/v2\/pages\/954\/revisions"}],"predecessor-version":[{"id":8216,"href":"https:\/\/agora.xtec.cat\/iesvalles\/wp-json\/wp\/v2\/pages\/954\/revisions\/8216"}],"up":[{"embeddable":true,"href":"https:\/\/agora.xtec.cat\/iesvalles\/wp-json\/wp\/v2\/pages\/195"}],"wp:attachment":[{"href":"https:\/\/agora.xtec.cat\/iesvalles\/wp-json\/wp\/v2\/media?parent=954"}],"curies":[{"name":"wp","href":"https:\/\/api.w.org\/{rel}","templated":true}]}}